{"id":9783,"date":"2023-01-18T11:03:15","date_gmt":"2023-01-18T11:03:15","guid":{"rendered":"https:\/\/legitchemicals.com\/chemswell\/product\/import-placeholder-for-40\/"},"modified":"2026-02-28T10:31:55","modified_gmt":"2026-02-28T10:31:55","slug":"7h-herbal-incense","status":"publish","type":"product","link":"https:\/\/chemswell.com\/es\/producto\/7h-herbal-incense\/","title":{"rendered":"Buy 7h Herbal Incense Online"},"content":{"rendered":"<h2>\u00a1Obtenga 7 horas de incienso de hierbas a la venta en ChemsWell!<\/h2>\n<p><a href=\"https:\/\/chemswell.com\/es\/producto\/7h-herbal-incense\/\">Buy 7h Herbal Incense online<\/a>, Are you searching for a way to bring more peace and relaxation into your life? 7H Herbal Incense for sale might be the answer you&#8217;ve been searching for. Whether you want to use it for meditation, to improve your sleep, or just to fill your home with a pleasant aroma, 7H herbal incense can provide the soothing atmosphere you&#8217;re looking for. At <a href=\"https:\/\/chemswell.com\/es\/\">ChemsWell<\/a>, you can easily order 7H Herbal incense online at the best prices available.<\/p>\n<h3>\u00bfQu\u00e9 es el incienso de hierbas 7h?<\/h3>\n<p>El incienso de hierbas 7h es una forma \u00fanica de incienso que tiene una larga historia de uso en muchas culturas diferentes. Es conocido por sus poderosos y beneficiosos efectos, que pueden ayudar a mejorar su salud mental y f\u00edsica.<\/p>\n<p>En primer lugar, el incienso de hierbas 7h es conocido por sus efectos duraderos. A diferencia del incienso tradicional, que debe usarse una vez y luego desecharse, el incienso de hierbas 7h se puede usar una y otra vez sin perder su potencia. Esto lo convierte en una excelente opci\u00f3n si desea mejorar su salud mental o f\u00edsica de manera gradual, en lugar de hacerlo de la noche a la ma\u00f1ana.<\/p>\n<p>El Incienso de Hierbas 7h tiene una amplia variedad de aplicaciones. Ya sea que desee usarlo con fines de relajaci\u00f3n o para mejorar su vida espiritual, \u00a1probablemente haya una opci\u00f3n para usted! Adem\u00e1s, el incienso herbal 7h ofrece varios beneficios cuando se usa en combinaci\u00f3n con otros tipos de incienso, \u00a1as\u00ed que es importante encontrar la mezcla adecuada para usted!<\/p>\n<p>Finalmente, una consideraci\u00f3n al usar cualquier tipo de incienso herbal es la seguridad. Siempre aseg\u00farese de leer los ingredientes antes de usar cualquier producto nuevo, especialmente si ha sido recetado por un profesional de la salud. Adem\u00e1s, siempre evite fumar mientras usa cualquier tipo de hierba, ya que pueden interactuar negativamente entre s\u00ed.<\/p>\n<h3>Usos del Incienso de Hierbas 7h<\/h3>\n<p>Compre 7H Herbal Incense porque es un producto herbal natural que contiene extractos de hierbas naturales. Se sabe que estos extractos refrescan las habitaciones y neutralizan los olores. Tambi\u00e9n se puede utilizar para reducir el estr\u00e9s y la ansiedad, combatir la depresi\u00f3n y proporcionar una sensaci\u00f3n de calma en momentos de mucho estr\u00e9s o emociones abrumadoras. Las propiedades naturales que se encuentran en 7h Herbal Incense tambi\u00e9n pueden ayudar a mejorar el enfoque y la claridad mental, brindando una mejor calidad de vida.<\/p>\n<p>\u00a1Compre incienso de hierbas 7H en l\u00ednea en ChemsWell hoy y espere la entrega en breve!<\/p>","protected":false},"excerpt":{"rendered":"<p>Get 7h Herbal Incense for Sale at ChemsWell! Buy 7h Herbal Incense online, Are you searching for a way to bring more<\/p>","protected":false},"featured_media":9945,"comment_status":"open","ping_status":"closed","template":"","meta":{"_joinchat":[]},"product_cat":[1255],"product_tag":[],"yoast_head":"<!-- This site is optimized with the Yoast SEO plugin v23.0 - https:\/\/yoast.com\/wordpress\/plugins\/seo\/ -->\n<title>Buy 7h Herbal Incense Online - 7h Herbal Incense for Sale | CW<\/title>\n<meta name=\"description\" content=\"If you wish to buy 7h herbal incense online, our online Chemswell store can help. We have 7h herbal incense for sale at the best rates here. Place your order now\" \/>\n<meta name=\"robots\" content=\"index, follow, max-snippet:-1, max-image-preview:large, max-video-preview:-1\" \/>\n<link rel=\"canonical\" href=\"https:\/\/chemswell.com\/es\/producto\/7h-herbal-incense\/\" \/>\n<meta property=\"og:locale\" content=\"es_ES\" \/>\n<meta property=\"og:type\" content=\"article\" \/>\n<meta property=\"og:title\" content=\"Buy 7h Herbal Incense Online - 7h Herbal Incense for Sale | CW\" \/>\n<meta property=\"og:description\" content=\"If you wish to buy 7h herbal incense online, our online Chemswell store can help. We have 7h herbal incense for sale at the best rates here. Place your order now\" \/>\n<meta property=\"og:url\" content=\"https:\/\/chemswell.com\/es\/producto\/7h-herbal-incense\/\" \/>\n<meta property=\"og:site_name\" content=\"Chemswell\" \/>\n<meta property=\"article:modified_time\" content=\"2026-02-28T10:31:55+00:00\" \/>\n<meta property=\"og:image\" content=\"https:\/\/chemswell.com\/wp-content\/uploads\/2023\/01\/7h-Herbal-Incense.jpg\" \/>\n\t<meta property=\"og:image:width\" content=\"600\" \/>\n\t<meta property=\"og:image:height\" content=\"600\" \/>\n\t<meta property=\"og:image:type\" content=\"image\/jpeg\" \/>\n<meta name=\"twitter:card\" content=\"summary_large_image\" \/>\n<meta name=\"twitter:label1\" content=\"Tiempo de lectura\" \/>\n\t<meta name=\"twitter:data1\" content=\"2 minutos\" \/>\n<!-- \/ Yoast SEO plugin. -->","yoast_head_json":{"title":"Buy 7h Herbal Incense Online - 7h Herbal Incense for Sale | CW","description":"If you wish to buy 7h herbal incense online, our online Chemswell store can help. We have 7h herbal incense for sale at the best rates here. Place your order now","robots":{"index":"index","follow":"follow","max-snippet":"max-snippet:-1","max-image-preview":"max-image-preview:large","max-video-preview":"max-video-preview:-1"},"canonical":"https:\/\/chemswell.com\/es\/producto\/7h-herbal-incense\/","og_locale":"es_ES","og_type":"article","og_title":"Buy 7h Herbal Incense Online - 7h Herbal Incense for Sale | CW","og_description":"If you wish to buy 7h herbal incense online, our online Chemswell store can help. We have 7h herbal incense for sale at the best rates here. Place your order now","og_url":"https:\/\/chemswell.com\/es\/producto\/7h-herbal-incense\/","og_site_name":"Chemswell","article_modified_time":"2026-02-28T10:31:55+00:00","og_image":[{"width":600,"height":600,"url":"https:\/\/chemswell.com\/wp-content\/uploads\/2023\/01\/7h-Herbal-Incense.jpg","type":"image\/jpeg"}],"twitter_card":"summary_large_image","twitter_misc":{"Tiempo de lectura":"2 minutos"},"schema":{"@context":"https:\/\/schema.org","@graph":[{"@type":"WebPage","@id":"https:\/\/chemswell.com\/product\/7h-herbal-incense\/","url":"https:\/\/chemswell.com\/product\/7h-herbal-incense\/","name":"Buy 7h Herbal Incense Online - 7h Herbal Incense for Sale | CW","isPartOf":{"@id":"https:\/\/chemswell.com\/it\/#website"},"primaryImageOfPage":{"@id":"https:\/\/chemswell.com\/product\/7h-herbal-incense\/#primaryimage"},"image":{"@id":"https:\/\/chemswell.com\/product\/7h-herbal-incense\/#primaryimage"},"thumbnailUrl":"https:\/\/chemswell.com\/wp-content\/uploads\/2023\/01\/7h-Herbal-Incense.jpg","datePublished":"2023-01-18T11:03:15+00:00","dateModified":"2026-02-28T10:31:55+00:00","description":"If you wish to buy 7h herbal incense online, our online Chemswell store can help. We have 7h herbal incense for sale at the best rates here. Place your order now","breadcrumb":{"@id":"https:\/\/chemswell.com\/product\/7h-herbal-incense\/#breadcrumb"},"inLanguage":"es","potentialAction":[{"@type":"ReadAction","target":["https:\/\/chemswell.com\/product\/7h-herbal-incense\/"]}]},{"@type":"ImageObject","inLanguage":"es","@id":"https:\/\/chemswell.com\/product\/7h-herbal-incense\/#primaryimage","url":"https:\/\/chemswell.com\/wp-content\/uploads\/2023\/01\/7h-Herbal-Incense.jpg","contentUrl":"https:\/\/chemswell.com\/wp-content\/uploads\/2023\/01\/7h-Herbal-Incense.jpg","width":600,"height":600,"caption":"7h-Herbal-Incense"},{"@type":"BreadcrumbList","@id":"https:\/\/chemswell.com\/product\/7h-herbal-incense\/#breadcrumb","itemListElement":[{"@type":"ListItem","position":1,"name":"Home","item":"https:\/\/chemswell.com\/ru\/"},{"@type":"ListItem","position":2,"name":"Shop","item":"https:\/\/chemswell.com\/ru\/%d0%bc%d0%b0%d0%b3%d0%b0%d0%b7%d0%b8%d0%bd\/"},{"@type":"ListItem","position":3,"name":"Buy 7h Herbal Incense Online"}]},{"@type":"WebSite","@id":"https:\/\/chemswell.com\/it\/#website","url":"https:\/\/chemswell.com\/it\/","name":"Chemswell","description":"#1 Research Chemical Store","potentialAction":[{"@type":"SearchAction","target":{"@type":"EntryPoint","urlTemplate":"https:\/\/chemswell.com\/it\/?s={search_term_string}"},"query-input":"required name=search_term_string"}],"inLanguage":"es"}]}},"_links":{"self":[{"href":"https:\/\/chemswell.com\/es\/wp-json\/wp\/v2\/product\/9783"}],"collection":[{"href":"https:\/\/chemswell.com\/es\/wp-json\/wp\/v2\/product"}],"about":[{"href":"https:\/\/chemswell.com\/es\/wp-json\/wp\/v2\/types\/product"}],"replies":[{"embeddable":true,"href":"https:\/\/chemswell.com\/es\/wp-json\/wp\/v2\/comments?post=9783"}],"wp:featuredmedia":[{"embeddable":true,"href":"https:\/\/chemswell.com\/es\/wp-json\/wp\/v2\/media\/9945"}],"wp:attachment":[{"href":"https:\/\/chemswell.com\/es\/wp-json\/wp\/v2\/media?parent=9783"}],"wp:term":[{"taxonomy":"product_cat","embeddable":true,"href":"https:\/\/chemswell.com\/es\/wp-json\/wp\/v2\/product_cat?post=9783"},{"taxonomy":"product_tag","embeddable":true,"href":"https:\/\/chemswell.com\/es\/wp-json\/wp\/v2\/product_tag?post=9783"}],"curies":[{"name":"wp","href":"https:\/\/api.w.org\/{rel}","templated":true}]}}