{"id":9784,"date":"2023-01-18T11:03:15","date_gmt":"2023-01-18T11:03:15","guid":{"rendered":"https:\/\/legitchemicals.com\/chemswell\/product\/import-placeholder-for-41\/"},"modified":"2026-03-12T03:28:33","modified_gmt":"2026-03-12T03:28:33","slug":"a-pihp","status":"publish","type":"product","link":"https:\/\/chemswell.com\/es\/producto\/a-pihp\/","title":{"rendered":"Compre un PiHP en l\u00ednea"},"content":{"rendered":"<h2>\u00a1Compre A-PiHP en l\u00ednea en ChemsWell a precios rentables!<\/h2>\n<p><a href=\"https:\/\/chemswell.com\/es\/producto\/a-pihp\/\">Buy A-phip powder Online<\/a>, \u00bfSiente curiosidad por conocer los m\u00faltiples usos de A-PiHP? Si es as\u00ed, no est\u00e1 solo. Este producto qu\u00edmico de investigaci\u00f3n ha estado rodeado de misterio durante a\u00f1os, pero sus beneficios potenciales est\u00e1n siendo aprovechados por usuarios de todo el mundo. En ChemsWell le ayudaremos a comprar A-PiHP online a los mejores precios.<\/p>\n<h3>\u00bfPor qu\u00e9 comprar productos qu\u00edmicos de investigaci\u00f3n A-PiHP?<\/h3>\n<p>Se est\u00e1n realizando muchas investigaciones en el mundo y es importante que los cient\u00edficos tengan los materiales que necesitan para explorar posibles aplicaciones. <a href=\"https:\/\/en.wikipedia.org\/wiki\/%CE%91-PHiP\">A-PiHP<\/a> Es \u00fanico porque ofrece una amplia gama de compuestos qu\u00edmicos necesarios para explorar posibles aplicaciones. Esto significa que los investigadores pueden desarrollar proyectos innovadores de forma r\u00e1pida y sencilla. Adem\u00e1s, con productos de calidad y un excelente servicio al cliente, A-PiHP se ha convertido en la opci\u00f3n predilecta de investigadores de todo el mundo.<\/p>\n<p>Otra raz\u00f3n por la que A-PiHP en l\u00ednea es una opci\u00f3n tan popular es que ayuda a reducir el tiempo de preparaci\u00f3n y seguimiento del proceso de investigaci\u00f3n. Con art\u00edculos de calidad disponibles a un precio asequible, los cient\u00edficos pueden concentrarse en su trabajo en lugar de preocuparse por errores costosos o p\u00e9rdida de tiempo. Adem\u00e1s, dado que los productos A-PiHP cumplen totalmente con las normas de seguridad y qu\u00edmicas en todo el mundo, puede estar seguro de que est\u00e1 comprando a una fuente confiable.<\/p>\n<p>Finalmente, con tantas buenas razones para <strong>comprar A-PiHP<\/strong> investigue productos qu\u00edmicos en l\u00ednea, \u00a1creemos que usted tambi\u00e9n se convencer\u00e1!<\/p>\n<h3>\u00a1Ordene A-PiHP en ChemsWell AHORA!<\/h3>\n<p>A-PiHP es un potente qu\u00edmico de investigaci\u00f3n que tiene la capacidad de provocar un cambio de paradigma en la forma en que llevamos a cabo nuestra investigaci\u00f3n para producir descubrimientos y avances cient\u00edficos. Debido a su bajo costo y su diversa gama de aplicaciones, est\u00e1 ganando r\u00e1pidamente popularidad en las instalaciones de investigaci\u00f3n cient\u00edfica de todo el mundo.<\/p>\n<p>P\u00f3ngase en contacto con nosotros y haga su pedido de productos qu\u00edmicos de investigaci\u00f3n A-PiHP en l\u00ednea de inmediato.<\/p>","protected":false},"excerpt":{"rendered":"<h1><strong>\u03b1-PHiP<\/strong><\/h1>\n<p>El a-PiHP, tambi\u00e9n llamado \u03b1-pirrolidinoisohexafen\u00f3n, es un nuevo producto qu\u00edmico de investigaci\u00f3n de la familia de las catinonas sustituidas con similitudes estructurales con la MDPV. Presenta una estimulaci\u00f3n muy fuerte en ratas y se sospecha que es un inhibidor de la recaptaci\u00f3n de adrenalina y dopamina.<\/p>","protected":false},"featured_media":9946,"comment_status":"open","ping_status":"closed","template":"","meta":{"_joinchat":[]},"product_cat":[1255],"product_tag":[1312,1308,1309,1311,1314,1313,1310],"yoast_head":"<!-- This site is optimized with the Yoast SEO plugin v23.0 - https:\/\/yoast.com\/wordpress\/plugins\/seo\/ -->\n<title>Buy A-phip powder Online - A-phip for Sale | Chemswell<\/title>\n<meta name=\"description\" content=\"Best research chemicals site to buy a-phip powder online at cheap prices. Place an order a-phip online, a-phip for sale, discreet a-Phip delivery.\" \/>\n<meta name=\"robots\" content=\"index, follow, max-snippet:-1, max-image-preview:large, max-video-preview:-1\" \/>\n<link rel=\"canonical\" href=\"https:\/\/chemswell.com\/es\/producto\/a-pihp\/\" \/>\n<meta property=\"og:locale\" content=\"es_ES\" \/>\n<meta property=\"og:type\" content=\"article\" \/>\n<meta property=\"og:title\" content=\"Buy A-phip powder Online - A-phip for Sale | Chemswell\" \/>\n<meta property=\"og:description\" content=\"Best research chemicals site to buy a-phip powder online at cheap prices. Place an order a-phip online, a-phip for sale, discreet a-Phip delivery.\" \/>\n<meta property=\"og:url\" content=\"https:\/\/chemswell.com\/es\/producto\/a-pihp\/\" \/>\n<meta property=\"og:site_name\" content=\"Chemswell\" \/>\n<meta property=\"article:modified_time\" content=\"2026-03-12T03:28:33+00:00\" \/>\n<meta property=\"og:image\" content=\"https:\/\/chemswell.com\/wp-content\/uploads\/2023\/01\/a-PiHP.jpg\" \/>\n\t<meta property=\"og:image:width\" content=\"600\" \/>\n\t<meta property=\"og:image:height\" content=\"600\" \/>\n\t<meta property=\"og:image:type\" content=\"image\/jpeg\" \/>\n<meta name=\"twitter:card\" content=\"summary_large_image\" \/>\n<meta name=\"twitter:label1\" content=\"Tiempo de lectura\" \/>\n\t<meta name=\"twitter:data1\" content=\"2 minutos\" \/>\n<!-- \/ Yoast SEO plugin. -->","yoast_head_json":{"title":"Buy A-phip powder Online - A-phip for Sale | Chemswell","description":"Best research chemicals site to buy a-phip powder online at cheap prices. Place an order a-phip online, a-phip for sale, discreet a-Phip delivery.","robots":{"index":"index","follow":"follow","max-snippet":"max-snippet:-1","max-image-preview":"max-image-preview:large","max-video-preview":"max-video-preview:-1"},"canonical":"https:\/\/chemswell.com\/es\/producto\/a-pihp\/","og_locale":"es_ES","og_type":"article","og_title":"Buy A-phip powder Online - A-phip for Sale | Chemswell","og_description":"Best research chemicals site to buy a-phip powder online at cheap prices. Place an order a-phip online, a-phip for sale, discreet a-Phip delivery.","og_url":"https:\/\/chemswell.com\/es\/producto\/a-pihp\/","og_site_name":"Chemswell","article_modified_time":"2026-03-12T03:28:33+00:00","og_image":[{"width":600,"height":600,"url":"https:\/\/chemswell.com\/wp-content\/uploads\/2023\/01\/a-PiHP.jpg","type":"image\/jpeg"}],"twitter_card":"summary_large_image","twitter_misc":{"Tiempo de lectura":"2 minutos"},"schema":{"@context":"https:\/\/schema.org","@graph":[{"@type":"WebPage","@id":"https:\/\/chemswell.com\/product\/a-pihp\/","url":"https:\/\/chemswell.com\/product\/a-pihp\/","name":"Buy A-phip powder Online - A-phip for Sale | Chemswell","isPartOf":{"@id":"https:\/\/chemswell.com\/it\/#website"},"primaryImageOfPage":{"@id":"https:\/\/chemswell.com\/product\/a-pihp\/#primaryimage"},"image":{"@id":"https:\/\/chemswell.com\/product\/a-pihp\/#primaryimage"},"thumbnailUrl":"https:\/\/chemswell.com\/wp-content\/uploads\/2023\/01\/a-PiHP.jpg","datePublished":"2023-01-18T11:03:15+00:00","dateModified":"2026-03-12T03:28:33+00:00","description":"Best research chemicals site to buy a-phip powder online at cheap prices. Place an order a-phip online, a-phip for sale, discreet a-Phip delivery.","breadcrumb":{"@id":"https:\/\/chemswell.com\/product\/a-pihp\/#breadcrumb"},"inLanguage":"es","potentialAction":[{"@type":"ReadAction","target":["https:\/\/chemswell.com\/product\/a-pihp\/"]}]},{"@type":"ImageObject","inLanguage":"es","@id":"https:\/\/chemswell.com\/product\/a-pihp\/#primaryimage","url":"https:\/\/chemswell.com\/wp-content\/uploads\/2023\/01\/a-PiHP.jpg","contentUrl":"https:\/\/chemswell.com\/wp-content\/uploads\/2023\/01\/a-PiHP.jpg","width":600,"height":600,"caption":"Buy A-phip for Sale"},{"@type":"BreadcrumbList","@id":"https:\/\/chemswell.com\/product\/a-pihp\/#breadcrumb","itemListElement":[{"@type":"ListItem","position":1,"name":"Home","item":"https:\/\/chemswell.com\/ru\/"},{"@type":"ListItem","position":2,"name":"Shop","item":"https:\/\/chemswell.com\/ru\/%d0%bc%d0%b0%d0%b3%d0%b0%d0%b7%d0%b8%d0%bd\/"},{"@type":"ListItem","position":3,"name":"Buy a-PiHP Online"}]},{"@type":"WebSite","@id":"https:\/\/chemswell.com\/it\/#website","url":"https:\/\/chemswell.com\/it\/","name":"Chemswell","description":"#1 Research Chemical Store","potentialAction":[{"@type":"SearchAction","target":{"@type":"EntryPoint","urlTemplate":"https:\/\/chemswell.com\/it\/?s={search_term_string}"},"query-input":"required name=search_term_string"}],"inLanguage":"es"}]}},"_links":{"self":[{"href":"https:\/\/chemswell.com\/es\/wp-json\/wp\/v2\/product\/9784"}],"collection":[{"href":"https:\/\/chemswell.com\/es\/wp-json\/wp\/v2\/product"}],"about":[{"href":"https:\/\/chemswell.com\/es\/wp-json\/wp\/v2\/types\/product"}],"replies":[{"embeddable":true,"href":"https:\/\/chemswell.com\/es\/wp-json\/wp\/v2\/comments?post=9784"}],"wp:featuredmedia":[{"embeddable":true,"href":"https:\/\/chemswell.com\/es\/wp-json\/wp\/v2\/media\/9946"}],"wp:attachment":[{"href":"https:\/\/chemswell.com\/es\/wp-json\/wp\/v2\/media?parent=9784"}],"wp:term":[{"taxonomy":"product_cat","embeddable":true,"href":"https:\/\/chemswell.com\/es\/wp-json\/wp\/v2\/product_cat?post=9784"},{"taxonomy":"product_tag","embeddable":true,"href":"https:\/\/chemswell.com\/es\/wp-json\/wp\/v2\/product_tag?post=9784"}],"curies":[{"name":"wp","href":"https:\/\/api.w.org\/{rel}","templated":true}]}}