{"id":9821,"date":"2023-01-18T11:03:22","date_gmt":"2023-01-18T11:03:22","guid":{"rendered":"https:\/\/legitchemicals.com\/chemswell\/product\/import-placeholder-for-79\/"},"modified":"2026-03-02T11:48:47","modified_gmt":"2026-03-02T11:48:47","slug":"alpha-php-powder","status":"publish","type":"product","link":"https:\/\/chemswell.com\/es\/producto\/alfa-php-en-polvo\/","title":{"rendered":"Comprar Alpha-PHP Polvo"},"content":{"rendered":"<h2><strong>\u00a1Compre Alpha PHP Powder en ChemsWell hoy!<\/strong><\/h2>\n<p><strong>Comprar Alpha PHP en polvo<\/strong> es un nuevo suplemento revolucionario que est\u00e1 conquistando el mundo del bienestar. No solo est\u00e1 repleto de ingredientes que aumentan la energ\u00eda y fortalecen el sistema inmunol\u00f3gico, sino que tambi\u00e9n tiene una serie de usos que pueden ayudarlo a alcanzar sus objetivos de salud y estado f\u00edsico. Por lo tanto, si est\u00e1 buscando el suplemento perfecto que lo ayude a alcanzar sus objetivos, no busque m\u00e1s. <strong><a href=\"https:\/\/en.wikipedia.org\/wiki\/%CE%91-Pyrrolidinohexiophenone\">Alpha PHP<\/a> powder for sale<\/strong> at <a href=\"https:\/\/chemswell.com\/es\/\">ChemsWell<\/a>.<\/p>\n<h3><strong>Los beneficios del polvo Alpha PHP<\/strong><\/h3>\n<p>Deber\u00eda <a href=\"https:\/\/chemswell.com\/es\/producto\/alfa-php-en-polvo\/\"><strong>comprar Alpha PHP en polvo en l\u00ednea <\/strong><\/a>ya que es un ingrediente esencial en la creaci\u00f3n de suplementos nutricionales personalizados. Es un ingrediente poderoso y esencial que puede usarse para mejorar la salud oral, curar problemas digestivos y ayudar con los objetivos de p\u00e9rdida de peso. El polvo Alpha PHP tambi\u00e9n contiene propiedades antienvejecimiento que ayudan a mejorar la elasticidad de la piel y reducir las arrugas. Adem\u00e1s, contiene nutrientes, amino\u00e1cidos y enzimas naturales de origen vegetal que estimulan el metabolismo.<\/p>\n<h3><strong>Algunos de los beneficios del polvo Alpha PHP incluyen los siguientes:<\/strong><\/h3>\n<ul>\n<li>ayuda en la producci\u00f3n de col\u00e1geno, que ayuda a mantener la piel y los nervios sanos;<\/li>\n<li>alivia el estr\u00e9s y la ansiedad;<\/li>\n<li>ayuda a mantener niveles saludables de az\u00facar en la sangre;<\/li>\n<li>mejora la funci\u00f3n cognitiva y aumenta la claridad mental;<\/li>\n<li>fortalece el sistema inmunol\u00f3gico, proporcionando protecci\u00f3n contra enfermedades y enfermedades.<\/li>\n<\/ul>\n<p>En general, el polvo Alpha PHP es un suplemento poderoso que tiene muchos beneficios para su salud y bienestar.<\/p>\n<p><strong>\u00bfPor qu\u00e9 comprar Alpha PHP en polvo?<\/strong><\/p>\n<p>\u00bfQuieres desarrollar m\u00fasculo y perder grasa corporal? <strong>Ordene Alpha PHP Powder en l\u00ednea<\/strong> en ChemsWell de inmediato! Este suplemento \u00fanico es una excelente manera de lograr sus objetivos y viene con muchos beneficios.<\/p>\n<p>Alpha PHP Powder da como resultado un crecimiento muscular m\u00e1s r\u00e1pido al estimular la producci\u00f3n natural de la hormona del crecimiento del cuerpo. Esto significa que ver\u00e1 aumentos en la fuerza y la resistencia, as\u00ed como un aumento en la masa muscular. Adem\u00e1s, Alpha PHP Powder contiene nutrientes esenciales que son necesarios para el crecimiento muscular, como prote\u00ednas y amino\u00e1cidos esenciales. Esto asegura que obtenga todos los componentes clave que necesita para acumular kilos de m\u00fasculo.<\/p>\n<p>Por lo tanto, no espere, comience a usar <strong>Polvo Alpha PHP en l\u00ednea<\/strong> hoy para desbloquear todo su potencial y cosechar las recompensas por ti mismo!<a href=\"https:\/\/chemswell.com\/es\/producto\/alfa-php-en-polvo\/\">!<\/a><\/p>","protected":false},"excerpt":{"rendered":"<p>\u00a1Compre Alpha PHP en Polvo en ChemsWell hoy mismo! Comprar Alpha PHP Powder es un nuevo y revolucionario suplemento que est\u00e1 tomando el mundo del bienestar<\/p>","protected":false},"featured_media":9944,"comment_status":"open","ping_status":"closed","template":"","meta":{"_joinchat":[]},"product_cat":[1255],"product_tag":[3412,3402,1522,3393,3397,3396,3404,3395,3405,3407,3414,3415,3413,3410,3394,3409,3406,3401,3399,3411,3408,1530,3400,3403,3398],"yoast_head":"<!-- This site is optimized with the Yoast SEO plugin v23.0 - https:\/\/yoast.com\/wordpress\/plugins\/seo\/ -->\n<title>Alpha PHP for Sale - Buy Alpha PHP Powder Online<\/title>\n<meta name=\"description\" content=\"Best research chemicals site to buy alpha php powder online at cheap prices. Place an order alpha php online, alpa php for sale, discreet alpha php delivery.\" \/>\n<meta name=\"robots\" content=\"index, follow, max-snippet:-1, max-image-preview:large, max-video-preview:-1\" \/>\n<link rel=\"canonical\" href=\"https:\/\/chemswell.com\/es\/producto\/alfa-php-en-polvo\/\" \/>\n<meta property=\"og:locale\" content=\"es_ES\" \/>\n<meta property=\"og:type\" content=\"article\" \/>\n<meta property=\"og:title\" content=\"Alpha PHP for Sale - Buy Alpha PHP Powder Online\" \/>\n<meta property=\"og:description\" content=\"Best research chemicals site to buy alpha php powder online at cheap prices. Place an order alpha php online, alpa php for sale, discreet alpha php delivery.\" \/>\n<meta property=\"og:url\" content=\"https:\/\/chemswell.com\/es\/producto\/alfa-php-en-polvo\/\" \/>\n<meta property=\"og:site_name\" content=\"Chemswell\" \/>\n<meta property=\"article:modified_time\" content=\"2026-03-02T11:48:47+00:00\" \/>\n<meta property=\"og:image\" content=\"https:\/\/chemswell.com\/wp-content\/uploads\/2023\/01\/Alpha-PHP-Powder.jpg\" \/>\n\t<meta property=\"og:image:width\" content=\"600\" \/>\n\t<meta property=\"og:image:height\" content=\"600\" \/>\n\t<meta property=\"og:image:type\" content=\"image\/jpeg\" \/>\n<meta name=\"twitter:card\" content=\"summary_large_image\" \/>\n<meta name=\"twitter:label1\" content=\"Tiempo de lectura\" \/>\n\t<meta name=\"twitter:data1\" content=\"2 minutos\" \/>\n<!-- \/ Yoast SEO plugin. -->","yoast_head_json":{"title":"Alpha PHP for Sale - Buy Alpha PHP Powder Online","description":"Best research chemicals site to buy alpha php powder online at cheap prices. Place an order alpha php online, alpa php for sale, discreet alpha php delivery.","robots":{"index":"index","follow":"follow","max-snippet":"max-snippet:-1","max-image-preview":"max-image-preview:large","max-video-preview":"max-video-preview:-1"},"canonical":"https:\/\/chemswell.com\/es\/producto\/alfa-php-en-polvo\/","og_locale":"es_ES","og_type":"article","og_title":"Alpha PHP for Sale - Buy Alpha PHP Powder Online","og_description":"Best research chemicals site to buy alpha php powder online at cheap prices. Place an order alpha php online, alpa php for sale, discreet alpha php delivery.","og_url":"https:\/\/chemswell.com\/es\/producto\/alfa-php-en-polvo\/","og_site_name":"Chemswell","article_modified_time":"2026-03-02T11:48:47+00:00","og_image":[{"width":600,"height":600,"url":"https:\/\/chemswell.com\/wp-content\/uploads\/2023\/01\/Alpha-PHP-Powder.jpg","type":"image\/jpeg"}],"twitter_card":"summary_large_image","twitter_misc":{"Tiempo de lectura":"2 minutos"},"schema":{"@context":"https:\/\/schema.org","@graph":[{"@type":"WebPage","@id":"https:\/\/chemswell.com\/product\/alpha-php-powder\/","url":"https:\/\/chemswell.com\/product\/alpha-php-powder\/","name":"Alpha PHP for Sale - Buy Alpha PHP Powder Online","isPartOf":{"@id":"https:\/\/chemswell.com\/it\/#website"},"primaryImageOfPage":{"@id":"https:\/\/chemswell.com\/product\/alpha-php-powder\/#primaryimage"},"image":{"@id":"https:\/\/chemswell.com\/product\/alpha-php-powder\/#primaryimage"},"thumbnailUrl":"https:\/\/chemswell.com\/wp-content\/uploads\/2023\/01\/Alpha-PHP-Powder.jpg","datePublished":"2023-01-18T11:03:22+00:00","dateModified":"2026-03-02T11:48:47+00:00","description":"Best research chemicals site to buy alpha php powder online at cheap prices. Place an order alpha php online, alpa php for sale, discreet alpha php delivery.","breadcrumb":{"@id":"https:\/\/chemswell.com\/product\/alpha-php-powder\/#breadcrumb"},"inLanguage":"es","potentialAction":[{"@type":"ReadAction","target":["https:\/\/chemswell.com\/product\/alpha-php-powder\/"]}]},{"@type":"ImageObject","inLanguage":"es","@id":"https:\/\/chemswell.com\/product\/alpha-php-powder\/#primaryimage","url":"https:\/\/chemswell.com\/wp-content\/uploads\/2023\/01\/Alpha-PHP-Powder.jpg","contentUrl":"https:\/\/chemswell.com\/wp-content\/uploads\/2023\/01\/Alpha-PHP-Powder.jpg","width":600,"height":600,"caption":"Alpha-PHP-Powder"},{"@type":"BreadcrumbList","@id":"https:\/\/chemswell.com\/product\/alpha-php-powder\/#breadcrumb","itemListElement":[{"@type":"ListItem","position":1,"name":"Home","item":"https:\/\/chemswell.com\/ru\/"},{"@type":"ListItem","position":2,"name":"Shop","item":"https:\/\/chemswell.com\/ru\/%d0%bc%d0%b0%d0%b3%d0%b0%d0%b7%d0%b8%d0%bd\/"},{"@type":"ListItem","position":3,"name":"Buy Alpha-PHP Powder"}]},{"@type":"WebSite","@id":"https:\/\/chemswell.com\/it\/#website","url":"https:\/\/chemswell.com\/it\/","name":"Chemswell","description":"#1 Research Chemical Store","potentialAction":[{"@type":"SearchAction","target":{"@type":"EntryPoint","urlTemplate":"https:\/\/chemswell.com\/it\/?s={search_term_string}"},"query-input":"required name=search_term_string"}],"inLanguage":"es"}]}},"_links":{"self":[{"href":"https:\/\/chemswell.com\/es\/wp-json\/wp\/v2\/product\/9821"}],"collection":[{"href":"https:\/\/chemswell.com\/es\/wp-json\/wp\/v2\/product"}],"about":[{"href":"https:\/\/chemswell.com\/es\/wp-json\/wp\/v2\/types\/product"}],"replies":[{"embeddable":true,"href":"https:\/\/chemswell.com\/es\/wp-json\/wp\/v2\/comments?post=9821"}],"wp:featuredmedia":[{"embeddable":true,"href":"https:\/\/chemswell.com\/es\/wp-json\/wp\/v2\/media\/9944"}],"wp:attachment":[{"href":"https:\/\/chemswell.com\/es\/wp-json\/wp\/v2\/media?parent=9821"}],"wp:term":[{"taxonomy":"product_cat","embeddable":true,"href":"https:\/\/chemswell.com\/es\/wp-json\/wp\/v2\/product_cat?post=9821"},{"taxonomy":"product_tag","embeddable":true,"href":"https:\/\/chemswell.com\/es\/wp-json\/wp\/v2\/product_tag?post=9821"}],"curies":[{"name":"wp","href":"https:\/\/api.w.org\/{rel}","templated":true}]}}