{"id":9828,"date":"2023-01-18T11:03:27","date_gmt":"2023-01-18T11:03:27","guid":{"rendered":"https:\/\/legitchemicals.com\/chemswell\/product\/import-placeholder-for-86\/"},"modified":"2025-07-16T09:05:30","modified_gmt":"2025-07-16T09:05:30","slug":"bizzaro-liquid-k2","status":"publish","type":"product","link":"https:\/\/chemswell.com\/es\/producto\/bizzaro-liquid-k2\/","title":{"rendered":"L\u00edquido Bizzaro K2"},"content":{"rendered":"<h2><strong>\u00a1Obtenga Bizarro Liquid K2 a la venta en ChemsWell!<\/strong><\/h2>\n<p><span style=\"font-weight: 400;\"><a href=\"https:\/\/chemswell.com\/es\/producto\/bizzaro-liquid-k2\/\">Comprar Bizzaro Liquid K2 en l\u00ednea<\/a>El cannabis, a menudo comercializado como \"incienso\" o \"spray de aromaterapia\", es un cannabinoide sint\u00e9tico que ha generado gran controversia. Aunque a veces se vende como una alternativa legal al cannabis, su composici\u00f3n qu\u00edmica y sus efectos sobre la salud difieren enormemente, lo que plantea complejas cuestiones \u00e9ticas y legales sobre su venta y distribuci\u00f3n en l\u00ednea.<\/span><\/p>\n<h3><b>What Makes the Sale of Bizzaro Liquid K2 Ethically Complex?<\/b><\/h3>\n<p>El principal desaf\u00edo \u00e9tico reside en la discrepancia entre el marketing y la realidad. Productos como Bizzaro Liquid K2 a la venta suelen etiquetarse de forma que ocultan su verdadero prop\u00f3sito y sus posibles peligros. Este enga\u00f1o socava el consentimiento informado y expone a los consumidores a riesgos impredecibles para la salud, lo que complica las responsabilidades morales de vendedores, plataformas y organismos reguladores.<\/p>\n<h3><b>El mercado gris digital<\/b><\/h3>\n<h3><b>Descripci\u00f3n general de vendedores en l\u00ednea, foros y rese\u00f1as de usuarios<\/b><\/h3>\n<p><span style=\"font-weight: 400;\">El mercado en l\u00ednea para <a href=\"https:\/\/en.wikipedia.org\/wiki\/Synthetic_cannabinoids\">Pida Bizzaro Liquid K2 en l\u00ednea<\/a> Es fragmentado y opaco. Numerosos vendedores anuncian el producto en sitios web especializados, redes sociales y mercados en la dark web. Los foros de usuarios sirven como puntos de encuentro para compartir experiencias, consejos sobre dosis y la reputaci\u00f3n de los vendedores, creando un ecosistema que se refuerza a s\u00ed mismo y que a menudo normaliza el uso a pesar de los riesgos asociados.<\/span><\/p>\n<h3><b>El papel de las criptomonedas y el anonimato<\/b><\/h3>\n<p><span style=\"font-weight: 400;\">Las criptomonedas proporcionan un manto de anonimato tanto para compradores como para vendedores, lo que facilita las transacciones fuera de la supervisi\u00f3n bancaria tradicional. Este anonimato dificulta las medidas de control y contribuye a la persistencia del mercado gris, donde los productos evaden el escrutinio regulatorio, pero aun as\u00ed llegan a consumidores vulnerables.<\/span><\/p>\n<h3><b>\u00bfDeber\u00edan las personas tener acceso a sustancias no reguladas?<\/b><\/h3>\n<p><span style=\"font-weight: 400;\">Equilibrar la libertad personal con la seguridad p\u00fablica es un dilema constante. Si bien los adultos pueden defender el derecho a experimentar con sustancias a\u00fan no reguladas, la falta de transparencia y control de calidad en productos como Bizzaro Liquid K2 pone en entredicho la noci\u00f3n de una elecci\u00f3n verdaderamente informada.<\/span><\/p>\n<h3><b>El equilibrio entre la libertad y la salud p\u00fablica<\/b><\/h3>\n<p><span style=\"font-weight: 400;\">Los defensores de la salud p\u00fablica enfatizan los graves riesgos que presentan los cannabinoides sint\u00e9ticos, incluyendo toxicidad aguda y crisis de salud mental. Este perfil de riesgo justifica la intervenci\u00f3n regulatoria, aun cuando persisten las dudas sobre la autonom\u00eda individual.<\/span><\/p>\n<h3><b>Responsabilidad de la plataforma<\/b><\/h3>\n<h3><b>\u00bfSon los mercados responsables de lo que se vende?<\/b><\/h3>\n<p><span style=\"font-weight: 400;\">Los mercados en l\u00ednea suelen posicionarse como intermediarios neutrales, pero inevitablemente influyen en el acceso de los consumidores. Consideraciones \u00e9ticas exigen mayor diligencia debida, moderaci\u00f3n de contenido y cooperaci\u00f3n con las autoridades para reducir los da\u00f1os asociados a la venta de cannabinoides sint\u00e9ticos.<\/span><\/p>\n<h3><b>Casos pr\u00e1cticos de cierres (p. ej., Bizzaro Liquid K2)<\/b><\/h3>\n<p><span style=\"font-weight: 400;\">Las acciones de cumplimiento previas contra vendedores de Bizzaro Liquid K2 revelan una din\u00e1mica de gato y rat\u00f3n: a medida que algunos sitios web cierran, otros emergen r\u00e1pidamente, adaptando su marca o estrategias de venta para evadir la detecci\u00f3n. Estos patrones ponen de relieve los desaf\u00edos de la vigilancia del comercio digital de sustancias sint\u00e9ticas.<\/span><\/p>\n<h3><b>Soluciones pol\u00edticas y \u00e9ticas<\/b><\/h3>\n<h3><b>Regulaci\u00f3n \u00e9tica en la era del comercio descentralizado<\/b><\/h3>\n<p><span style=\"font-weight: 400;\">Una pol\u00edtica eficaz debe abordar tanto la innovaci\u00f3n qu\u00edmica (s\u00edntesis r\u00e1pida de nuevos an\u00e1logos) como la innovaci\u00f3n digital (transacciones cifradas, mercados descentralizados). La cooperaci\u00f3n internacional, los marcos regulatorios flexibles y el intercambio de datos en tiempo real pueden mejorar la capacidad de respuesta.<\/span><\/p>\n<h3><b>Monitoreo digital sin exceso de vigilancia<\/b><\/h3>\n<p><span style=\"font-weight: 400;\">Las herramientas de monitoreo pueden aprovechar la IA y el an\u00e1lisis de blockchain para identificar ventas sospechosas, protegiendo al mismo tiempo la privacidad del usuario. Los mecanismos de supervisi\u00f3n transparentes y la participaci\u00f3n comunitaria garantizan que las iniciativas contra la trata de personas no vulneren las libertades civiles.<\/span><\/p>\n<h3><b>Conclusi\u00f3n<\/b><\/h3>\n<p>La venta de Bizzaro Liquid K2 en l\u00ednea ejemplifica los desaf\u00edos que plantea la intersecci\u00f3n del comercio digital, la salud p\u00fablica y la \u00e9tica. Abordar estos problemas requiere un enfoque coordinado que equilibre la innovaci\u00f3n, la autonom\u00eda y la seguridad. Los esfuerzos futuros deben centrarse en la reducci\u00f3n de da\u00f1os, la regulaci\u00f3n transparente y la gobernanza digital \u00e9tica para proteger a los consumidores sin obstaculizar la actividad leg\u00edtima en l\u00ednea.<\/p>","protected":false},"excerpt":{"rendered":"<p>Get Bizarro Liquid K2 for Sale at ChemsWell! Buy Bizzaro Liquid K2 online, often marketed as \u201cincense\u201d or \u201caromatherapy spray,\u201d is a<\/p>","protected":false},"featured_media":9942,"comment_status":"open","ping_status":"closed","template":"","meta":{"_joinchat":[]},"product_cat":[1257],"product_tag":[3481,3471,3462,3466,3465,3473,3464,3474,3476,3483,3484,3482,3479,1522,3463,3478,3475,3470,3468,3480,3477,1530,3469,3472,3467],"yoast_head":"<!-- This site is optimized with the Yoast SEO plugin v23.0 - https:\/\/yoast.com\/wordpress\/plugins\/seo\/ -->\n<title>Buy Bizzaro Liquid K2 Online - Bizzaro Liquid K2 for Sale<\/title>\n<meta name=\"description\" content=\"Get Bizarro Liquid K2 for Sale at ChemsWell! Bizarro Liquid K2 is a research chemical that has recently begun to circulate on the internet. Order now!\" \/>\n<meta name=\"robots\" content=\"index, follow, max-snippet:-1, max-image-preview:large, max-video-preview:-1\" \/>\n<link rel=\"canonical\" href=\"https:\/\/chemswell.com\/es\/producto\/bizzaro-liquid-k2\/\" \/>\n<meta property=\"og:locale\" content=\"es_ES\" \/>\n<meta property=\"og:type\" content=\"article\" \/>\n<meta property=\"og:title\" content=\"Buy Bizzaro Liquid K2 Online - Bizzaro Liquid K2 for Sale\" \/>\n<meta property=\"og:description\" content=\"Get Bizarro Liquid K2 for Sale at ChemsWell! Bizarro Liquid K2 is a research chemical that has recently begun to circulate on the internet. Order now!\" \/>\n<meta property=\"og:url\" content=\"https:\/\/chemswell.com\/es\/producto\/bizzaro-liquid-k2\/\" \/>\n<meta property=\"og:site_name\" content=\"Chemswell\" \/>\n<meta property=\"article:modified_time\" content=\"2025-07-16T09:05:30+00:00\" \/>\n<meta property=\"og:image\" content=\"https:\/\/chemswell.com\/wp-content\/uploads\/2023\/01\/Bizzaro-Liquid-K2.jpg\" \/>\n\t<meta property=\"og:image:width\" content=\"600\" \/>\n\t<meta property=\"og:image:height\" content=\"600\" \/>\n\t<meta property=\"og:image:type\" content=\"image\/jpeg\" \/>\n<meta name=\"twitter:card\" content=\"summary_large_image\" \/>\n<meta name=\"twitter:label1\" content=\"Tiempo de lectura\" \/>\n\t<meta name=\"twitter:data1\" content=\"3 minutos\" \/>\n<!-- \/ Yoast SEO plugin. -->","yoast_head_json":{"title":"Buy Bizzaro Liquid K2 Online - Bizzaro Liquid K2 for Sale","description":"Get Bizarro Liquid K2 for Sale at ChemsWell! Bizarro Liquid K2 is a research chemical that has recently begun to circulate on the internet. Order now!","robots":{"index":"index","follow":"follow","max-snippet":"max-snippet:-1","max-image-preview":"max-image-preview:large","max-video-preview":"max-video-preview:-1"},"canonical":"https:\/\/chemswell.com\/es\/producto\/bizzaro-liquid-k2\/","og_locale":"es_ES","og_type":"article","og_title":"Buy Bizzaro Liquid K2 Online - Bizzaro Liquid K2 for Sale","og_description":"Get Bizarro Liquid K2 for Sale at ChemsWell! Bizarro Liquid K2 is a research chemical that has recently begun to circulate on the internet. Order now!","og_url":"https:\/\/chemswell.com\/es\/producto\/bizzaro-liquid-k2\/","og_site_name":"Chemswell","article_modified_time":"2025-07-16T09:05:30+00:00","og_image":[{"width":600,"height":600,"url":"https:\/\/chemswell.com\/wp-content\/uploads\/2023\/01\/Bizzaro-Liquid-K2.jpg","type":"image\/jpeg"}],"twitter_card":"summary_large_image","twitter_misc":{"Tiempo de lectura":"3 minutos"},"schema":{"@context":"https:\/\/schema.org","@graph":[{"@type":"WebPage","@id":"https:\/\/chemswell.com\/product\/bizzaro-liquid-k2\/","url":"https:\/\/chemswell.com\/product\/bizzaro-liquid-k2\/","name":"Buy Bizzaro Liquid K2 Online - Bizzaro Liquid K2 for Sale","isPartOf":{"@id":"https:\/\/chemswell.com\/it\/#website"},"primaryImageOfPage":{"@id":"https:\/\/chemswell.com\/product\/bizzaro-liquid-k2\/#primaryimage"},"image":{"@id":"https:\/\/chemswell.com\/product\/bizzaro-liquid-k2\/#primaryimage"},"thumbnailUrl":"https:\/\/chemswell.com\/wp-content\/uploads\/2023\/01\/Bizzaro-Liquid-K2.jpg","datePublished":"2023-01-18T11:03:27+00:00","dateModified":"2025-07-16T09:05:30+00:00","description":"Get Bizarro Liquid K2 for Sale at ChemsWell! Bizarro Liquid K2 is a research chemical that has recently begun to circulate on the internet. Order now!","breadcrumb":{"@id":"https:\/\/chemswell.com\/product\/bizzaro-liquid-k2\/#breadcrumb"},"inLanguage":"es","potentialAction":[{"@type":"ReadAction","target":["https:\/\/chemswell.com\/product\/bizzaro-liquid-k2\/"]}]},{"@type":"ImageObject","inLanguage":"es","@id":"https:\/\/chemswell.com\/product\/bizzaro-liquid-k2\/#primaryimage","url":"https:\/\/chemswell.com\/wp-content\/uploads\/2023\/01\/Bizzaro-Liquid-K2.jpg","contentUrl":"https:\/\/chemswell.com\/wp-content\/uploads\/2023\/01\/Bizzaro-Liquid-K2.jpg","width":600,"height":600,"caption":"Bizzaro-Liquid-K2"},{"@type":"BreadcrumbList","@id":"https:\/\/chemswell.com\/product\/bizzaro-liquid-k2\/#breadcrumb","itemListElement":[{"@type":"ListItem","position":1,"name":"Home","item":"https:\/\/chemswell.com\/ru\/"},{"@type":"ListItem","position":2,"name":"Shop","item":"https:\/\/chemswell.com\/ru\/%d0%bc%d0%b0%d0%b3%d0%b0%d0%b7%d0%b8%d0%bd\/"},{"@type":"ListItem","position":3,"name":"Bizzaro Liquid K2"}]},{"@type":"WebSite","@id":"https:\/\/chemswell.com\/it\/#website","url":"https:\/\/chemswell.com\/it\/","name":"Chemswell","description":"#1 Research Chemical Store","potentialAction":[{"@type":"SearchAction","target":{"@type":"EntryPoint","urlTemplate":"https:\/\/chemswell.com\/it\/?s={search_term_string}"},"query-input":"required name=search_term_string"}],"inLanguage":"es"}]}},"_links":{"self":[{"href":"https:\/\/chemswell.com\/es\/wp-json\/wp\/v2\/product\/9828"}],"collection":[{"href":"https:\/\/chemswell.com\/es\/wp-json\/wp\/v2\/product"}],"about":[{"href":"https:\/\/chemswell.com\/es\/wp-json\/wp\/v2\/types\/product"}],"replies":[{"embeddable":true,"href":"https:\/\/chemswell.com\/es\/wp-json\/wp\/v2\/comments?post=9828"}],"wp:featuredmedia":[{"embeddable":true,"href":"https:\/\/chemswell.com\/es\/wp-json\/wp\/v2\/media\/9942"}],"wp:attachment":[{"href":"https:\/\/chemswell.com\/es\/wp-json\/wp\/v2\/media?parent=9828"}],"wp:term":[{"taxonomy":"product_cat","embeddable":true,"href":"https:\/\/chemswell.com\/es\/wp-json\/wp\/v2\/product_cat?post=9828"},{"taxonomy":"product_tag","embeddable":true,"href":"https:\/\/chemswell.com\/es\/wp-json\/wp\/v2\/product_tag?post=9828"}],"curies":[{"name":"wp","href":"https:\/\/api.w.org\/{rel}","templated":true}]}}