{"id":9847,"date":"2023-01-18T11:03:28","date_gmt":"2023-01-18T11:03:28","guid":{"rendered":"https:\/\/legitchemicals.com\/chemswell\/product\/import-placeholder-for-106\/"},"modified":"2025-07-16T09:08:46","modified_gmt":"2025-07-16T09:08:46","slug":"crazy-monkey-spice","status":"publish","type":"product","link":"https:\/\/chemswell.com\/es\/producto\/crazy-monkey-spice\/","title":{"rendered":"Crazy Monkey Spice"},"content":{"rendered":"<h2>Compre Crazy Monkey Spice a precios rentables hoy en ChemsWell <a href=\"https:\/\/en.wikisource.org\/w\/index.php?go=Go&amp;search=Crazy+Monkey+Spice&amp;title=Special%3ASearch&amp;ns0=1&amp;ns100=1&amp;ns102=1&amp;ns106=1&amp;ns114=1\">!<\/a><\/h2>\n<p>\u00bfEst\u00e1 buscando un nuevo producto qu\u00edmico de investigaci\u00f3n que tenga efectos locos? <a href=\"https:\/\/chemswell.com\/es\/producto\/crazy-monkey-spice\/\">Comprar Crazy Monkey Spice en l\u00ednea<\/a> at <a href=\"https:\/\/chemswell.com\/es\/\">Chemswell<\/a>Este producto qu\u00edmico est\u00e1 dise\u00f1ado para tener efectos alucinantes y puede usarse de diferentes maneras.<\/p>\n<p>Crazy <a href=\"https:\/\/en.wikipedia.org\/wiki\/Monkey\">Monkey<\/a> La Spice a la venta puede usarse para mejorar tu experiencia con otras drogas. Puede ayudar a aumentar la intensidad y duraci\u00f3n de tus experiencias con las drogas, d\u00e1ndote una ventaja sobre la competencia. Adem\u00e1s, la Spice Crazy Monkey puede usarse como droga independiente o en combinaci\u00f3n con otras. Por lo tanto, tiene aplicaciones potenciales en diversos campos como el entretenimiento, la recreaci\u00f3n y el tratamiento de adicciones.<\/p>\n<p>Aunque los usos del Crazy Monkey Spice online son infinitos, hay algunas cosas que debes tener en cuenta antes de comprarlo. El almacenamiento y uso adecuados de este producto qu\u00edmico son consideraciones importantes: aseg\u00farate de mantenerlo alejado de los ni\u00f1os y de otros materiales sensibles como productos qu\u00edmicos inflamables o explosivos.<\/p>\n<h3>Beneficios de comprar Crazy Monkey Spice Chemical en ChemsWells<\/h3>\n<p>\u00bfBuscas un proveedor confiable de especias Crazy Monkey en l\u00ednea? Si es as\u00ed, est\u00e1s en el lugar correcto. Nuestra tienda en l\u00ednea se dedica a ofrecer productos de alta calidad con excelente potencia. Adem\u00e1s, nuestra empresa ofrece diversas opciones de pago, descuentos por volumen y env\u00edos r\u00e1pidos a todo el mundo. Adem\u00e1s, nuestras fichas de datos de seguridad te garantizan que sabes exactamente en qu\u00e9 te est\u00e1s metiendo con este proveedor.<\/p>\n<p>Si est\u00e1s en el mercado de productos qu\u00edmicos de investigaci\u00f3n legales, aseg\u00farate de probar Crazy Monkey Spice - \u00a1tu satisfacci\u00f3n est\u00e1 garantizada! Lleva tu experiencia al siguiente nivel con Crazy Monkey Spice Research Chemical de ChemsWell hoy mismo. <a href=\"https:\/\/chemswell.com\/es\/producto\/crazy-monkey-spice\/\">.<\/a><\/p>","protected":false},"excerpt":{"rendered":"<p>\u00a1Compre Crazy Monkey Spice a precios econ\u00f3micos hoy en ChemsWell! \u00bfEst\u00e1 buscando un nuevo producto qu\u00edmico de investigaci\u00f3n que tiene loco<\/p>","protected":false},"featured_media":9938,"comment_status":"open","ping_status":"closed","template":"","meta":{"_joinchat":[]},"product_cat":[1256,1257],"product_tag":[2986,2976,1522,2968,2983,2967,2971,2970,2978,2969,2979,2981,2988,2989,2987,2984,2980,2975,2973,2985,2982,1530,2974,2977,2972],"yoast_head":"<!-- This site is optimized with the Yoast SEO plugin v23.0 - https:\/\/yoast.com\/wordpress\/plugins\/seo\/ -->\n<title>Buy Crazy Monkey Spice Online - Crazy Monkey Spice for Sale<\/title>\n<meta name=\"description\" content=\"Your order for crazy monkey spice for sale is our responsibility. We will take your order to crazy monkey spice for sale into consideration and reach you in a short period. Place bulk orders now!\" \/>\n<meta name=\"robots\" content=\"index, follow, max-snippet:-1, max-image-preview:large, max-video-preview:-1\" \/>\n<link rel=\"canonical\" href=\"https:\/\/chemswell.com\/es\/producto\/crazy-monkey-spice\/\" \/>\n<meta property=\"og:locale\" content=\"es_ES\" \/>\n<meta property=\"og:type\" content=\"article\" \/>\n<meta property=\"og:title\" content=\"Buy Crazy Monkey Spice Online - Crazy Monkey Spice for Sale\" \/>\n<meta property=\"og:description\" content=\"Your order for crazy monkey spice for sale is our responsibility. We will take your order to crazy monkey spice for sale into consideration and reach you in a short period. Place bulk orders now!\" \/>\n<meta property=\"og:url\" content=\"https:\/\/chemswell.com\/es\/producto\/crazy-monkey-spice\/\" \/>\n<meta property=\"og:site_name\" content=\"Chemswell\" \/>\n<meta property=\"article:modified_time\" content=\"2025-07-16T09:08:46+00:00\" \/>\n<meta property=\"og:image\" content=\"https:\/\/chemswell.com\/wp-content\/uploads\/2023\/01\/Crazy-Monkey-Spice.jpg\" \/>\n\t<meta property=\"og:image:width\" content=\"600\" \/>\n\t<meta property=\"og:image:height\" content=\"600\" \/>\n\t<meta property=\"og:image:type\" content=\"image\/jpeg\" \/>\n<meta name=\"twitter:card\" content=\"summary_large_image\" \/>\n<meta name=\"twitter:label1\" content=\"Tiempo de lectura\" \/>\n\t<meta name=\"twitter:data1\" content=\"2 minutos\" \/>\n<!-- \/ Yoast SEO plugin. -->","yoast_head_json":{"title":"Buy Crazy Monkey Spice Online - Crazy Monkey Spice for Sale","description":"Your order for crazy monkey spice for sale is our responsibility. We will take your order to crazy monkey spice for sale into consideration and reach you in a short period. Place bulk orders now!","robots":{"index":"index","follow":"follow","max-snippet":"max-snippet:-1","max-image-preview":"max-image-preview:large","max-video-preview":"max-video-preview:-1"},"canonical":"https:\/\/chemswell.com\/es\/producto\/crazy-monkey-spice\/","og_locale":"es_ES","og_type":"article","og_title":"Buy Crazy Monkey Spice Online - Crazy Monkey Spice for Sale","og_description":"Your order for crazy monkey spice for sale is our responsibility. We will take your order to crazy monkey spice for sale into consideration and reach you in a short period. Place bulk orders now!","og_url":"https:\/\/chemswell.com\/es\/producto\/crazy-monkey-spice\/","og_site_name":"Chemswell","article_modified_time":"2025-07-16T09:08:46+00:00","og_image":[{"width":600,"height":600,"url":"https:\/\/chemswell.com\/wp-content\/uploads\/2023\/01\/Crazy-Monkey-Spice.jpg","type":"image\/jpeg"}],"twitter_card":"summary_large_image","twitter_misc":{"Tiempo de lectura":"2 minutos"},"schema":{"@context":"https:\/\/schema.org","@graph":[{"@type":"WebPage","@id":"https:\/\/chemswell.com\/product\/crazy-monkey-spice\/","url":"https:\/\/chemswell.com\/product\/crazy-monkey-spice\/","name":"Buy Crazy Monkey Spice Online - Crazy Monkey Spice for Sale","isPartOf":{"@id":"https:\/\/chemswell.com\/it\/#website"},"primaryImageOfPage":{"@id":"https:\/\/chemswell.com\/product\/crazy-monkey-spice\/#primaryimage"},"image":{"@id":"https:\/\/chemswell.com\/product\/crazy-monkey-spice\/#primaryimage"},"thumbnailUrl":"https:\/\/chemswell.com\/wp-content\/uploads\/2023\/01\/Crazy-Monkey-Spice.jpg","datePublished":"2023-01-18T11:03:28+00:00","dateModified":"2025-07-16T09:08:46+00:00","description":"Your order for crazy monkey spice for sale is our responsibility. We will take your order to crazy monkey spice for sale into consideration and reach you in a short period. Place bulk orders now!","breadcrumb":{"@id":"https:\/\/chemswell.com\/product\/crazy-monkey-spice\/#breadcrumb"},"inLanguage":"es","potentialAction":[{"@type":"ReadAction","target":["https:\/\/chemswell.com\/product\/crazy-monkey-spice\/"]}]},{"@type":"ImageObject","inLanguage":"es","@id":"https:\/\/chemswell.com\/product\/crazy-monkey-spice\/#primaryimage","url":"https:\/\/chemswell.com\/wp-content\/uploads\/2023\/01\/Crazy-Monkey-Spice.jpg","contentUrl":"https:\/\/chemswell.com\/wp-content\/uploads\/2023\/01\/Crazy-Monkey-Spice.jpg","width":600,"height":600,"caption":"Crazy-Monkey-Spice"},{"@type":"BreadcrumbList","@id":"https:\/\/chemswell.com\/product\/crazy-monkey-spice\/#breadcrumb","itemListElement":[{"@type":"ListItem","position":1,"name":"Home","item":"https:\/\/chemswell.com\/ru\/"},{"@type":"ListItem","position":2,"name":"Shop","item":"https:\/\/chemswell.com\/ru\/%d0%bc%d0%b0%d0%b3%d0%b0%d0%b7%d0%b8%d0%bd\/"},{"@type":"ListItem","position":3,"name":"Crazy Monkey Spice"}]},{"@type":"WebSite","@id":"https:\/\/chemswell.com\/it\/#website","url":"https:\/\/chemswell.com\/it\/","name":"Chemswell","description":"#1 Research Chemical Store","potentialAction":[{"@type":"SearchAction","target":{"@type":"EntryPoint","urlTemplate":"https:\/\/chemswell.com\/it\/?s={search_term_string}"},"query-input":"required name=search_term_string"}],"inLanguage":"es"}]}},"_links":{"self":[{"href":"https:\/\/chemswell.com\/es\/wp-json\/wp\/v2\/product\/9847"}],"collection":[{"href":"https:\/\/chemswell.com\/es\/wp-json\/wp\/v2\/product"}],"about":[{"href":"https:\/\/chemswell.com\/es\/wp-json\/wp\/v2\/types\/product"}],"replies":[{"embeddable":true,"href":"https:\/\/chemswell.com\/es\/wp-json\/wp\/v2\/comments?post=9847"}],"wp:featuredmedia":[{"embeddable":true,"href":"https:\/\/chemswell.com\/es\/wp-json\/wp\/v2\/media\/9938"}],"wp:attachment":[{"href":"https:\/\/chemswell.com\/es\/wp-json\/wp\/v2\/media?parent=9847"}],"wp:term":[{"taxonomy":"product_cat","embeddable":true,"href":"https:\/\/chemswell.com\/es\/wp-json\/wp\/v2\/product_cat?post=9847"},{"taxonomy":"product_tag","embeddable":true,"href":"https:\/\/chemswell.com\/es\/wp-json\/wp\/v2\/product_tag?post=9847"}],"curies":[{"name":"wp","href":"https:\/\/api.w.org\/{rel}","templated":true}]}}