{"id":9849,"date":"2023-01-18T11:03:28","date_gmt":"2023-01-18T11:03:28","guid":{"rendered":"https:\/\/legitchemicals.com\/chemswell\/product\/import-placeholder-for-108\/"},"modified":"2025-04-13T00:54:12","modified_gmt":"2025-04-13T00:54:12","slug":"jungle-juice-liquid-incense","status":"publish","type":"product","link":"https:\/\/chemswell.com\/es\/producto\/incienso-liquido-jungle-juice\/","title":{"rendered":"Incienso L\u00edquido Jungle Juice"},"content":{"rendered":"<h2>Compre Incienso L\u00edquido Jungle Juice En ChemsWell<\/h2>\n<p>\u00bfEst\u00e1s buscando una forma natural de mejorar tu pr\u00e1ctica espiritual? \u00bfQuieres explorar fragancias nuevas y ex\u00f3ticas? No busques m\u00e1s que <a href=\"https:\/\/chemswell.com\/es\/producto\/incienso-liquido-jungle-juice\/\"><strong>Incienso L\u00edquido Jungle Juice a la venta<\/strong><\/a>. Este aroma \u00fanico est\u00e1 hecho de ingredientes naturales y puede usarse para mejorar tu viaje espiritual de muchas maneras.<\/p>\n<p><strong>Incienso L\u00edquido Jungle Juice en l\u00ednea<\/strong> est\u00e1 hecho de ingredientes naturales, incluidos el incienso, la mirra y la casia. Se dice que estos ingredientes tienen una variedad de beneficios, que incluyen ayudar en la meditaci\u00f3n, aumentar la creatividad y mejorar el estado de \u00e1nimo. Adem\u00e1s, el incienso l\u00edquido Jungle Juice est\u00e1 disponible en Chemswell Chemists sin riesgos ni preocupaciones de seguridad. <a href=\"https:\/\/chemswell.com\/es\/\">Chemswell<\/a> Chemists without any safety risks or concerns.<\/p>\n<p>Si est\u00e1s buscando <strong>Compre Incienso L\u00edquido Jungle Juice En ChemsWell<\/strong>e, aseg\u00farese de utilizar nuestra plataforma de confianza. Ofrecemos un proceso de pago seguro y precios competitivos que no lo decepcionar\u00e1n. Adem\u00e1s, recomendamos almacenar el Incienso L\u00edquido Jungle Juice en un lugar fresco, lejos de la luz solar directa o fuentes de calor. Finalmente, siempre es una buena pr\u00e1ctica deshacerse de los productos no utilizados de manera responsable recicl\u00e1ndolos o tir\u00e1ndolos a la basura.<\/p>\n<h3><strong>\u00bfPor qu\u00e9 comprar en ChemsWell?<\/strong><\/h3>\n<p>Hay muchas opciones cuando se trata de comprar productos qu\u00edmicos, y puede ser dif\u00edcil saber qu\u00e9 proveedor elegir. ChemsWell ofrece una amplia gama de productos qu\u00edmicos y productos relacionados a precios competitivos, con el beneficio adicional de un s\u00f3lido control de calidad y la certificaci\u00f3n ISO 90012015. Esto asegura que sus productos sean de la m\u00e1s alta calidad y que est\u00e9 recibiendo soporte de un proveedor confiable.<\/p>\n<p>ChemsWell no solo ofrece la gama m\u00e1s amplia de productos disponibles, sino que nuestro equipo est\u00e1 altamente calificado y tiene experiencia en sus campos. Trabajamos en estrecha colaboraci\u00f3n con nuestros clientes para establecer soluciones personalizadas para sus proyectos, asegurando que siempre obtengan el mejor servicio posible. Adem\u00e1s, ofrecemos soporte de ventas para los aspectos t\u00e9cnicos y regulatorios de un proyecto para que est\u00e9 seguro de que est\u00e1 tomando la decisi\u00f3n correcta para sus necesidades.<\/p>\n<p><strong>Order Jungle Juice Liquid <a href=\"https:\/\/en.wikipedia.org\/wiki\/Incense\">Incense<\/a> online<\/strong> en l\u00ednea en ChemsWell hoy! <a href=\"https:\/\/chemswell.com\/es\/producto\/incienso-liquido-jungle-juice\/\">!<\/a><\/p>","protected":false},"excerpt":{"rendered":"<p>Comprar Incienso L\u00edquido Jungle Juice en ChemsWell \u00bfEst\u00e1s buscando una forma natural de mejorar tu pr\u00e1ctica espiritual? \u00bfDesea<\/p>","protected":false},"featured_media":9936,"comment_status":"open","ping_status":"closed","template":"","meta":{"_joinchat":[]},"product_cat":[1256],"product_tag":[2962,2952,1522,2944,2959,2956,2951,2943,2946,2947,2954,2945,2955,2957,2964,2965,2963,2960,2949,2961,2958,1530,2950,2953,2948],"yoast_head":"<!-- This site is optimized with the Yoast SEO plugin v23.0 - https:\/\/yoast.com\/wordpress\/plugins\/seo\/ -->\n<title>Buy Jungle Juice Liquid Incense Online | Chemswell<\/title>\n<meta name=\"description\" content=\"Buy Jungle Juice Liquid Incense At ChemsWell Are you looking for a natural way to enhance your spiritual practice? Do you want to order Jungle Juice Incense for sale.\" \/>\n<meta name=\"robots\" content=\"index, follow, max-snippet:-1, max-image-preview:large, max-video-preview:-1\" \/>\n<link rel=\"canonical\" href=\"https:\/\/chemswell.com\/es\/producto\/incienso-liquido-jungle-juice\/\" \/>\n<meta property=\"og:locale\" content=\"es_ES\" \/>\n<meta property=\"og:type\" content=\"article\" \/>\n<meta property=\"og:title\" content=\"Buy Jungle Juice Liquid Incense Online | Chemswell\" \/>\n<meta property=\"og:description\" content=\"Buy Jungle Juice Liquid Incense At ChemsWell Are you looking for a natural way to enhance your spiritual practice? Do you want to order Jungle Juice Incense for sale.\" \/>\n<meta property=\"og:url\" content=\"https:\/\/chemswell.com\/es\/producto\/incienso-liquido-jungle-juice\/\" \/>\n<meta property=\"og:site_name\" content=\"Chemswell\" \/>\n<meta property=\"article:modified_time\" content=\"2025-04-13T00:54:12+00:00\" \/>\n<meta property=\"og:image\" content=\"https:\/\/chemswell.com\/wp-content\/uploads\/2023\/01\/Jungle-Juice-Liquid-Incense.jpg\" \/>\n\t<meta property=\"og:image:width\" content=\"600\" \/>\n\t<meta property=\"og:image:height\" content=\"600\" \/>\n\t<meta property=\"og:image:type\" content=\"image\/jpeg\" \/>\n<meta name=\"twitter:card\" content=\"summary_large_image\" \/>\n<meta name=\"twitter:label1\" content=\"Tiempo de lectura\" \/>\n\t<meta name=\"twitter:data1\" content=\"2 minutos\" \/>\n<!-- \/ Yoast SEO plugin. -->","yoast_head_json":{"title":"Buy Jungle Juice Liquid Incense Online | Chemswell","description":"Buy Jungle Juice Liquid Incense At ChemsWell Are you looking for a natural way to enhance your spiritual practice? Do you want to order Jungle Juice Incense for sale.","robots":{"index":"index","follow":"follow","max-snippet":"max-snippet:-1","max-image-preview":"max-image-preview:large","max-video-preview":"max-video-preview:-1"},"canonical":"https:\/\/chemswell.com\/es\/producto\/incienso-liquido-jungle-juice\/","og_locale":"es_ES","og_type":"article","og_title":"Buy Jungle Juice Liquid Incense Online | Chemswell","og_description":"Buy Jungle Juice Liquid Incense At ChemsWell Are you looking for a natural way to enhance your spiritual practice? Do you want to order Jungle Juice Incense for sale.","og_url":"https:\/\/chemswell.com\/es\/producto\/incienso-liquido-jungle-juice\/","og_site_name":"Chemswell","article_modified_time":"2025-04-13T00:54:12+00:00","og_image":[{"width":600,"height":600,"url":"https:\/\/chemswell.com\/wp-content\/uploads\/2023\/01\/Jungle-Juice-Liquid-Incense.jpg","type":"image\/jpeg"}],"twitter_card":"summary_large_image","twitter_misc":{"Tiempo de lectura":"2 minutos"},"schema":{"@context":"https:\/\/schema.org","@graph":[{"@type":"WebPage","@id":"https:\/\/chemswell.com\/product\/jungle-juice-liquid-incense\/","url":"https:\/\/chemswell.com\/product\/jungle-juice-liquid-incense\/","name":"Buy Jungle Juice Liquid Incense Online | Chemswell","isPartOf":{"@id":"https:\/\/chemswell.com\/it\/#website"},"primaryImageOfPage":{"@id":"https:\/\/chemswell.com\/product\/jungle-juice-liquid-incense\/#primaryimage"},"image":{"@id":"https:\/\/chemswell.com\/product\/jungle-juice-liquid-incense\/#primaryimage"},"thumbnailUrl":"https:\/\/chemswell.com\/wp-content\/uploads\/2023\/01\/Jungle-Juice-Liquid-Incense.jpg","datePublished":"2023-01-18T11:03:28+00:00","dateModified":"2025-04-13T00:54:12+00:00","description":"Buy Jungle Juice Liquid Incense At ChemsWell Are you looking for a natural way to enhance your spiritual practice? Do you want to order Jungle Juice Incense for sale.","breadcrumb":{"@id":"https:\/\/chemswell.com\/product\/jungle-juice-liquid-incense\/#breadcrumb"},"inLanguage":"es","potentialAction":[{"@type":"ReadAction","target":["https:\/\/chemswell.com\/product\/jungle-juice-liquid-incense\/"]}]},{"@type":"ImageObject","inLanguage":"es","@id":"https:\/\/chemswell.com\/product\/jungle-juice-liquid-incense\/#primaryimage","url":"https:\/\/chemswell.com\/wp-content\/uploads\/2023\/01\/Jungle-Juice-Liquid-Incense.jpg","contentUrl":"https:\/\/chemswell.com\/wp-content\/uploads\/2023\/01\/Jungle-Juice-Liquid-Incense.jpg","width":600,"height":600,"caption":"Jungle-Juice-Liquid-Incense"},{"@type":"BreadcrumbList","@id":"https:\/\/chemswell.com\/product\/jungle-juice-liquid-incense\/#breadcrumb","itemListElement":[{"@type":"ListItem","position":1,"name":"Home","item":"https:\/\/chemswell.com\/ru\/"},{"@type":"ListItem","position":2,"name":"Shop","item":"https:\/\/chemswell.com\/ru\/%d0%bc%d0%b0%d0%b3%d0%b0%d0%b7%d0%b8%d0%bd\/"},{"@type":"ListItem","position":3,"name":"Jungle Juice Liquid Incense"}]},{"@type":"WebSite","@id":"https:\/\/chemswell.com\/it\/#website","url":"https:\/\/chemswell.com\/it\/","name":"Chemswell","description":"#1 Research Chemical Store","potentialAction":[{"@type":"SearchAction","target":{"@type":"EntryPoint","urlTemplate":"https:\/\/chemswell.com\/it\/?s={search_term_string}"},"query-input":"required name=search_term_string"}],"inLanguage":"es"}]}},"_links":{"self":[{"href":"https:\/\/chemswell.com\/es\/wp-json\/wp\/v2\/product\/9849"}],"collection":[{"href":"https:\/\/chemswell.com\/es\/wp-json\/wp\/v2\/product"}],"about":[{"href":"https:\/\/chemswell.com\/es\/wp-json\/wp\/v2\/types\/product"}],"replies":[{"embeddable":true,"href":"https:\/\/chemswell.com\/es\/wp-json\/wp\/v2\/comments?post=9849"}],"wp:featuredmedia":[{"embeddable":true,"href":"https:\/\/chemswell.com\/es\/wp-json\/wp\/v2\/media\/9936"}],"wp:attachment":[{"href":"https:\/\/chemswell.com\/es\/wp-json\/wp\/v2\/media?parent=9849"}],"wp:term":[{"taxonomy":"product_cat","embeddable":true,"href":"https:\/\/chemswell.com\/es\/wp-json\/wp\/v2\/product_cat?post=9849"},{"taxonomy":"product_tag","embeddable":true,"href":"https:\/\/chemswell.com\/es\/wp-json\/wp\/v2\/product_tag?post=9849"}],"curies":[{"name":"wp","href":"https:\/\/api.w.org\/{rel}","templated":true}]}}