{"id":9882,"date":"2023-01-18T11:03:36","date_gmt":"2023-01-18T11:03:36","guid":{"rendered":"https:\/\/legitchemicals.com\/chemswell\/product\/import-placeholder-for-141\/"},"modified":"2026-03-05T10:29:52","modified_gmt":"2026-03-05T10:29:52","slug":"k2-spice-spray-diablo","status":"publish","type":"product","link":"https:\/\/chemswell.com\/es\/producto\/k2-spice-spray-diablo\/","title":{"rendered":"Comprar K2 Spice Spray Diablo en l\u00ednea"},"content":{"rendered":"<h2>\u00a1Obtenga K2 Spice Spray Diablo a la venta en ChemsWell!<\/h2>\n<p>\u00bfEst\u00e1 buscando un qu\u00edmico de investigaci\u00f3n nuevo y formulado cient\u00edficamente que ofrezca efectos fuertes con baja intensidad? <a href=\"https:\/\/chemswell.com\/es\/producto\/k2-spice-spray-diablo\/\">K2 Spice Spray Diablo a la venta<\/a> puede ser la elecci\u00f3n perfecta para ti! Este poderoso spray est\u00e1 disponible en una conveniente botella de spray y brinda una experiencia intensa, estimulante y duradera. No crea h\u00e1bito y no tiene efectos secundarios adversos informados, y produce efectos auditivos y visuales \u00fanicos que seguramente llamar\u00e1n su atenci\u00f3n.<\/p>\n<p><a href=\"https:\/\/en.wikipedia.org\/wiki\/K2\">K2<\/a> Spice Spray Diablo online was specifically designed to provide rapid and intense effects. It&#8217;s completely synthesized to produce pure, lab-grade quality, which means that you&#8217;re getting the most bang for your buck. And because it&#8217;s a research chemical, you can trust that it offers strong effects with low intensity. Whether you&#8217;re looking for an intense recreational experience or want to take your work performance up a notch, ChemsWell is sure to deliver!<\/p>\n<h3>Altos est\u00e1ndares de calidad y seguridad en ChemsWell<\/h3>\n<p>Los productos qu\u00edmicos pueden ser peligrosos si no se utilizan adecuadamente, por eso <a href=\"https:\/\/chemswell.com\/es\/\">Chemswell<\/a> takes great care to ensure that all of its products are of superior quality and meet all safety and security standards. Order K2-Spice Spray Diablo online since it is a chemical that has been extensively researched for its many benefits, and ChemsWell is proud to offer this product to customers with confidence.<br \/>\nLas certificaciones org\u00e1nicas e inorg\u00e1nicas de ChemsWell de agencias respetadas como el Instituto Nacional Estadounidense de Est\u00e1ndares (ANSI) demuestran que se toman en serio la satisfacci\u00f3n del cliente. Una empresa con certificaci\u00f3n ISO 9001:2015 garantiza que sus productos cumplen con los m\u00e1s altos est\u00e1ndares internacionales de seguridad. El equipo de ChemsWell tiene a\u00f1os de experiencia en la industria, lo que les permite brindar la mejor experiencia posible al cliente.<\/p>\n<p>Con un sistema de identificaci\u00f3n de peligros y evaluaci\u00f3n de riesgos, procedimientos de control de calidad para pruebas y an\u00e1lisis, y equipos de alta tecnolog\u00eda utilizados para pruebas y an\u00e1lisis de productos, es f\u00e1cil ver por qu\u00e9 los clientes conf\u00edan en ChemsWell con su informaci\u00f3n m\u00e1s confidencial. No solo entregan productos de alta calidad, sino que tambi\u00e9n tienen mucho cuidado para garantizar la seguridad en cada paso del proceso.<\/p>\n<p>Therefore, do not wait any longer\u2014buy K2 Spice Spray Diablo online now and get started on your research projects today!<\/p>","protected":false},"excerpt":{"rendered":"<p>\u00a1Consiga K2 spice spray diablo a la venta en ChemsWell! \u00bfEst\u00e1 buscando un producto qu\u00edmico de investigaci\u00f3n nuevo y cient\u00edficamente formulado que ofrece<\/p>","protected":false},"featured_media":9933,"comment_status":"open","ping_status":"closed","template":"","meta":{"_joinchat":[]},"product_cat":[1257],"product_tag":[3078,3068,1522,3060,3075,3072,3067,3059,3062,3063,3070,3061,3071,3073,3080,3081,3079,3076,3065,3077,3074,1530,3066,3069,3064],"yoast_head":"<!-- This site is optimized with the Yoast SEO plugin v23.0 - https:\/\/yoast.com\/wordpress\/plugins\/seo\/ -->\n<title>Buy K2 Spice Spray Diablo Online - K2 Spice Spray Diablo for Sale<\/title>\n<meta name=\"description\" content=\"You can k2 spice spray diablo for sale at the best rates from our online store. We are here to help you buy k2 spice spray diablo online. Connect with best store in town today!\" \/>\n<meta name=\"robots\" content=\"index, follow, max-snippet:-1, max-image-preview:large, max-video-preview:-1\" \/>\n<link rel=\"canonical\" href=\"https:\/\/chemswell.com\/es\/producto\/k2-spice-spray-diablo\/\" \/>\n<meta property=\"og:locale\" content=\"es_ES\" \/>\n<meta property=\"og:type\" content=\"article\" \/>\n<meta property=\"og:title\" content=\"Buy K2 Spice Spray Diablo Online - K2 Spice Spray Diablo for Sale\" \/>\n<meta property=\"og:description\" content=\"You can k2 spice spray diablo for sale at the best rates from our online store. We are here to help you buy k2 spice spray diablo online. Connect with best store in town today!\" \/>\n<meta property=\"og:url\" content=\"https:\/\/chemswell.com\/es\/producto\/k2-spice-spray-diablo\/\" \/>\n<meta property=\"og:site_name\" content=\"Chemswell\" \/>\n<meta property=\"article:modified_time\" content=\"2026-03-05T10:29:52+00:00\" \/>\n<meta property=\"og:image\" content=\"https:\/\/chemswell.com\/wp-content\/uploads\/2023\/01\/K2-Spice-Spray-Diablo.jpg\" \/>\n\t<meta property=\"og:image:width\" content=\"600\" \/>\n\t<meta property=\"og:image:height\" content=\"600\" \/>\n\t<meta property=\"og:image:type\" content=\"image\/jpeg\" \/>\n<meta name=\"twitter:card\" content=\"summary_large_image\" \/>\n<meta name=\"twitter:label1\" content=\"Tiempo de lectura\" \/>\n\t<meta name=\"twitter:data1\" content=\"2 minutos\" \/>\n<!-- \/ Yoast SEO plugin. -->","yoast_head_json":{"title":"Buy K2 Spice Spray Diablo Online - K2 Spice Spray Diablo for Sale","description":"You can k2 spice spray diablo for sale at the best rates from our online store. We are here to help you buy k2 spice spray diablo online. Connect with best store in town today!","robots":{"index":"index","follow":"follow","max-snippet":"max-snippet:-1","max-image-preview":"max-image-preview:large","max-video-preview":"max-video-preview:-1"},"canonical":"https:\/\/chemswell.com\/es\/producto\/k2-spice-spray-diablo\/","og_locale":"es_ES","og_type":"article","og_title":"Buy K2 Spice Spray Diablo Online - K2 Spice Spray Diablo for Sale","og_description":"You can k2 spice spray diablo for sale at the best rates from our online store. We are here to help you buy k2 spice spray diablo online. Connect with best store in town today!","og_url":"https:\/\/chemswell.com\/es\/producto\/k2-spice-spray-diablo\/","og_site_name":"Chemswell","article_modified_time":"2026-03-05T10:29:52+00:00","og_image":[{"width":600,"height":600,"url":"https:\/\/chemswell.com\/wp-content\/uploads\/2023\/01\/K2-Spice-Spray-Diablo.jpg","type":"image\/jpeg"}],"twitter_card":"summary_large_image","twitter_misc":{"Tiempo de lectura":"2 minutos"},"schema":{"@context":"https:\/\/schema.org","@graph":[{"@type":"WebPage","@id":"https:\/\/chemswell.com\/product\/k2-spice-spray-diablo\/","url":"https:\/\/chemswell.com\/product\/k2-spice-spray-diablo\/","name":"Buy K2 Spice Spray Diablo Online - K2 Spice Spray Diablo for Sale","isPartOf":{"@id":"https:\/\/chemswell.com\/it\/#website"},"primaryImageOfPage":{"@id":"https:\/\/chemswell.com\/product\/k2-spice-spray-diablo\/#primaryimage"},"image":{"@id":"https:\/\/chemswell.com\/product\/k2-spice-spray-diablo\/#primaryimage"},"thumbnailUrl":"https:\/\/chemswell.com\/wp-content\/uploads\/2023\/01\/K2-Spice-Spray-Diablo.jpg","datePublished":"2023-01-18T11:03:36+00:00","dateModified":"2026-03-05T10:29:52+00:00","description":"You can k2 spice spray diablo for sale at the best rates from our online store. We are here to help you buy k2 spice spray diablo online. Connect with best store in town today!","breadcrumb":{"@id":"https:\/\/chemswell.com\/product\/k2-spice-spray-diablo\/#breadcrumb"},"inLanguage":"es","potentialAction":[{"@type":"ReadAction","target":["https:\/\/chemswell.com\/product\/k2-spice-spray-diablo\/"]}]},{"@type":"ImageObject","inLanguage":"es","@id":"https:\/\/chemswell.com\/product\/k2-spice-spray-diablo\/#primaryimage","url":"https:\/\/chemswell.com\/wp-content\/uploads\/2023\/01\/K2-Spice-Spray-Diablo.jpg","contentUrl":"https:\/\/chemswell.com\/wp-content\/uploads\/2023\/01\/K2-Spice-Spray-Diablo.jpg","width":600,"height":600,"caption":"K2-Spice-Spray-Diablo"},{"@type":"BreadcrumbList","@id":"https:\/\/chemswell.com\/product\/k2-spice-spray-diablo\/#breadcrumb","itemListElement":[{"@type":"ListItem","position":1,"name":"Home","item":"https:\/\/chemswell.com\/ru\/"},{"@type":"ListItem","position":2,"name":"Shop","item":"https:\/\/chemswell.com\/ru\/%d0%bc%d0%b0%d0%b3%d0%b0%d0%b7%d0%b8%d0%bd\/"},{"@type":"ListItem","position":3,"name":"Buy K2 Spice Spray Diablo Online"}]},{"@type":"WebSite","@id":"https:\/\/chemswell.com\/it\/#website","url":"https:\/\/chemswell.com\/it\/","name":"Chemswell","description":"#1 Research Chemical Store","potentialAction":[{"@type":"SearchAction","target":{"@type":"EntryPoint","urlTemplate":"https:\/\/chemswell.com\/it\/?s={search_term_string}"},"query-input":"required name=search_term_string"}],"inLanguage":"es"}]}},"_links":{"self":[{"href":"https:\/\/chemswell.com\/es\/wp-json\/wp\/v2\/product\/9882"}],"collection":[{"href":"https:\/\/chemswell.com\/es\/wp-json\/wp\/v2\/product"}],"about":[{"href":"https:\/\/chemswell.com\/es\/wp-json\/wp\/v2\/types\/product"}],"replies":[{"embeddable":true,"href":"https:\/\/chemswell.com\/es\/wp-json\/wp\/v2\/comments?post=9882"}],"wp:featuredmedia":[{"embeddable":true,"href":"https:\/\/chemswell.com\/es\/wp-json\/wp\/v2\/media\/9933"}],"wp:attachment":[{"href":"https:\/\/chemswell.com\/es\/wp-json\/wp\/v2\/media?parent=9882"}],"wp:term":[{"taxonomy":"product_cat","embeddable":true,"href":"https:\/\/chemswell.com\/es\/wp-json\/wp\/v2\/product_cat?post=9882"},{"taxonomy":"product_tag","embeddable":true,"href":"https:\/\/chemswell.com\/es\/wp-json\/wp\/v2\/product_tag?post=9882"}],"curies":[{"name":"wp","href":"https:\/\/api.w.org\/{rel}","templated":true}]}}