{"id":9883,"date":"2023-01-18T11:03:36","date_gmt":"2023-01-18T11:03:36","guid":{"rendered":"https:\/\/legitchemicals.com\/chemswell\/product\/import-placeholder-for-142\/"},"modified":"2025-04-12T16:43:39","modified_gmt":"2025-04-12T16:43:39","slug":"king-kong-herbal-incense","status":"publish","type":"product","link":"https:\/\/chemswell.com\/es\/producto\/incienso-de-hierbas-king-kong\/","title":{"rendered":"Incienso King Kong"},"content":{"rendered":"<h2>Compre King Kong Herbal Incense en ChemsWell <a href=\"https:\/\/chemswell.com\/es\/producto\/incienso-de-hierbas-king-kong\/\">!<\/a><\/h2>\n<p>\u00bfEst\u00e1s buscando una forma natural de mejorar tu estado de \u00e1nimo y claridad mental? <a href=\"https:\/\/chemswell.com\/es\/producto\/incienso-de-hierbas-king-kong\/\">Incienso herbal King Kong a la venta<\/a> es perfecto para ti! Este incienso est\u00e1 elaborado con ingredientes 100% naturales y no contiene productos qu\u00edmicos ni sint\u00e9ticos. Tampoco tiene efectos secundarios, por lo que puede estar seguro de que est\u00e1 utilizando un producto seguro y eficaz. Adem\u00e1s de sus ingredientes naturales, King Kong Herbal Incense tambi\u00e9n est\u00e1 enriquecido con aceites esenciales y extractos de plantas. Estos ingredientes trabajan juntos para crear un resultado estimulante y calmante que mejorar\u00e1 tu estado de \u00e1nimo general.<\/p>\n<p>Puede <strong>comprar <a href=\"https:\/\/en.wikipedia.org\/wiki\/King_Kong\">Incienso King Kong<\/a> online<\/strong> at <a href=\"https:\/\/chemswell.com\/es\/\">Chemswell<\/a>. Tampoco es t\u00f3xico ni crea h\u00e1bito, lo que significa que no causar\u00e1 efectos secundarios negativos a largo plazo. Adem\u00e1s, este incienso ha sido probado en laboratorio para garantizar la seguridad y la calidad. Como resultado, puede estar seguro de que este producto es de la m\u00e1s alta calidad y le brindar\u00e1 los resultados que est\u00e1 buscando.<\/p>\n<p>Finalmente, cuando se trata de efectos de aromaterapia, \u00a1King Kong Herbal Incense en l\u00ednea no decepciona! Este incienso contiene hierbas potentes conocidas por promover la relajaci\u00f3n y el alivio del estr\u00e9s. Combinadas con sus propiedades calmantes, estas hierbas ayudan a reducir la inflamaci\u00f3n mientras fortalecen su sistema inmunol\u00f3gico. Si est\u00e1 buscando una forma efectiva de mejorar su estado de \u00e1nimo y claridad mental, <strong>Comprar incienso King Kong en l\u00ednea<\/strong> \u00a1hoy!<\/p>\n<h3>100 % de satisfacci\u00f3n garantizada con los pedidos de ChemsWell<\/h3>\n<p>\u00bfEst\u00e1 buscando el qu\u00edmico de investigaci\u00f3n de incienso herbal de King Kong de la m\u00e1s alta calidad disponible? \u00a1No busque m\u00e1s all\u00e1 de ChemsWell! Nuestros productos son de la m\u00e1s alta calidad y ofrecemos una garant\u00eda de satisfacci\u00f3n del 100% con cada compra. Adem\u00e1s, nuestro sistema de entrega r\u00e1pida le har\u00e1 llegar sus pedidos de manera r\u00e1pida y global. Podr\u00e1 elegir entre una variedad de opciones, y nuestro equipo de servicio al cliente est\u00e1 disponible las 24 horas del d\u00eda, los 7 d\u00edas de la semana para ayudarlo con cualquier cosa que necesite. Con m\u00e9todos de pago seguros y productos innovadores, nunca ha habido un mejor momento para comprar en ChemsWell. As\u00ed que no espere m\u00e1s: solicite hoy mismo su producto qu\u00edmico de investigaci\u00f3n de incienso herbal de King Kong de alta calidad. <a href=\"https:\/\/en.wikisource.org\/w\/index.php?go=Go&amp;search=king+kong+Incense&amp;title=Special%3ASearch&amp;ns0=1&amp;ns100=1&amp;ns102=1&amp;ns106=1&amp;ns114=1\">!<\/a><\/p>","protected":false},"excerpt":{"rendered":"<p>\u00a1Comprar Incienso Herbal King Kong en ChemsWell ! Est\u00e1s buscando una forma natural de mejorar tu estado de \u00e1nimo y claridad mental?<\/p>","protected":false},"featured_media":9934,"comment_status":"open","ping_status":"closed","template":"","meta":{"_joinchat":[]},"product_cat":[1256],"product_tag":[3055,3045,1522,3037,3052,3049,3044,3036,3039,3040,3047,3038,3048,3050,3057,3058,3056,3053,3042,3054,3051,1530,3043,3046,3041],"yoast_head":"<!-- This site is optimized with the Yoast SEO plugin v23.0 - https:\/\/yoast.com\/wordpress\/plugins\/seo\/ -->\n<title>Buy King Kong Herbal Incense Online - King Kong Herbal for Sale<\/title>\n<meta name=\"description\" content=\"If you are passionate to buy king kong herbal incense online, then our store is the best place to king kong herbal incense for sale. Order now and receive it shortly!\" \/>\n<meta name=\"robots\" content=\"index, follow, max-snippet:-1, max-image-preview:large, max-video-preview:-1\" \/>\n<link rel=\"canonical\" href=\"https:\/\/chemswell.com\/es\/producto\/incienso-de-hierbas-king-kong\/\" \/>\n<meta property=\"og:locale\" content=\"es_ES\" \/>\n<meta property=\"og:type\" content=\"article\" \/>\n<meta property=\"og:title\" content=\"Buy King Kong Herbal Incense Online - King Kong Herbal for Sale\" \/>\n<meta property=\"og:description\" content=\"If you are passionate to buy king kong herbal incense online, then our store is the best place to king kong herbal incense for sale. Order now and receive it shortly!\" \/>\n<meta property=\"og:url\" content=\"https:\/\/chemswell.com\/es\/producto\/incienso-de-hierbas-king-kong\/\" \/>\n<meta property=\"og:site_name\" content=\"Chemswell\" \/>\n<meta property=\"article:modified_time\" content=\"2025-04-12T16:43:39+00:00\" \/>\n<meta property=\"og:image\" content=\"https:\/\/chemswell.com\/wp-content\/uploads\/2023\/01\/King-Kong-Herbal-Incense.jpg\" \/>\n\t<meta property=\"og:image:width\" content=\"600\" \/>\n\t<meta property=\"og:image:height\" content=\"600\" \/>\n\t<meta property=\"og:image:type\" content=\"image\/jpeg\" \/>\n<meta name=\"twitter:card\" content=\"summary_large_image\" \/>\n<meta name=\"twitter:label1\" content=\"Tiempo de lectura\" \/>\n\t<meta name=\"twitter:data1\" content=\"2 minutos\" \/>\n<!-- \/ Yoast SEO plugin. -->","yoast_head_json":{"title":"Buy King Kong Herbal Incense Online - King Kong Herbal for Sale","description":"If you are passionate to buy king kong herbal incense online, then our store is the best place to king kong herbal incense for sale. Order now and receive it shortly!","robots":{"index":"index","follow":"follow","max-snippet":"max-snippet:-1","max-image-preview":"max-image-preview:large","max-video-preview":"max-video-preview:-1"},"canonical":"https:\/\/chemswell.com\/es\/producto\/incienso-de-hierbas-king-kong\/","og_locale":"es_ES","og_type":"article","og_title":"Buy King Kong Herbal Incense Online - King Kong Herbal for Sale","og_description":"If you are passionate to buy king kong herbal incense online, then our store is the best place to king kong herbal incense for sale. Order now and receive it shortly!","og_url":"https:\/\/chemswell.com\/es\/producto\/incienso-de-hierbas-king-kong\/","og_site_name":"Chemswell","article_modified_time":"2025-04-12T16:43:39+00:00","og_image":[{"width":600,"height":600,"url":"https:\/\/chemswell.com\/wp-content\/uploads\/2023\/01\/King-Kong-Herbal-Incense.jpg","type":"image\/jpeg"}],"twitter_card":"summary_large_image","twitter_misc":{"Tiempo de lectura":"2 minutos"},"schema":{"@context":"https:\/\/schema.org","@graph":[{"@type":"WebPage","@id":"https:\/\/chemswell.com\/product\/king-kong-herbal-incense\/","url":"https:\/\/chemswell.com\/product\/king-kong-herbal-incense\/","name":"Buy King Kong Herbal Incense Online - King Kong Herbal for Sale","isPartOf":{"@id":"https:\/\/chemswell.com\/it\/#website"},"primaryImageOfPage":{"@id":"https:\/\/chemswell.com\/product\/king-kong-herbal-incense\/#primaryimage"},"image":{"@id":"https:\/\/chemswell.com\/product\/king-kong-herbal-incense\/#primaryimage"},"thumbnailUrl":"https:\/\/chemswell.com\/wp-content\/uploads\/2023\/01\/King-Kong-Herbal-Incense.jpg","datePublished":"2023-01-18T11:03:36+00:00","dateModified":"2025-04-12T16:43:39+00:00","description":"If you are passionate to buy king kong herbal incense online, then our store is the best place to king kong herbal incense for sale. Order now and receive it shortly!","breadcrumb":{"@id":"https:\/\/chemswell.com\/product\/king-kong-herbal-incense\/#breadcrumb"},"inLanguage":"es","potentialAction":[{"@type":"ReadAction","target":["https:\/\/chemswell.com\/product\/king-kong-herbal-incense\/"]}]},{"@type":"ImageObject","inLanguage":"es","@id":"https:\/\/chemswell.com\/product\/king-kong-herbal-incense\/#primaryimage","url":"https:\/\/chemswell.com\/wp-content\/uploads\/2023\/01\/King-Kong-Herbal-Incense.jpg","contentUrl":"https:\/\/chemswell.com\/wp-content\/uploads\/2023\/01\/King-Kong-Herbal-Incense.jpg","width":600,"height":600,"caption":"King-Kong-Herbal-Incense"},{"@type":"BreadcrumbList","@id":"https:\/\/chemswell.com\/product\/king-kong-herbal-incense\/#breadcrumb","itemListElement":[{"@type":"ListItem","position":1,"name":"Home","item":"https:\/\/chemswell.com\/ru\/"},{"@type":"ListItem","position":2,"name":"Shop","item":"https:\/\/chemswell.com\/ru\/%d0%bc%d0%b0%d0%b3%d0%b0%d0%b7%d0%b8%d0%bd\/"},{"@type":"ListItem","position":3,"name":"King Kong Herbal Incense"}]},{"@type":"WebSite","@id":"https:\/\/chemswell.com\/it\/#website","url":"https:\/\/chemswell.com\/it\/","name":"Chemswell","description":"#1 Research Chemical Store","potentialAction":[{"@type":"SearchAction","target":{"@type":"EntryPoint","urlTemplate":"https:\/\/chemswell.com\/it\/?s={search_term_string}"},"query-input":"required name=search_term_string"}],"inLanguage":"es"}]}},"_links":{"self":[{"href":"https:\/\/chemswell.com\/es\/wp-json\/wp\/v2\/product\/9883"}],"collection":[{"href":"https:\/\/chemswell.com\/es\/wp-json\/wp\/v2\/product"}],"about":[{"href":"https:\/\/chemswell.com\/es\/wp-json\/wp\/v2\/types\/product"}],"replies":[{"embeddable":true,"href":"https:\/\/chemswell.com\/es\/wp-json\/wp\/v2\/comments?post=9883"}],"wp:featuredmedia":[{"embeddable":true,"href":"https:\/\/chemswell.com\/es\/wp-json\/wp\/v2\/media\/9934"}],"wp:attachment":[{"href":"https:\/\/chemswell.com\/es\/wp-json\/wp\/v2\/media?parent=9883"}],"wp:term":[{"taxonomy":"product_cat","embeddable":true,"href":"https:\/\/chemswell.com\/es\/wp-json\/wp\/v2\/product_cat?post=9883"},{"taxonomy":"product_tag","embeddable":true,"href":"https:\/\/chemswell.com\/es\/wp-json\/wp\/v2\/product_tag?post=9883"}],"curies":[{"name":"wp","href":"https:\/\/api.w.org\/{rel}","templated":true}]}}