{"id":9910,"date":"2023-01-18T11:03:43","date_gmt":"2023-01-18T11:03:43","guid":{"rendered":"https:\/\/legitchemicals.com\/chemswell\/product\/import-placeholder-for-170\/"},"modified":"2025-01-08T09:34:51","modified_gmt":"2025-01-08T09:34:51","slug":"purple-diesel-spice","status":"publish","type":"product","link":"https:\/\/chemswell.com\/es\/producto\/especia-diesel-purpura\/","title":{"rendered":"Purple Diesel Spice"},"content":{"rendered":"<h2>Comprar Purple Diesel Spice O Comprar Purple Diesel Spice en ChemsWell <a href=\"https:\/\/en.wikisource.org\/w\/index.php?fulltext=1&amp;profile=default&amp;search=k2+space+papers&amp;title=Special:Search&amp;ns0=1&amp;ns100=1&amp;ns102=1&amp;ns106=1&amp;ns114=1\">,<\/a><\/h2>\n<p>\u00bfBuscas un suplemento delicioso y totalmente natural que te ayude a alcanzar tus objetivos de forma f\u00edsica? Echa un vistazo a ChemsWell, \u00a1los mejores proveedores de productos para la salud y el bienestar! No s\u00f3lo ofrecen una incre\u00edble selecci\u00f3n de suplementos, sino que tambi\u00e9n cuentan con personal cualificado para ayudarle a encontrar el producto adecuado para usted.<\/p>\n<p><a href=\"https:\/\/chemswell.com\/es\/producto\/especia-diesel-purpura\/\"><strong>Purple Diesel Spice en venta<\/strong><\/a> es uno de los productos m\u00e1s populares de Chemswell. Es una mezcla de hierbas naturales y especias que est\u00e1n dise\u00f1adas para ayudar a aumentar la energ\u00eda y mejorar el rendimiento atl\u00e9tico. Purple Diesel Spice tambi\u00e9n es conocida por promover una digesti\u00f3n saludable y mejorar la funci\u00f3n muscular en general.<\/p>\n<p>Usos comunes de <strong><a href=\"https:\/\/en.wikipedia.org\/wiki\/Sour_Diesel\">Purple Diesel Spice<\/a> online<\/strong> entre los que se incluyen el aumento de la energ\u00eda durante los entrenamientos, la p\u00e9rdida de peso y la mejora del rendimiento deportivo. Puede utilizarse en combinaci\u00f3n con otros suplementos o por s\u00ed solo como una deliciosa forma de potenciar su salud y vitalidad.<\/p>\n<p>A la hora de elegir el transporte y el almacenamiento, hay que tener en cuenta los siguientes aspectos <strong>Comprar Purple Diesel Spice online<\/strong>. Aseg\u00farese de guardarla correctamente para que no se contamine ni se estropee. Por \u00faltimo, \u00bfes seguro utilizar Purple Diesel Spice? La respuesta corta es s\u00ed - contiene s\u00f3lo ingredientes naturales que han demostrado ser seguros por la ciencia. Si est\u00e1 buscando un suplemento totalmente natural que le ayude a alcanzar sus objetivos de fitness, compre Purple Diesel Spice online en <a href=\"https:\/\/chemswell.com\/es\/\">Chemswell<\/a>.<\/p>\n<h3>\u00a1Haga su pedido de Purple Diesel Spice ahora mismo!<\/h3>\n<p>ChemsWell ofrece la m\u00e1xima calidad <strong>Purple Diesel Spice<\/strong> a precios competitivos, con env\u00edo gratuito para pedidos seleccionados y descuentos en pedidos al por mayor. En ChemsWell nos tomamos muy en serio la seguridad, por eso garantizamos que nuestros productos se someten a exhaustivos controles de calidad y seguridad antes de ser enviados a nuestros clientes.<\/p>\n<p>No se quede esperando y haga su pedido a <strong>comprar Purple Diesel Spice<\/strong> hoy<a href=\"https:\/\/chemswell.com\/es\/producto\/especia-diesel-purpura\/\">!<\/a><\/p>","protected":false},"excerpt":{"rendered":"<p>Comprar Purple Diesel Spice Research Chemical en ChemsWell , Buscando un suplemento delicioso, totalmente natural que le ayudar\u00e1 a alcanzar su forma f\u00edsica.<\/p>","protected":false},"featured_media":9928,"comment_status":"open","ping_status":"closed","template":"","meta":{"_joinchat":[]},"product_cat":[1256],"product_tag":[3216,3206,1522,3198,3213,3210,3205,3203,3215,3197,3200,3208,3199,3209,3201,3211,3218,3219,3217,3214,3212,1530,3204,3207,3202],"yoast_head":"<!-- This site is optimized with the Yoast SEO plugin v23.0 - https:\/\/yoast.com\/wordpress\/plugins\/seo\/ -->\n<title>Buy Purple Diesel Spice Online - Purple Diesel Spice for Sale<\/title>\n<meta name=\"description\" content=\"Where to buy purple diesel spice online at the best price? Find high-quality purple diesel spice for sale at our secure online store. Order Now!\" \/>\n<meta name=\"robots\" content=\"index, follow, max-snippet:-1, max-image-preview:large, max-video-preview:-1\" \/>\n<link rel=\"canonical\" href=\"https:\/\/chemswell.com\/es\/producto\/especia-diesel-purpura\/\" \/>\n<meta property=\"og:locale\" content=\"es_ES\" \/>\n<meta property=\"og:type\" content=\"article\" \/>\n<meta property=\"og:title\" content=\"Buy Purple Diesel Spice Online - Purple Diesel Spice for Sale\" \/>\n<meta property=\"og:description\" content=\"Where to buy purple diesel spice online at the best price? Find high-quality purple diesel spice for sale at our secure online store. Order Now!\" \/>\n<meta property=\"og:url\" content=\"https:\/\/chemswell.com\/es\/producto\/especia-diesel-purpura\/\" \/>\n<meta property=\"og:site_name\" content=\"Chemswell\" \/>\n<meta property=\"article:modified_time\" content=\"2025-01-08T09:34:51+00:00\" \/>\n<meta property=\"og:image\" content=\"https:\/\/chemswell.com\/wp-content\/uploads\/2023\/01\/Purple-Diesel-Spice.jpg\" \/>\n\t<meta property=\"og:image:width\" content=\"600\" \/>\n\t<meta property=\"og:image:height\" content=\"600\" \/>\n\t<meta property=\"og:image:type\" content=\"image\/jpeg\" \/>\n<meta name=\"twitter:card\" content=\"summary_large_image\" \/>\n<meta name=\"twitter:label1\" content=\"Tiempo de lectura\" \/>\n\t<meta name=\"twitter:data1\" content=\"2 minutos\" \/>\n<!-- \/ Yoast SEO plugin. -->","yoast_head_json":{"title":"Buy Purple Diesel Spice Online - Purple Diesel Spice for Sale","description":"Where to buy purple diesel spice online at the best price? Find high-quality purple diesel spice for sale at our secure online store. Order Now!","robots":{"index":"index","follow":"follow","max-snippet":"max-snippet:-1","max-image-preview":"max-image-preview:large","max-video-preview":"max-video-preview:-1"},"canonical":"https:\/\/chemswell.com\/es\/producto\/especia-diesel-purpura\/","og_locale":"es_ES","og_type":"article","og_title":"Buy Purple Diesel Spice Online - Purple Diesel Spice for Sale","og_description":"Where to buy purple diesel spice online at the best price? Find high-quality purple diesel spice for sale at our secure online store. Order Now!","og_url":"https:\/\/chemswell.com\/es\/producto\/especia-diesel-purpura\/","og_site_name":"Chemswell","article_modified_time":"2025-01-08T09:34:51+00:00","og_image":[{"width":600,"height":600,"url":"https:\/\/chemswell.com\/wp-content\/uploads\/2023\/01\/Purple-Diesel-Spice.jpg","type":"image\/jpeg"}],"twitter_card":"summary_large_image","twitter_misc":{"Tiempo de lectura":"2 minutos"},"schema":{"@context":"https:\/\/schema.org","@graph":[{"@type":"WebPage","@id":"https:\/\/chemswell.com\/product\/purple-diesel-spice\/","url":"https:\/\/chemswell.com\/product\/purple-diesel-spice\/","name":"Buy Purple Diesel Spice Online - Purple Diesel Spice for Sale","isPartOf":{"@id":"https:\/\/chemswell.com\/it\/#website"},"primaryImageOfPage":{"@id":"https:\/\/chemswell.com\/product\/purple-diesel-spice\/#primaryimage"},"image":{"@id":"https:\/\/chemswell.com\/product\/purple-diesel-spice\/#primaryimage"},"thumbnailUrl":"https:\/\/chemswell.com\/wp-content\/uploads\/2023\/01\/Purple-Diesel-Spice.jpg","datePublished":"2023-01-18T11:03:43+00:00","dateModified":"2025-01-08T09:34:51+00:00","description":"Where to buy purple diesel spice online at the best price? Find high-quality purple diesel spice for sale at our secure online store. Order Now!","breadcrumb":{"@id":"https:\/\/chemswell.com\/product\/purple-diesel-spice\/#breadcrumb"},"inLanguage":"es","potentialAction":[{"@type":"ReadAction","target":["https:\/\/chemswell.com\/product\/purple-diesel-spice\/"]}]},{"@type":"ImageObject","inLanguage":"es","@id":"https:\/\/chemswell.com\/product\/purple-diesel-spice\/#primaryimage","url":"https:\/\/chemswell.com\/wp-content\/uploads\/2023\/01\/Purple-Diesel-Spice.jpg","contentUrl":"https:\/\/chemswell.com\/wp-content\/uploads\/2023\/01\/Purple-Diesel-Spice.jpg","width":600,"height":600,"caption":"Purple-Diesel-Spice"},{"@type":"BreadcrumbList","@id":"https:\/\/chemswell.com\/product\/purple-diesel-spice\/#breadcrumb","itemListElement":[{"@type":"ListItem","position":1,"name":"Home","item":"https:\/\/chemswell.com\/ru\/"},{"@type":"ListItem","position":2,"name":"Shop","item":"https:\/\/chemswell.com\/ru\/%d0%bc%d0%b0%d0%b3%d0%b0%d0%b7%d0%b8%d0%bd\/"},{"@type":"ListItem","position":3,"name":"Purple Diesel Spice"}]},{"@type":"WebSite","@id":"https:\/\/chemswell.com\/it\/#website","url":"https:\/\/chemswell.com\/it\/","name":"Chemswell","description":"#1 Research Chemical Store","potentialAction":[{"@type":"SearchAction","target":{"@type":"EntryPoint","urlTemplate":"https:\/\/chemswell.com\/it\/?s={search_term_string}"},"query-input":"required name=search_term_string"}],"inLanguage":"es"}]}},"_links":{"self":[{"href":"https:\/\/chemswell.com\/es\/wp-json\/wp\/v2\/product\/9910"}],"collection":[{"href":"https:\/\/chemswell.com\/es\/wp-json\/wp\/v2\/product"}],"about":[{"href":"https:\/\/chemswell.com\/es\/wp-json\/wp\/v2\/types\/product"}],"replies":[{"embeddable":true,"href":"https:\/\/chemswell.com\/es\/wp-json\/wp\/v2\/comments?post=9910"}],"wp:featuredmedia":[{"embeddable":true,"href":"https:\/\/chemswell.com\/es\/wp-json\/wp\/v2\/media\/9928"}],"wp:attachment":[{"href":"https:\/\/chemswell.com\/es\/wp-json\/wp\/v2\/media?parent=9910"}],"wp:term":[{"taxonomy":"product_cat","embeddable":true,"href":"https:\/\/chemswell.com\/es\/wp-json\/wp\/v2\/product_cat?post=9910"},{"taxonomy":"product_tag","embeddable":true,"href":"https:\/\/chemswell.com\/es\/wp-json\/wp\/v2\/product_tag?post=9910"}],"curies":[{"name":"wp","href":"https:\/\/api.w.org\/{rel}","templated":true}]}}