{"id":9953,"date":"2023-01-21T15:56:56","date_gmt":"2023-01-21T15:56:56","guid":{"rendered":"https:\/\/chemswell.com\/?post_type=product&#038;p=9953"},"modified":"2025-08-22T18:08:59","modified_gmt":"2025-08-22T18:08:59","slug":"crystal-meth","status":"publish","type":"product","link":"https:\/\/chemswell.com\/es\/producto\/metanfetamina-de-cristal\/","title":{"rendered":"Metanfetamina de cristal"},"content":{"rendered":"<h2><strong>\u00a1Compre Crystal Meth Research Chemical en ChemsWell!<\/strong><\/h2>\n<p>buscando lo mejor <a href=\"https:\/\/chemswell.com\/es\/producto\/metanfetamina-de-cristal\/\"><strong>Venta de metanfetamina<\/strong><\/a> \u00bfAh\u00ed fuera? No busque m\u00e1s. <a href=\"https:\/\/chemswell.com\/es\/\">Chemswell<\/a>Ofrecemos una amplia gama de productos confiables y de alta calidad, perfectos para quienes buscan destacarse en el mundo de las drogas. Nuestra misi\u00f3n es ofrecer a nuestros clientes la mejor calidad y pureza posibles a precios inmejorables. Adem\u00e1s, ofrecemos total confidencialidad, para que pueda estar seguro de que su informaci\u00f3n permanecer\u00e1 confidencial.<\/p>\n<p>Nuestra promesa de precio garantiza que nunca se sentir\u00e1 decepcionado con nuestros productos. Adem\u00e1s, si algo sale mal con su pedido, por peque\u00f1o que sea, haremos todo lo posible para corregirlo. Tambi\u00e9n contamos con un plan de compensaci\u00f3n en caso de que algo salga mal con su env\u00edo. Finalmente, contamos con un equipo de servicio al cliente experimentado que se dedica a todo lo relacionado con Crystal Meth y sus aplicaciones. Entonces, ya sea que sea un novato o un experto, \u00a1tenemos el conocimiento y el apoyo que necesita para aprovechar al m\u00e1ximo los productos ChemsWell!<\/p>\n<h3><strong>Env\u00edo seguro y embalaje discreto<\/strong><\/h3>\n<p>Cuando usted <strong>comprar <a href=\"https:\/\/en.wikipedia.org\/wiki\/Crystal%20Meth?redirect=no&amp;useFormat=mobile\">metanfetamina de cristal<\/a> online<\/strong>, debe asegurarse de obtener la mejor calidad posible. Ah\u00ed es donde entramos nosotros. Nuestra tienda en l\u00ednea ofrece cristales de primera calidad a precios asequibles, y entregamos productos directamente en su puerta. Utilizamos embalajes discretos y m\u00e9todos de env\u00edo seguros para garantizar que sus productos est\u00e9n seguros cuando lleguen. Adem\u00e1s, contamos con un equipo de personal capacitado que se asegurar\u00e1 de que los productos sean manipulados de manera segura durante el tr\u00e1nsito.<\/p>\n<p>Tambi\u00e9n nos tomamos muy en serio la satisfacci\u00f3n del cliente, por lo que ofrecemos una pasarela de pago 100 % segura para todos los clientes. As\u00ed que nuestra tienda es el lugar perfecto para ir si quieres <strong>pedido de metanfetamina en l\u00ednea<\/strong> con fines educativos o para uso personal.<\/p>\n<p><strong>Comprar metanfetamina<\/strong> en ChemsWell de inmediato y reciba el paquete completo en un breve plazo de tiempo. <a href=\"https:\/\/chemswell.com\/es\/producto\/metanfetamina-de-cristal\/\">.<\/a><\/p>","protected":false},"excerpt":{"rendered":"<p>Buy Crystal Meth Research Chemical At ChemsWell! Looking for the best Crystal Meth for sale out there? Look no further than Chemswell.<\/p>","protected":false},"featured_media":9954,"comment_status":"open","ping_status":"closed","template":"","meta":{"_joinchat":[]},"product_cat":[1258],"product_tag":[3233,3223,1522,120,3230,119,3220,123,3225,122,3226,3228,3235,3236,3234,3231,3227,3222,124,3232,3229,1530,128,3224,3221],"yoast_head":"<!-- This site is optimized with the Yoast SEO plugin v23.0 - https:\/\/yoast.com\/wordpress\/plugins\/seo\/ -->\n<title>Buy Crystal Meth online - Crystal Meth for Sale | Chemswell<\/title>\n<meta name=\"description\" content=\"Buy Crystal Meth online, Research chemicals for sale at chemswell! Looking for the best crystal meth for sale out there? Look no further than ChemsWell.\" \/>\n<meta name=\"robots\" content=\"index, follow, max-snippet:-1, max-image-preview:large, max-video-preview:-1\" \/>\n<link rel=\"canonical\" href=\"https:\/\/chemswell.com\/es\/producto\/metanfetamina-de-cristal\/\" \/>\n<meta property=\"og:locale\" content=\"es_ES\" \/>\n<meta property=\"og:type\" content=\"article\" \/>\n<meta property=\"og:title\" content=\"Buy Crystal Meth online - Crystal Meth for Sale | Chemswell\" \/>\n<meta property=\"og:description\" content=\"Buy Crystal Meth online, Research chemicals for sale at chemswell! Looking for the best crystal meth for sale out there? Look no further than ChemsWell.\" \/>\n<meta property=\"og:url\" content=\"https:\/\/chemswell.com\/es\/producto\/metanfetamina-de-cristal\/\" \/>\n<meta property=\"og:site_name\" content=\"Chemswell\" \/>\n<meta property=\"article:modified_time\" content=\"2025-08-22T18:08:59+00:00\" \/>\n<meta property=\"og:image\" content=\"https:\/\/chemswell.com\/wp-content\/uploads\/2023\/01\/crystal-meth.jpg\" \/>\n\t<meta property=\"og:image:width\" content=\"600\" \/>\n\t<meta property=\"og:image:height\" content=\"600\" \/>\n\t<meta property=\"og:image:type\" content=\"image\/jpeg\" \/>\n<meta name=\"twitter:card\" content=\"summary_large_image\" \/>\n<meta name=\"twitter:label1\" content=\"Tiempo de lectura\" \/>\n\t<meta name=\"twitter:data1\" content=\"2 minutos\" \/>\n<!-- \/ Yoast SEO plugin. -->","yoast_head_json":{"title":"Buy Crystal Meth online - Crystal Meth for Sale | Chemswell","description":"Buy Crystal Meth online, Research chemicals for sale at chemswell! Looking for the best crystal meth for sale out there? Look no further than ChemsWell.","robots":{"index":"index","follow":"follow","max-snippet":"max-snippet:-1","max-image-preview":"max-image-preview:large","max-video-preview":"max-video-preview:-1"},"canonical":"https:\/\/chemswell.com\/es\/producto\/metanfetamina-de-cristal\/","og_locale":"es_ES","og_type":"article","og_title":"Buy Crystal Meth online - Crystal Meth for Sale | Chemswell","og_description":"Buy Crystal Meth online, Research chemicals for sale at chemswell! Looking for the best crystal meth for sale out there? Look no further than ChemsWell.","og_url":"https:\/\/chemswell.com\/es\/producto\/metanfetamina-de-cristal\/","og_site_name":"Chemswell","article_modified_time":"2025-08-22T18:08:59+00:00","og_image":[{"width":600,"height":600,"url":"https:\/\/chemswell.com\/wp-content\/uploads\/2023\/01\/crystal-meth.jpg","type":"image\/jpeg"}],"twitter_card":"summary_large_image","twitter_misc":{"Tiempo de lectura":"2 minutos"},"schema":{"@context":"https:\/\/schema.org","@graph":[{"@type":"WebPage","@id":"https:\/\/chemswell.com\/product\/crystal-meth\/","url":"https:\/\/chemswell.com\/product\/crystal-meth\/","name":"Buy Crystal Meth online - Crystal Meth for Sale | Chemswell","isPartOf":{"@id":"https:\/\/chemswell.com\/it\/#website"},"primaryImageOfPage":{"@id":"https:\/\/chemswell.com\/product\/crystal-meth\/#primaryimage"},"image":{"@id":"https:\/\/chemswell.com\/product\/crystal-meth\/#primaryimage"},"thumbnailUrl":"https:\/\/chemswell.com\/wp-content\/uploads\/2023\/01\/crystal-meth.jpg","datePublished":"2023-01-21T15:56:56+00:00","dateModified":"2025-08-22T18:08:59+00:00","description":"Buy Crystal Meth online, Research chemicals for sale at chemswell! Looking for the best crystal meth for sale out there? Look no further than ChemsWell.","breadcrumb":{"@id":"https:\/\/chemswell.com\/product\/crystal-meth\/#breadcrumb"},"inLanguage":"es","potentialAction":[{"@type":"ReadAction","target":["https:\/\/chemswell.com\/product\/crystal-meth\/"]}]},{"@type":"ImageObject","inLanguage":"es","@id":"https:\/\/chemswell.com\/product\/crystal-meth\/#primaryimage","url":"https:\/\/chemswell.com\/wp-content\/uploads\/2023\/01\/crystal-meth.jpg","contentUrl":"https:\/\/chemswell.com\/wp-content\/uploads\/2023\/01\/crystal-meth.jpg","width":600,"height":600,"caption":"Buy Crystal Meth online"},{"@type":"BreadcrumbList","@id":"https:\/\/chemswell.com\/product\/crystal-meth\/#breadcrumb","itemListElement":[{"@type":"ListItem","position":1,"name":"Home","item":"https:\/\/chemswell.com\/ru\/"},{"@type":"ListItem","position":2,"name":"Shop","item":"https:\/\/chemswell.com\/ru\/%d0%bc%d0%b0%d0%b3%d0%b0%d0%b7%d0%b8%d0%bd\/"},{"@type":"ListItem","position":3,"name":"Crystal Meth"}]},{"@type":"WebSite","@id":"https:\/\/chemswell.com\/it\/#website","url":"https:\/\/chemswell.com\/it\/","name":"Chemswell","description":"#1 Research Chemical Store","potentialAction":[{"@type":"SearchAction","target":{"@type":"EntryPoint","urlTemplate":"https:\/\/chemswell.com\/it\/?s={search_term_string}"},"query-input":"required name=search_term_string"}],"inLanguage":"es"}]}},"_links":{"self":[{"href":"https:\/\/chemswell.com\/es\/wp-json\/wp\/v2\/product\/9953"}],"collection":[{"href":"https:\/\/chemswell.com\/es\/wp-json\/wp\/v2\/product"}],"about":[{"href":"https:\/\/chemswell.com\/es\/wp-json\/wp\/v2\/types\/product"}],"replies":[{"embeddable":true,"href":"https:\/\/chemswell.com\/es\/wp-json\/wp\/v2\/comments?post=9953"}],"wp:featuredmedia":[{"embeddable":true,"href":"https:\/\/chemswell.com\/es\/wp-json\/wp\/v2\/media\/9954"}],"wp:attachment":[{"href":"https:\/\/chemswell.com\/es\/wp-json\/wp\/v2\/media?parent=9953"}],"wp:term":[{"taxonomy":"product_cat","embeddable":true,"href":"https:\/\/chemswell.com\/es\/wp-json\/wp\/v2\/product_cat?post=9953"},{"taxonomy":"product_tag","embeddable":true,"href":"https:\/\/chemswell.com\/es\/wp-json\/wp\/v2\/product_tag?post=9953"}],"curies":[{"name":"wp","href":"https:\/\/api.w.org\/{rel}","templated":true}]}}