{"id":10085,"date":"2023-05-16T07:28:53","date_gmt":"2023-05-16T07:28:53","guid":{"rendered":"https:\/\/chemswell.com\/?post_type=product&#038;p=10085"},"modified":"2026-04-12T21:11:48","modified_gmt":"2026-04-12T21:11:48","slug":"buy-adb-butinaca-adbb-online","status":"publish","type":"product","link":"https:\/\/chemswell.com\/fr\/produit\/acheter-adb-butinaca-adbb-en-ligne\/","title":{"rendered":"ADB Butinaca (ADBB) achat en ligne"},"content":{"rendered":"<h2 style=\"text-align: left;\">Acheter ADB-BUTINACA<\/h2>\n<p style=\"text-align: left;\"><a href=\"https:\/\/chemswell.com\/fr\/produit\/acheter-adb-butinaca-adbb-en-ligne\/\">ADB Butinaca (ADBB) achat en ligne<\/a>Buy ADB-BUTINACA Buy ADB Butinaca (ADBB) Online, Buy ADB-BUTINACA at the lowest price ? Sur chemswel, vous pouvez trouver les meilleures drogues de synth\u00e8se.<\/p>\n<p style=\"text-align: left;\"><a href=\"https:\/\/en.wikipedia.org\/wiki\/ADB-BUTINACA\">ADB-BUTINACA<\/a> ADB-BUTINACA est un produit chimique de recherche. Le produit est une drogue de synth\u00e8se depuis 2014. Ne payez plus jamais trop cher vos drogues de synth\u00e8se.<\/p>\n<h3 style=\"text-align: left;\">Il est s\u00fbr d'acheter ADB-BUTINACA<\/h3>\n<p style=\"text-align: left;\">Nous pouvons toujours garantir les prix les plus bas car nous achetons toujours directement aupr\u00e8s des producteurs. Dans notre boutique en ligne, vous pouvez payer en toute s\u00e9curit\u00e9 avec Ideal, Bitcoin ou une carte de cr\u00e9dit.<\/p>\n<h3 style=\"text-align: left;\">Haute qualit\u00e9 ADB-BUTINACA<\/h3>\n<p style=\"text-align: left;\">Nous vendons les meilleurs produits pharmaceutiques du Benelux. Nous sommes toujours en mesure de produire des articles de haute qualit\u00e9 parce que nous sommes pr\u00e9sents dans le secteur des m\u00e9dicaments design depuis 7 ans. Comme tous nos articles ont \u00e9t\u00e9 test\u00e9s en laboratoire, ils sont tous adapt\u00e9s \u00e0 l'\u00e9tude.<\/p>\n<h3 style=\"text-align: left;\">Test\u00e9 en laboratoire ADB-BUTINACA<\/h3>\n<p style=\"text-align: left;\">Lorsque vous recherchez des m\u00e9dicaments de marque, vous voulez \u00eatre s\u00fbr que les produits sont de la plus haute qualit\u00e9. Tous nos m\u00e9dicaments de marque sont de premi\u00e8re qualit\u00e9 et sont r\u00e9guli\u00e8rement test\u00e9s en laboratoire. Vous pouvez compter sur nous pour obtenir d'excellents articles \u00e0 des prix comp\u00e9titifs.<\/p>\n<h3 style=\"text-align: left;\">Offres ADB-BUTINACA<\/h3>\n<p style=\"text-align: left;\">ChemsWell propose toujours de bonnes affaires dans la gamme pour vous permettre d'\u00e9conomiser beaucoup d'argent.<a href=\"https:\/\/en.wikipedia.org\/wiki\/ADB-BINACA\">:<\/a><\/p>\n<ul style=\"text-align: left;\">\n<li>ADB-BUTINACA Poudre<\/li>\n<\/ul>\n<p style=\"text-align: left;\">L'adb butinaca est-il contr\u00f4l\u00e9 ? adb butinaca cayman acheter, adb butinaca dea acheter, adb butinaca cayman, adb butinaca \u00e0 vendre<br \/>\nComment acheter adb butinaca, Qualit\u00e9 adb butinaca \u00e0 vendre, boutique adb butinaca, o\u00f9 acheter adb butinaca, 5f-adb acheter<br \/>\n7-adb, trrcshop, 5f-adb-33n, adb-butinaca psychonaut, adb-butinaca utilisations, adb-butinaca effets secondaires, Acheter adb-butinaca l\u00e9gal<br \/>\n4F-ADB<br \/>\n5F-AB-PINACA<br \/>\n5F-ADB, Acheter ADB Butinaca (ADBB) en ligne<br \/>\n5F-ADB-PINACA \u00c0 VENDRE<br \/>\nCOMMANDER ADB-CHMINACA<br \/>\nORDRE ADB-CHMINACA<br \/>\nACHETER ADB-FUBINACA, ACHETER ADB-HEXINACA<br \/>\nACHETER ADB-PINACA<br \/>\nAcheter ADB-4en-PINACA<\/p>\n<h4 style=\"text-align: left;\">Attention \u00e0 l'achat de m\u00e9dicaments de synth\u00e8se sur Internet !<\/h4>\n<p style=\"text-align: left;\">Il existe plusieurs boutiques en ligne actives qui vendent des m\u00e9dicaments de marque falsifi\u00e9s ou de qualit\u00e9 inf\u00e9rieure. Si vous achetez vos m\u00e9dicaments de marque chez Chemswell, vous pouvez recevoir votre commande rapidement et discr\u00e8tement \u00e0 la maison.<\/p>","protected":false},"excerpt":{"rendered":"<h1 id=\"firstHeading\" class=\"firstHeading mw-first-heading\"><span class=\"mw-page-title-main\">ADB-BINACA<\/span><\/h1>\n<p><b>ADB-BINACA<\/b>\u00a0est une drogue de synth\u00e8se cannabino\u00efde que l'on retrouve comme ingr\u00e9dient dans certains produits synth\u00e9tiques \u00e0 base de cannabis. <span style=\"font-size: 1rem;\">L'analogue avec une substitution 1-butyle sur l'anneau indazole plut\u00f4t que 1-benzyle a \u00e9galement \u00e9t\u00e9 vendu comme drogue de synth\u00e8se sous le nom d'ADB-BINACA, mais est d\u00e9sormais plus commun\u00e9ment appel\u00e9 <\/span><b style=\"font-size: 1rem;\">ADB-BUTINACA<\/b><span style=\"font-size: 1rem;\">\u00a0pour \u00e9viter toute confusion avec le compos\u00e9 benzyle.<\/span><\/p>","protected":false},"featured_media":10092,"comment_status":"open","ping_status":"closed","template":"","meta":{"_joinchat":[]},"product_cat":[1255],"product_tag":[1274,1270,1267,1268,1269,1276,1273,1264,1266,1271,1275,1280,1281,1265,1262,1279,1277,1261,1263,1278,1272],"yoast_head":"<!-- This site is optimized with the Yoast SEO plugin v23.0 - https:\/\/yoast.com\/wordpress\/plugins\/seo\/ -->\n<title>Buy ADB Butinaca (ADBB) Online - ADB Butinaca for Sale<\/title>\n<meta name=\"description\" content=\"Buy ADB Butinaca (ADBB) Online, ADB-BUTINACA is a potent cannabinoid closely related to MDMB-BUTINACA. Order adb butinaca from a Reliable ADB SHOP ONLINE\" \/>\n<meta name=\"robots\" content=\"index, follow, max-snippet:-1, max-image-preview:large, max-video-preview:-1\" \/>\n<link rel=\"canonical\" href=\"https:\/\/chemswell.com\/fr\/produit\/acheter-adb-butinaca-adbb-en-ligne\/\" \/>\n<meta property=\"og:locale\" content=\"fr_FR\" \/>\n<meta property=\"og:type\" content=\"article\" \/>\n<meta property=\"og:title\" content=\"Buy ADB Butinaca (ADBB) Online - ADB Butinaca for Sale\" \/>\n<meta property=\"og:description\" content=\"Buy ADB Butinaca (ADBB) Online, ADB-BUTINACA is a potent cannabinoid closely related to MDMB-BUTINACA. Order adb butinaca from a Reliable ADB SHOP ONLINE\" \/>\n<meta property=\"og:url\" content=\"https:\/\/chemswell.com\/fr\/produit\/acheter-adb-butinaca-adbb-en-ligne\/\" \/>\n<meta property=\"og:site_name\" content=\"Chemswell\" \/>\n<meta property=\"article:modified_time\" content=\"2026-04-12T21:11:48+00:00\" \/>\n<meta property=\"og:image\" content=\"https:\/\/chemswell.com\/wp-content\/uploads\/2023\/05\/Buy-ADB-Butinaca.jpg\" \/>\n\t<meta property=\"og:image:width\" content=\"600\" \/>\n\t<meta property=\"og:image:height\" content=\"600\" \/>\n\t<meta property=\"og:image:type\" content=\"image\/jpeg\" \/>\n<meta name=\"twitter:card\" content=\"summary_large_image\" \/>\n<meta name=\"twitter:label1\" content=\"Dur\u00e9e de lecture estim\u00e9e\" \/>\n\t<meta name=\"twitter:data1\" content=\"2 minutes\" \/>\n<!-- \/ Yoast SEO plugin. -->","yoast_head_json":{"title":"Buy ADB Butinaca (ADBB) Online - ADB Butinaca for Sale","description":"Buy ADB Butinaca (ADBB) Online, ADB-BUTINACA is a potent cannabinoid closely related to MDMB-BUTINACA. Order adb butinaca from a Reliable ADB SHOP ONLINE","robots":{"index":"index","follow":"follow","max-snippet":"max-snippet:-1","max-image-preview":"max-image-preview:large","max-video-preview":"max-video-preview:-1"},"canonical":"https:\/\/chemswell.com\/fr\/produit\/acheter-adb-butinaca-adbb-en-ligne\/","og_locale":"fr_FR","og_type":"article","og_title":"Buy ADB Butinaca (ADBB) Online - ADB Butinaca for Sale","og_description":"Buy ADB Butinaca (ADBB) Online, ADB-BUTINACA is a potent cannabinoid closely related to MDMB-BUTINACA. Order adb butinaca from a Reliable ADB SHOP ONLINE","og_url":"https:\/\/chemswell.com\/fr\/produit\/acheter-adb-butinaca-adbb-en-ligne\/","og_site_name":"Chemswell","article_modified_time":"2026-04-12T21:11:48+00:00","og_image":[{"width":600,"height":600,"url":"https:\/\/chemswell.com\/wp-content\/uploads\/2023\/05\/Buy-ADB-Butinaca.jpg","type":"image\/jpeg"}],"twitter_card":"summary_large_image","twitter_misc":{"Dur\u00e9e de lecture estim\u00e9e":"2 minutes"},"schema":{"@context":"https:\/\/schema.org","@graph":[{"@type":"WebPage","@id":"https:\/\/chemswell.com\/product\/buy-adb-butinaca-adbb-online\/","url":"https:\/\/chemswell.com\/product\/buy-adb-butinaca-adbb-online\/","name":"Buy ADB Butinaca (ADBB) Online - ADB Butinaca for Sale","isPartOf":{"@id":"https:\/\/chemswell.com\/it\/#website"},"primaryImageOfPage":{"@id":"https:\/\/chemswell.com\/product\/buy-adb-butinaca-adbb-online\/#primaryimage"},"image":{"@id":"https:\/\/chemswell.com\/product\/buy-adb-butinaca-adbb-online\/#primaryimage"},"thumbnailUrl":"https:\/\/chemswell.com\/wp-content\/uploads\/2023\/05\/Buy-ADB-Butinaca.jpg","datePublished":"2023-05-16T07:28:53+00:00","dateModified":"2026-04-12T21:11:48+00:00","description":"Buy ADB Butinaca (ADBB) Online, ADB-BUTINACA is a potent cannabinoid closely related to MDMB-BUTINACA. Order adb butinaca from a Reliable ADB SHOP ONLINE","breadcrumb":{"@id":"https:\/\/chemswell.com\/product\/buy-adb-butinaca-adbb-online\/#breadcrumb"},"inLanguage":"fr-FR","potentialAction":[{"@type":"ReadAction","target":["https:\/\/chemswell.com\/product\/buy-adb-butinaca-adbb-online\/"]}]},{"@type":"ImageObject","inLanguage":"fr-FR","@id":"https:\/\/chemswell.com\/product\/buy-adb-butinaca-adbb-online\/#primaryimage","url":"https:\/\/chemswell.com\/wp-content\/uploads\/2023\/05\/Buy-ADB-Butinaca.jpg","contentUrl":"https:\/\/chemswell.com\/wp-content\/uploads\/2023\/05\/Buy-ADB-Butinaca.jpg","width":600,"height":600,"caption":"Buy-ADB-Butinaca"},{"@type":"BreadcrumbList","@id":"https:\/\/chemswell.com\/product\/buy-adb-butinaca-adbb-online\/#breadcrumb","itemListElement":[{"@type":"ListItem","position":1,"name":"Home","item":"https:\/\/chemswell.com\/ru\/"},{"@type":"ListItem","position":2,"name":"Shop","item":"https:\/\/chemswell.com\/ru\/%d0%bc%d0%b0%d0%b3%d0%b0%d0%b7%d0%b8%d0%bd\/"},{"@type":"ListItem","position":3,"name":"Buy ADB Butinaca (ADBB) Online"}]},{"@type":"WebSite","@id":"https:\/\/chemswell.com\/it\/#website","url":"https:\/\/chemswell.com\/it\/","name":"Chemswell","description":"#1 Research Chemical Store","potentialAction":[{"@type":"SearchAction","target":{"@type":"EntryPoint","urlTemplate":"https:\/\/chemswell.com\/it\/?s={search_term_string}"},"query-input":"required name=search_term_string"}],"inLanguage":"fr-FR"}]}},"_links":{"self":[{"href":"https:\/\/chemswell.com\/fr\/wp-json\/wp\/v2\/product\/10085"}],"collection":[{"href":"https:\/\/chemswell.com\/fr\/wp-json\/wp\/v2\/product"}],"about":[{"href":"https:\/\/chemswell.com\/fr\/wp-json\/wp\/v2\/types\/product"}],"replies":[{"embeddable":true,"href":"https:\/\/chemswell.com\/fr\/wp-json\/wp\/v2\/comments?post=10085"}],"wp:featuredmedia":[{"embeddable":true,"href":"https:\/\/chemswell.com\/fr\/wp-json\/wp\/v2\/media\/10092"}],"wp:attachment":[{"href":"https:\/\/chemswell.com\/fr\/wp-json\/wp\/v2\/media?parent=10085"}],"wp:term":[{"taxonomy":"product_cat","embeddable":true,"href":"https:\/\/chemswell.com\/fr\/wp-json\/wp\/v2\/product_cat?post=10085"},{"taxonomy":"product_tag","embeddable":true,"href":"https:\/\/chemswell.com\/fr\/wp-json\/wp\/v2\/product_tag?post=10085"}],"curies":[{"name":"wp","href":"https:\/\/api.w.org\/{rel}","templated":true}]}}