{"id":10102,"date":"2023-05-29T13:12:42","date_gmt":"2023-05-29T13:12:42","guid":{"rendered":"https:\/\/chemswell.com\/?post_type=product&#038;p=10102"},"modified":"2026-03-02T11:49:44","modified_gmt":"2026-03-02T11:49:44","slug":"buy-alprazolam-powder-100g-online","status":"publish","type":"product","link":"https:\/\/chemswell.com\/fr\/produit\/acheter-alprazolam-poudre-100g-en-ligne\/","title":{"rendered":"Acheter Alprazolam en poudre en ligne"},"content":{"rendered":"<h1>Acheter Alprazolam en poudre en ligne<\/h1>\n<p>O\u00f9 aller <a href=\"https:\/\/chemswell.com\/fr\/produit\/acheter-alprazolam-poudre-100g-en-ligne\/\">acheter de la poudre d'alprazolam en ligne<\/a> En Europe, les gens cherchent constamment o\u00f9 acheter du Xanax en ligne. En revanche, la commande de Xanax en poudre se fait quotidiennement. Quel est alors le probl\u00e8me\u00a0? Une source fiable. Le m\u00e9dicament alprazolam xanax n'est pas si courant, vous ne devriez donc pas simplement voir un num\u00e9ro sur un blog et appeler. L'approvisionnement en m\u00e9dicaments est effectu\u00e9 avec soin et prudence, afin d'\u00e9viter la DEA et la FDA avec leurs lois sur les m\u00e9dicaments.<\/p>\n<p>Le Xanax appartient \u00e9galement \u00e0 la classe des benzodiaz\u00e9pines. Il s'agit d'un anxiolytique \u00e0 courte dur\u00e9e d'action utilis\u00e9 pour traiter l'anxi\u00e9t\u00e9 et les troubles paniques. Il est efficace lorsque la dose est correcte. L'abus de Xanax peut entra\u00eener la mort. Bien que nous ne nous pr\u00e9occupions pas de savoir si vous avez une ordonnance, nous vous conseillons de consulter un m\u00e9decin. Il s'agit d'un m\u00e9dicament contre l'anxi\u00e9t\u00e9, mais il est risqu\u00e9 de le commander sans connaissances m\u00e9dicales. Alprazolam en vente et politique d'exp\u00e9dition. <a href=\"https:\/\/chemswell.com\/fr\/\">Chemswell<\/a><\/p>\n<p>This product is use for making xanax bars. Xanax bars belongs to a group of drugs called benzodiazepines (ben-zoe-dye-AZE-eh-peens). It works by slowing down the movement of chemicals in the brain that may become unbalanced. This results in a reduction in nervous tension (anxiety). Xanax is used to treat anxiety disorders, panic disorders, and anxiety caused by depression. The drug has a currently accepted medical use in treatment in the United States.<\/p>\n<p>o\u00f9 acheter <a href=\"https:\/\/en.wikipedia.org\/wiki\/Alprazolam\">alprazolam powder<\/a>, acheter de l'alprazolam en ligne, commander du Xanax en ligne aux \u00c9tats-Unis, pharmacie en ligne d'alprazolam<\/p>\n<p>alprazolam 0,25 mg pour le sommeil, poudre d'alprazolam pure pour la vente, poudre d'alprazolam fournisseurs, alprazolam est s\u00fbr \u00e0 prendre<\/p>","protected":false},"excerpt":{"rendered":"<p>Acheter de la poudre d'alprazolam en ligne O\u00f9 acheter de la poudre d'alprazolam en ligne en Europe. Les gens continuent \u00e0 chercher o\u00f9 acheter du xanax en ligne. Sur<\/p>","protected":false},"featured_media":10104,"comment_status":"closed","ping_status":"closed","template":"","meta":{"_joinchat":[]},"product_cat":[1255],"product_tag":[3279,3269,1522,3260,3264,3263,3271,3262,3272,3274,3281,3282,3280,3277,3261,3276,3273,3268,3266,3278,3275,1530,3267,3270,3265],"yoast_head":"<!-- This site is optimized with the Yoast SEO plugin v23.0 - https:\/\/yoast.com\/wordpress\/plugins\/seo\/ -->\n<title>Buy Alprazolam Powder Online - Alprazolam for Sale | Chemswell<\/title>\n<meta name=\"description\" content=\"Buy alprazolam powder Online, you can order quality alprazolam for sale safely from a relaible online chemical shop Chemswell. Place your order now!\" \/>\n<meta name=\"robots\" content=\"index, follow, max-snippet:-1, max-image-preview:large, max-video-preview:-1\" \/>\n<link rel=\"canonical\" href=\"https:\/\/chemswell.com\/fr\/produit\/acheter-alprazolam-poudre-100g-en-ligne\/\" \/>\n<meta property=\"og:locale\" content=\"fr_FR\" \/>\n<meta property=\"og:type\" content=\"article\" \/>\n<meta property=\"og:title\" content=\"Buy Alprazolam Powder Online - Alprazolam for Sale | Chemswell\" \/>\n<meta property=\"og:description\" content=\"Buy alprazolam powder Online, you can order quality alprazolam for sale safely from a relaible online chemical shop Chemswell. Place your order now!\" \/>\n<meta property=\"og:url\" content=\"https:\/\/chemswell.com\/fr\/produit\/acheter-alprazolam-poudre-100g-en-ligne\/\" \/>\n<meta property=\"og:site_name\" content=\"Chemswell\" \/>\n<meta property=\"article:modified_time\" content=\"2026-03-02T11:49:44+00:00\" \/>\n<meta property=\"og:image\" content=\"https:\/\/chemswell.com\/wp-content\/uploads\/2023\/05\/Buy-Alprazolam-Powder-Online.jpg\" \/>\n\t<meta property=\"og:image:width\" content=\"220\" \/>\n\t<meta property=\"og:image:height\" content=\"267\" \/>\n\t<meta property=\"og:image:type\" content=\"image\/jpeg\" \/>\n<meta name=\"twitter:card\" content=\"summary_large_image\" \/>\n<meta name=\"twitter:label1\" content=\"Dur\u00e9e de lecture estim\u00e9e\" \/>\n\t<meta name=\"twitter:data1\" content=\"2 minutes\" \/>\n<!-- \/ Yoast SEO plugin. -->","yoast_head_json":{"title":"Buy Alprazolam Powder Online - Alprazolam for Sale | Chemswell","description":"Buy alprazolam powder Online, you can order quality alprazolam for sale safely from a relaible online chemical shop Chemswell. Place your order now!","robots":{"index":"index","follow":"follow","max-snippet":"max-snippet:-1","max-image-preview":"max-image-preview:large","max-video-preview":"max-video-preview:-1"},"canonical":"https:\/\/chemswell.com\/fr\/produit\/acheter-alprazolam-poudre-100g-en-ligne\/","og_locale":"fr_FR","og_type":"article","og_title":"Buy Alprazolam Powder Online - Alprazolam for Sale | Chemswell","og_description":"Buy alprazolam powder Online, you can order quality alprazolam for sale safely from a relaible online chemical shop Chemswell. Place your order now!","og_url":"https:\/\/chemswell.com\/fr\/produit\/acheter-alprazolam-poudre-100g-en-ligne\/","og_site_name":"Chemswell","article_modified_time":"2026-03-02T11:49:44+00:00","og_image":[{"width":220,"height":267,"url":"https:\/\/chemswell.com\/wp-content\/uploads\/2023\/05\/Buy-Alprazolam-Powder-Online.jpg","type":"image\/jpeg"}],"twitter_card":"summary_large_image","twitter_misc":{"Dur\u00e9e de lecture estim\u00e9e":"2 minutes"},"schema":{"@context":"https:\/\/schema.org","@graph":[{"@type":"WebPage","@id":"https:\/\/chemswell.com\/product\/buy-alprazolam-powder-100g-online\/","url":"https:\/\/chemswell.com\/product\/buy-alprazolam-powder-100g-online\/","name":"Buy Alprazolam Powder Online - Alprazolam for Sale | Chemswell","isPartOf":{"@id":"https:\/\/chemswell.com\/it\/#website"},"primaryImageOfPage":{"@id":"https:\/\/chemswell.com\/product\/buy-alprazolam-powder-100g-online\/#primaryimage"},"image":{"@id":"https:\/\/chemswell.com\/product\/buy-alprazolam-powder-100g-online\/#primaryimage"},"thumbnailUrl":"https:\/\/chemswell.com\/wp-content\/uploads\/2023\/05\/Buy-Alprazolam-Powder-Online.jpg","datePublished":"2023-05-29T13:12:42+00:00","dateModified":"2026-03-02T11:49:44+00:00","description":"Buy alprazolam powder Online, you can order quality alprazolam for sale safely from a relaible online chemical shop Chemswell. Place your order now!","breadcrumb":{"@id":"https:\/\/chemswell.com\/product\/buy-alprazolam-powder-100g-online\/#breadcrumb"},"inLanguage":"fr-FR","potentialAction":[{"@type":"ReadAction","target":["https:\/\/chemswell.com\/product\/buy-alprazolam-powder-100g-online\/"]}]},{"@type":"ImageObject","inLanguage":"fr-FR","@id":"https:\/\/chemswell.com\/product\/buy-alprazolam-powder-100g-online\/#primaryimage","url":"https:\/\/chemswell.com\/wp-content\/uploads\/2023\/05\/Buy-Alprazolam-Powder-Online.jpg","contentUrl":"https:\/\/chemswell.com\/wp-content\/uploads\/2023\/05\/Buy-Alprazolam-Powder-Online.jpg","width":220,"height":267,"caption":"Buy Alprazolam Powder Online"},{"@type":"BreadcrumbList","@id":"https:\/\/chemswell.com\/product\/buy-alprazolam-powder-100g-online\/#breadcrumb","itemListElement":[{"@type":"ListItem","position":1,"name":"Home","item":"https:\/\/chemswell.com\/ru\/"},{"@type":"ListItem","position":2,"name":"Shop","item":"https:\/\/chemswell.com\/ru\/%d0%bc%d0%b0%d0%b3%d0%b0%d0%b7%d0%b8%d0%bd\/"},{"@type":"ListItem","position":3,"name":"Buy Alprazolam Powder Online"}]},{"@type":"WebSite","@id":"https:\/\/chemswell.com\/it\/#website","url":"https:\/\/chemswell.com\/it\/","name":"Chemswell","description":"#1 Research Chemical Store","potentialAction":[{"@type":"SearchAction","target":{"@type":"EntryPoint","urlTemplate":"https:\/\/chemswell.com\/it\/?s={search_term_string}"},"query-input":"required name=search_term_string"}],"inLanguage":"fr-FR"}]}},"_links":{"self":[{"href":"https:\/\/chemswell.com\/fr\/wp-json\/wp\/v2\/product\/10102"}],"collection":[{"href":"https:\/\/chemswell.com\/fr\/wp-json\/wp\/v2\/product"}],"about":[{"href":"https:\/\/chemswell.com\/fr\/wp-json\/wp\/v2\/types\/product"}],"replies":[{"embeddable":true,"href":"https:\/\/chemswell.com\/fr\/wp-json\/wp\/v2\/comments?post=10102"}],"wp:featuredmedia":[{"embeddable":true,"href":"https:\/\/chemswell.com\/fr\/wp-json\/wp\/v2\/media\/10104"}],"wp:attachment":[{"href":"https:\/\/chemswell.com\/fr\/wp-json\/wp\/v2\/media?parent=10102"}],"wp:term":[{"taxonomy":"product_cat","embeddable":true,"href":"https:\/\/chemswell.com\/fr\/wp-json\/wp\/v2\/product_cat?post=10102"},{"taxonomy":"product_tag","embeddable":true,"href":"https:\/\/chemswell.com\/fr\/wp-json\/wp\/v2\/product_tag?post=10102"}],"curies":[{"name":"wp","href":"https:\/\/api.w.org\/{rel}","templated":true}]}}