{"id":10113,"date":"2023-05-29T14:42:06","date_gmt":"2023-05-29T14:42:06","guid":{"rendered":"https:\/\/chemswell.com\/?post_type=product&#038;p=10113"},"modified":"2026-02-28T10:31:37","modified_gmt":"2026-02-28T10:31:37","slug":"buy-4-cl-pvp-crystal-online","status":"publish","type":"product","link":"https:\/\/chemswell.com\/fr\/produit\/acheter-4-cl-pvp-crystal-online\/","title":{"rendered":"Acheter 4-CL-PVP Crystal en ligne"},"content":{"rendered":"<h2>Acheter 4-CL-PVP Crystal en ligne<\/h2>\n<p>4-CL-PVP (<a href=\"https:\/\/en.wikipedia.org\/wiki\/4-Chloro-%CE%B1-pyrrolidinovalerophenone\">4-Chloro-alpha-pyrrolidinovalerophenone<\/a>est un produit chimique de recherche de la classe des pyrrolidinoph\u00e9nones. C'est \u00e9galement un analogue cristallin de l'a-PVP, ce qui signifie que les chercheurs ont trouv\u00e9 l\u00e0 une excellente alternative ! L'ordre 4-CL-PVP produit ses effets stimulants car il s'agit d'un inhibiteur de la recapture de la nor\u00e9pin\u00e9phrine et de la dopamine. Des rapports anecdotiques ont indiqu\u00e9 que les participants avaient manifest\u00e9 des effets de haute \u00e9nergie, d'am\u00e9lioration de la vigilance et d'euphorie.<\/p>\n<h2><b>Introduction<\/b><\/h2>\n<p><span style=\"font-weight: 400;\">The presence of <\/span><a href=\"https:\/\/chemswell.com\/fr\/produit\/acheter-4-cl-pvp-crystal-online\/\"><b>4-CL-PVP Crystal<\/b><\/a><span style=\"font-weight: 400;\"> La pr\u00e9sence de 4-CL-PVP sur les march\u00e9s gris en ligne soul\u00e8ve des questions urgentes concernant la r\u00e9glementation, la s\u00e9curit\u00e9 publique et l'autonomie individuelle. Commercialis\u00e9 comme un \u00ab\u00a0produit chimique de recherche\u00a0\u00bb, le 4-CL-PVP est un puissant stimulant synth\u00e9tique dont l'empreinte num\u00e9rique est croissante, souvent vendu sur des forums, des march\u00e9s du darknet et des applications de messagerie crypt\u00e9es.<\/span><\/p>\n<p><span style=\"font-weight: 400;\">Cet article analyse les m\u00e9canismes qui sous-tendent sa distribution num\u00e9rique, les consid\u00e9rations \u00e9thiques, les responsabilit\u00e9s de la plateforme et les r\u00e9ponses politiques dans une \u00e9conomie de la drogue d\u00e9centralis\u00e9e et ax\u00e9e sur la technologie.<\/span><\/p>\n<h3><b>Qu'est-ce qui fait la vente de 4-CL-PVP Crystal ?<\/b><\/h3>\n<p>Le 4-CL-PVP (4-chloro-alpha-PVP) appartient \u00e0 la classe des stimulants cathinones, \u00e9troitement apparent\u00e9 \u00e0 l'alpha-PVP (\u00ab flakka \u00bb). G\u00e9n\u00e9ralement vendu sous forme cristalline ou en poudre, il est connu pour ses effets stimulants intenses, qui peuvent inclure euphorie, regain d'\u00e9nergie, mais aussi parano\u00efa, hallucinations et reprise compulsive de la dose.<\/p>\n<p><span style=\"font-weight: 400;\">Son attrait sur le march\u00e9 est motiv\u00e9 par :<\/span><\/p>\n<ul>\n<li style=\"font-weight: 400;\" aria-level=\"1\">Puissance \u00e0 faibles doses (par exemple, 10 \u00e0 30 mg)<\/li>\n<li style=\"font-weight: 400;\" aria-level=\"1\">Haute valeur stimulante pour un usage r\u00e9cr\u00e9atif ou de performance<\/li>\n<li style=\"font-weight: 400;\" aria-level=\"1\">Ambigu\u00eft\u00e9 juridique, notamment lorsqu'elle n'est pas pr\u00e9vue directement<\/li>\n<li style=\"font-weight: 400;\" aria-level=\"1\"><span style=\"font-size: 1rem;\">Options de vente en gros, ciblant souvent les revendeurs<\/span><\/li>\n<\/ul>\n<p><span style=\"font-weight: 400;\">Le fait qu\u2019il soit vendu sous forme de cristaux (comme des \u00ab paquets de 500 g \u00bb) sugg\u00e8re une distribution \u00e0 l\u2019\u00e9chelle industrielle \u2014 m\u00eame si les risques pour la sant\u00e9 restent largement non r\u00e9glement\u00e9s.<\/span><\/p>\n<h3><b>Aper\u00e7u des fournisseurs en ligne, des forums et des avis des utilisateurs<\/b><\/h3>\n<p><span style=\"font-weight: 400;\">Le 4-CL-PVP est fr\u00e9quemment vendu via :<\/span><\/p>\n<ul>\n<li style=\"font-weight: 400;\" aria-level=\"1\">March\u00e9s du Darknet (utilisant Tor)<\/li>\n<li style=\"font-weight: 400;\" aria-level=\"1\">Sites d'approvisionnement en produits chimiques Clear-Net \u00e9tiquet\u00e9s \u00ab\u00a0non destin\u00e9s \u00e0 la consommation humaine\u00a0\u00bb<\/li>\n<li style=\"font-weight: 400;\" aria-level=\"1\">Canaux de discussion crypt\u00e9s (par exemple, Telegram, Discord)<\/li>\n<li style=\"font-weight: 400;\" aria-level=\"1\">Forums d'utilisateurs et syst\u00e8mes de commentaires, o\u00f9 les anciens acheteurs \u00e9valuent les fournisseurs en fonction de leur discr\u00e9tion, de leur puissance et de leur service client<\/li>\n<\/ul>\n<p><span style=\"font-weight: 400;\">Ces plateformes imitent les \u00e9cosyst\u00e8mes traditionnels du commerce \u00e9lectronique, avec des promotions, des programmes de fid\u00e9lit\u00e9 et une image de marque des fournisseurs, mais sans les garde-fous juridiques.<\/span><\/p>\n<h3><b>R\u00f4le de la cryptomonnaie et de l'anonymat<\/b><\/h3>\n<p><span style=\"font-weight: 400;\">L'anonymat num\u00e9rique permet \u00e0 ces transactions de prosp\u00e9rer. Les acheteurs et les vendeurs utilisent g\u00e9n\u00e9ralement\u00a0:<\/span><\/p>\n<ul>\n<li style=\"font-weight: 400;\" aria-level=\"1\">Bitcoin and monero for privacy-preserving payments<\/li>\n<li style=\"font-weight: 400;\" aria-level=\"1\">Escrow systems to reduce fraud<\/li>\n<li style=\"font-weight: 400;\" aria-level=\"1\">PGP encryption and onion-routing for communication these tools make it extremely difficult to trace transactions or identify operators, which complicates enforcement and risk mitigation.<\/li>\n<\/ul>\n<h3><b>Les individus devraient-ils avoir acc\u00e8s aux substances non r\u00e9glement\u00e9es ?<\/b><\/h3>\n<p><span style=\"font-weight: 400;\">Certains soutiennent que l'\u00c9tat ne devrait pas criminaliser l'acc\u00e8s \u00e0 une substance, quelle qu'elle soit, si elle est consomm\u00e9e en priv\u00e9 par un adulte inform\u00e9. Ce cadre de \u00ab libert\u00e9 cognitive \u00bb favorise l'acc\u00e8s \u00e0 des compos\u00e9s comme le 4-CL-PVP, notamment en petites quantit\u00e9s.<\/span><\/p>\n<p><span style=\"font-weight: 400;\">Cependant, les cathinones comme le 4-CL-PVP ont \u00e9t\u00e9 associ\u00e9es \u00e0 :<\/span><\/p>\n<ul>\n<li style=\"font-weight: 400;\" aria-level=\"1\">Neurotoxicity and cardiovascular risks<\/li>\n<li style=\"font-weight: 400;\" aria-level=\"1\">Addiction-like patterns of abuse<\/li>\n<li style=\"font-weight: 400;\" aria-level=\"1\">Severe psychiatric outcomes, including delusions and violenceThis raises the ethical question: Can users truly consent to risk when information is unreliable and substances are untested?<\/li>\n<\/ul>\n<h3><b>L'\u00e9quilibre entre libert\u00e9 et sant\u00e9 publique<\/b><\/h3>\n<p><span style=\"font-weight: 400;\">The challenge lies in balancing:<\/span><\/p>\n<ul>\n<li style=\"font-weight: 400;\" aria-level=\"1\">Individual freedom of choice<\/li>\n<li style=\"font-weight: 400;\" aria-level=\"1\">Access to reliable information and testing<\/li>\n<li style=\"font-weight: 400;\" aria-level=\"1\">The public health cost of untreated substance abuse or ER admissions<\/li>\n<\/ul>\n<p><span style=\"font-weight: 400;\">D\u2019un point de vue \u00e9thique, la r\u00e9duction des risques \u2013 et non l\u2019interdiction \u2013 pourrait offrir une approche plus \u00e9quilibr\u00e9e pour les compos\u00e9s qui ne rel\u00e8vent pas de la classification traditionnelle.<\/span><\/p>\n<h2><b>Responsabilit\u00e9 de la plateforme<\/b><\/h2>\n<p><span style=\"font-weight: 400;\">Les op\u00e9rateurs de plateformes utilisent souvent des clauses de non-responsabilit\u00e9 (par exemple, \u00ab\u00a0Ne convient pas \u00e0 la consommation humaine\u00a0\u00bb) ou invoquent un manque de connaissances. Pourtant, de nombreuses plateformes\u00a0:<\/span><\/p>\n<ul>\n<li style=\"font-weight: 400;\" aria-level=\"1\">Curate vendor reputations<\/li>\n<li style=\"font-weight: 400;\" aria-level=\"1\">Provide customer service features<\/li>\n<li style=\"font-weight: 400;\" aria-level=\"1\">Enable bulk purchasing (e.g., 4-CL-PVP Crystal)<\/li>\n<\/ul>\n<p><span style=\"font-weight: 400;\">Cela soul\u00e8ve des questions juridiques et \u00e9thiques sur la complicit\u00e9, en particulier lorsque des cas de pr\u00e9judice ou de surdose peuvent \u00eatre li\u00e9s \u00e0 des produits vendus via leur infrastructure.<\/span><\/p>\n<h3><b>\u00c9tudes de cas d'arr\u00eats (par exemple, cristal 4-CL-PVP)<\/b><\/h3>\n<p>Lorsque des march\u00e9s comme Empire Market ou AlphaBay ferment, les listes de produits pour le 4-CL-PVP et autres substances similaires disparaissent temporairement. Pourtant, comme on l'a vu avec d'autres cathinones\u00a0:<\/p>\n<ul>\n<li>Vendors resurface under new aliases<\/li>\n<li>Markets migrate to other forums or private groups<\/li>\n<li>Prices may fluctuate briefly, but demand remains stable<\/li>\n<\/ul>\n<p><span style=\"font-weight: 400;\">This cycle of whack-a-mole enforcement has done little to curb availability long-term.<\/span><\/p>\n<h3><b>R\u00e9gulation \u00e9thique \u00e0 l'\u00e8re du commerce d\u00e9centralis\u00e9<\/b><\/h3>\n<p><span style=\"font-weight: 400;\">Instead of criminalizing end-users, policy responses could focus on:<\/span><\/p>\n<ul>\n<li style=\"font-weight: 400;\" aria-level=\"1\">Safe supply models<\/li>\n<li style=\"font-weight: 400;\" aria-level=\"1\">Research-led scheduling<span style=\"font-weight: 400;\">, not reactionary bans<\/span><\/li>\n<li style=\"font-weight: 400;\" aria-level=\"1\">Accessible drug checking services<\/li>\n<li style=\"font-weight: 400;\" aria-level=\"1\">Cross-border regulatory collaboration<\/li>\n<\/ul>\n<p>En reconnaissant le caract\u00e8re in\u00e9vitable de l\u2019acc\u00e8s num\u00e9rique, les gouvernements peuvent r\u00e9duire les dommages tout en pr\u00e9servant les droits individuels.<\/p>\n<h3><b>Surveillance num\u00e9rique sans surveillance excessive<\/b><\/h3>\n<p><span style=\"font-weight: 400;\">Modern solutions include:<\/span><\/p>\n<ul>\n<li style=\"font-weight: 400;\" aria-level=\"1\">AI-powered threat detection tools<\/li>\n<li style=\"font-weight: 400;\" aria-level=\"1\">Real-time data scraping of forums<\/li>\n<li style=\"font-weight: 400;\" aria-level=\"1\">Syst\u00e8mes d'alerte pour les rapports de lots toxiques<\/li>\n<\/ul>\n<p>Mais tout cela doit \u00eatre \u00e9quilibr\u00e9 avec les droits num\u00e9riques, notamment le droit \u00e0 la vie priv\u00e9e, la libert\u00e9 d\u2019expression et l\u2019application r\u00e9guli\u00e8re de la loi.<\/p>\n<h2><b>Conclusion : Naviguer dans l'avenir de l'\u00e9thique num\u00e9rique des m\u00e9dicaments<\/b><\/h2>\n<p>La distribution en ligne de 4-CL-PVP Crystal est plus qu\u2019une tendance en mati\u00e8re de drogue : c\u2019est le sympt\u00f4me d\u2019un monde d\u00e9centralis\u00e9, o\u00f9 le contr\u00f4le, l\u2019acc\u00e8s et l\u2019\u00e9thique sont ren\u00e9goci\u00e9s en temps r\u00e9el.<\/p>\n<p><span style=\"font-weight: 400;\">Nous sommes d\u00e9sormais dans un paysage o\u00f9 :<\/span><\/p>\n<ul>\n<li style=\"font-weight: 400;\" aria-level=\"1\">La cryptographie prot\u00e8ge les utilisateurs<\/li>\n<li style=\"font-weight: 400;\" aria-level=\"1\">Les algorithmes permettent une distribution de masse<\/li>\n<li style=\"font-weight: 400;\" aria-level=\"1\">Les politiques sont \u00e0 la tra\u00eene par rapport \u00e0 l'innovation<\/li>\n<\/ul>\n<p>L\u2019avenir exige une conversation honn\u00eate sur la libert\u00e9, la s\u00e9curit\u00e9 et le type de soci\u00e9t\u00e9 num\u00e9rique que nous voulons construire.<\/p>","protected":false},"excerpt":{"rendered":"<p>Acheter 4-CL-PVP Crystal en ligne 4-CL-PVP (4-Chloro-alpha-pyrrolidinovalerophenone) est un produit chimique de recherche de la classe des pyrrolidinoph\u00e9nones. C'est \u00e9galement un analogue cristallin de l'a-PVP.<\/p>","protected":false},"featured_media":10114,"comment_status":"closed","ping_status":"closed","template":"","meta":{"_joinchat":[]},"product_cat":[1258,1255],"product_tag":[2594,2584,1522,2575,2579,2578,2586,2577,2587,2589,2596,2597,2595,2592,2576,2591,2588,2583,2581,2593,2590,1530,2582,2585,2580],"yoast_head":"<!-- This site is optimized with the Yoast SEO plugin v23.0 - https:\/\/yoast.com\/wordpress\/plugins\/seo\/ -->\n<title>Buy 4-CL-PVP Crystal Online - Cheap 4-Cl-PVP for Sale<\/title>\n<meta name=\"description\" content=\"Buy 4-CL-PVP Crystal online. Shop 4-cl-pvp-crystal from a reliable online 4-cl-pvp-crystal shop we offer wholesale 4-cl-pvp-crystal online with guarantee.\" \/>\n<meta name=\"robots\" content=\"index, follow, max-snippet:-1, max-image-preview:large, max-video-preview:-1\" \/>\n<link rel=\"canonical\" href=\"https:\/\/chemswell.com\/fr\/produit\/acheter-4-cl-pvp-crystal-online\/\" \/>\n<meta property=\"og:locale\" content=\"fr_FR\" \/>\n<meta property=\"og:type\" content=\"article\" \/>\n<meta property=\"og:title\" content=\"Buy 4-CL-PVP Crystal Online - Cheap 4-Cl-PVP for Sale\" \/>\n<meta property=\"og:description\" content=\"Buy 4-CL-PVP Crystal online. Shop 4-cl-pvp-crystal from a reliable online 4-cl-pvp-crystal shop we offer wholesale 4-cl-pvp-crystal online with guarantee.\" \/>\n<meta property=\"og:url\" content=\"https:\/\/chemswell.com\/fr\/produit\/acheter-4-cl-pvp-crystal-online\/\" \/>\n<meta property=\"og:site_name\" content=\"Chemswell\" \/>\n<meta property=\"article:modified_time\" content=\"2026-02-28T10:31:37+00:00\" \/>\n<meta property=\"og:image\" content=\"https:\/\/chemswell.com\/wp-content\/uploads\/2023\/05\/4-cl-pvp33.png\" \/>\n\t<meta property=\"og:image:width\" content=\"600\" \/>\n\t<meta property=\"og:image:height\" content=\"600\" \/>\n\t<meta property=\"og:image:type\" content=\"image\/png\" \/>\n<meta name=\"twitter:card\" content=\"summary_large_image\" \/>\n<meta name=\"twitter:label1\" content=\"Dur\u00e9e de lecture estim\u00e9e\" \/>\n\t<meta name=\"twitter:data1\" content=\"4 minutes\" \/>\n<!-- \/ Yoast SEO plugin. -->","yoast_head_json":{"title":"Buy 4-CL-PVP Crystal Online - Cheap 4-Cl-PVP for Sale","description":"Buy 4-CL-PVP Crystal online. Shop 4-cl-pvp-crystal from a reliable online 4-cl-pvp-crystal shop we offer wholesale 4-cl-pvp-crystal online with guarantee.","robots":{"index":"index","follow":"follow","max-snippet":"max-snippet:-1","max-image-preview":"max-image-preview:large","max-video-preview":"max-video-preview:-1"},"canonical":"https:\/\/chemswell.com\/fr\/produit\/acheter-4-cl-pvp-crystal-online\/","og_locale":"fr_FR","og_type":"article","og_title":"Buy 4-CL-PVP Crystal Online - Cheap 4-Cl-PVP for Sale","og_description":"Buy 4-CL-PVP Crystal online. Shop 4-cl-pvp-crystal from a reliable online 4-cl-pvp-crystal shop we offer wholesale 4-cl-pvp-crystal online with guarantee.","og_url":"https:\/\/chemswell.com\/fr\/produit\/acheter-4-cl-pvp-crystal-online\/","og_site_name":"Chemswell","article_modified_time":"2026-02-28T10:31:37+00:00","og_image":[{"width":600,"height":600,"url":"https:\/\/chemswell.com\/wp-content\/uploads\/2023\/05\/4-cl-pvp33.png","type":"image\/png"}],"twitter_card":"summary_large_image","twitter_misc":{"Dur\u00e9e de lecture estim\u00e9e":"4 minutes"},"schema":{"@context":"https:\/\/schema.org","@graph":[{"@type":"WebPage","@id":"https:\/\/chemswell.com\/product\/buy-4-cl-pvp-crystal-online\/","url":"https:\/\/chemswell.com\/product\/buy-4-cl-pvp-crystal-online\/","name":"Buy 4-CL-PVP Crystal Online - Cheap 4-Cl-PVP for Sale","isPartOf":{"@id":"https:\/\/chemswell.com\/it\/#website"},"primaryImageOfPage":{"@id":"https:\/\/chemswell.com\/product\/buy-4-cl-pvp-crystal-online\/#primaryimage"},"image":{"@id":"https:\/\/chemswell.com\/product\/buy-4-cl-pvp-crystal-online\/#primaryimage"},"thumbnailUrl":"https:\/\/chemswell.com\/wp-content\/uploads\/2023\/05\/4-cl-pvp33.png","datePublished":"2023-05-29T14:42:06+00:00","dateModified":"2026-02-28T10:31:37+00:00","description":"Buy 4-CL-PVP Crystal online. Shop 4-cl-pvp-crystal from a reliable online 4-cl-pvp-crystal shop we offer wholesale 4-cl-pvp-crystal online with guarantee.","breadcrumb":{"@id":"https:\/\/chemswell.com\/product\/buy-4-cl-pvp-crystal-online\/#breadcrumb"},"inLanguage":"fr-FR","potentialAction":[{"@type":"ReadAction","target":["https:\/\/chemswell.com\/product\/buy-4-cl-pvp-crystal-online\/"]}]},{"@type":"ImageObject","inLanguage":"fr-FR","@id":"https:\/\/chemswell.com\/product\/buy-4-cl-pvp-crystal-online\/#primaryimage","url":"https:\/\/chemswell.com\/wp-content\/uploads\/2023\/05\/4-cl-pvp33.png","contentUrl":"https:\/\/chemswell.com\/wp-content\/uploads\/2023\/05\/4-cl-pvp33.png","width":600,"height":600,"caption":"Buy 4-CL-PVP Crystal online"},{"@type":"BreadcrumbList","@id":"https:\/\/chemswell.com\/product\/buy-4-cl-pvp-crystal-online\/#breadcrumb","itemListElement":[{"@type":"ListItem","position":1,"name":"Home","item":"https:\/\/chemswell.com\/ru\/"},{"@type":"ListItem","position":2,"name":"Shop","item":"https:\/\/chemswell.com\/ru\/%d0%bc%d0%b0%d0%b3%d0%b0%d0%b7%d0%b8%d0%bd\/"},{"@type":"ListItem","position":3,"name":"Buy 4-CL-PVP Crystal online"}]},{"@type":"WebSite","@id":"https:\/\/chemswell.com\/it\/#website","url":"https:\/\/chemswell.com\/it\/","name":"Chemswell","description":"#1 Research Chemical Store","potentialAction":[{"@type":"SearchAction","target":{"@type":"EntryPoint","urlTemplate":"https:\/\/chemswell.com\/it\/?s={search_term_string}"},"query-input":"required name=search_term_string"}],"inLanguage":"fr-FR"}]}},"_links":{"self":[{"href":"https:\/\/chemswell.com\/fr\/wp-json\/wp\/v2\/product\/10113"}],"collection":[{"href":"https:\/\/chemswell.com\/fr\/wp-json\/wp\/v2\/product"}],"about":[{"href":"https:\/\/chemswell.com\/fr\/wp-json\/wp\/v2\/types\/product"}],"replies":[{"embeddable":true,"href":"https:\/\/chemswell.com\/fr\/wp-json\/wp\/v2\/comments?post=10113"}],"wp:featuredmedia":[{"embeddable":true,"href":"https:\/\/chemswell.com\/fr\/wp-json\/wp\/v2\/media\/10114"}],"wp:attachment":[{"href":"https:\/\/chemswell.com\/fr\/wp-json\/wp\/v2\/media?parent=10113"}],"wp:term":[{"taxonomy":"product_cat","embeddable":true,"href":"https:\/\/chemswell.com\/fr\/wp-json\/wp\/v2\/product_cat?post=10113"},{"taxonomy":"product_tag","embeddable":true,"href":"https:\/\/chemswell.com\/fr\/wp-json\/wp\/v2\/product_tag?post=10113"}],"curies":[{"name":"wp","href":"https:\/\/api.w.org\/{rel}","templated":true}]}}