{"id":10118,"date":"2023-06-01T07:28:11","date_gmt":"2023-06-01T07:28:11","guid":{"rendered":"https:\/\/chemswell.com\/?post_type=product&#038;p=10118"},"modified":"2025-01-08T08:08:33","modified_gmt":"2025-01-08T08:08:33","slug":"buy-ecstacy-yellow-illuminati-pills","status":"publish","type":"product","link":"https:\/\/chemswell.com\/fr\/produit\/acheter-ecstacy-pilules-jaunes-illuminati\/","title":{"rendered":"Acheter des pilules Ecstacy Yellow illuminati"},"content":{"rendered":"<h2><strong>Acheter des pilules d'ecstasy \u00e0 vendre<\/strong><\/h2>\n<p><a href=\"https:\/\/chemswell.com\/fr\/produit\/acheter-ecstacy-pilules-jaunes-illuminati\/\">Achetez des pilules MDMA Yellow Illuminati de 160 mg<\/a> accessibles via les d\u00e9taillants de fournitures m\u00e9dicales en ligne. Pilules d'Accutane C'est ce qu'on appelle les \u00ab\u00a0pilules de f\u00eate\u00a0\u00bb, qui provoquent de l'anxi\u00e9t\u00e9, et pour plus de d\u00e9tails sur les m\u00e9dicaments, veuillez visiter\u00a0\u00a0 Il existe plusieurs noms pour l'ecstasy, y compris Molly, ecstasy, XTC, X, E, Adam, Eve, clart\u00e9, c\u00e2lin , les haricots, la drogue de l'amour, la vitesse des amoureux et la paix.<\/p>\n<p><strong>D\u00e9tails importants concernant les pilules d'ecstasy Achat d'ecstasy en ligne<\/strong><\/p>\n<p><a href=\"https:\/\/en.wikipedia.org\/wiki\/Ecstasy\">Ecstasy<\/a> Les pilules d'ecstasy ne sont qu'une des nombreuses drogues de synth\u00e8se qui deviennent populaires de nos jours gr\u00e2ce aux laboratoires souterrains qui profitent des progr\u00e8s de la chimie. Ces laboratoires tentent de modifier la composition chimique des produits pharmaceutiques existants pour en produire de nouveaux avec les m\u00eames qualit\u00e9s dans le but de contourner les restrictions sur les m\u00e9dicaments. L'ecstasy est l'une des drogues de synth\u00e8se qui a r\u00e9sult\u00e9 de ces \u00e9tudes et est entr\u00e9e sur le march\u00e9. Achetez 160mg MDMA Yellow Illuminati Pills disponible avec bitcoin en ligne <a href=\"https:\/\/chemswell.com\/fr\/\">Chemswell<\/a><\/p>\n<ul>\n<li>Ecstasy e Molly s\u00e3o duas marcas distintas da subst\u00e2ncia qu\u00edmica MDMA.<\/li>\n<li>La MDMA a des effets \u00e0 la fois stimulants et hallucinog\u00e8nes. Il est fr\u00e9quemment utilis\u00e9 dans des contextes sociaux comme les clubs de danse et les f\u00eates.<\/li>\n<li>La s\u00e9rotonine, la nor\u00e9pin\u00e9phrine et la dopamine sont lib\u00e9r\u00e9es en grande quantit\u00e9 par le m\u00e9dicament, donnant au consommateur une sensation de vigueur.<\/li>\n<li>Molly est consid\u00e9r\u00e9e comme la MDMA dans son \u00e9tat le plus \"pur\". \u00c9tant donn\u00e9 que le m\u00e9dicament est une poudre blanche et que l'on peut y voir des tiges color\u00e9es distinctes, on suppose qu'aucun adult\u00e9rant n'a \u00e9t\u00e9 introduit. Mais cette affirmation est fausse.<\/li>\n<li>Molly peut \u00eatre fabriqu\u00e9 \u00e0 partir de MDPV, de m\u00e9thylone, de m\u00e9ph\u00e9drone et de butyl\u00e8ne et vendu comme tel.<\/li>\n<li>Ecstasy e Molly s\u00e3o duas marcas distintas da subst\u00e2ncia qu\u00edmica MDMA.<\/li>\n<li>La MDMA a des effets \u00e0 la fois stimulants et hallucinog\u00e8nes. Il est fr\u00e9quemment utilis\u00e9 dans des contextes sociaux comme les clubs de danse et les f\u00eates.<\/li>\n<li>La s\u00e9rotonine, la nor\u00e9pin\u00e9phrine et la dopamine sont lib\u00e9r\u00e9es en grande quantit\u00e9 par le m\u00e9dicament, donnant au consommateur une sensation de vigueur.<\/li>\n<li>Molly est consid\u00e9r\u00e9e comme la MDMA dans son \u00e9tat le plus \"pur\". \u00c9tant donn\u00e9 que le m\u00e9dicament est une poudre blanche et<\/li>\n<li>des peuplements de couleurs distinctes peuvent y \u00eatre vus, on suppose qu'aucun adult\u00e9rant n'y a \u00e9t\u00e9 introduit. Mais cette affirmation est fausse.<\/li>\n<li>Molly peut \u00eatre fabriqu\u00e9 \u00e0 partir de MDPV, de m\u00e9thylone, de m\u00e9ph\u00e9drone et de butyl\u00e8ne et vendu comme tel.<\/li>\n<\/ul>\n<h3><strong>Comment fonctionnent les comprim\u00e9s ECstasy ?Comprim\u00e9s d'ecstasy Achat d'ecstasy en ligne<\/strong><\/h3>\n<p>C'est ce qu'on appelle les \"party pills\", qui provoquent de l'anxi\u00e9t\u00e9, et pour plus de d\u00e9tails sur les m\u00e9dicaments, veuillez consulter\u00a0\u00a0 Molly, ecstasy, XTC, X, E, Adam, Eve, clart\u00e9, c\u00e2lin, haricots, drogue d'amour, vitesse des amoureux, la paix\u2014ce ne sont l\u00e0 que quelques-uns des noms de l'extase. Achetez 160mg MDMA Yellow Illuminati Pills disponible avec bitcoin en ligne.<\/p>","protected":false},"excerpt":{"rendered":"<p>Acheter des pilules d'ecstasy pour la vente Acheter 160mg MDMA Yellow Illuminati Pills accessible par les d\u00e9taillants de fournitures m\u00e9dicales en ligne. Pilules Accutane Il s'agit de<\/p>","protected":false},"featured_media":10244,"comment_status":"closed","ping_status":"closed","template":"","meta":{"_joinchat":[]},"product_cat":[1260],"product_tag":[2042,2032,1522,2024,2023,2027,2026,2034,2025,2035,2037,2044,2045,2043,2040,2039,2036,2031,2029,2041,2038,1530,2030,2033,2028],"yoast_head":"<!-- This site is optimized with the Yoast SEO plugin v23.0 - https:\/\/yoast.com\/wordpress\/plugins\/seo\/ -->\n<title>Ecstcy Yellow Illuminati Pills for Sale @ Best Price | Chemswell<\/title>\n<meta name=\"description\" content=\"Buy ecstasy yellow illuminati pills today for your research needs. We provide quality, reliable ecstasy yellow illuminati pills for sale at best rate.\" \/>\n<meta name=\"robots\" content=\"index, follow, max-snippet:-1, max-image-preview:large, max-video-preview:-1\" \/>\n<link rel=\"canonical\" href=\"https:\/\/chemswell.com\/fr\/produit\/acheter-ecstacy-pilules-jaunes-illuminati\/\" \/>\n<meta property=\"og:locale\" content=\"fr_FR\" \/>\n<meta property=\"og:type\" content=\"article\" \/>\n<meta property=\"og:title\" content=\"Ecstcy Yellow Illuminati Pills for Sale @ Best Price | Chemswell\" \/>\n<meta property=\"og:description\" content=\"Buy ecstasy yellow illuminati pills today for your research needs. We provide quality, reliable ecstasy yellow illuminati pills for sale at best rate.\" \/>\n<meta property=\"og:url\" content=\"https:\/\/chemswell.com\/fr\/produit\/acheter-ecstacy-pilules-jaunes-illuminati\/\" \/>\n<meta property=\"og:site_name\" content=\"Chemswell\" \/>\n<meta property=\"article:modified_time\" content=\"2025-01-08T08:08:33+00:00\" \/>\n<meta property=\"og:image\" content=\"https:\/\/chemswell.com\/wp-content\/uploads\/2023\/06\/buy-Ecstacy-yellow-illuminati-pills.jpg\" \/>\n\t<meta property=\"og:image:width\" content=\"600\" \/>\n\t<meta property=\"og:image:height\" content=\"600\" \/>\n\t<meta property=\"og:image:type\" content=\"image\/jpeg\" \/>\n<meta name=\"twitter:card\" content=\"summary_large_image\" \/>\n<meta name=\"twitter:label1\" content=\"Dur\u00e9e de lecture estim\u00e9e\" \/>\n\t<meta name=\"twitter:data1\" content=\"3 minutes\" \/>\n<!-- \/ Yoast SEO plugin. -->","yoast_head_json":{"title":"Ecstcy Yellow Illuminati Pills for Sale @ Best Price | Chemswell","description":"Buy ecstasy yellow illuminati pills today for your research needs. We provide quality, reliable ecstasy yellow illuminati pills for sale at best rate.","robots":{"index":"index","follow":"follow","max-snippet":"max-snippet:-1","max-image-preview":"max-image-preview:large","max-video-preview":"max-video-preview:-1"},"canonical":"https:\/\/chemswell.com\/fr\/produit\/acheter-ecstacy-pilules-jaunes-illuminati\/","og_locale":"fr_FR","og_type":"article","og_title":"Ecstcy Yellow Illuminati Pills for Sale @ Best Price | Chemswell","og_description":"Buy ecstasy yellow illuminati pills today for your research needs. We provide quality, reliable ecstasy yellow illuminati pills for sale at best rate.","og_url":"https:\/\/chemswell.com\/fr\/produit\/acheter-ecstacy-pilules-jaunes-illuminati\/","og_site_name":"Chemswell","article_modified_time":"2025-01-08T08:08:33+00:00","og_image":[{"width":600,"height":600,"url":"https:\/\/chemswell.com\/wp-content\/uploads\/2023\/06\/buy-Ecstacy-yellow-illuminati-pills.jpg","type":"image\/jpeg"}],"twitter_card":"summary_large_image","twitter_misc":{"Dur\u00e9e de lecture estim\u00e9e":"3 minutes"},"schema":{"@context":"https:\/\/schema.org","@graph":[{"@type":"WebPage","@id":"https:\/\/chemswell.com\/product\/buy-ecstacy-yellow-illuminati-pills\/","url":"https:\/\/chemswell.com\/product\/buy-ecstacy-yellow-illuminati-pills\/","name":"Ecstcy Yellow Illuminati Pills for Sale @ Best Price | Chemswell","isPartOf":{"@id":"https:\/\/chemswell.com\/it\/#website"},"primaryImageOfPage":{"@id":"https:\/\/chemswell.com\/product\/buy-ecstacy-yellow-illuminati-pills\/#primaryimage"},"image":{"@id":"https:\/\/chemswell.com\/product\/buy-ecstacy-yellow-illuminati-pills\/#primaryimage"},"thumbnailUrl":"https:\/\/chemswell.com\/wp-content\/uploads\/2023\/06\/buy-Ecstacy-yellow-illuminati-pills.jpg","datePublished":"2023-06-01T07:28:11+00:00","dateModified":"2025-01-08T08:08:33+00:00","description":"Buy ecstasy yellow illuminati pills today for your research needs. We provide quality, reliable ecstasy yellow illuminati pills for sale at best rate.","breadcrumb":{"@id":"https:\/\/chemswell.com\/product\/buy-ecstacy-yellow-illuminati-pills\/#breadcrumb"},"inLanguage":"fr-FR","potentialAction":[{"@type":"ReadAction","target":["https:\/\/chemswell.com\/product\/buy-ecstacy-yellow-illuminati-pills\/"]}]},{"@type":"ImageObject","inLanguage":"fr-FR","@id":"https:\/\/chemswell.com\/product\/buy-ecstacy-yellow-illuminati-pills\/#primaryimage","url":"https:\/\/chemswell.com\/wp-content\/uploads\/2023\/06\/buy-Ecstacy-yellow-illuminati-pills.jpg","contentUrl":"https:\/\/chemswell.com\/wp-content\/uploads\/2023\/06\/buy-Ecstacy-yellow-illuminati-pills.jpg","width":600,"height":600,"caption":"buy-Ecstacy-yellow-illuminati-pills"},{"@type":"BreadcrumbList","@id":"https:\/\/chemswell.com\/product\/buy-ecstacy-yellow-illuminati-pills\/#breadcrumb","itemListElement":[{"@type":"ListItem","position":1,"name":"Home","item":"https:\/\/chemswell.com\/ru\/"},{"@type":"ListItem","position":2,"name":"Shop","item":"https:\/\/chemswell.com\/ru\/%d0%bc%d0%b0%d0%b3%d0%b0%d0%b7%d0%b8%d0%bd\/"},{"@type":"ListItem","position":3,"name":"Buy Ecstacy Yellow illuminati Pills"}]},{"@type":"WebSite","@id":"https:\/\/chemswell.com\/it\/#website","url":"https:\/\/chemswell.com\/it\/","name":"Chemswell","description":"#1 Research Chemical Store","potentialAction":[{"@type":"SearchAction","target":{"@type":"EntryPoint","urlTemplate":"https:\/\/chemswell.com\/it\/?s={search_term_string}"},"query-input":"required name=search_term_string"}],"inLanguage":"fr-FR"}]}},"_links":{"self":[{"href":"https:\/\/chemswell.com\/fr\/wp-json\/wp\/v2\/product\/10118"}],"collection":[{"href":"https:\/\/chemswell.com\/fr\/wp-json\/wp\/v2\/product"}],"about":[{"href":"https:\/\/chemswell.com\/fr\/wp-json\/wp\/v2\/types\/product"}],"replies":[{"embeddable":true,"href":"https:\/\/chemswell.com\/fr\/wp-json\/wp\/v2\/comments?post=10118"}],"wp:featuredmedia":[{"embeddable":true,"href":"https:\/\/chemswell.com\/fr\/wp-json\/wp\/v2\/media\/10244"}],"wp:attachment":[{"href":"https:\/\/chemswell.com\/fr\/wp-json\/wp\/v2\/media?parent=10118"}],"wp:term":[{"taxonomy":"product_cat","embeddable":true,"href":"https:\/\/chemswell.com\/fr\/wp-json\/wp\/v2\/product_cat?post=10118"},{"taxonomy":"product_tag","embeddable":true,"href":"https:\/\/chemswell.com\/fr\/wp-json\/wp\/v2\/product_tag?post=10118"}],"curies":[{"name":"wp","href":"https:\/\/api.w.org\/{rel}","templated":true}]}}