{"id":10120,"date":"2023-06-01T07:28:18","date_gmt":"2023-06-01T07:28:18","guid":{"rendered":"https:\/\/chemswell.com\/?post_type=product&#038;p=10120"},"modified":"2025-01-08T08:09:51","modified_gmt":"2025-01-08T08:09:51","slug":"buy-molly-mdma-pills-pure-mdma","status":"publish","type":"product","link":"https:\/\/chemswell.com\/fr\/produit\/buy-molly-mdma-pills-pure-mdma\/","title":{"rendered":"Acheter des pilules Molly MDMA (Pure MDMA)"},"content":{"rendered":"<h2><strong>Qu'est-ce que Molly\/MDMA ?<\/strong><\/h2>\n<p><a href=\"https:\/\/chemswell.com\/fr\/produit\/buy-molly-mdma-pills-pure-mdma\/\">Molly\/MDMA<\/a> a des effets \u00e9nergisants, d\u00e9forme le temps et la perception, et am\u00e9liore le plaisir des stimuli tactiles. Il fonctionne \u00e0 la fois comme un stimulant et un hallucinog\u00e8ne. <a href=\"https:\/\/chemswell.com\/fr\/\">Chemswell<\/a><\/p>\n<p>Il aide les adolescents et les jeunes adultes \u00e0 se d\u00e9tendre et \u00e0 encourager\u00a0:<\/p>\n<ul>\n<li>Sexualit\u00e9, euphorie, intimit\u00e9, empathie et<\/li>\n<\/ul>\n<p>L'ecstasy, une drogue de f\u00eate populaire, est disponible sous forme de poudre ou de comprim\u00e9s. Les logos et les couleurs de la pilule varient.<\/p>\n<h3><strong>Comment sont-ils maltrait\u00e9s ?<\/strong><\/h3>\n<p>pilules \u00e0 avaler, comprim\u00e9s et capsules de gel Molly. Cristal, poudre et liquide. renifl\u00e9 ou \u00e9cras\u00e9. p\u00e9riodiquement fum\u00e9.<\/p>\n<h3><strong>Quel impact ont-ils sur le corps ?<\/strong><\/h3>\n<p>augmentation du rythme cardiaque, tension art\u00e9rielle, tension musculaire, tremblements, grincements de dents, naus\u00e9es, transpiration, euphorie, empathie, diminution de l'inhibition, frissons, vision floue, confusion, d\u00e9shydratation s\u00e9v\u00e8re, probl\u00e8mes de sommeil et envies de drogue.<\/p>\n<h3><strong>Quels en sont les effets en exc\u00e8s ?<\/strong><\/h3>\n<p><a href=\"https:\/\/en.wikipedia.org\/wiki\/MDMA\">MDMA<\/a> a le potentiel d'affecter la capacit\u00e9 du corps \u00e0 contr\u00f4ler la temp\u00e9rature \u00e0 des doses excessives. Parfois, cela peut entra\u00eener une augmentation soudaine de la temp\u00e9rature corporelle (hyperthermie), qui peut entra\u00eener une d\u00e9faillance du foie, des reins ou du syst\u00e8me cardiovasculaire, une hypertrophie du cerveau et m\u00eame la mort. De plus, l'utilisation r\u00e9p\u00e9t\u00e9e \u00e0 court terme de MDMA peut entra\u00eener des quantit\u00e9s de drogue qui pourraient \u00eatre dangereuses.<\/p>","protected":false},"excerpt":{"rendered":"<p>Qu'est-ce que Molly\/MDMA ? La Molly\/MDMA a des effets \u00e9nergisants, d\u00e9forme le temps et la perception, et augmente le plaisir des stimuli tactiles. Il fonctionne \u00e0 la fois comme<\/p>","protected":false},"featured_media":10247,"comment_status":"closed","ping_status":"closed","template":"","meta":{"_joinchat":[]},"product_cat":[1260],"product_tag":[2663,2653,1522,2645,2644,2648,2647,2655,2646,2656,2658,2665,2666,2664,2661,2660,2657,2652,2650,2662,2659,1530,2651,2654,2649],"yoast_head":"<!-- This site is optimized with the Yoast SEO plugin v23.0 - https:\/\/yoast.com\/wordpress\/plugins\/seo\/ -->\n<title>Buy Molly Mdma Pills Online - Molly Mdma Pills for Sale<\/title>\n<meta name=\"description\" content=\"Get the highest quality molly mdma pills for sale at the best prices. Shop our wide range of molly mdma pills and get fast shipping Buy Now!\" \/>\n<meta name=\"robots\" content=\"index, follow, max-snippet:-1, max-image-preview:large, max-video-preview:-1\" \/>\n<link rel=\"canonical\" href=\"https:\/\/chemswell.com\/fr\/produit\/buy-molly-mdma-pills-pure-mdma\/\" \/>\n<meta property=\"og:locale\" content=\"fr_FR\" \/>\n<meta property=\"og:type\" content=\"article\" \/>\n<meta property=\"og:title\" content=\"Buy Molly Mdma Pills Online - Molly Mdma Pills for Sale\" \/>\n<meta property=\"og:description\" content=\"Get the highest quality molly mdma pills for sale at the best prices. Shop our wide range of molly mdma pills and get fast shipping Buy Now!\" \/>\n<meta property=\"og:url\" content=\"https:\/\/chemswell.com\/fr\/produit\/buy-molly-mdma-pills-pure-mdma\/\" \/>\n<meta property=\"og:site_name\" content=\"Chemswell\" \/>\n<meta property=\"article:modified_time\" content=\"2025-01-08T08:09:51+00:00\" \/>\n<meta property=\"og:image\" content=\"https:\/\/chemswell.com\/wp-content\/uploads\/2023\/06\/Buy-Molly-MDMA-Pills.jpg\" \/>\n\t<meta property=\"og:image:width\" content=\"600\" \/>\n\t<meta property=\"og:image:height\" content=\"600\" \/>\n\t<meta property=\"og:image:type\" content=\"image\/jpeg\" \/>\n<meta name=\"twitter:card\" content=\"summary_large_image\" \/>\n<meta name=\"twitter:label1\" content=\"Dur\u00e9e de lecture estim\u00e9e\" \/>\n\t<meta name=\"twitter:data1\" content=\"2 minutes\" \/>\n<!-- \/ Yoast SEO plugin. -->","yoast_head_json":{"title":"Buy Molly Mdma Pills Online - Molly Mdma Pills for Sale","description":"Get the highest quality molly mdma pills for sale at the best prices. Shop our wide range of molly mdma pills and get fast shipping Buy Now!","robots":{"index":"index","follow":"follow","max-snippet":"max-snippet:-1","max-image-preview":"max-image-preview:large","max-video-preview":"max-video-preview:-1"},"canonical":"https:\/\/chemswell.com\/fr\/produit\/buy-molly-mdma-pills-pure-mdma\/","og_locale":"fr_FR","og_type":"article","og_title":"Buy Molly Mdma Pills Online - Molly Mdma Pills for Sale","og_description":"Get the highest quality molly mdma pills for sale at the best prices. Shop our wide range of molly mdma pills and get fast shipping Buy Now!","og_url":"https:\/\/chemswell.com\/fr\/produit\/buy-molly-mdma-pills-pure-mdma\/","og_site_name":"Chemswell","article_modified_time":"2025-01-08T08:09:51+00:00","og_image":[{"width":600,"height":600,"url":"https:\/\/chemswell.com\/wp-content\/uploads\/2023\/06\/Buy-Molly-MDMA-Pills.jpg","type":"image\/jpeg"}],"twitter_card":"summary_large_image","twitter_misc":{"Dur\u00e9e de lecture estim\u00e9e":"2 minutes"},"schema":{"@context":"https:\/\/schema.org","@graph":[{"@type":"WebPage","@id":"https:\/\/chemswell.com\/product\/buy-molly-mdma-pills-pure-mdma\/","url":"https:\/\/chemswell.com\/product\/buy-molly-mdma-pills-pure-mdma\/","name":"Buy Molly Mdma Pills Online - Molly Mdma Pills for Sale","isPartOf":{"@id":"https:\/\/chemswell.com\/it\/#website"},"primaryImageOfPage":{"@id":"https:\/\/chemswell.com\/product\/buy-molly-mdma-pills-pure-mdma\/#primaryimage"},"image":{"@id":"https:\/\/chemswell.com\/product\/buy-molly-mdma-pills-pure-mdma\/#primaryimage"},"thumbnailUrl":"https:\/\/chemswell.com\/wp-content\/uploads\/2023\/06\/Buy-Molly-MDMA-Pills.jpg","datePublished":"2023-06-01T07:28:18+00:00","dateModified":"2025-01-08T08:09:51+00:00","description":"Get the highest quality molly mdma pills for sale at the best prices. Shop our wide range of molly mdma pills and get fast shipping Buy Now!","breadcrumb":{"@id":"https:\/\/chemswell.com\/product\/buy-molly-mdma-pills-pure-mdma\/#breadcrumb"},"inLanguage":"fr-FR","potentialAction":[{"@type":"ReadAction","target":["https:\/\/chemswell.com\/product\/buy-molly-mdma-pills-pure-mdma\/"]}]},{"@type":"ImageObject","inLanguage":"fr-FR","@id":"https:\/\/chemswell.com\/product\/buy-molly-mdma-pills-pure-mdma\/#primaryimage","url":"https:\/\/chemswell.com\/wp-content\/uploads\/2023\/06\/Buy-Molly-MDMA-Pills.jpg","contentUrl":"https:\/\/chemswell.com\/wp-content\/uploads\/2023\/06\/Buy-Molly-MDMA-Pills.jpg","width":600,"height":600,"caption":"Buy-Molly-MDMA-Pills"},{"@type":"BreadcrumbList","@id":"https:\/\/chemswell.com\/product\/buy-molly-mdma-pills-pure-mdma\/#breadcrumb","itemListElement":[{"@type":"ListItem","position":1,"name":"Home","item":"https:\/\/chemswell.com\/ru\/"},{"@type":"ListItem","position":2,"name":"Shop","item":"https:\/\/chemswell.com\/ru\/%d0%bc%d0%b0%d0%b3%d0%b0%d0%b7%d0%b8%d0%bd\/"},{"@type":"ListItem","position":3,"name":"Buy Molly MDMA Pills (Pure MDMA)"}]},{"@type":"WebSite","@id":"https:\/\/chemswell.com\/it\/#website","url":"https:\/\/chemswell.com\/it\/","name":"Chemswell","description":"#1 Research Chemical Store","potentialAction":[{"@type":"SearchAction","target":{"@type":"EntryPoint","urlTemplate":"https:\/\/chemswell.com\/it\/?s={search_term_string}"},"query-input":"required name=search_term_string"}],"inLanguage":"fr-FR"}]}},"_links":{"self":[{"href":"https:\/\/chemswell.com\/fr\/wp-json\/wp\/v2\/product\/10120"}],"collection":[{"href":"https:\/\/chemswell.com\/fr\/wp-json\/wp\/v2\/product"}],"about":[{"href":"https:\/\/chemswell.com\/fr\/wp-json\/wp\/v2\/types\/product"}],"replies":[{"embeddable":true,"href":"https:\/\/chemswell.com\/fr\/wp-json\/wp\/v2\/comments?post=10120"}],"wp:featuredmedia":[{"embeddable":true,"href":"https:\/\/chemswell.com\/fr\/wp-json\/wp\/v2\/media\/10247"}],"wp:attachment":[{"href":"https:\/\/chemswell.com\/fr\/wp-json\/wp\/v2\/media?parent=10120"}],"wp:term":[{"taxonomy":"product_cat","embeddable":true,"href":"https:\/\/chemswell.com\/fr\/wp-json\/wp\/v2\/product_cat?post=10120"},{"taxonomy":"product_tag","embeddable":true,"href":"https:\/\/chemswell.com\/fr\/wp-json\/wp\/v2\/product_tag?post=10120"}],"curies":[{"name":"wp","href":"https:\/\/api.w.org\/{rel}","templated":true}]}}