{"id":10121,"date":"2023-06-01T07:29:11","date_gmt":"2023-06-01T07:29:11","guid":{"rendered":"https:\/\/chemswell.com\/?post_type=product&#038;p=10121"},"modified":"2025-01-08T08:10:19","modified_gmt":"2025-01-08T08:10:19","slug":"buy-molly-pills-online-green-hulk-250mg-molly-pills","status":"publish","type":"product","link":"https:\/\/chemswell.com\/fr\/produit\/buy-molly-pills-online-green-hulk-250mg-molly-pills\/","title":{"rendered":"Acheter des pilules Molly en ligne (pilules Molly Green Hulk 250mg}"},"content":{"rendered":"<h2><strong>Qu'est-ce que Molly ?<\/strong><\/h2>\n<p>Terme familier d\u00e9signant la drogue synth\u00e9tique <a href=\"https:\/\/chemswell.com\/fr\/produit\/buy-molly-pills-online-green-hulk-250mg-molly-pills\/\">3,4-m\u00e9thyl\u00e8nedioxym\u00e9thamph\u00e9tamine (MDMA)<\/a>, molly. La MDMA poss\u00e8de des caract\u00e9ristiques similaires \u00e0 celles des stimulants et des hallucinog\u00e8nes. Il peut provoquer des sentiments d'euphorie et augmenter la vigueur, la vitalit\u00e9 et l'excitation.<\/p>\n<p>Le sens du temps ou les exp\u00e9riences sensorielles d'une personne, telles que les stimuli visuels, tactiles ou auditifs, peuvent \u00e9galement \u00eatre affect\u00e9s par la substance. Bien qu'ils aient apparemment le m\u00eame produit chimique de base, l'ecstasy et le Molly diff\u00e8rent les uns des autres \u00e0 certains \u00e9gards. La principale distinction est que Molly, qui signifie \u00abmol\u00e9culaire\u00bb, a \u00e9t\u00e9 utilis\u00e9e pour rebaptiser l'ecstasy dans les ann\u00e9es 2000 apr\u00e8s avoir subi une r\u00e9putation n\u00e9gative en raison de son impuret\u00e9. Entre les deux produits chimiques, il y a encore plus de diff\u00e9rences. <a href=\"https:\/\/chemswell.com\/fr\/\">Chemswell<\/a><\/p>\n<h3><strong>Molly\/MDMA et ecstasy sont-ils la m\u00eame chose\u00a0?<\/strong><\/h3>\n<p><a href=\"https:\/\/en.wikipedia.org\/wiki\/MDMA\">MDMA<\/a> est l'ingr\u00e9dient principal du molly et de l'ecstasy. Il existe cependant des variations infimes entre les deux m\u00e9dicaments.<\/p>\n<p>La forme de poudre cristalline de MDMA, qui est souvent offerte sous forme de capsules et consomm\u00e9e par voie orale, est connue sous le nom de \u00ab\u00a0molly\u00a0\u00bb. D'autres noms pour cela incluent la drogue des c\u00e2lins, la vitesse de l'amant et la clart\u00e9.<\/p>\n<p>Le terme \u00ab ecstasy \u00bb fait g\u00e9n\u00e9ralement r\u00e9f\u00e9rence \u00e0 la forme de comprim\u00e9 \u00e9cras\u00e9 de la drogue. En plus de ces noms, il porte le surnom E, Eve, Adam et Bean.<\/p>\n<p>Beaucoup de gens pensent \u00e0 tort que la molly est une forme plus \"pure\" de MDMA, bien que les tests effectu\u00e9s par la DEA sur des drogues comme l'ecstasy et la molly qui ont \u00e9t\u00e9 confisqu\u00e9es aient r\u00e9v\u00e9l\u00e9 que les deux sont fr\u00e9quemment m\u00e9lang\u00e9es \u00e0 d'autres drogues et parfois n'en contiennent m\u00eame pas. MDMA.<\/p>","protected":false},"excerpt":{"rendered":"<p>Qu'est-ce que le Molly ? Terme familier d\u00e9signant la 3,4-m\u00e9thyl\u00e8nedioxym\u00e9thamph\u00e9tamine (MDMA), une drogue fabriqu\u00e9e par l'homme, la molly. La MDMA poss\u00e8de des caract\u00e9ristiques similaires \u00e0 celles des stimulants<\/p>","protected":false},"featured_media":10248,"comment_status":"closed","ping_status":"closed","template":"","meta":{"_joinchat":[]},"product_cat":[1260],"product_tag":[2686,2676,1522,2668,2667,2671,2670,2678,2669,2679,2681,2688,2689,2687,2684,2683,2680,2675,2673,2685,2682,1530,2674,2677,2672],"yoast_head":"<!-- This site is optimized with the Yoast SEO plugin v23.0 - https:\/\/yoast.com\/wordpress\/plugins\/seo\/ -->\n<title>Buy Molly Pills Online - Molly Pills for Sale - Order Molly Pills Online<\/title>\n<meta name=\"description\" content=\"Get the best of molly pills online with secure delivery. We offer top-quality molly pills for sale at unbeatable prices. Shop now and get the best deals on your purchase.\" \/>\n<meta name=\"robots\" content=\"index, follow, max-snippet:-1, max-image-preview:large, max-video-preview:-1\" \/>\n<link rel=\"canonical\" href=\"https:\/\/chemswell.com\/fr\/produit\/buy-molly-pills-online-green-hulk-250mg-molly-pills\/\" \/>\n<meta property=\"og:locale\" content=\"fr_FR\" \/>\n<meta property=\"og:type\" content=\"article\" \/>\n<meta property=\"og:title\" content=\"Buy Molly Pills Online - Molly Pills for Sale - Order Molly Pills Online\" \/>\n<meta property=\"og:description\" content=\"Get the best of molly pills online with secure delivery. We offer top-quality molly pills for sale at unbeatable prices. Shop now and get the best deals on your purchase.\" \/>\n<meta property=\"og:url\" content=\"https:\/\/chemswell.com\/fr\/produit\/buy-molly-pills-online-green-hulk-250mg-molly-pills\/\" \/>\n<meta property=\"og:site_name\" content=\"Chemswell\" \/>\n<meta property=\"article:modified_time\" content=\"2025-01-08T08:10:19+00:00\" \/>\n<meta property=\"og:image\" content=\"https:\/\/chemswell.com\/wp-content\/uploads\/2023\/06\/buy-molly-pills-online.jpg\" \/>\n\t<meta property=\"og:image:width\" content=\"600\" \/>\n\t<meta property=\"og:image:height\" content=\"600\" \/>\n\t<meta property=\"og:image:type\" content=\"image\/jpeg\" \/>\n<meta name=\"twitter:card\" content=\"summary_large_image\" \/>\n<meta name=\"twitter:label1\" content=\"Dur\u00e9e de lecture estim\u00e9e\" \/>\n\t<meta name=\"twitter:data1\" content=\"2 minutes\" \/>\n<!-- \/ Yoast SEO plugin. -->","yoast_head_json":{"title":"Buy Molly Pills Online - Molly Pills for Sale - Order Molly Pills Online","description":"Get the best of molly pills online with secure delivery. We offer top-quality molly pills for sale at unbeatable prices. Shop now and get the best deals on your purchase.","robots":{"index":"index","follow":"follow","max-snippet":"max-snippet:-1","max-image-preview":"max-image-preview:large","max-video-preview":"max-video-preview:-1"},"canonical":"https:\/\/chemswell.com\/fr\/produit\/buy-molly-pills-online-green-hulk-250mg-molly-pills\/","og_locale":"fr_FR","og_type":"article","og_title":"Buy Molly Pills Online - Molly Pills for Sale - Order Molly Pills Online","og_description":"Get the best of molly pills online with secure delivery. We offer top-quality molly pills for sale at unbeatable prices. Shop now and get the best deals on your purchase.","og_url":"https:\/\/chemswell.com\/fr\/produit\/buy-molly-pills-online-green-hulk-250mg-molly-pills\/","og_site_name":"Chemswell","article_modified_time":"2025-01-08T08:10:19+00:00","og_image":[{"width":600,"height":600,"url":"https:\/\/chemswell.com\/wp-content\/uploads\/2023\/06\/buy-molly-pills-online.jpg","type":"image\/jpeg"}],"twitter_card":"summary_large_image","twitter_misc":{"Dur\u00e9e de lecture estim\u00e9e":"2 minutes"},"schema":{"@context":"https:\/\/schema.org","@graph":[{"@type":"WebPage","@id":"https:\/\/chemswell.com\/product\/buy-molly-pills-online-green-hulk-250mg-molly-pills\/","url":"https:\/\/chemswell.com\/product\/buy-molly-pills-online-green-hulk-250mg-molly-pills\/","name":"Buy Molly Pills Online - Molly Pills for Sale - Order Molly Pills Online","isPartOf":{"@id":"https:\/\/chemswell.com\/it\/#website"},"primaryImageOfPage":{"@id":"https:\/\/chemswell.com\/product\/buy-molly-pills-online-green-hulk-250mg-molly-pills\/#primaryimage"},"image":{"@id":"https:\/\/chemswell.com\/product\/buy-molly-pills-online-green-hulk-250mg-molly-pills\/#primaryimage"},"thumbnailUrl":"https:\/\/chemswell.com\/wp-content\/uploads\/2023\/06\/buy-molly-pills-online.jpg","datePublished":"2023-06-01T07:29:11+00:00","dateModified":"2025-01-08T08:10:19+00:00","description":"Get the best of molly pills online with secure delivery. We offer top-quality molly pills for sale at unbeatable prices. Shop now and get the best deals on your purchase.","breadcrumb":{"@id":"https:\/\/chemswell.com\/product\/buy-molly-pills-online-green-hulk-250mg-molly-pills\/#breadcrumb"},"inLanguage":"fr-FR","potentialAction":[{"@type":"ReadAction","target":["https:\/\/chemswell.com\/product\/buy-molly-pills-online-green-hulk-250mg-molly-pills\/"]}]},{"@type":"ImageObject","inLanguage":"fr-FR","@id":"https:\/\/chemswell.com\/product\/buy-molly-pills-online-green-hulk-250mg-molly-pills\/#primaryimage","url":"https:\/\/chemswell.com\/wp-content\/uploads\/2023\/06\/buy-molly-pills-online.jpg","contentUrl":"https:\/\/chemswell.com\/wp-content\/uploads\/2023\/06\/buy-molly-pills-online.jpg","width":600,"height":600,"caption":"buy-molly-pills-online"},{"@type":"BreadcrumbList","@id":"https:\/\/chemswell.com\/product\/buy-molly-pills-online-green-hulk-250mg-molly-pills\/#breadcrumb","itemListElement":[{"@type":"ListItem","position":1,"name":"Home","item":"https:\/\/chemswell.com\/ru\/"},{"@type":"ListItem","position":2,"name":"Shop","item":"https:\/\/chemswell.com\/ru\/%d0%bc%d0%b0%d0%b3%d0%b0%d0%b7%d0%b8%d0%bd\/"},{"@type":"ListItem","position":3,"name":"Buy Molly Pills Online (Green Hulk 250mg molly pills}"}]},{"@type":"WebSite","@id":"https:\/\/chemswell.com\/it\/#website","url":"https:\/\/chemswell.com\/it\/","name":"Chemswell","description":"#1 Research Chemical Store","potentialAction":[{"@type":"SearchAction","target":{"@type":"EntryPoint","urlTemplate":"https:\/\/chemswell.com\/it\/?s={search_term_string}"},"query-input":"required name=search_term_string"}],"inLanguage":"fr-FR"}]}},"_links":{"self":[{"href":"https:\/\/chemswell.com\/fr\/wp-json\/wp\/v2\/product\/10121"}],"collection":[{"href":"https:\/\/chemswell.com\/fr\/wp-json\/wp\/v2\/product"}],"about":[{"href":"https:\/\/chemswell.com\/fr\/wp-json\/wp\/v2\/types\/product"}],"replies":[{"embeddable":true,"href":"https:\/\/chemswell.com\/fr\/wp-json\/wp\/v2\/comments?post=10121"}],"wp:featuredmedia":[{"embeddable":true,"href":"https:\/\/chemswell.com\/fr\/wp-json\/wp\/v2\/media\/10248"}],"wp:attachment":[{"href":"https:\/\/chemswell.com\/fr\/wp-json\/wp\/v2\/media?parent=10121"}],"wp:term":[{"taxonomy":"product_cat","embeddable":true,"href":"https:\/\/chemswell.com\/fr\/wp-json\/wp\/v2\/product_cat?post=10121"},{"taxonomy":"product_tag","embeddable":true,"href":"https:\/\/chemswell.com\/fr\/wp-json\/wp\/v2\/product_tag?post=10121"}],"curies":[{"name":"wp","href":"https:\/\/api.w.org\/{rel}","templated":true}]}}