{"id":10207,"date":"2023-06-01T10:32:14","date_gmt":"2023-06-01T10:32:14","guid":{"rendered":"https:\/\/chemswell.com\/?post_type=product&#038;p=10207"},"modified":"2025-01-08T08:17:12","modified_gmt":"2025-01-08T08:17:12","slug":"hofmann-blotter-240%c2%b5g-lsd","status":"publish","type":"product","link":"https:\/\/chemswell.com\/fr\/produit\/blotter-hofmann-240\u00b5g-lsd\/","title":{"rendered":"Buvard Hofmann 240\u00b5g LSD"},"content":{"rendered":"<h2><strong>Comment obtenir facilement et secr\u00e8tement Hofmann Blotter 240g LSD<\/strong><\/h2>\n<p>Obtenir <a href=\"https:\/\/chemswell.com\/fr\/produit\/blotter-hofmann-240\u00b5g-lsd\/\">180 g de buvard Hofmann LSD<\/a> sont maintenant disponibles. Art de buvard au LSD croustillant et terrible. Nos buvards sont extr\u00eamement puissants, alors faites preuve de prudence ; vous pouvez toujours commencer par un demi-onglet. C'est pr\u00e9f\u00e9rable \u00e0 aller trop loin. Continuez \u00e0 lire pour apprendre \u00e0 utiliser une m\u00e9thode en ligne rapide et secr\u00e8te. Obtenez les drogues psych\u00e9d\u00e9liques de votre choix rapidement et en toute s\u00e9curit\u00e9 aupr\u00e8s de ce fournisseur en ligne fiable, qui fournit une livraison rapide des meilleurs buvards et comprim\u00e9s liquides.<\/p>\n<h3><strong>S\u00e9lectionnez la taille du buvard 240ug LSD de votre choix.<\/strong><\/h3>\n<p>Buvard Hofmann 240 \u00b5g <a href=\"https:\/\/en.wikipedia.org\/wiki\/LSD\">LSD<\/a> est disponible dans une vari\u00e9t\u00e9 de formats pour r\u00e9pondre \u00e0 vos besoins uniques. Vous pouvez acheter n'importe quel type de liquide buvard dont vous avez besoin dans notre boutique en ligne, y compris des bouteilles pleine grandeur, des pastilles liquides et des buvards. Parcourez notre s\u00e9lection et choisissez la chose qui convient le mieux \u00e0 votre voyage psych\u00e9d\u00e9lique. Vous pouvez magasiner en toute confiance en sachant que nous fabriquons tous nos produits en pensant \u00e0 une exp\u00e9dition rapide. <a href=\"https:\/\/chemswell.com\/fr\/\">Chemswell<\/a><\/p>\n<h3><strong>Vous avez le choix de la quantit\u00e9 et des souches.<\/strong><\/h3>\n<p>En raison des options \u00e0 votre disposition, la personnalisation est tr\u00e8s flexible lors de l'achat de psych\u00e9d\u00e9liques en ligne. Que vous ayez besoin de 100 comprim\u00e9s ou de 200 bouteilles de liquide buvard, notre boutique en ligne a ce qu'il vous faut. Choisissez parmi une s\u00e9lection dePour vous immerger compl\u00e8tement dans le monde psych\u00e9d\u00e9lique, choisissez parmi les favoris classiques et les versions de pointe. Il est maintenant temps de commander votre buvard Hofmann 240ug et de vous le faire livrer rapidement et discr\u00e8tement.<\/p>\n<h4>Pour un paiement s\u00e9curis\u00e9 et pour soumettre votre commande, visitez la page de paiement.<\/h4>\n<p>En ajoutant les onglets et le liquide buvard souhait\u00e9s \u00e0 votre panier, vous pouvez passer votre commande. Entrez simplement vos informations de paiement dans une atmosph\u00e8re s\u00e9curis\u00e9e, puis asseyez-vous et d\u00e9tendez-vous pendant que vos marchandises sont livr\u00e9es \u00e0 votre domicile en toute confidentialit\u00e9. Si vous commandez un papier acide chez nous, vous pouvez \u00eatre s\u00fbr que vous l'obtiendrez rapidement et aupr\u00e8s d'un d\u00e9taillant en ligne r\u00e9put\u00e9.<\/p>","protected":false},"excerpt":{"rendered":"<p>Comment obtenir facilement et secr\u00e8tement du LSD Hofmann Blotter 240g Pour obtenir 180g de LSD Hofmann Blotter sont maintenant disponibles. Croustillant, terrible<\/p>","protected":false},"featured_media":10259,"comment_status":"closed","ping_status":"closed","template":"","meta":{"_joinchat":[]},"product_cat":[1259],"product_tag":[2939,2929,1522,2921,2936,2933,2920,2923,2924,2931,2922,2932,2934,2941,2942,2940,2937,2928,2926,2938,2935,1530,2927,2930,2925],"yoast_head":"<!-- This site is optimized with the Yoast SEO plugin v23.0 - https:\/\/yoast.com\/wordpress\/plugins\/seo\/ -->\n<title>Buy Hofmann Blotter 240mg LSD Online @ Best Price | CW<\/title>\n<meta name=\"description\" content=\"Buy hofmann blotter 240mg lsd online from the #1 trusted supplier Chemswell. We offer high quality hofmann blotter 240mg isd for sale along with fast delivery. Shop now!\" \/>\n<meta name=\"robots\" content=\"index, follow, max-snippet:-1, max-image-preview:large, max-video-preview:-1\" \/>\n<link rel=\"canonical\" href=\"https:\/\/chemswell.com\/fr\/produit\/blotter-hofmann-240\u00b5g-lsd\/\" \/>\n<meta property=\"og:locale\" content=\"fr_FR\" \/>\n<meta property=\"og:type\" content=\"article\" \/>\n<meta property=\"og:title\" content=\"Buy Hofmann Blotter 240mg LSD Online @ Best Price | CW\" \/>\n<meta property=\"og:description\" content=\"Buy hofmann blotter 240mg lsd online from the #1 trusted supplier Chemswell. We offer high quality hofmann blotter 240mg isd for sale along with fast delivery. Shop now!\" \/>\n<meta property=\"og:url\" content=\"https:\/\/chemswell.com\/fr\/produit\/blotter-hofmann-240\u00b5g-lsd\/\" \/>\n<meta property=\"og:site_name\" content=\"Chemswell\" \/>\n<meta property=\"article:modified_time\" content=\"2025-01-08T08:17:12+00:00\" \/>\n<meta property=\"og:image\" content=\"https:\/\/chemswell.com\/wp-content\/uploads\/2023\/06\/Hofmann-Blotter-240\u00b5g-LSD-1.jpg\" \/>\n\t<meta property=\"og:image:width\" content=\"600\" \/>\n\t<meta property=\"og:image:height\" content=\"600\" \/>\n\t<meta property=\"og:image:type\" content=\"image\/jpeg\" \/>\n<meta name=\"twitter:card\" content=\"summary_large_image\" \/>\n<meta name=\"twitter:label1\" content=\"Dur\u00e9e de lecture estim\u00e9e\" \/>\n\t<meta name=\"twitter:data1\" content=\"2 minutes\" \/>\n<!-- \/ Yoast SEO plugin. -->","yoast_head_json":{"title":"Buy Hofmann Blotter 240mg LSD Online @ Best Price | CW","description":"Buy hofmann blotter 240mg lsd online from the #1 trusted supplier Chemswell. We offer high quality hofmann blotter 240mg isd for sale along with fast delivery. Shop now!","robots":{"index":"index","follow":"follow","max-snippet":"max-snippet:-1","max-image-preview":"max-image-preview:large","max-video-preview":"max-video-preview:-1"},"canonical":"https:\/\/chemswell.com\/fr\/produit\/blotter-hofmann-240\u00b5g-lsd\/","og_locale":"fr_FR","og_type":"article","og_title":"Buy Hofmann Blotter 240mg LSD Online @ Best Price | CW","og_description":"Buy hofmann blotter 240mg lsd online from the #1 trusted supplier Chemswell. We offer high quality hofmann blotter 240mg isd for sale along with fast delivery. Shop now!","og_url":"https:\/\/chemswell.com\/fr\/produit\/blotter-hofmann-240\u00b5g-lsd\/","og_site_name":"Chemswell","article_modified_time":"2025-01-08T08:17:12+00:00","og_image":[{"width":600,"height":600,"url":"https:\/\/chemswell.com\/wp-content\/uploads\/2023\/06\/Hofmann-Blotter-240\u00b5g-LSD-1.jpg","type":"image\/jpeg"}],"twitter_card":"summary_large_image","twitter_misc":{"Dur\u00e9e de lecture estim\u00e9e":"2 minutes"},"schema":{"@context":"https:\/\/schema.org","@graph":[{"@type":"WebPage","@id":"https:\/\/chemswell.com\/product\/hofmann-blotter-240%c2%b5g-lsd\/","url":"https:\/\/chemswell.com\/product\/hofmann-blotter-240%c2%b5g-lsd\/","name":"Buy Hofmann Blotter 240mg LSD Online @ Best Price | CW","isPartOf":{"@id":"https:\/\/chemswell.com\/it\/#website"},"primaryImageOfPage":{"@id":"https:\/\/chemswell.com\/product\/hofmann-blotter-240%c2%b5g-lsd\/#primaryimage"},"image":{"@id":"https:\/\/chemswell.com\/product\/hofmann-blotter-240%c2%b5g-lsd\/#primaryimage"},"thumbnailUrl":"https:\/\/chemswell.com\/wp-content\/uploads\/2023\/06\/Hofmann-Blotter-240\u00b5g-LSD-1.jpg","datePublished":"2023-06-01T10:32:14+00:00","dateModified":"2025-01-08T08:17:12+00:00","description":"Buy hofmann blotter 240mg lsd online from the #1 trusted supplier Chemswell. We offer high quality hofmann blotter 240mg isd for sale along with fast delivery. Shop now!","breadcrumb":{"@id":"https:\/\/chemswell.com\/product\/hofmann-blotter-240%c2%b5g-lsd\/#breadcrumb"},"inLanguage":"fr-FR","potentialAction":[{"@type":"ReadAction","target":["https:\/\/chemswell.com\/product\/hofmann-blotter-240%c2%b5g-lsd\/"]}]},{"@type":"ImageObject","inLanguage":"fr-FR","@id":"https:\/\/chemswell.com\/product\/hofmann-blotter-240%c2%b5g-lsd\/#primaryimage","url":"https:\/\/chemswell.com\/wp-content\/uploads\/2023\/06\/Hofmann-Blotter-240\u00b5g-LSD-1.jpg","contentUrl":"https:\/\/chemswell.com\/wp-content\/uploads\/2023\/06\/Hofmann-Blotter-240\u00b5g-LSD-1.jpg","width":600,"height":600,"caption":"Hofmann-Blotter-240\u00b5g-LSD"},{"@type":"BreadcrumbList","@id":"https:\/\/chemswell.com\/product\/hofmann-blotter-240%c2%b5g-lsd\/#breadcrumb","itemListElement":[{"@type":"ListItem","position":1,"name":"Home","item":"https:\/\/chemswell.com\/ru\/"},{"@type":"ListItem","position":2,"name":"Shop","item":"https:\/\/chemswell.com\/ru\/%d0%bc%d0%b0%d0%b3%d0%b0%d0%b7%d0%b8%d0%bd\/"},{"@type":"ListItem","position":3,"name":"Hofmann Blotter 240\u00b5g LSD"}]},{"@type":"WebSite","@id":"https:\/\/chemswell.com\/it\/#website","url":"https:\/\/chemswell.com\/it\/","name":"Chemswell","description":"#1 Research Chemical Store","potentialAction":[{"@type":"SearchAction","target":{"@type":"EntryPoint","urlTemplate":"https:\/\/chemswell.com\/it\/?s={search_term_string}"},"query-input":"required name=search_term_string"}],"inLanguage":"fr-FR"}]}},"_links":{"self":[{"href":"https:\/\/chemswell.com\/fr\/wp-json\/wp\/v2\/product\/10207"}],"collection":[{"href":"https:\/\/chemswell.com\/fr\/wp-json\/wp\/v2\/product"}],"about":[{"href":"https:\/\/chemswell.com\/fr\/wp-json\/wp\/v2\/types\/product"}],"replies":[{"embeddable":true,"href":"https:\/\/chemswell.com\/fr\/wp-json\/wp\/v2\/comments?post=10207"}],"wp:featuredmedia":[{"embeddable":true,"href":"https:\/\/chemswell.com\/fr\/wp-json\/wp\/v2\/media\/10259"}],"wp:attachment":[{"href":"https:\/\/chemswell.com\/fr\/wp-json\/wp\/v2\/media?parent=10207"}],"wp:term":[{"taxonomy":"product_cat","embeddable":true,"href":"https:\/\/chemswell.com\/fr\/wp-json\/wp\/v2\/product_cat?post=10207"},{"taxonomy":"product_tag","embeddable":true,"href":"https:\/\/chemswell.com\/fr\/wp-json\/wp\/v2\/product_tag?post=10207"}],"curies":[{"name":"wp","href":"https:\/\/api.w.org\/{rel}","templated":true}]}}