{"id":10280,"date":"2023-06-02T09:09:37","date_gmt":"2023-06-02T09:09:37","guid":{"rendered":"https:\/\/chemswell.com\/?post_type=product&#038;p=10280"},"modified":"2026-02-28T10:32:03","modified_gmt":"2026-02-28T10:32:03","slug":"5-meo-dmt-online","status":"publish","type":"product","link":"https:\/\/chemswell.com\/fr\/produit\/5-meo-dmt-online\/","title":{"rendered":"Acheter 5-MEO-DMT en ligne"},"content":{"rendered":"<h2><strong>Acheter 5 MEO DMT en ligne<\/strong><\/h2>\n<p><a href=\"https:\/\/chemswell.com\/fr\/produit\/5-meo-dmt-online\/\">Acheter 5-MEO-DMT en ligne<\/a>, Strongly hallucinogenic 5-MeO-DMT is a tryptamine that is present in a number of plants that have historically been used to make psychoactive snuff. This approved solution standard is appropriate for forensic analysis, clinical toxicology, and 5-MeO-DMT testing procedures by GC\/MS or LC\/MS.<\/p>\n<h3 class=\"chem_headline\">L'histoire<\/h3>\n<p class=\"chem_chapter\">Traditionally <a href=\"https:\/\/en.wikipedia.org\/wiki\/5-MeO-DMT\">5-MeO-DMT<\/a> a \u00e9t\u00e9 utilis\u00e9 dans le tabac \u00e0 priser psych\u00e9d\u00e9lique fabriqu\u00e9 \u00e0 partir de r\u00e9sine d'\u00e9corce de Virola, et peut \u00eatre un constituant \u00e0 l'\u00e9tat de traces de l'ayahuasca lorsque des plantes telles que\u00a0<i>Diplopterys cabrerana<\/i> are used as an admixture. Order 5-MeO-DMT is also found in the venom of the Colorado River Toad (<i>Bufo alvarius<\/i>a \u00e9t\u00e9 utilis\u00e9 dans le tabac \u00e0 priser psych\u00e9d\u00e9lique fabriqu\u00e9 \u00e0 partir de r\u00e9sine d'\u00e9corce de Virola, et peut \u00eatre un constituant \u00e0 l'\u00e9tat de traces de l'ayahuasca lorsque des plantes telles que <a href=\"https:\/\/chemswell.com\/fr\/\">Chemswell<\/a><\/p>\n<h3><strong>Donn\u00e9es r\u00e9glementaires<\/strong><\/h3>\n<p>Cerilliant Corporation est le propri\u00e9taire enregistr\u00e9 de la marque Snap-N-Spike.<\/p>\n<p>Cerilliant Corporation est le propri\u00e9taire enregistr\u00e9 de la marque Snap-N-Spike.<\/p>\n<p>Cerilliant Corporation a d\u00e9pos\u00e9 la marque CERILLIANT.<\/p>\n<p class=\"chem_chapter\">","protected":false},"excerpt":{"rendered":"<p>Buy 5 MEO DMT Online Buy 5-MEO-DMT Online, Fortement hallucinog\u00e8ne Le 5-MeO-DMT est une tryptamine pr\u00e9sente dans un certain nombre de plantes.<\/p>","protected":false},"featured_media":10316,"comment_status":"open","ping_status":"closed","template":"","meta":{"_joinchat":[]},"product_cat":[1259],"product_tag":[2364,2354,1522,2345,2349,2348,2356,2347,2357,2359,2366,2367,2365,2362,2346,2361,2358,2353,2351,2363,2360,1530,2352,2355,2350],"yoast_head":"<!-- This site is optimized with the Yoast SEO plugin v23.0 - https:\/\/yoast.com\/wordpress\/plugins\/seo\/ -->\n<title>Buy 5 Meo DMT Online - 5 Meo DMT Crystal for Sale | CW<\/title>\n<meta name=\"description\" content=\"Buy 5 meo dmt online from a leading supplier Chemswell. We offer high quality, lab tested 5 meo dmt crystal for sale with discreet shipping, fast delivery and excellent customer service.\" \/>\n<meta name=\"robots\" content=\"index, follow, max-snippet:-1, max-image-preview:large, max-video-preview:-1\" \/>\n<link rel=\"canonical\" href=\"https:\/\/chemswell.com\/fr\/produit\/5-meo-dmt-online\/\" \/>\n<meta property=\"og:locale\" content=\"fr_FR\" \/>\n<meta property=\"og:type\" content=\"article\" \/>\n<meta property=\"og:title\" content=\"Buy 5 Meo DMT Online - 5 Meo DMT Crystal for Sale | CW\" \/>\n<meta property=\"og:description\" content=\"Buy 5 meo dmt online from a leading supplier Chemswell. We offer high quality, lab tested 5 meo dmt crystal for sale with discreet shipping, fast delivery and excellent customer service.\" \/>\n<meta property=\"og:url\" content=\"https:\/\/chemswell.com\/fr\/produit\/5-meo-dmt-online\/\" \/>\n<meta property=\"og:site_name\" content=\"Chemswell\" \/>\n<meta property=\"article:modified_time\" content=\"2026-02-28T10:32:03+00:00\" \/>\n<meta property=\"og:image\" content=\"https:\/\/chemswell.com\/wp-content\/uploads\/2023\/06\/Buy-5-Meo-DMT-Online.jpg\" \/>\n\t<meta property=\"og:image:width\" content=\"768\" \/>\n\t<meta property=\"og:image:height\" content=\"768\" \/>\n\t<meta property=\"og:image:type\" content=\"image\/jpeg\" \/>\n<meta name=\"twitter:card\" content=\"summary_large_image\" \/>\n<meta name=\"twitter:label1\" content=\"Dur\u00e9e de lecture estim\u00e9e\" \/>\n\t<meta name=\"twitter:data1\" content=\"1 minute\" \/>\n<!-- \/ Yoast SEO plugin. -->","yoast_head_json":{"title":"Buy 5 Meo DMT Online - 5 Meo DMT Crystal for Sale | CW","description":"Buy 5 meo dmt online from a leading supplier Chemswell. We offer high quality, lab tested 5 meo dmt crystal for sale with discreet shipping, fast delivery and excellent customer service.","robots":{"index":"index","follow":"follow","max-snippet":"max-snippet:-1","max-image-preview":"max-image-preview:large","max-video-preview":"max-video-preview:-1"},"canonical":"https:\/\/chemswell.com\/fr\/produit\/5-meo-dmt-online\/","og_locale":"fr_FR","og_type":"article","og_title":"Buy 5 Meo DMT Online - 5 Meo DMT Crystal for Sale | CW","og_description":"Buy 5 meo dmt online from a leading supplier Chemswell. We offer high quality, lab tested 5 meo dmt crystal for sale with discreet shipping, fast delivery and excellent customer service.","og_url":"https:\/\/chemswell.com\/fr\/produit\/5-meo-dmt-online\/","og_site_name":"Chemswell","article_modified_time":"2026-02-28T10:32:03+00:00","og_image":[{"width":768,"height":768,"url":"https:\/\/chemswell.com\/wp-content\/uploads\/2023\/06\/Buy-5-Meo-DMT-Online.jpg","type":"image\/jpeg"}],"twitter_card":"summary_large_image","twitter_misc":{"Dur\u00e9e de lecture estim\u00e9e":"1 minute"},"schema":{"@context":"https:\/\/schema.org","@graph":[{"@type":"WebPage","@id":"https:\/\/chemswell.com\/product\/5-meo-dmt-online\/","url":"https:\/\/chemswell.com\/product\/5-meo-dmt-online\/","name":"Buy 5 Meo DMT Online - 5 Meo DMT Crystal for Sale | CW","isPartOf":{"@id":"https:\/\/chemswell.com\/it\/#website"},"primaryImageOfPage":{"@id":"https:\/\/chemswell.com\/product\/5-meo-dmt-online\/#primaryimage"},"image":{"@id":"https:\/\/chemswell.com\/product\/5-meo-dmt-online\/#primaryimage"},"thumbnailUrl":"https:\/\/chemswell.com\/wp-content\/uploads\/2023\/06\/Buy-5-Meo-DMT-Online.jpg","datePublished":"2023-06-02T09:09:37+00:00","dateModified":"2026-02-28T10:32:03+00:00","description":"Buy 5 meo dmt online from a leading supplier Chemswell. We offer high quality, lab tested 5 meo dmt crystal for sale with discreet shipping, fast delivery and excellent customer service.","breadcrumb":{"@id":"https:\/\/chemswell.com\/product\/5-meo-dmt-online\/#breadcrumb"},"inLanguage":"fr-FR","potentialAction":[{"@type":"ReadAction","target":["https:\/\/chemswell.com\/product\/5-meo-dmt-online\/"]}]},{"@type":"ImageObject","inLanguage":"fr-FR","@id":"https:\/\/chemswell.com\/product\/5-meo-dmt-online\/#primaryimage","url":"https:\/\/chemswell.com\/wp-content\/uploads\/2023\/06\/Buy-5-Meo-DMT-Online.jpg","contentUrl":"https:\/\/chemswell.com\/wp-content\/uploads\/2023\/06\/Buy-5-Meo-DMT-Online.jpg","width":768,"height":768,"caption":"Buy-5-Meo-DMT-Online"},{"@type":"BreadcrumbList","@id":"https:\/\/chemswell.com\/product\/5-meo-dmt-online\/#breadcrumb","itemListElement":[{"@type":"ListItem","position":1,"name":"Home","item":"https:\/\/chemswell.com\/ru\/"},{"@type":"ListItem","position":2,"name":"Shop","item":"https:\/\/chemswell.com\/ru\/%d0%bc%d0%b0%d0%b3%d0%b0%d0%b7%d0%b8%d0%bd\/"},{"@type":"ListItem","position":3,"name":"Buy 5-MEO-DMT Online"}]},{"@type":"WebSite","@id":"https:\/\/chemswell.com\/it\/#website","url":"https:\/\/chemswell.com\/it\/","name":"Chemswell","description":"#1 Research Chemical Store","potentialAction":[{"@type":"SearchAction","target":{"@type":"EntryPoint","urlTemplate":"https:\/\/chemswell.com\/it\/?s={search_term_string}"},"query-input":"required name=search_term_string"}],"inLanguage":"fr-FR"}]}},"_links":{"self":[{"href":"https:\/\/chemswell.com\/fr\/wp-json\/wp\/v2\/product\/10280"}],"collection":[{"href":"https:\/\/chemswell.com\/fr\/wp-json\/wp\/v2\/product"}],"about":[{"href":"https:\/\/chemswell.com\/fr\/wp-json\/wp\/v2\/types\/product"}],"replies":[{"embeddable":true,"href":"https:\/\/chemswell.com\/fr\/wp-json\/wp\/v2\/comments?post=10280"}],"wp:featuredmedia":[{"embeddable":true,"href":"https:\/\/chemswell.com\/fr\/wp-json\/wp\/v2\/media\/10316"}],"wp:attachment":[{"href":"https:\/\/chemswell.com\/fr\/wp-json\/wp\/v2\/media?parent=10280"}],"wp:term":[{"taxonomy":"product_cat","embeddable":true,"href":"https:\/\/chemswell.com\/fr\/wp-json\/wp\/v2\/product_cat?post=10280"},{"taxonomy":"product_tag","embeddable":true,"href":"https:\/\/chemswell.com\/fr\/wp-json\/wp\/v2\/product_tag?post=10280"}],"curies":[{"name":"wp","href":"https:\/\/api.w.org\/{rel}","templated":true}]}}