{"id":10284,"date":"2023-06-02T09:09:49","date_gmt":"2023-06-02T09:09:49","guid":{"rendered":"https:\/\/chemswell.com\/?post_type=product&#038;p=10284"},"modified":"2026-03-05T10:29:59","modified_gmt":"2026-03-05T10:29:59","slug":"buy-liberty-caps-mushrooms-online","status":"publish","type":"product","link":"https:\/\/chemswell.com\/fr\/produit\/buy-liberty-caps-mushrooms-online\/","title":{"rendered":"Acheter des champignons Liberty Caps en ligne"},"content":{"rendered":"<h2><strong>Acheter des capsules liberty en ligne<\/strong><\/h2>\n<p><a href=\"https:\/\/chemswell.com\/fr\/produit\/buy-liberty-caps-mushrooms-online\/\"><strong>Casquettes Liberty<\/strong><\/a>\u00a0est un champignon psych\u00e9d\u00e9lique qui contient des substances psychoactives et des substances de l'ordre de l'acide folique.<\/p>\n<p>les compos\u00e9s de psilocybine.<\/p>\n<p>La forme varie d'un c\u00f4ne aigu \u00e0 une forme de cloche.<\/p>\n<p>Lorsque le chapeau est sec, il devient beaucoup plus p\u00e2le, d'une couleur jaune-brun clair. On l'appelle aussi \"magic mushies\". <a href=\"https:\/\/chemswell.com\/fr\/\">Chemswell<\/a><\/p>\n<p>Liberty caps est un champignon magique avec une longue dur\u00e9e de vie et des effets tripants - champignons magiques \u00e0 vendre<\/p>\n<p>Acheter des Liberty Caps - Apprendre \u00e0 s\u00e9cher des Liberty Caps - Comment trouver des Liberty Caps - Acheter des champignons magiques<\/p>\n<h3><strong>QU'EST-CE QUE LES CHAMPIGNONS LIBERTY CAPS ?<\/strong><\/h3>\n<p>La magie <a href=\"https:\/\/en.wikipedia.org\/wiki\/Mushroom\">champignon<\/a> L'esp\u00e8ce de champignon magique Psilocybe semilanceata, commun\u00e9ment appel\u00e9e liberty caps, contient des hallucinog\u00e8nes, la psilocybine et la psilocine.<\/p>\n<p>Ce sont les champignons magiques les plus connus, les plus puissants et les plus accessibles au monde. Apprenez o\u00f9 vous procurer des liberty caps, comment les s\u00e9cher et o\u00f9 acheter des champignons magiques.<\/p>\n<p>Liberty Caps, Blue Leg, Meditationspilz, Magic Mushrooms, Narrenschwamm, Paddlestool, Pixie Caps, Psilo, Schwammerl, Shrooms, Witch Cap, et Zwergenhut sont quelques-uns des noms communs du Psilocybe semilanceata.<\/p>\n<p>Le meilleur endroit pour acheter des champignons magiques est lors de l'excursion \"liberty cap\", o\u00f9 vous pouvez \u00e9galement acheter des \"liberty caps\".<\/p>\n<h3><strong>UTILISATION DES CAPS DE LIBERT\u00c9 Champignons<\/strong><\/h3>\n<p>Pour obtenir les meilleurs r\u00e9sultats, vous devez prendre les capsules Liberty \u00e0 jeun.<\/p>\n<p>Les champignons magiques peuvent \u00eatre m\u00e2ch\u00e9s puis aval\u00e9s.<\/p>\n<p>Plus on m\u00e2che longtemps, plus le corps absorbe efficacement les substances psychoactives. Malheureusement, le go\u00fbt n'est pas tr\u00e8s bon. Acheter des champignons magiques - O\u00f9 se procurer des capsules liberty ?<\/p>\n<p>C'est pourquoi il est \u00e9galement possible de pr\u00e9parer une tisane de champignons. Acheter Liberty Caps au Royaume-Uni<\/p>\n<p>Ils doivent \u00eatre divis\u00e9s en petits morceaux et tremp\u00e9s dans de l'eau bouillante.<\/p>\n<p>La psilocybine sera d\u00e9truite si l'eau bout, ce qui doit \u00eatre \u00e9vit\u00e9. Pour que le th\u00e9 infuse le plus doucement possible, vous pouvez placer la th\u00e9i\u00e8re sur une plaque chauffante.<\/p>\n<p>Consommez le th\u00e9 en m\u00eame temps que les fragments de champignon magique.<\/p>\n<p>La psilocybine \u00e0 base d'eau contenue dans le th\u00e9 aux champignons peut \u00eatre transform\u00e9e en psilocine en ajoutant suffisamment de jus de citron. Acheter Liberty Caps au Royaume-Uni<\/p>\n<p>Comme cela a d\u00e9j\u00e0 \u00e9t\u00e9 dit, la psilocine est \u00e0 l'origine de l'effet psych\u00e9d\u00e9lique.<\/p>\n<p>Le jus de citron garantit donc un d\u00e9part plus rapide.<\/p>\n<p>En prime, vous aurez moins de maux d'estomac. Achetez des champignons magiques et des capsules liberty.<\/p>\n<p>Recherches li\u00e9es Commander des capsules Liberty en ligne, acheter des champignons, acheter de la psilocybine en ligne, acheter des kits de champignons \u00e0 psilocybine, et acheter du psilocybe semilanceata.<\/p>","protected":false},"excerpt":{"rendered":"<p>Acheter Liberty Caps en ligne Liberty Caps est un champignon psych\u00e9d\u00e9lique qui contient des compos\u00e9s psychoactifs et de la psilocybine. Sa forme varie d'un c\u00f4ne \u00e0 l'autre.<\/p>","protected":false},"featured_media":10320,"comment_status":"closed","ping_status":"closed","template":"","meta":{"_joinchat":[]},"product_cat":[1259],"product_tag":[2456,2446,1522,2438,2437,2441,2440,2448,2439,2449,2451,2458,2459,2457,2454,2453,2450,2445,2443,2455,2452,1530,2444,2447,2442],"yoast_head":"<!-- This site is optimized with the Yoast SEO plugin v23.0 - https:\/\/yoast.com\/wordpress\/plugins\/seo\/ -->\n<title>Buy Liberty Caps Mushrooms Online at Best Price | CW<\/title>\n<meta name=\"description\" content=\"Get the highest quality liberty caps mushrooms for sale available online at best price. Our liberty caps mushrooms is lab tested and certified for purity, potency, and quality. Buy now!\" \/>\n<meta name=\"robots\" content=\"index, follow, max-snippet:-1, max-image-preview:large, max-video-preview:-1\" \/>\n<link rel=\"canonical\" href=\"https:\/\/chemswell.com\/fr\/produit\/buy-liberty-caps-mushrooms-online\/\" \/>\n<meta property=\"og:locale\" content=\"fr_FR\" \/>\n<meta property=\"og:type\" content=\"article\" \/>\n<meta property=\"og:title\" content=\"Buy Liberty Caps Mushrooms Online at Best Price | CW\" \/>\n<meta property=\"og:description\" content=\"Get the highest quality liberty caps mushrooms for sale available online at best price. Our liberty caps mushrooms is lab tested and certified for purity, potency, and quality. Buy now!\" \/>\n<meta property=\"og:url\" content=\"https:\/\/chemswell.com\/fr\/produit\/buy-liberty-caps-mushrooms-online\/\" \/>\n<meta property=\"og:site_name\" content=\"Chemswell\" \/>\n<meta property=\"article:modified_time\" content=\"2026-03-05T10:29:59+00:00\" \/>\n<meta property=\"og:image\" content=\"https:\/\/chemswell.com\/wp-content\/uploads\/2023\/06\/Liberty-Caps-Mushrooms-.jpg\" \/>\n\t<meta property=\"og:image:width\" content=\"714\" \/>\n\t<meta property=\"og:image:height\" content=\"951\" \/>\n\t<meta property=\"og:image:type\" content=\"image\/jpeg\" \/>\n<meta name=\"twitter:card\" content=\"summary_large_image\" \/>\n<meta name=\"twitter:label1\" content=\"Dur\u00e9e de lecture estim\u00e9e\" \/>\n\t<meta name=\"twitter:data1\" content=\"2 minutes\" \/>\n<!-- \/ Yoast SEO plugin. -->","yoast_head_json":{"title":"Buy Liberty Caps Mushrooms Online at Best Price | CW","description":"Get the highest quality liberty caps mushrooms for sale available online at best price. Our liberty caps mushrooms is lab tested and certified for purity, potency, and quality. Buy now!","robots":{"index":"index","follow":"follow","max-snippet":"max-snippet:-1","max-image-preview":"max-image-preview:large","max-video-preview":"max-video-preview:-1"},"canonical":"https:\/\/chemswell.com\/fr\/produit\/buy-liberty-caps-mushrooms-online\/","og_locale":"fr_FR","og_type":"article","og_title":"Buy Liberty Caps Mushrooms Online at Best Price | CW","og_description":"Get the highest quality liberty caps mushrooms for sale available online at best price. Our liberty caps mushrooms is lab tested and certified for purity, potency, and quality. Buy now!","og_url":"https:\/\/chemswell.com\/fr\/produit\/buy-liberty-caps-mushrooms-online\/","og_site_name":"Chemswell","article_modified_time":"2026-03-05T10:29:59+00:00","og_image":[{"width":714,"height":951,"url":"https:\/\/chemswell.com\/wp-content\/uploads\/2023\/06\/Liberty-Caps-Mushrooms-.jpg","type":"image\/jpeg"}],"twitter_card":"summary_large_image","twitter_misc":{"Dur\u00e9e de lecture estim\u00e9e":"2 minutes"},"schema":{"@context":"https:\/\/schema.org","@graph":[{"@type":"WebPage","@id":"https:\/\/chemswell.com\/product\/buy-liberty-caps-mushrooms-online\/","url":"https:\/\/chemswell.com\/product\/buy-liberty-caps-mushrooms-online\/","name":"Buy Liberty Caps Mushrooms Online at Best Price | CW","isPartOf":{"@id":"https:\/\/chemswell.com\/it\/#website"},"primaryImageOfPage":{"@id":"https:\/\/chemswell.com\/product\/buy-liberty-caps-mushrooms-online\/#primaryimage"},"image":{"@id":"https:\/\/chemswell.com\/product\/buy-liberty-caps-mushrooms-online\/#primaryimage"},"thumbnailUrl":"https:\/\/chemswell.com\/wp-content\/uploads\/2023\/06\/Liberty-Caps-Mushrooms-.jpg","datePublished":"2023-06-02T09:09:49+00:00","dateModified":"2026-03-05T10:29:59+00:00","description":"Get the highest quality liberty caps mushrooms for sale available online at best price. Our liberty caps mushrooms is lab tested and certified for purity, potency, and quality. Buy now!","breadcrumb":{"@id":"https:\/\/chemswell.com\/product\/buy-liberty-caps-mushrooms-online\/#breadcrumb"},"inLanguage":"fr-FR","potentialAction":[{"@type":"ReadAction","target":["https:\/\/chemswell.com\/product\/buy-liberty-caps-mushrooms-online\/"]}]},{"@type":"ImageObject","inLanguage":"fr-FR","@id":"https:\/\/chemswell.com\/product\/buy-liberty-caps-mushrooms-online\/#primaryimage","url":"https:\/\/chemswell.com\/wp-content\/uploads\/2023\/06\/Liberty-Caps-Mushrooms-.jpg","contentUrl":"https:\/\/chemswell.com\/wp-content\/uploads\/2023\/06\/Liberty-Caps-Mushrooms-.jpg","width":714,"height":951,"caption":"Liberty-Caps-Mushrooms-"},{"@type":"BreadcrumbList","@id":"https:\/\/chemswell.com\/product\/buy-liberty-caps-mushrooms-online\/#breadcrumb","itemListElement":[{"@type":"ListItem","position":1,"name":"Home","item":"https:\/\/chemswell.com\/ru\/"},{"@type":"ListItem","position":2,"name":"Shop","item":"https:\/\/chemswell.com\/ru\/%d0%bc%d0%b0%d0%b3%d0%b0%d0%b7%d0%b8%d0%bd\/"},{"@type":"ListItem","position":3,"name":"Buy Liberty Caps Mushrooms Online"}]},{"@type":"WebSite","@id":"https:\/\/chemswell.com\/it\/#website","url":"https:\/\/chemswell.com\/it\/","name":"Chemswell","description":"#1 Research Chemical Store","potentialAction":[{"@type":"SearchAction","target":{"@type":"EntryPoint","urlTemplate":"https:\/\/chemswell.com\/it\/?s={search_term_string}"},"query-input":"required name=search_term_string"}],"inLanguage":"fr-FR"}]}},"_links":{"self":[{"href":"https:\/\/chemswell.com\/fr\/wp-json\/wp\/v2\/product\/10284"}],"collection":[{"href":"https:\/\/chemswell.com\/fr\/wp-json\/wp\/v2\/product"}],"about":[{"href":"https:\/\/chemswell.com\/fr\/wp-json\/wp\/v2\/types\/product"}],"replies":[{"embeddable":true,"href":"https:\/\/chemswell.com\/fr\/wp-json\/wp\/v2\/comments?post=10284"}],"wp:featuredmedia":[{"embeddable":true,"href":"https:\/\/chemswell.com\/fr\/wp-json\/wp\/v2\/media\/10320"}],"wp:attachment":[{"href":"https:\/\/chemswell.com\/fr\/wp-json\/wp\/v2\/media?parent=10284"}],"wp:term":[{"taxonomy":"product_cat","embeddable":true,"href":"https:\/\/chemswell.com\/fr\/wp-json\/wp\/v2\/product_cat?post=10284"},{"taxonomy":"product_tag","embeddable":true,"href":"https:\/\/chemswell.com\/fr\/wp-json\/wp\/v2\/product_tag?post=10284"}],"curies":[{"name":"wp","href":"https:\/\/api.w.org\/{rel}","templated":true}]}}