{"id":10285,"date":"2023-06-02T09:09:51","date_gmt":"2023-06-02T09:09:51","guid":{"rendered":"https:\/\/chemswell.com\/?post_type=product&#038;p=10285"},"modified":"2025-01-08T07:47:55","modified_gmt":"2025-01-08T07:47:55","slug":"buy-lsd-300ug-online","status":"publish","type":"product","link":"https:\/\/chemswell.com\/fr\/produit\/buy-lsd-300ug-online\/","title":{"rendered":"Acheter LSD 300ug en ligne"},"content":{"rendered":"<h2><strong>Acheter Lsd 300ug en ligne<\/strong><\/h2>\n<p><a href=\"https:\/\/chemswell.com\/fr\/produit\/buy-lsd-300ug-online\/\">Acheter LSD Data 300ug en ligne<\/a><strong style=\"font-size: 1.28571rem;\">, <\/strong>de la National Household Survey on Drug Abuse montrent que des personnes de tous \u00e2ges consomment du D.O.J. Lsd 300ug, avec une estimation de 20,2 millions d'Am\u00e9ricains qui en consomment.<\/p>\n<p>La consommation de LSD \u00e9tait r\u00e9pandue parmi les personnes \u00e2g\u00e9es de 12 ans et plus dans la r\u00e9gion.<\/p>\n<p>Selon le sondage, 4,5 millions de personnes \u00e2g\u00e9es de 18 \u00e0 25 ans et 742 000 personnes \u00e2g\u00e9es de 12 \u00e0 17 ans ont d\u00e9clar\u00e9 avoir consomm\u00e9 du <a href=\"https:\/\/en.wikipedia.org\/wiki\/LSD\">LSD<\/a> au moins une fois chacun.<\/p>\n<p>Les lyc\u00e9ens qui consomment du LSD 300ug sont particuli\u00e8rement pr\u00e9occupants. Selon l'enqu\u00eate Monitoring the Future de l'universit\u00e9 du Michigan, pr\u00e8s de 4 % des \u00e9l\u00e8ves de terminale aux \u00c9tats-Unis ont consomm\u00e9 cette substance au cours de l'ann\u00e9e pr\u00e9c\u00e9dente et plus de 8 % en ont consomm\u00e9 au moins une fois dans <a href=\"https:\/\/chemswell.com\/fr\/\">Chemswell<\/a><\/p>\n<h3>Quels sont les dangers ?<\/h3>\n<p>La consommation de LSD a des effets secondaires impr\u00e9visibles qui varient en fonction du dosage, de l'environnement dans lequel il est utilis\u00e9, de la personnalit\u00e9 de l'utilisateur, de son humeur et de ses attentes. Alors que certains utilisateurs de LSD font \u00e9tat d'id\u00e9es d\u00e9primantes de perte de contr\u00f4le, de folie ou de mort, d'autres disent \u00e9prouver un sentiment d\u00e9primant de d\u00e9sespoir. Sous l'influence du LSD, certains utilisateurs ont connu des accidents mortels.<\/p>\n<p>Les flashbacks sont fr\u00e9quents chez les consommateurs de LSD : certains \u00e9l\u00e9ments de leur exp\u00e9rience sous LSD r\u00e9apparaissent m\u00eame apr\u00e8s qu'ils ont cess\u00e9 de consommer la drogue. Les consommateurs de LSD en ligne peuvent \u00e9galement \u00e9prouver une grande tristesse ou des psychoses de longue dur\u00e9e comme la schizophr\u00e9nie.<\/p>\n<p>LSD Buy LSD Data 300ug online n'est pas consid\u00e9r\u00e9 comme une substance addictive car, contrairement \u00e0 la coca\u00efne, \u00e0 l'h\u00e9ro\u00efne et \u00e0 la m\u00e9thamph\u00e9tamine, il n'entra\u00eene pas de comportement compulsif de recherche de drogue. Les consommateurs de LSD peuvent toutefois devenir tol\u00e9rants \u00e0 la drogue, ce qui signifie qu'ils devront prendre des doses de plus en plus \u00e9lev\u00e9es pour obtenir les effets hallucinog\u00e8nes souhait\u00e9s.<\/p>","protected":false},"excerpt":{"rendered":"<p>Buy\u00a0 Lsd 300ug online Buy Lsd Data 300ug online, from the National Household Survey on Drug Abuse show that people of all<\/p>","protected":false},"featured_media":10321,"comment_status":"closed","ping_status":"closed","template":"","meta":{"_joinchat":[]},"product_cat":[1259],"product_tag":[2479,2469,1522,2461,2460,2464,2463,2471,2462,2472,2474,2481,2482,2480,2477,2476,2473,2468,2466,2478,2475,1530,2467,2470,2465],"yoast_head":"<!-- This site is optimized with the Yoast SEO plugin v23.0 - https:\/\/yoast.com\/wordpress\/plugins\/seo\/ -->\n<title>Buy Isd 300ug Online - Isd 300ug for Sale - Order Isd 300ug Online<\/title>\n<meta name=\"description\" content=\"Get your hands on the best quality lsd 300ug for sale online at competitive prices. We offer a wide range of products that are sourced from some of the most trusted and reliable suppliers around the world. Buy now!\" \/>\n<meta name=\"robots\" content=\"index, follow, max-snippet:-1, max-image-preview:large, max-video-preview:-1\" \/>\n<link rel=\"canonical\" href=\"https:\/\/chemswell.com\/fr\/produit\/buy-lsd-300ug-online\/\" \/>\n<meta property=\"og:locale\" content=\"fr_FR\" \/>\n<meta property=\"og:type\" content=\"article\" \/>\n<meta property=\"og:title\" content=\"Buy Isd 300ug Online - Isd 300ug for Sale - Order Isd 300ug Online\" \/>\n<meta property=\"og:description\" content=\"Get your hands on the best quality lsd 300ug for sale online at competitive prices. We offer a wide range of products that are sourced from some of the most trusted and reliable suppliers around the world. Buy now!\" \/>\n<meta property=\"og:url\" content=\"https:\/\/chemswell.com\/fr\/produit\/buy-lsd-300ug-online\/\" \/>\n<meta property=\"og:site_name\" content=\"Chemswell\" \/>\n<meta property=\"article:modified_time\" content=\"2025-01-08T07:47:55+00:00\" \/>\n<meta property=\"og:image\" content=\"https:\/\/chemswell.com\/wp-content\/uploads\/2023\/06\/buy-lsd-300-ug-online-300x225-1.jpg\" \/>\n\t<meta property=\"og:image:width\" content=\"300\" \/>\n\t<meta property=\"og:image:height\" content=\"225\" \/>\n\t<meta property=\"og:image:type\" content=\"image\/jpeg\" \/>\n<meta name=\"twitter:card\" content=\"summary_large_image\" \/>\n<meta name=\"twitter:label1\" content=\"Dur\u00e9e de lecture estim\u00e9e\" \/>\n\t<meta name=\"twitter:data1\" content=\"2 minutes\" \/>\n<!-- \/ Yoast SEO plugin. -->","yoast_head_json":{"title":"Buy Isd 300ug Online - Isd 300ug for Sale - Order Isd 300ug Online","description":"Get your hands on the best quality lsd 300ug for sale online at competitive prices. We offer a wide range of products that are sourced from some of the most trusted and reliable suppliers around the world. Buy now!","robots":{"index":"index","follow":"follow","max-snippet":"max-snippet:-1","max-image-preview":"max-image-preview:large","max-video-preview":"max-video-preview:-1"},"canonical":"https:\/\/chemswell.com\/fr\/produit\/buy-lsd-300ug-online\/","og_locale":"fr_FR","og_type":"article","og_title":"Buy Isd 300ug Online - Isd 300ug for Sale - Order Isd 300ug Online","og_description":"Get your hands on the best quality lsd 300ug for sale online at competitive prices. We offer a wide range of products that are sourced from some of the most trusted and reliable suppliers around the world. Buy now!","og_url":"https:\/\/chemswell.com\/fr\/produit\/buy-lsd-300ug-online\/","og_site_name":"Chemswell","article_modified_time":"2025-01-08T07:47:55+00:00","og_image":[{"width":300,"height":225,"url":"https:\/\/chemswell.com\/wp-content\/uploads\/2023\/06\/buy-lsd-300-ug-online-300x225-1.jpg","type":"image\/jpeg"}],"twitter_card":"summary_large_image","twitter_misc":{"Dur\u00e9e de lecture estim\u00e9e":"2 minutes"},"schema":{"@context":"https:\/\/schema.org","@graph":[{"@type":"WebPage","@id":"https:\/\/chemswell.com\/product\/buy-lsd-300ug-online\/","url":"https:\/\/chemswell.com\/product\/buy-lsd-300ug-online\/","name":"Buy Isd 300ug Online - Isd 300ug for Sale - Order Isd 300ug Online","isPartOf":{"@id":"https:\/\/chemswell.com\/it\/#website"},"primaryImageOfPage":{"@id":"https:\/\/chemswell.com\/product\/buy-lsd-300ug-online\/#primaryimage"},"image":{"@id":"https:\/\/chemswell.com\/product\/buy-lsd-300ug-online\/#primaryimage"},"thumbnailUrl":"https:\/\/chemswell.com\/wp-content\/uploads\/2023\/06\/buy-lsd-300-ug-online-300x225-1.jpg","datePublished":"2023-06-02T09:09:51+00:00","dateModified":"2025-01-08T07:47:55+00:00","description":"Get your hands on the best quality lsd 300ug for sale online at competitive prices. We offer a wide range of products that are sourced from some of the most trusted and reliable suppliers around the world. Buy now!","breadcrumb":{"@id":"https:\/\/chemswell.com\/product\/buy-lsd-300ug-online\/#breadcrumb"},"inLanguage":"fr-FR","potentialAction":[{"@type":"ReadAction","target":["https:\/\/chemswell.com\/product\/buy-lsd-300ug-online\/"]}]},{"@type":"ImageObject","inLanguage":"fr-FR","@id":"https:\/\/chemswell.com\/product\/buy-lsd-300ug-online\/#primaryimage","url":"https:\/\/chemswell.com\/wp-content\/uploads\/2023\/06\/buy-lsd-300-ug-online-300x225-1.jpg","contentUrl":"https:\/\/chemswell.com\/wp-content\/uploads\/2023\/06\/buy-lsd-300-ug-online-300x225-1.jpg","width":300,"height":225,"caption":"buy-lsd-300-ug-online-300x225-1"},{"@type":"BreadcrumbList","@id":"https:\/\/chemswell.com\/product\/buy-lsd-300ug-online\/#breadcrumb","itemListElement":[{"@type":"ListItem","position":1,"name":"Home","item":"https:\/\/chemswell.com\/ru\/"},{"@type":"ListItem","position":2,"name":"Shop","item":"https:\/\/chemswell.com\/ru\/%d0%bc%d0%b0%d0%b3%d0%b0%d0%b7%d0%b8%d0%bd\/"},{"@type":"ListItem","position":3,"name":"Buy LSD 300ug Online"}]},{"@type":"WebSite","@id":"https:\/\/chemswell.com\/it\/#website","url":"https:\/\/chemswell.com\/it\/","name":"Chemswell","description":"#1 Research Chemical Store","potentialAction":[{"@type":"SearchAction","target":{"@type":"EntryPoint","urlTemplate":"https:\/\/chemswell.com\/it\/?s={search_term_string}"},"query-input":"required name=search_term_string"}],"inLanguage":"fr-FR"}]}},"_links":{"self":[{"href":"https:\/\/chemswell.com\/fr\/wp-json\/wp\/v2\/product\/10285"}],"collection":[{"href":"https:\/\/chemswell.com\/fr\/wp-json\/wp\/v2\/product"}],"about":[{"href":"https:\/\/chemswell.com\/fr\/wp-json\/wp\/v2\/types\/product"}],"replies":[{"embeddable":true,"href":"https:\/\/chemswell.com\/fr\/wp-json\/wp\/v2\/comments?post=10285"}],"wp:featuredmedia":[{"embeddable":true,"href":"https:\/\/chemswell.com\/fr\/wp-json\/wp\/v2\/media\/10321"}],"wp:attachment":[{"href":"https:\/\/chemswell.com\/fr\/wp-json\/wp\/v2\/media?parent=10285"}],"wp:term":[{"taxonomy":"product_cat","embeddable":true,"href":"https:\/\/chemswell.com\/fr\/wp-json\/wp\/v2\/product_cat?post=10285"},{"taxonomy":"product_tag","embeddable":true,"href":"https:\/\/chemswell.com\/fr\/wp-json\/wp\/v2\/product_tag?post=10285"}],"curies":[{"name":"wp","href":"https:\/\/api.w.org\/{rel}","templated":true}]}}