{"id":10322,"date":"2023-06-02T09:37:52","date_gmt":"2023-06-02T09:37:52","guid":{"rendered":"https:\/\/chemswell.com\/?post_type=product&#038;p=10322"},"modified":"2025-01-08T07:48:31","modified_gmt":"2025-01-08T07:48:31","slug":"buy-lsd-330-%ce%bcg-99-5-pure-online","status":"publish","type":"product","link":"https:\/\/chemswell.com\/fr\/produit\/buy-lsd-330-%ce%bcg-99-5-pure-online\/","title":{"rendered":"Acheter LSD 330 \u03bcg 99.5 % Pure en ligne"},"content":{"rendered":"<h2><strong>Qu'est-ce que le lsd 330ug ? ? ACHETER en ligne lsd liquide<\/strong><\/h2>\n<p>Il est fabriqu\u00e9 dans des laboratoires ill\u00e9gaux, principalement aux \u00c9tats-Unis, sous forme de cristaux. Pour la distribution, ces cristaux sont transform\u00e9s en liquide. Il n'a ni couleur, ni odeur, ni go\u00fbt, mais il est inerte. Information d'importance <a href=\"https:\/\/chemswell.com\/fr\/produit\/buy-lsd-330-\u03bcg-99-5-pure-online\/\">ACHETER du LSD liquide en ligne<\/a><\/p>\n<p>Les utilisateurs de LSD Blotter qualifient une exp\u00e9rience sous LSD de \u00ab trip \u00bb, qui dure g\u00e9n\u00e9ralement une douzaine d'heures. On parle de \u00ab bad trip \u00bb, autre terme d\u00e9signant un v\u00e9ritable enfer, lorsque les choses tournent mal, ce qui est fr\u00e9quent. L'acide, souvent appel\u00e9 di\u00e9thylamide de l'acide lysergique (<a href=\"https:\/\/en.wikipedia.org\/wiki\/LSD\">LSD<\/a>), est une substance hallucinog\u00e8ne connue pour ses effets psychologiques. <a href=\"https:\/\/chemswell.com\/fr\/\">Chemswell<\/a><\/p>","protected":false},"excerpt":{"rendered":"<p>Qu'est-ce que le lsd 330ug ? ? BUY online lsd liquid Elle est fabriqu\u00e9e dans des laboratoires ill\u00e9gaux, principalement aux \u00c9tats-Unis, sous forme de cristaux.<\/p>","protected":false},"featured_media":10328,"comment_status":"closed","ping_status":"closed","template":"","meta":{"_joinchat":[]},"product_cat":[1259],"product_tag":[2502,2492,1522,2484,2483,2487,2486,2494,2485,2495,2497,2504,2505,2503,2500,2499,2496,2491,2489,2501,2498,1530,2490,2493,2488],"yoast_head":"<!-- This site is optimized with the Yoast SEO plugin v23.0 - https:\/\/yoast.com\/wordpress\/plugins\/seo\/ -->\n<title>Buy Isd 330mg 99.5% Pure Online - Isd 330mg 99.5% for Sale<\/title>\n<meta name=\"description\" content=\"Get the best quality lsd 330mg 99.5% pure for sale at competitive prices. At our online store, you can buy lsd 330mg 99.5% pure in bulk or small quantities. We offer a secure payment system and fast delivery worldwide.\" \/>\n<meta name=\"robots\" content=\"index, follow, max-snippet:-1, max-image-preview:large, max-video-preview:-1\" \/>\n<link rel=\"canonical\" href=\"https:\/\/chemswell.com\/fr\/produit\/buy-lsd-330-\u03bcg-99-5-pure-online\/\" \/>\n<meta property=\"og:locale\" content=\"fr_FR\" \/>\n<meta property=\"og:type\" content=\"article\" \/>\n<meta property=\"og:title\" content=\"Buy Isd 330mg 99.5% Pure Online - Isd 330mg 99.5% for Sale\" \/>\n<meta property=\"og:description\" content=\"Get the best quality lsd 330mg 99.5% pure for sale at competitive prices. At our online store, you can buy lsd 330mg 99.5% pure in bulk or small quantities. We offer a secure payment system and fast delivery worldwide.\" \/>\n<meta property=\"og:url\" content=\"https:\/\/chemswell.com\/fr\/produit\/buy-lsd-330-\u03bcg-99-5-pure-online\/\" \/>\n<meta property=\"og:site_name\" content=\"Chemswell\" \/>\n<meta property=\"article:modified_time\" content=\"2025-01-08T07:48:31+00:00\" \/>\n<meta property=\"og:image\" content=\"https:\/\/chemswell.com\/wp-content\/uploads\/2023\/06\/buy-lsd300-ug-online-220x220-1.jpg\" \/>\n\t<meta property=\"og:image:width\" content=\"220\" \/>\n\t<meta property=\"og:image:height\" content=\"220\" \/>\n\t<meta property=\"og:image:type\" content=\"image\/jpeg\" \/>\n<meta name=\"twitter:card\" content=\"summary_large_image\" \/>\n<meta name=\"twitter:label1\" content=\"Dur\u00e9e de lecture estim\u00e9e\" \/>\n\t<meta name=\"twitter:data1\" content=\"1 minute\" \/>\n<!-- \/ Yoast SEO plugin. -->","yoast_head_json":{"title":"Buy Isd 330mg 99.5% Pure Online - Isd 330mg 99.5% for Sale","description":"Get the best quality lsd 330mg 99.5% pure for sale at competitive prices. At our online store, you can buy lsd 330mg 99.5% pure in bulk or small quantities. We offer a secure payment system and fast delivery worldwide.","robots":{"index":"index","follow":"follow","max-snippet":"max-snippet:-1","max-image-preview":"max-image-preview:large","max-video-preview":"max-video-preview:-1"},"canonical":"https:\/\/chemswell.com\/fr\/produit\/buy-lsd-330-\u03bcg-99-5-pure-online\/","og_locale":"fr_FR","og_type":"article","og_title":"Buy Isd 330mg 99.5% Pure Online - Isd 330mg 99.5% for Sale","og_description":"Get the best quality lsd 330mg 99.5% pure for sale at competitive prices. At our online store, you can buy lsd 330mg 99.5% pure in bulk or small quantities. We offer a secure payment system and fast delivery worldwide.","og_url":"https:\/\/chemswell.com\/fr\/produit\/buy-lsd-330-\u03bcg-99-5-pure-online\/","og_site_name":"Chemswell","article_modified_time":"2025-01-08T07:48:31+00:00","og_image":[{"width":220,"height":220,"url":"https:\/\/chemswell.com\/wp-content\/uploads\/2023\/06\/buy-lsd300-ug-online-220x220-1.jpg","type":"image\/jpeg"}],"twitter_card":"summary_large_image","twitter_misc":{"Dur\u00e9e de lecture estim\u00e9e":"1 minute"},"schema":{"@context":"https:\/\/schema.org","@graph":[{"@type":"WebPage","@id":"https:\/\/chemswell.com\/product\/buy-lsd-330-%ce%bcg-99-5-pure-online\/","url":"https:\/\/chemswell.com\/product\/buy-lsd-330-%ce%bcg-99-5-pure-online\/","name":"Buy Isd 330mg 99.5% Pure Online - Isd 330mg 99.5% for Sale","isPartOf":{"@id":"https:\/\/chemswell.com\/it\/#website"},"primaryImageOfPage":{"@id":"https:\/\/chemswell.com\/product\/buy-lsd-330-%ce%bcg-99-5-pure-online\/#primaryimage"},"image":{"@id":"https:\/\/chemswell.com\/product\/buy-lsd-330-%ce%bcg-99-5-pure-online\/#primaryimage"},"thumbnailUrl":"https:\/\/chemswell.com\/wp-content\/uploads\/2023\/06\/buy-lsd300-ug-online-220x220-1.jpg","datePublished":"2023-06-02T09:37:52+00:00","dateModified":"2025-01-08T07:48:31+00:00","description":"Get the best quality lsd 330mg 99.5% pure for sale at competitive prices. At our online store, you can buy lsd 330mg 99.5% pure in bulk or small quantities. We offer a secure payment system and fast delivery worldwide.","breadcrumb":{"@id":"https:\/\/chemswell.com\/product\/buy-lsd-330-%ce%bcg-99-5-pure-online\/#breadcrumb"},"inLanguage":"fr-FR","potentialAction":[{"@type":"ReadAction","target":["https:\/\/chemswell.com\/product\/buy-lsd-330-%ce%bcg-99-5-pure-online\/"]}]},{"@type":"ImageObject","inLanguage":"fr-FR","@id":"https:\/\/chemswell.com\/product\/buy-lsd-330-%ce%bcg-99-5-pure-online\/#primaryimage","url":"https:\/\/chemswell.com\/wp-content\/uploads\/2023\/06\/buy-lsd300-ug-online-220x220-1.jpg","contentUrl":"https:\/\/chemswell.com\/wp-content\/uploads\/2023\/06\/buy-lsd300-ug-online-220x220-1.jpg","width":220,"height":220,"caption":"buy-lsd300-ug-online-220x220-1"},{"@type":"BreadcrumbList","@id":"https:\/\/chemswell.com\/product\/buy-lsd-330-%ce%bcg-99-5-pure-online\/#breadcrumb","itemListElement":[{"@type":"ListItem","position":1,"name":"Home","item":"https:\/\/chemswell.com\/ru\/"},{"@type":"ListItem","position":2,"name":"Shop","item":"https:\/\/chemswell.com\/ru\/%d0%bc%d0%b0%d0%b3%d0%b0%d0%b7%d0%b8%d0%bd\/"},{"@type":"ListItem","position":3,"name":"Buy LSD 330 \u03bcg 99.5 % Pure Online"}]},{"@type":"WebSite","@id":"https:\/\/chemswell.com\/it\/#website","url":"https:\/\/chemswell.com\/it\/","name":"Chemswell","description":"#1 Research Chemical Store","potentialAction":[{"@type":"SearchAction","target":{"@type":"EntryPoint","urlTemplate":"https:\/\/chemswell.com\/it\/?s={search_term_string}"},"query-input":"required name=search_term_string"}],"inLanguage":"fr-FR"}]}},"_links":{"self":[{"href":"https:\/\/chemswell.com\/fr\/wp-json\/wp\/v2\/product\/10322"}],"collection":[{"href":"https:\/\/chemswell.com\/fr\/wp-json\/wp\/v2\/product"}],"about":[{"href":"https:\/\/chemswell.com\/fr\/wp-json\/wp\/v2\/types\/product"}],"replies":[{"embeddable":true,"href":"https:\/\/chemswell.com\/fr\/wp-json\/wp\/v2\/comments?post=10322"}],"wp:featuredmedia":[{"embeddable":true,"href":"https:\/\/chemswell.com\/fr\/wp-json\/wp\/v2\/media\/10328"}],"wp:attachment":[{"href":"https:\/\/chemswell.com\/fr\/wp-json\/wp\/v2\/media?parent=10322"}],"wp:term":[{"taxonomy":"product_cat","embeddable":true,"href":"https:\/\/chemswell.com\/fr\/wp-json\/wp\/v2\/product_cat?post=10322"},{"taxonomy":"product_tag","embeddable":true,"href":"https:\/\/chemswell.com\/fr\/wp-json\/wp\/v2\/product_tag?post=10322"}],"curies":[{"name":"wp","href":"https:\/\/api.w.org\/{rel}","templated":true}]}}