{"id":10327,"date":"2023-06-02T09:38:08","date_gmt":"2023-06-02T09:38:08","guid":{"rendered":"https:\/\/chemswell.com\/?post_type=product&#038;p=10327"},"modified":"2025-01-08T07:31:59","modified_gmt":"2025-01-08T07:31:59","slug":"mushroom-capsules","status":"publish","type":"product","link":"https:\/\/chemswell.com\/fr\/produit\/mushroom-capsules\/","title":{"rendered":"G\u00e9lules aux champignons"},"content":{"rendered":"<h2>Buy Shroom Capsules Online<\/h2>\n<p>Les champignons sont consid\u00e9r\u00e9s comme des substances hallucinog\u00e8nes. Ces substances incitent l'utilisateur \u00e0 ressentir des images, des sons et des sensations irr\u00e9els. Cependant, les scientifiques affirment que les effets des champignons sur un utilisateur varient en fonction de l'environnement.<\/p>\n<p>Votre personnalit\u00e9, votre \u00e9tat \u00e9motionnel, votre dosage, votre \u00e2ge, votre poids, votre environnement et vos ant\u00e9c\u00e9dents de maladie mentale ont tous une incidence sur la fa\u00e7on dont <a href=\"https:\/\/chemswell.com\/fr\/produit\/mushroom-capsules\/\">champignons magiques<\/a> Les champignons n'ont pas d'effets secondaires, m\u00eame si les sensations d\u00e9sagr\u00e9ables dues \u00e0 une surdose sont la cause la plus fr\u00e9quente de visites \u00e0 l'h\u00f4pital.<\/p>\n<p>Les champignons sont utilis\u00e9s depuis longtemps comme outil spirituel et th\u00e9rapeutique dans la culture. Certains les utilisent pour la d\u00e9couverte de soi et la th\u00e9rapie, tandis que d'autres les utilisent pour des exp\u00e9riences spirituelles. Mescaline, marijuana et magie <a href=\"https:\/\/en.wikipedia.org\/wiki\/Mushroom\">champignons<\/a> sont des exemples de substances naturelles que certaines personnes pensent pouvoir utiliser pour entrer dans leurs \u00e9tats spirituels. <a href=\"https:\/\/chemswell.com\/fr\/\">Chemswell<\/a><\/p>\n<p>Le corps transforme la psilocybine provenant de la consommation ou de l'achat de champignons magiques en psilocine, qui interagit avec les cellules du cerveau pour produire une intoxication. Les niveaux de s\u00e9rotonine sont augment\u00e9s par la psilocine, qui provoque des hallucinations. Comme il faut 12 heures pour dig\u00e9rer et \u00e9liminer la psilocybine, ses effets peuvent durer jusqu'\u00e0 ce moment.<\/p>","protected":false},"excerpt":{"rendered":"<p>Acheter des g\u00e9lules de champignons en ligne Les champignons sont consid\u00e9r\u00e9s comme des substances hallucinog\u00e8nes. Ces substances induisent l'utilisateur \u00e0 faire l'exp\u00e9rience d'images, de sons et de sensations irr\u00e9elles.<\/p>","protected":false},"featured_media":10333,"comment_status":"closed","ping_status":"closed","template":"","meta":{"_joinchat":[]},"product_cat":[1259],"product_tag":[2249,2239,1522,2231,2246,2243,2238,2230,2233,2241,2234,2232,2242,2244,2251,2252,2250,2247,2236,2248,2245,1530,2237,2240,2235],"yoast_head":"<!-- This site is optimized with the Yoast SEO plugin v23.0 - https:\/\/yoast.com\/wordpress\/plugins\/seo\/ -->\n<title>Buy Mushroom Capsules Online - Mushroom Capsules for Sale<\/title>\n<meta name=\"description\" content=\"Browse and buy mushroom capsules online from the leading supplier Chemswell. We offer mushroom capsules for sale with the highest quality and at reasonable prices. Shop now to get fast delivery to your doorstep.\" \/>\n<meta name=\"robots\" content=\"index, follow, max-snippet:-1, max-image-preview:large, max-video-preview:-1\" \/>\n<link rel=\"canonical\" href=\"https:\/\/chemswell.com\/fr\/produit\/mushroom-capsules\/\" \/>\n<meta property=\"og:locale\" content=\"fr_FR\" \/>\n<meta property=\"og:type\" content=\"article\" \/>\n<meta property=\"og:title\" content=\"Buy Mushroom Capsules Online - Mushroom Capsules for Sale\" \/>\n<meta property=\"og:description\" content=\"Browse and buy mushroom capsules online from the leading supplier Chemswell. We offer mushroom capsules for sale with the highest quality and at reasonable prices. Shop now to get fast delivery to your doorstep.\" \/>\n<meta property=\"og:url\" content=\"https:\/\/chemswell.com\/fr\/produit\/mushroom-capsules\/\" \/>\n<meta property=\"og:site_name\" content=\"Chemswell\" \/>\n<meta property=\"article:modified_time\" content=\"2025-01-08T07:31:59+00:00\" \/>\n<meta property=\"og:image\" content=\"https:\/\/chemswell.com\/wp-content\/uploads\/2023\/06\/shroom-capsules.jpg\" \/>\n\t<meta property=\"og:image:width\" content=\"500\" \/>\n\t<meta property=\"og:image:height\" content=\"500\" \/>\n\t<meta property=\"og:image:type\" content=\"image\/jpeg\" \/>\n<meta name=\"twitter:card\" content=\"summary_large_image\" \/>\n<meta name=\"twitter:label1\" content=\"Dur\u00e9e de lecture estim\u00e9e\" \/>\n\t<meta name=\"twitter:data1\" content=\"1 minute\" \/>\n<!-- \/ Yoast SEO plugin. -->","yoast_head_json":{"title":"Buy Mushroom Capsules Online - Mushroom Capsules for Sale","description":"Browse and buy mushroom capsules online from the leading supplier Chemswell. We offer mushroom capsules for sale with the highest quality and at reasonable prices. Shop now to get fast delivery to your doorstep.","robots":{"index":"index","follow":"follow","max-snippet":"max-snippet:-1","max-image-preview":"max-image-preview:large","max-video-preview":"max-video-preview:-1"},"canonical":"https:\/\/chemswell.com\/fr\/produit\/mushroom-capsules\/","og_locale":"fr_FR","og_type":"article","og_title":"Buy Mushroom Capsules Online - Mushroom Capsules for Sale","og_description":"Browse and buy mushroom capsules online from the leading supplier Chemswell. We offer mushroom capsules for sale with the highest quality and at reasonable prices. Shop now to get fast delivery to your doorstep.","og_url":"https:\/\/chemswell.com\/fr\/produit\/mushroom-capsules\/","og_site_name":"Chemswell","article_modified_time":"2025-01-08T07:31:59+00:00","og_image":[{"width":500,"height":500,"url":"https:\/\/chemswell.com\/wp-content\/uploads\/2023\/06\/shroom-capsules.jpg","type":"image\/jpeg"}],"twitter_card":"summary_large_image","twitter_misc":{"Dur\u00e9e de lecture estim\u00e9e":"1 minute"},"schema":{"@context":"https:\/\/schema.org","@graph":[{"@type":"WebPage","@id":"https:\/\/chemswell.com\/product\/mushroom-capsules\/","url":"https:\/\/chemswell.com\/product\/mushroom-capsules\/","name":"Buy Mushroom Capsules Online - Mushroom Capsules for Sale","isPartOf":{"@id":"https:\/\/chemswell.com\/it\/#website"},"primaryImageOfPage":{"@id":"https:\/\/chemswell.com\/product\/mushroom-capsules\/#primaryimage"},"image":{"@id":"https:\/\/chemswell.com\/product\/mushroom-capsules\/#primaryimage"},"thumbnailUrl":"https:\/\/chemswell.com\/wp-content\/uploads\/2023\/06\/shroom-capsules.jpg","datePublished":"2023-06-02T09:38:08+00:00","dateModified":"2025-01-08T07:31:59+00:00","description":"Browse and buy mushroom capsules online from the leading supplier Chemswell. We offer mushroom capsules for sale with the highest quality and at reasonable prices. Shop now to get fast delivery to your doorstep.","breadcrumb":{"@id":"https:\/\/chemswell.com\/product\/mushroom-capsules\/#breadcrumb"},"inLanguage":"fr-FR","potentialAction":[{"@type":"ReadAction","target":["https:\/\/chemswell.com\/product\/mushroom-capsules\/"]}]},{"@type":"ImageObject","inLanguage":"fr-FR","@id":"https:\/\/chemswell.com\/product\/mushroom-capsules\/#primaryimage","url":"https:\/\/chemswell.com\/wp-content\/uploads\/2023\/06\/shroom-capsules.jpg","contentUrl":"https:\/\/chemswell.com\/wp-content\/uploads\/2023\/06\/shroom-capsules.jpg","width":500,"height":500,"caption":"shroom-capsules"},{"@type":"BreadcrumbList","@id":"https:\/\/chemswell.com\/product\/mushroom-capsules\/#breadcrumb","itemListElement":[{"@type":"ListItem","position":1,"name":"Home","item":"https:\/\/chemswell.com\/ru\/"},{"@type":"ListItem","position":2,"name":"Shop","item":"https:\/\/chemswell.com\/ru\/%d0%bc%d0%b0%d0%b3%d0%b0%d0%b7%d0%b8%d0%bd\/"},{"@type":"ListItem","position":3,"name":"Mushroom Capsules"}]},{"@type":"WebSite","@id":"https:\/\/chemswell.com\/it\/#website","url":"https:\/\/chemswell.com\/it\/","name":"Chemswell","description":"#1 Research Chemical Store","potentialAction":[{"@type":"SearchAction","target":{"@type":"EntryPoint","urlTemplate":"https:\/\/chemswell.com\/it\/?s={search_term_string}"},"query-input":"required name=search_term_string"}],"inLanguage":"fr-FR"}]}},"_links":{"self":[{"href":"https:\/\/chemswell.com\/fr\/wp-json\/wp\/v2\/product\/10327"}],"collection":[{"href":"https:\/\/chemswell.com\/fr\/wp-json\/wp\/v2\/product"}],"about":[{"href":"https:\/\/chemswell.com\/fr\/wp-json\/wp\/v2\/types\/product"}],"replies":[{"embeddable":true,"href":"https:\/\/chemswell.com\/fr\/wp-json\/wp\/v2\/comments?post=10327"}],"wp:featuredmedia":[{"embeddable":true,"href":"https:\/\/chemswell.com\/fr\/wp-json\/wp\/v2\/media\/10333"}],"wp:attachment":[{"href":"https:\/\/chemswell.com\/fr\/wp-json\/wp\/v2\/media?parent=10327"}],"wp:term":[{"taxonomy":"product_cat","embeddable":true,"href":"https:\/\/chemswell.com\/fr\/wp-json\/wp\/v2\/product_cat?post=10327"},{"taxonomy":"product_tag","embeddable":true,"href":"https:\/\/chemswell.com\/fr\/wp-json\/wp\/v2\/product_tag?post=10327"}],"curies":[{"name":"wp","href":"https:\/\/api.w.org\/{rel}","templated":true}]}}