{"id":10360,"date":"2023-06-02T10:07:17","date_gmt":"2023-06-02T10:07:17","guid":{"rendered":"https:\/\/chemswell.com\/?post_type=product&#038;p=10360"},"modified":"2025-01-08T07:31:08","modified_gmt":"2025-01-08T07:31:08","slug":"pink-instagram-xtc-pills","status":"publish","type":"product","link":"https:\/\/chemswell.com\/fr\/produit\/pilules-roses-instagram-xtc\/","title":{"rendered":"PILULES ROSE INSTAGRAM XTC"},"content":{"rendered":"<h2>Acheter des pilules roses Instagram XTC<\/h2>\n<p>M\u00e9thyl\u00e8nedioxym\u00e9thamph\u00e9tamine (<a href=\"https:\/\/en.wikipedia.org\/wiki\/MDMA\">MDMA<\/a>) est un narcotique connu sous le nom de rue Ecstasy, Acheter <a href=\"https:\/\/chemswell.com\/fr\/produit\/pilules-roses-instagram-xtc\/\">Pilules XTC Instagram roses<\/a>. C'est une sorte de stimulant qui a \u00e9galement des effets psych\u00e9d\u00e9liques. Une personne peut se sentir plus \u00e9veill\u00e9e, alerte, confiante ou \u00e9nergique apr\u00e8s avoir utilis\u00e9 des m\u00e9dicaments stimulants parce qu'ils acc\u00e9l\u00e8rent les messages qui passent entre le cerveau et le corps. M\u00eame si l'ecstasy est occasionnellement consid\u00e9r\u00e9 comme un hallucinog\u00e8ne mod\u00e9r\u00e9, il est extr\u00eamement rare qu'une personne ait des hallucinations lors de l'utilisation de la drogue.Pink Instagram XTC Pills Online<\/p>\n<h3>Acheter des pilules roses Instagram XTC \u2013 Pilules roses Instagram XTC<\/h3>\n<p>La d\u00e9pendance, les probl\u00e8mes de m\u00e9moire, la parano\u00efa, les troubles du sommeil, le grincement des dents, la vision floue, la transpiration et un rythme cardiaque rapide sont quelques-uns des effets n\u00e9gatifs. Achetez des comprim\u00e9s Pink Instagram XTC, la d\u00e9shydratation et une temp\u00e9rature corporelle \u00e9lev\u00e9e ont toutes deux \u00e9t\u00e9 li\u00e9es \u00e0 des d\u00e9c\u00e8s.[14] Les gens \u00e9prouvent souvent de la fatigue et de la d\u00e9pression apr\u00e8s avoir consomm\u00e9. La MDMA affecte principalement certaines zones du cerveau en stimulant l'activit\u00e9 des neurotransmetteurs s\u00e9rotonine, dopamine et noradr\u00e9naline. Il appartient \u00e0 la sous-classe de m\u00e9dicaments connus sous le nom d'amph\u00e9tamines de substitution et poss\u00e8de des propri\u00e9t\u00e9s stimulantes et hallucinog\u00e8nes. <a href=\"https:\/\/chemswell.com\/fr\/\">Chemswell<\/a><\/p>\n<h3>Pilules roses Instagram XTC en ligne<\/h3>\n<p>Merck a invent\u00e9 la MDMA en 1912 pour la premi\u00e8re fois. Acheter des comprim\u00e9s roses Instagram XTC, \u00e0 partir des ann\u00e9es 1970, il a \u00e9t\u00e9 utilis\u00e9 pour am\u00e9liorer la psychoth\u00e9rapie, et dans les ann\u00e9es 1980, il a gagn\u00e9 en popularit\u00e9 en tant que drogue de rue. La musique de danse \u00e9lectronique, les raves et les soir\u00e9es dansantes sont fr\u00e9quemment li\u00e9es \u00e0 la MDMA. Il est souvent propos\u00e9 en association avec d'autres drogues telles que l'\u00e9ph\u00e9drine, l'amph\u00e9tamine et la m\u00e9thamph\u00e9tamine. 0,3 % de la population mondiale, soit 21 millions de personnes \u00e2g\u00e9es de 15 \u00e0 64 ans, ont consomm\u00e9 de l'ecstasy en 2016. C'\u00e9tait moins que pour le cannabis ou les opio\u00efdes, mais \u00e0 peu pr\u00e8s comparable au pourcentage d'usagers de coca\u00efne ou d'amph\u00e9tamines. En 2017, 0,9 % des Am\u00e9ricains et 7 % des Am\u00e9ricains, respectivement, avaient consomm\u00e9 de la MDMA.<\/p>","protected":false},"excerpt":{"rendered":"<p>Buy Pink Instagram XTC Pills La m\u00e9thyl\u00e8nedioxym\u00e9thamph\u00e9tamine (MDMA) est un stup\u00e9fiant connu sous le nom de rue Ecstasy, Buy Pink Instagram XTC Pills.<\/p>","protected":false},"featured_media":10366,"comment_status":"closed","ping_status":"closed","template":"","meta":{"_joinchat":[]},"product_cat":[1260],"product_tag":[2203,2193,1522,2185,2200,2197,2192,2190,2184,2187,2195,2186,2188,2196,2198,2205,2206,2204,2201,2202,2199,1530,2191,2194,2189],"yoast_head":"<!-- This site is optimized with the Yoast SEO plugin v23.0 - https:\/\/yoast.com\/wordpress\/plugins\/seo\/ -->\n<title>Buy Pink Instagram XTC Pills Online at Best Price | Chemswell<\/title>\n<meta name=\"description\" content=\"Buy pink instagram xtc pills online at the best prices from a leading store chemswell. We offer pink instagram xtc pills for sale with safe and secure shipping with fast delivery. Order Now!\" \/>\n<meta name=\"robots\" content=\"index, follow, max-snippet:-1, max-image-preview:large, max-video-preview:-1\" \/>\n<link rel=\"canonical\" href=\"https:\/\/chemswell.com\/fr\/produit\/pilules-roses-instagram-xtc\/\" \/>\n<meta property=\"og:locale\" content=\"fr_FR\" \/>\n<meta property=\"og:type\" content=\"article\" \/>\n<meta property=\"og:title\" content=\"Buy Pink Instagram XTC Pills Online at Best Price | Chemswell\" \/>\n<meta property=\"og:description\" content=\"Buy pink instagram xtc pills online at the best prices from a leading store chemswell. We offer pink instagram xtc pills for sale with safe and secure shipping with fast delivery. Order Now!\" \/>\n<meta property=\"og:url\" content=\"https:\/\/chemswell.com\/fr\/produit\/pilules-roses-instagram-xtc\/\" \/>\n<meta property=\"og:site_name\" content=\"Chemswell\" \/>\n<meta property=\"article:modified_time\" content=\"2025-01-08T07:31:08+00:00\" \/>\n<meta property=\"og:image\" content=\"https:\/\/chemswell.com\/wp-content\/uploads\/2023\/06\/Pink-Instagram-XTC-Pills-768x1510-1.jpg\" \/>\n\t<meta property=\"og:image:width\" content=\"768\" \/>\n\t<meta property=\"og:image:height\" content=\"1510\" \/>\n\t<meta property=\"og:image:type\" content=\"image\/jpeg\" \/>\n<meta name=\"twitter:card\" content=\"summary_large_image\" \/>\n<meta name=\"twitter:label1\" content=\"Dur\u00e9e de lecture estim\u00e9e\" \/>\n\t<meta name=\"twitter:data1\" content=\"2 minutes\" \/>\n<!-- \/ Yoast SEO plugin. -->","yoast_head_json":{"title":"Buy Pink Instagram XTC Pills Online at Best Price | Chemswell","description":"Buy pink instagram xtc pills online at the best prices from a leading store chemswell. We offer pink instagram xtc pills for sale with safe and secure shipping with fast delivery. Order Now!","robots":{"index":"index","follow":"follow","max-snippet":"max-snippet:-1","max-image-preview":"max-image-preview:large","max-video-preview":"max-video-preview:-1"},"canonical":"https:\/\/chemswell.com\/fr\/produit\/pilules-roses-instagram-xtc\/","og_locale":"fr_FR","og_type":"article","og_title":"Buy Pink Instagram XTC Pills Online at Best Price | Chemswell","og_description":"Buy pink instagram xtc pills online at the best prices from a leading store chemswell. We offer pink instagram xtc pills for sale with safe and secure shipping with fast delivery. Order Now!","og_url":"https:\/\/chemswell.com\/fr\/produit\/pilules-roses-instagram-xtc\/","og_site_name":"Chemswell","article_modified_time":"2025-01-08T07:31:08+00:00","og_image":[{"width":768,"height":1510,"url":"https:\/\/chemswell.com\/wp-content\/uploads\/2023\/06\/Pink-Instagram-XTC-Pills-768x1510-1.jpg","type":"image\/jpeg"}],"twitter_card":"summary_large_image","twitter_misc":{"Dur\u00e9e de lecture estim\u00e9e":"2 minutes"},"schema":{"@context":"https:\/\/schema.org","@graph":[{"@type":"WebPage","@id":"https:\/\/chemswell.com\/product\/pink-instagram-xtc-pills\/","url":"https:\/\/chemswell.com\/product\/pink-instagram-xtc-pills\/","name":"Buy Pink Instagram XTC Pills Online at Best Price | Chemswell","isPartOf":{"@id":"https:\/\/chemswell.com\/it\/#website"},"primaryImageOfPage":{"@id":"https:\/\/chemswell.com\/product\/pink-instagram-xtc-pills\/#primaryimage"},"image":{"@id":"https:\/\/chemswell.com\/product\/pink-instagram-xtc-pills\/#primaryimage"},"thumbnailUrl":"https:\/\/chemswell.com\/wp-content\/uploads\/2023\/06\/Pink-Instagram-XTC-Pills-768x1510-1.jpg","datePublished":"2023-06-02T10:07:17+00:00","dateModified":"2025-01-08T07:31:08+00:00","description":"Buy pink instagram xtc pills online at the best prices from a leading store chemswell. We offer pink instagram xtc pills for sale with safe and secure shipping with fast delivery. Order Now!","breadcrumb":{"@id":"https:\/\/chemswell.com\/product\/pink-instagram-xtc-pills\/#breadcrumb"},"inLanguage":"fr-FR","potentialAction":[{"@type":"ReadAction","target":["https:\/\/chemswell.com\/product\/pink-instagram-xtc-pills\/"]}]},{"@type":"ImageObject","inLanguage":"fr-FR","@id":"https:\/\/chemswell.com\/product\/pink-instagram-xtc-pills\/#primaryimage","url":"https:\/\/chemswell.com\/wp-content\/uploads\/2023\/06\/Pink-Instagram-XTC-Pills-768x1510-1.jpg","contentUrl":"https:\/\/chemswell.com\/wp-content\/uploads\/2023\/06\/Pink-Instagram-XTC-Pills-768x1510-1.jpg","width":768,"height":1510,"caption":"Pink-XTC-Pills-768x1510"},{"@type":"BreadcrumbList","@id":"https:\/\/chemswell.com\/product\/pink-instagram-xtc-pills\/#breadcrumb","itemListElement":[{"@type":"ListItem","position":1,"name":"Home","item":"https:\/\/chemswell.com\/ru\/"},{"@type":"ListItem","position":2,"name":"Shop","item":"https:\/\/chemswell.com\/ru\/%d0%bc%d0%b0%d0%b3%d0%b0%d0%b7%d0%b8%d0%bd\/"},{"@type":"ListItem","position":3,"name":"PINK INSTAGRAM XTC PILLS"}]},{"@type":"WebSite","@id":"https:\/\/chemswell.com\/it\/#website","url":"https:\/\/chemswell.com\/it\/","name":"Chemswell","description":"#1 Research Chemical Store","potentialAction":[{"@type":"SearchAction","target":{"@type":"EntryPoint","urlTemplate":"https:\/\/chemswell.com\/it\/?s={search_term_string}"},"query-input":"required name=search_term_string"}],"inLanguage":"fr-FR"}]}},"_links":{"self":[{"href":"https:\/\/chemswell.com\/fr\/wp-json\/wp\/v2\/product\/10360"}],"collection":[{"href":"https:\/\/chemswell.com\/fr\/wp-json\/wp\/v2\/product"}],"about":[{"href":"https:\/\/chemswell.com\/fr\/wp-json\/wp\/v2\/types\/product"}],"replies":[{"embeddable":true,"href":"https:\/\/chemswell.com\/fr\/wp-json\/wp\/v2\/comments?post=10360"}],"wp:featuredmedia":[{"embeddable":true,"href":"https:\/\/chemswell.com\/fr\/wp-json\/wp\/v2\/media\/10366"}],"wp:attachment":[{"href":"https:\/\/chemswell.com\/fr\/wp-json\/wp\/v2\/media?parent=10360"}],"wp:term":[{"taxonomy":"product_cat","embeddable":true,"href":"https:\/\/chemswell.com\/fr\/wp-json\/wp\/v2\/product_cat?post=10360"},{"taxonomy":"product_tag","embeddable":true,"href":"https:\/\/chemswell.com\/fr\/wp-json\/wp\/v2\/product_tag?post=10360"}],"curies":[{"name":"wp","href":"https:\/\/api.w.org\/{rel}","templated":true}]}}