{"id":10364,"date":"2023-06-02T10:07:35","date_gmt":"2023-06-02T10:07:35","guid":{"rendered":"https:\/\/chemswell.com\/?post_type=product&#038;p=10364"},"modified":"2025-01-08T07:29:17","modified_gmt":"2025-01-08T07:29:17","slug":"buy-blue-toyotas-pills-160mg-mdma-online","status":"publish","type":"product","link":"https:\/\/chemswell.com\/fr\/produit\/buy-blue-toyotas-pills-160mg-mdma-online\/","title":{"rendered":"Acheter des pilules Blue Toyotas 160mg MDMA en ligne"},"content":{"rendered":"<h2>Acheter Blue Toyota 160 mg MDMA.commander Blue Toyota's 160-200 mg MDMA des \u00c9tats-Unis<\/h2>\n<p><a href=\"https:\/\/chemswell.com\/fr\/produit\/buy-blue-toyotas-pills-160mg-mdma-online\/\">Achetez BLUE TOYOTA 160 MG MDMA<\/a> chemsWell.com a \u00e9mis un avertissement \u00abdose extr\u00eamement \u00e9lev\u00e9e\u00bb car ce comprim\u00e9 contient plus de 160 \u00e0 200 mg de <a href=\"https:\/\/en.wikipedia.org\/wiki\/MDMA\">MDMA<\/a>. <a href=\"https:\/\/chemswell.com\/fr\/\">Chemswell<\/a><\/p>","protected":false},"excerpt":{"rendered":"<p>Buy Blue Toyotas 160 mg MDMA.order Blue Toyotas 160-200 mg MDMA from USA Buy BLUE TOYOTAS 160 MG MDMA chemsWell.com issued an<\/p>","protected":false},"featured_media":10370,"comment_status":"closed","ping_status":"closed","template":"","meta":{"_joinchat":[]},"product_cat":[1260],"product_tag":[2111,2101,1522,2092,2096,2095,2103,2094,2104,2106,2113,2114,2112,2109,2093,2108,2105,2100,2098,2110,2107,1530,2099,2102,2097],"yoast_head":"<!-- This site is optimized with the Yoast SEO plugin v23.0 - https:\/\/yoast.com\/wordpress\/plugins\/seo\/ -->\n<title>Buy Blue Toyotas Pills 160mg Mdma Online at Best Price | CW<\/title>\n<meta name=\"description\" content=\"Find the best selection of blue toyotas pills for sale online at the lowest prices. Shop our wide range of products and get unbeatable deals on high-quality, pure, and safe synthetics. Buy Now!\" \/>\n<meta name=\"robots\" content=\"index, follow, max-snippet:-1, max-image-preview:large, max-video-preview:-1\" \/>\n<link rel=\"canonical\" href=\"https:\/\/chemswell.com\/fr\/produit\/buy-blue-toyotas-pills-160mg-mdma-online\/\" \/>\n<meta property=\"og:locale\" content=\"fr_FR\" \/>\n<meta property=\"og:type\" content=\"article\" \/>\n<meta property=\"og:title\" content=\"Buy Blue Toyotas Pills 160mg Mdma Online at Best Price | CW\" \/>\n<meta property=\"og:description\" content=\"Find the best selection of blue toyotas pills for sale online at the lowest prices. Shop our wide range of products and get unbeatable deals on high-quality, pure, and safe synthetics. Buy Now!\" \/>\n<meta property=\"og:url\" content=\"https:\/\/chemswell.com\/fr\/produit\/buy-blue-toyotas-pills-160mg-mdma-online\/\" \/>\n<meta property=\"og:site_name\" content=\"Chemswell\" \/>\n<meta property=\"article:modified_time\" content=\"2025-01-08T07:29:17+00:00\" \/>\n<meta property=\"og:image\" content=\"https:\/\/chemswell.com\/wp-content\/uploads\/2023\/06\/Blue-Toyotas-160-mg-MDMA.png\" \/>\n\t<meta property=\"og:image:width\" content=\"600\" \/>\n\t<meta property=\"og:image:height\" content=\"400\" \/>\n\t<meta property=\"og:image:type\" content=\"image\/png\" \/>\n<meta name=\"twitter:card\" content=\"summary_large_image\" \/>\n<meta name=\"twitter:label1\" content=\"Dur\u00e9e de lecture estim\u00e9e\" \/>\n\t<meta name=\"twitter:data1\" content=\"1 minute\" \/>\n<!-- \/ Yoast SEO plugin. -->","yoast_head_json":{"title":"Buy Blue Toyotas Pills 160mg Mdma Online at Best Price | CW","description":"Find the best selection of blue toyotas pills for sale online at the lowest prices. Shop our wide range of products and get unbeatable deals on high-quality, pure, and safe synthetics. Buy Now!","robots":{"index":"index","follow":"follow","max-snippet":"max-snippet:-1","max-image-preview":"max-image-preview:large","max-video-preview":"max-video-preview:-1"},"canonical":"https:\/\/chemswell.com\/fr\/produit\/buy-blue-toyotas-pills-160mg-mdma-online\/","og_locale":"fr_FR","og_type":"article","og_title":"Buy Blue Toyotas Pills 160mg Mdma Online at Best Price | CW","og_description":"Find the best selection of blue toyotas pills for sale online at the lowest prices. Shop our wide range of products and get unbeatable deals on high-quality, pure, and safe synthetics. Buy Now!","og_url":"https:\/\/chemswell.com\/fr\/produit\/buy-blue-toyotas-pills-160mg-mdma-online\/","og_site_name":"Chemswell","article_modified_time":"2025-01-08T07:29:17+00:00","og_image":[{"width":600,"height":400,"url":"https:\/\/chemswell.com\/wp-content\/uploads\/2023\/06\/Blue-Toyotas-160-mg-MDMA.png","type":"image\/png"}],"twitter_card":"summary_large_image","twitter_misc":{"Dur\u00e9e de lecture estim\u00e9e":"1 minute"},"schema":{"@context":"https:\/\/schema.org","@graph":[{"@type":"WebPage","@id":"https:\/\/chemswell.com\/product\/buy-blue-toyotas-pills-160mg-mdma-online\/","url":"https:\/\/chemswell.com\/product\/buy-blue-toyotas-pills-160mg-mdma-online\/","name":"Buy Blue Toyotas Pills 160mg Mdma Online at Best Price | CW","isPartOf":{"@id":"https:\/\/chemswell.com\/it\/#website"},"primaryImageOfPage":{"@id":"https:\/\/chemswell.com\/product\/buy-blue-toyotas-pills-160mg-mdma-online\/#primaryimage"},"image":{"@id":"https:\/\/chemswell.com\/product\/buy-blue-toyotas-pills-160mg-mdma-online\/#primaryimage"},"thumbnailUrl":"https:\/\/chemswell.com\/wp-content\/uploads\/2023\/06\/Blue-Toyotas-160-mg-MDMA.png","datePublished":"2023-06-02T10:07:35+00:00","dateModified":"2025-01-08T07:29:17+00:00","description":"Find the best selection of blue toyotas pills for sale online at the lowest prices. Shop our wide range of products and get unbeatable deals on high-quality, pure, and safe synthetics. Buy Now!","breadcrumb":{"@id":"https:\/\/chemswell.com\/product\/buy-blue-toyotas-pills-160mg-mdma-online\/#breadcrumb"},"inLanguage":"fr-FR","potentialAction":[{"@type":"ReadAction","target":["https:\/\/chemswell.com\/product\/buy-blue-toyotas-pills-160mg-mdma-online\/"]}]},{"@type":"ImageObject","inLanguage":"fr-FR","@id":"https:\/\/chemswell.com\/product\/buy-blue-toyotas-pills-160mg-mdma-online\/#primaryimage","url":"https:\/\/chemswell.com\/wp-content\/uploads\/2023\/06\/Blue-Toyotas-160-mg-MDMA.png","contentUrl":"https:\/\/chemswell.com\/wp-content\/uploads\/2023\/06\/Blue-Toyotas-160-mg-MDMA.png","width":600,"height":400,"caption":"Blue-Toyotas-160-mg-MDMA"},{"@type":"BreadcrumbList","@id":"https:\/\/chemswell.com\/product\/buy-blue-toyotas-pills-160mg-mdma-online\/#breadcrumb","itemListElement":[{"@type":"ListItem","position":1,"name":"Home","item":"https:\/\/chemswell.com\/ru\/"},{"@type":"ListItem","position":2,"name":"Shop","item":"https:\/\/chemswell.com\/ru\/%d0%bc%d0%b0%d0%b3%d0%b0%d0%b7%d0%b8%d0%bd\/"},{"@type":"ListItem","position":3,"name":"Buy Blue Toyotas pills 160mg MDMA Online"}]},{"@type":"WebSite","@id":"https:\/\/chemswell.com\/it\/#website","url":"https:\/\/chemswell.com\/it\/","name":"Chemswell","description":"#1 Research Chemical Store","potentialAction":[{"@type":"SearchAction","target":{"@type":"EntryPoint","urlTemplate":"https:\/\/chemswell.com\/it\/?s={search_term_string}"},"query-input":"required name=search_term_string"}],"inLanguage":"fr-FR"}]}},"_links":{"self":[{"href":"https:\/\/chemswell.com\/fr\/wp-json\/wp\/v2\/product\/10364"}],"collection":[{"href":"https:\/\/chemswell.com\/fr\/wp-json\/wp\/v2\/product"}],"about":[{"href":"https:\/\/chemswell.com\/fr\/wp-json\/wp\/v2\/types\/product"}],"replies":[{"embeddable":true,"href":"https:\/\/chemswell.com\/fr\/wp-json\/wp\/v2\/comments?post=10364"}],"wp:featuredmedia":[{"embeddable":true,"href":"https:\/\/chemswell.com\/fr\/wp-json\/wp\/v2\/media\/10370"}],"wp:attachment":[{"href":"https:\/\/chemswell.com\/fr\/wp-json\/wp\/v2\/media?parent=10364"}],"wp:term":[{"taxonomy":"product_cat","embeddable":true,"href":"https:\/\/chemswell.com\/fr\/wp-json\/wp\/v2\/product_cat?post=10364"},{"taxonomy":"product_tag","embeddable":true,"href":"https:\/\/chemswell.com\/fr\/wp-json\/wp\/v2\/product_tag?post=10364"}],"curies":[{"name":"wp","href":"https:\/\/api.w.org\/{rel}","templated":true}]}}