{"id":10405,"date":"2023-06-02T10:28:17","date_gmt":"2023-06-02T10:28:17","guid":{"rendered":"https:\/\/chemswell.com\/?post_type=product&#038;p=10405"},"modified":"2025-09-17T06:52:13","modified_gmt":"2025-09-17T06:52:13","slug":"buy-ecstacy-yellow-illuminati-pills-2","status":"publish","type":"product","link":"https:\/\/chemswell.com\/fr\/produit\/acheter-ecstacy-pilules-illuminati-jaunes-2\/","title":{"rendered":"Acheter des pilules Ecstacy Yellow illuminati"},"content":{"rendered":"<p><strong>Tr\u00e8s strictement press\u00e9, pas de poussi\u00e8re ou s'effrite !<\/strong><\/p>\n<p><strong>Pilules tr\u00e8s fortes avec une douce odeur\u00a0!<\/strong><\/p>\n<h2><strong>G\u00e9lule de 180 mg de Molly (Pure MDMA)<\/strong><\/h2>\n<p>Les groupes de m\u00e9dicaments ph\u00e9n\u00e9thylamine et amph\u00e9tamine comprennent <a href=\"https:\/\/chemswell.com\/fr\/produit\/acheter-ecstacy-pilules-illuminati-jaunes-2\/\">Acheter des pilules Ecstacy Yellow illuminati<\/a> Molly (MDMA pure), une substance empathog\u00e8ne. Son nom\u00a0: \u00ab<a href=\"https:\/\/en.wikipedia.org\/wiki\/Ecstasy\">ecstasy<\/a>\u00ab est devenu largement utilis\u00e9 pour d\u00e9crire la MDMA et fait g\u00e9n\u00e9ralement r\u00e9f\u00e9rence \u00e0 sa forme de rue, bien qu'il puisse \u00e9galement faire allusion \u00e0 la pr\u00e9sence d'adult\u00e9rants potentiels. <a href=\"https:\/\/chemswell.com\/fr\/\">Chemswell<\/a><\/p>\n<h3>Acheter des capsules de molly en ligne (Pure MDMA 160mg)<\/h3>\n<p>Les g\u00e9lules Molly sont un m\u00e9dicament ADD\/ADHD. Les d\u00e9tails et les pilules molly associ\u00e9es sont visibles ici.<\/p>\n<p>Le TDAH (trouble d\u00e9ficitaire de l'attention avec hyperactivit\u00e9) est une affection caract\u00e9ris\u00e9e par des difficult\u00e9s d'attention, d'hyperactivit\u00e9, de contr\u00f4le du comportement ou une combinaison de ces troubles. Ces probl\u00e8mes doivent \u00eatre anormaux pour l'\u00e2ge et le stade de d\u00e9veloppement d'une personne pour que le TDAH soit diagnostiqu\u00e9.<\/p>\n<p>Vous d\u00e9sirez un m\u00e9dicament ADD \/ ADHD. Voici o\u00f9 vous pouvez obtenir des capsules de molly en ligne.<\/p>\n<p>Prix bon march\u00e9 sur les pilules MDMA (molly). Il existe \u00e9galement une option acheter plus, payer moins.<\/p>\n<h3>Pilules XTC disponibles \u00e0 l'achat (en ligne).<\/h3>\n<p>L'une des affections infantiles les plus r\u00e9pandues, le trouble d\u00e9ficitaire de l'attention avec hyperactivit\u00e9 (TDAH) peut persister tout au long de l'adolescence et de l'\u00e2ge adulte. L'hyperactivit\u00e9 (suractivit\u00e9) et la difficult\u00e9 \u00e0 g\u00e9rer le comportement sont quelques-uns des sympt\u00f4mes de cette condition.<\/p>\n<p>Les comprim\u00e9s pour le TDA (trouble d\u00e9ficitaire de l'attention) et le TDAH (trouble d\u00e9ficitaire de l'attention avec hyperactivit\u00e9) sont disponibles sans ordonnance en ligne.<\/p>","protected":false},"excerpt":{"rendered":"<p>Pressage tr\u00e8s strict, pas de poussi\u00e8re ni de miettes ! Pilules tr\u00e8s fortes avec une douce odeur ! Capsule de 180 mg de Molly (MDMA pure) La ph\u00e9n\u00e9thylamine et l'amidon de la MDMA sont des composants essentiels de la mol\u00e9cule de Molly.<\/p>","protected":false},"featured_media":10435,"comment_status":"closed","ping_status":"closed","template":"","meta":{"_joinchat":[]},"product_cat":[1260],"product_tag":[2042,2032,1522,2024,2023,2027,2026,2034,2025,2035,2037,2044,2045,2043,2040,2039,2036,2031,2029,2041,2038,1530,2030,2033,2028],"yoast_head":"<!-- This site is optimized with the Yoast SEO plugin v23.0 - https:\/\/yoast.com\/wordpress\/plugins\/seo\/ -->\n<title>Buy Ecstacy Yellow Illuminati Pills Online | Chemswell<\/title>\n<meta name=\"description\" content=\"Buy the highest quality ecstacy yellow illuminati pills online at great prices. Our selection of ecstacy yellow illuminati pills for sale products is carefully curated.\" \/>\n<meta name=\"robots\" content=\"index, follow, max-snippet:-1, max-image-preview:large, max-video-preview:-1\" \/>\n<link rel=\"canonical\" href=\"https:\/\/chemswell.com\/fr\/produit\/acheter-ecstacy-pilules-illuminati-jaunes-2\/\" \/>\n<meta property=\"og:locale\" content=\"fr_FR\" \/>\n<meta property=\"og:type\" content=\"article\" \/>\n<meta property=\"og:title\" content=\"Buy Ecstacy Yellow Illuminati Pills Online | Chemswell\" \/>\n<meta property=\"og:description\" content=\"Buy the highest quality ecstacy yellow illuminati pills online at great prices. Our selection of ecstacy yellow illuminati pills for sale products is carefully curated.\" \/>\n<meta property=\"og:url\" content=\"https:\/\/chemswell.com\/fr\/produit\/acheter-ecstacy-pilules-illuminati-jaunes-2\/\" \/>\n<meta property=\"og:site_name\" content=\"Chemswell\" \/>\n<meta property=\"article:modified_time\" content=\"2025-09-17T06:52:13+00:00\" \/>\n<meta property=\"og:image\" content=\"https:\/\/chemswell.com\/wp-content\/uploads\/2023\/06\/ecstasy-150x150-1.jpg\" \/>\n\t<meta property=\"og:image:width\" content=\"150\" \/>\n\t<meta property=\"og:image:height\" content=\"150\" \/>\n\t<meta property=\"og:image:type\" content=\"image\/jpeg\" \/>\n<meta name=\"twitter:card\" content=\"summary_large_image\" \/>\n<meta name=\"twitter:label1\" content=\"Dur\u00e9e de lecture estim\u00e9e\" \/>\n\t<meta name=\"twitter:data1\" content=\"2 minutes\" \/>\n<!-- \/ Yoast SEO plugin. -->","yoast_head_json":{"title":"Buy Ecstacy Yellow Illuminati Pills Online | Chemswell","description":"Buy the highest quality ecstacy yellow illuminati pills online at great prices. Our selection of ecstacy yellow illuminati pills for sale products is carefully curated.","robots":{"index":"index","follow":"follow","max-snippet":"max-snippet:-1","max-image-preview":"max-image-preview:large","max-video-preview":"max-video-preview:-1"},"canonical":"https:\/\/chemswell.com\/fr\/produit\/acheter-ecstacy-pilules-illuminati-jaunes-2\/","og_locale":"fr_FR","og_type":"article","og_title":"Buy Ecstacy Yellow Illuminati Pills Online | Chemswell","og_description":"Buy the highest quality ecstacy yellow illuminati pills online at great prices. Our selection of ecstacy yellow illuminati pills for sale products is carefully curated.","og_url":"https:\/\/chemswell.com\/fr\/produit\/acheter-ecstacy-pilules-illuminati-jaunes-2\/","og_site_name":"Chemswell","article_modified_time":"2025-09-17T06:52:13+00:00","og_image":[{"width":150,"height":150,"url":"https:\/\/chemswell.com\/wp-content\/uploads\/2023\/06\/ecstasy-150x150-1.jpg","type":"image\/jpeg"}],"twitter_card":"summary_large_image","twitter_misc":{"Dur\u00e9e de lecture estim\u00e9e":"2 minutes"},"schema":{"@context":"https:\/\/schema.org","@graph":[{"@type":"WebPage","@id":"https:\/\/chemswell.com\/product\/buy-ecstacy-yellow-illuminati-pills-2\/","url":"https:\/\/chemswell.com\/product\/buy-ecstacy-yellow-illuminati-pills-2\/","name":"Buy Ecstacy Yellow Illuminati Pills Online | Chemswell","isPartOf":{"@id":"https:\/\/chemswell.com\/it\/#website"},"primaryImageOfPage":{"@id":"https:\/\/chemswell.com\/product\/buy-ecstacy-yellow-illuminati-pills-2\/#primaryimage"},"image":{"@id":"https:\/\/chemswell.com\/product\/buy-ecstacy-yellow-illuminati-pills-2\/#primaryimage"},"thumbnailUrl":"https:\/\/chemswell.com\/wp-content\/uploads\/2023\/06\/ecstasy-150x150-1.jpg","datePublished":"2023-06-02T10:28:17+00:00","dateModified":"2025-09-17T06:52:13+00:00","description":"Buy the highest quality ecstacy yellow illuminati pills online at great prices. Our selection of ecstacy yellow illuminati pills for sale products is carefully curated.","breadcrumb":{"@id":"https:\/\/chemswell.com\/product\/buy-ecstacy-yellow-illuminati-pills-2\/#breadcrumb"},"inLanguage":"fr-FR","potentialAction":[{"@type":"ReadAction","target":["https:\/\/chemswell.com\/product\/buy-ecstacy-yellow-illuminati-pills-2\/"]}]},{"@type":"ImageObject","inLanguage":"fr-FR","@id":"https:\/\/chemswell.com\/product\/buy-ecstacy-yellow-illuminati-pills-2\/#primaryimage","url":"https:\/\/chemswell.com\/wp-content\/uploads\/2023\/06\/ecstasy-150x150-1.jpg","contentUrl":"https:\/\/chemswell.com\/wp-content\/uploads\/2023\/06\/ecstasy-150x150-1.jpg","width":150,"height":150,"caption":"ecstasy-150x150-1"},{"@type":"BreadcrumbList","@id":"https:\/\/chemswell.com\/product\/buy-ecstacy-yellow-illuminati-pills-2\/#breadcrumb","itemListElement":[{"@type":"ListItem","position":1,"name":"Home","item":"https:\/\/chemswell.com\/ru\/"},{"@type":"ListItem","position":2,"name":"Shop","item":"https:\/\/chemswell.com\/ru\/%d0%bc%d0%b0%d0%b3%d0%b0%d0%b7%d0%b8%d0%bd\/"},{"@type":"ListItem","position":3,"name":"Buy Ecstacy Yellow illuminati Pills"}]},{"@type":"WebSite","@id":"https:\/\/chemswell.com\/it\/#website","url":"https:\/\/chemswell.com\/it\/","name":"Chemswell","description":"#1 Research Chemical Store","potentialAction":[{"@type":"SearchAction","target":{"@type":"EntryPoint","urlTemplate":"https:\/\/chemswell.com\/it\/?s={search_term_string}"},"query-input":"required name=search_term_string"}],"inLanguage":"fr-FR"}]}},"_links":{"self":[{"href":"https:\/\/chemswell.com\/fr\/wp-json\/wp\/v2\/product\/10405"}],"collection":[{"href":"https:\/\/chemswell.com\/fr\/wp-json\/wp\/v2\/product"}],"about":[{"href":"https:\/\/chemswell.com\/fr\/wp-json\/wp\/v2\/types\/product"}],"replies":[{"embeddable":true,"href":"https:\/\/chemswell.com\/fr\/wp-json\/wp\/v2\/comments?post=10405"}],"wp:featuredmedia":[{"embeddable":true,"href":"https:\/\/chemswell.com\/fr\/wp-json\/wp\/v2\/media\/10435"}],"wp:attachment":[{"href":"https:\/\/chemswell.com\/fr\/wp-json\/wp\/v2\/media?parent=10405"}],"wp:term":[{"taxonomy":"product_cat","embeddable":true,"href":"https:\/\/chemswell.com\/fr\/wp-json\/wp\/v2\/product_cat?post=10405"},{"taxonomy":"product_tag","embeddable":true,"href":"https:\/\/chemswell.com\/fr\/wp-json\/wp\/v2\/product_tag?post=10405"}],"curies":[{"name":"wp","href":"https:\/\/api.w.org\/{rel}","templated":true}]}}