{"id":10407,"date":"2023-06-02T10:28:21","date_gmt":"2023-06-02T10:28:21","guid":{"rendered":"https:\/\/chemswell.com\/?post_type=product&#038;p=10407"},"modified":"2026-04-23T09:31:36","modified_gmt":"2026-04-23T09:31:36","slug":"buy-mdma-pills","status":"publish","type":"product","link":"https:\/\/chemswell.com\/fr\/produit\/buy-mdma-pills\/","title":{"rendered":"Acheter des pilules de MDMA"},"content":{"rendered":"<h2><strong>Acheter des pilules d'ecstasy l\u00e9gitimes en ligne<\/strong><\/h2>\n<p>Les pilules d'ecstasy, parfois appel\u00e9es <a href=\"https:\/\/chemswell.com\/fr\/produit\/buy-mdma-pills\/\">MDMA<\/a>, Malcolm X, bombes \u00e9lectroniques, nems et autres noms de rue, sont des drogues psychoactives g\u00e9n\u00e9ralement utilis\u00e9es \u00e0 des fins r\u00e9cr\u00e9atives. Les r\u00e9sultats souhait\u00e9s incluent une vitalit\u00e9, une empathie et un plaisir accrus ainsi que des sentiments modifi\u00e9s.<\/p>\n<p>Tous ces effets n\u00e9gatifs sont ressentis par <a href=\"https:\/\/en.wikipedia.org\/wiki\/MDMA\">MDMA<\/a> , mais ils sont incapables d'arr\u00eater d'utiliser la drogue. En fait, les consommateurs de MDMA ch\u00e9rissent leurs fournisseurs d'ecstasy encore plus que leurs repas tant ils sont proches d'eux.<\/p>\n<p>Semblable aux m\u00e9dicaments oraux Adderall, l'utilisation de pilules d'ecstasy augmente r\u00e9guli\u00e8rement au fil du temps. Les effets lorsqu'ils sont pris par voie orale commencent dans les 30 \u00e0 45 minutes et durent 3 \u00e0 6 heures. La substance synth\u00e9tique MDMA affecte l'humeur et la perspective. Il partage des similitudes chimiques avec les stimulants et les hallucinog\u00e8nes, produisant des sensations d'augmentation de l'\u00e9nergie, du plaisir, de la distorsion sensorielle et de la perception du temps.<\/p>\n<p>Les premi\u00e8res pilules d'ecstasy ont \u00e9t\u00e9 cr\u00e9\u00e9es par Marc en 1912. \u00c0 partir des ann\u00e9es 1970, elles ont \u00e9t\u00e9 utilis\u00e9es pour am\u00e9liorer la psychoth\u00e9rapie et, dans les ann\u00e9es 1980, elles ont gagn\u00e9 en popularit\u00e9 en tant que drogue de rue. Actuellement, la MDMA affecte un plus large \u00e9ventail de personnes qui appellent plus fr\u00e9quemment la drogue Ecstasy ou Molly Powder. La drogue \u00e9tait autrefois largement utilis\u00e9e dans les bo\u00eetes de nuit, dans les clubs de danse toute la nuit et lors de bals masqu\u00e9s amusants.<\/p>\n<p>Les pilules d'ecstasy sont souvent consid\u00e9r\u00e9es comme la drogue de pr\u00e9dilection lors des raves et des festivals amusants en raison de leur efficacit\u00e9 en conjonction avec les impacts sonores de la musique et de l'\u00e9clairage. Les consommateurs de tela MDMA la prennent souvent sous forme de g\u00e9lule ou de comprim\u00e9, tandis que d'autres inhalent la poudre ou l'avalent sous forme liquide. La plupart des trafiquants de drogue op\u00e8rent secr\u00e8tement, car il est ill\u00e9gal de vendre de la MDMA de Telsa en Am\u00e9rique.<\/p>\n<p>Le terme \"Molly pills\" est un surnom courant pour les pilules d'ecstasy. Il fait souvent r\u00e9f\u00e9rence \u00e0 la forme de poudre cristalline pure de MDMA qui est g\u00e9n\u00e9ralement commercialis\u00e9e en capsules. Cependant, les consommateurs qui ach\u00e8tent de la poudre ou des g\u00e9lules commercialis\u00e9es sous le nom de Molly se retrouvent souvent avec d'autres m\u00e9dicaments, y compris des sels de bain synth\u00e9tiques, car ce qu'ils trouvent dans la rue est parfois m\u00e9lang\u00e9 \u00e0 des additifs dans le but d'augmenter leurs marges b\u00e9n\u00e9ficiaires.<\/p>","protected":false},"excerpt":{"rendered":"<p>Buy Legit Ecstasy Pills Online Ecstasy pills, sometimes referred to as MDMA, Malcolm X, e-bombs, egg rolls, and other street names, are<\/p>","protected":false},"featured_media":10437,"comment_status":"open","ping_status":"closed","template":"","meta":{"_joinchat":[]},"product_cat":[1260],"product_tag":[1996,1986,1522,1978,1977,1981,1980,1988,1979,1989,1991,1998,1999,1997,1994,1993,1990,1985,1983,1995,1992,1530,1984,1987,1982],"yoast_head":"<!-- This site is optimized with the Yoast SEO plugin v23.0 - https:\/\/yoast.com\/wordpress\/plugins\/seo\/ -->\n<title>Buy Mdma Pills Online - Mdma Pills for Sale | ChemsWell<\/title>\n<meta name=\"description\" content=\"Are you looking for Mdma Pills for sale online? You&#039;ve come to the right place. Buy Mdma Pills from our secure and reliable online store. Order Your MDMA Pills Online with Secure Shipping!\" \/>\n<meta name=\"robots\" content=\"index, follow, max-snippet:-1, max-image-preview:large, max-video-preview:-1\" \/>\n<link rel=\"canonical\" href=\"https:\/\/chemswell.com\/fr\/produit\/buy-mdma-pills\/\" \/>\n<meta property=\"og:locale\" content=\"fr_FR\" \/>\n<meta property=\"og:type\" content=\"article\" \/>\n<meta property=\"og:title\" content=\"Buy Mdma Pills Online - Mdma Pills for Sale | ChemsWell\" \/>\n<meta property=\"og:description\" content=\"Are you looking for Mdma Pills for sale online? You&#039;ve come to the right place. Buy Mdma Pills from our secure and reliable online store. Order Your MDMA Pills Online with Secure Shipping!\" \/>\n<meta property=\"og:url\" content=\"https:\/\/chemswell.com\/fr\/produit\/buy-mdma-pills\/\" \/>\n<meta property=\"og:site_name\" content=\"Chemswell\" \/>\n<meta property=\"article:modified_time\" content=\"2026-04-23T09:31:36+00:00\" \/>\n<meta property=\"og:image\" content=\"https:\/\/chemswell.com\/wp-content\/uploads\/2023\/06\/dom-perignon-mdma.jpg\" \/>\n\t<meta property=\"og:image:width\" content=\"600\" \/>\n\t<meta property=\"og:image:height\" content=\"515\" \/>\n\t<meta property=\"og:image:type\" content=\"image\/jpeg\" \/>\n<meta name=\"twitter:card\" content=\"summary_large_image\" \/>\n<meta name=\"twitter:label1\" content=\"Dur\u00e9e de lecture estim\u00e9e\" \/>\n\t<meta name=\"twitter:data1\" content=\"2 minutes\" \/>\n<!-- \/ Yoast SEO plugin. -->","yoast_head_json":{"title":"Buy Mdma Pills Online - Mdma Pills for Sale | ChemsWell","description":"Are you looking for Mdma Pills for sale online? You've come to the right place. Buy Mdma Pills from our secure and reliable online store. Order Your MDMA Pills Online with Secure Shipping!","robots":{"index":"index","follow":"follow","max-snippet":"max-snippet:-1","max-image-preview":"max-image-preview:large","max-video-preview":"max-video-preview:-1"},"canonical":"https:\/\/chemswell.com\/fr\/produit\/buy-mdma-pills\/","og_locale":"fr_FR","og_type":"article","og_title":"Buy Mdma Pills Online - Mdma Pills for Sale | ChemsWell","og_description":"Are you looking for Mdma Pills for sale online? You've come to the right place. Buy Mdma Pills from our secure and reliable online store. Order Your MDMA Pills Online with Secure Shipping!","og_url":"https:\/\/chemswell.com\/fr\/produit\/buy-mdma-pills\/","og_site_name":"Chemswell","article_modified_time":"2026-04-23T09:31:36+00:00","og_image":[{"width":600,"height":515,"url":"https:\/\/chemswell.com\/wp-content\/uploads\/2023\/06\/dom-perignon-mdma.jpg","type":"image\/jpeg"}],"twitter_card":"summary_large_image","twitter_misc":{"Dur\u00e9e de lecture estim\u00e9e":"2 minutes"},"schema":{"@context":"https:\/\/schema.org","@graph":[{"@type":"WebPage","@id":"https:\/\/chemswell.com\/product\/buy-mdma-pills\/","url":"https:\/\/chemswell.com\/product\/buy-mdma-pills\/","name":"Buy Mdma Pills Online - Mdma Pills for Sale | ChemsWell","isPartOf":{"@id":"https:\/\/chemswell.com\/it\/#website"},"primaryImageOfPage":{"@id":"https:\/\/chemswell.com\/product\/buy-mdma-pills\/#primaryimage"},"image":{"@id":"https:\/\/chemswell.com\/product\/buy-mdma-pills\/#primaryimage"},"thumbnailUrl":"https:\/\/chemswell.com\/wp-content\/uploads\/2023\/06\/dom-perignon-mdma.jpg","datePublished":"2023-06-02T10:28:21+00:00","dateModified":"2026-04-23T09:31:36+00:00","description":"Are you looking for Mdma Pills for sale online? You've come to the right place. Buy Mdma Pills from our secure and reliable online store. Order Your MDMA Pills Online with Secure Shipping!","breadcrumb":{"@id":"https:\/\/chemswell.com\/product\/buy-mdma-pills\/#breadcrumb"},"inLanguage":"fr-FR","potentialAction":[{"@type":"ReadAction","target":["https:\/\/chemswell.com\/product\/buy-mdma-pills\/"]}]},{"@type":"ImageObject","inLanguage":"fr-FR","@id":"https:\/\/chemswell.com\/product\/buy-mdma-pills\/#primaryimage","url":"https:\/\/chemswell.com\/wp-content\/uploads\/2023\/06\/dom-perignon-mdma.jpg","contentUrl":"https:\/\/chemswell.com\/wp-content\/uploads\/2023\/06\/dom-perignon-mdma.jpg","width":600,"height":515,"caption":"buy dom perignon mdma online"},{"@type":"BreadcrumbList","@id":"https:\/\/chemswell.com\/product\/buy-mdma-pills\/#breadcrumb","itemListElement":[{"@type":"ListItem","position":1,"name":"Home","item":"https:\/\/chemswell.com\/ru\/"},{"@type":"ListItem","position":2,"name":"Shop","item":"https:\/\/chemswell.com\/ru\/%d0%bc%d0%b0%d0%b3%d0%b0%d0%b7%d0%b8%d0%bd\/"},{"@type":"ListItem","position":3,"name":"Buy MDMA Pills"}]},{"@type":"WebSite","@id":"https:\/\/chemswell.com\/it\/#website","url":"https:\/\/chemswell.com\/it\/","name":"Chemswell","description":"#1 Research Chemical Store","potentialAction":[{"@type":"SearchAction","target":{"@type":"EntryPoint","urlTemplate":"https:\/\/chemswell.com\/it\/?s={search_term_string}"},"query-input":"required name=search_term_string"}],"inLanguage":"fr-FR"}]}},"_links":{"self":[{"href":"https:\/\/chemswell.com\/fr\/wp-json\/wp\/v2\/product\/10407"}],"collection":[{"href":"https:\/\/chemswell.com\/fr\/wp-json\/wp\/v2\/product"}],"about":[{"href":"https:\/\/chemswell.com\/fr\/wp-json\/wp\/v2\/types\/product"}],"replies":[{"embeddable":true,"href":"https:\/\/chemswell.com\/fr\/wp-json\/wp\/v2\/comments?post=10407"}],"wp:featuredmedia":[{"embeddable":true,"href":"https:\/\/chemswell.com\/fr\/wp-json\/wp\/v2\/media\/10437"}],"wp:attachment":[{"href":"https:\/\/chemswell.com\/fr\/wp-json\/wp\/v2\/media?parent=10407"}],"wp:term":[{"taxonomy":"product_cat","embeddable":true,"href":"https:\/\/chemswell.com\/fr\/wp-json\/wp\/v2\/product_cat?post=10407"},{"taxonomy":"product_tag","embeddable":true,"href":"https:\/\/chemswell.com\/fr\/wp-json\/wp\/v2\/product_tag?post=10407"}],"curies":[{"name":"wp","href":"https:\/\/api.w.org\/{rel}","templated":true}]}}