{"id":10442,"date":"2023-06-02T10:49:21","date_gmt":"2023-06-02T10:49:21","guid":{"rendered":"https:\/\/chemswell.com\/?post_type=product&#038;p=10442"},"modified":"2026-03-06T10:31:30","modified_gmt":"2026-03-06T10:31:30","slug":"buy-xtc-rolls-royce-240mg","status":"publish","type":"product","link":"https:\/\/chemswell.com\/fr\/produit\/acheter-xtc-rolls-royce-240mg\/","title":{"rendered":"Acheter XTC Rolls Royce 240mg"},"content":{"rendered":"<h2>Buy XTC Rolls Royce 240mg Online<\/h2>\n<p>Au sein de la culture rave, <a href=\"https:\/\/chemswell.com\/fr\/produit\/acheter-xtc-rolls-royce-240mg\/\">Pilules d'ecstasy Rolls Royce 24 mg<\/a> sont souvent reconnues comme la drogue incontournable. L'ecstasy est fr\u00e9quemment utilis\u00e9e dans les f\u00eates \u00e0 la maison, les clubs et les festivals comme substance \u00e9nergisante ou stimulante pour le moral. Utilisation de l'ecstasy dans un environnement rave - la musique de danse \u00e9lectronique comme la batterie, la transe, la basse, la techno et d'autres genres sont g\u00e9n\u00e9ralement jou\u00e9es tout au long d'une soir\u00e9e dansante toute la nuit. De plus, l'euphorie et les effets sensoriels de la musique, de la danse et de l'\u00e9clairage fonctionnent tr\u00e8s bien ensemble. Les utilisateurs d'ecstasy ont plusieurs raisons de l'utiliser dans un environnement rave gr\u00e2ce \u00e0 ses propri\u00e9t\u00e9s psych\u00e9d\u00e9liques d'amph\u00e9tamine. <a href=\"https:\/\/chemswell.com\/fr\/\">Chemswell<\/a><\/p>\n<h2>Effet d'extase d\u00e9sir\u00e9<\/h2>\n<p>Les effets d\u00e9sir\u00e9s de l'ecstasy ou acheter XTC <a href=\"https:\/\/en.wikipedia.org\/wiki\/Rolls-Royce_Motor_Cars\">Rolls Royce<\/a> La MDMA 240 mg a stimul\u00e9 la demande des consommateurs. Parmi les r\u00e9sultats, on peut citer\u00a0:<\/p>\n<p>-Empathie -Plaisir<\/p>\n<p>-Changements de sensations<\/p>\n<p>\u2013 Am\u00e9lioration de l'\u00e9nergie<\/p>\n<p>Apr\u00e8s 30 \u00e0 45 minutes de consommation de m\u00e9dicaments par la mite, les effets souhait\u00e9s susmentionn\u00e9s commencent \u00e0 se manifester. Les effets persistent pendant trois \u00e0 six heures. Il est bon de savoir que les m\u00e9dicaments peuvent avoir des effets secondaires tels que la d\u00e9pendance, les probl\u00e8mes de m\u00e9moire, les troubles de la vision, les probl\u00e8mes d'endormissement et l'acc\u00e9l\u00e9ration du rythme cardiaque.<\/p>","protected":false},"excerpt":{"rendered":"<p>Buy XTC Rolls Royce 240mg Online Within the rave culture, Rolls Royce ecstasy pills 24mg are frequently recognised as the go-to drug.<\/p>","protected":false},"featured_media":10448,"comment_status":"open","ping_status":"closed","template":"","meta":{"_joinchat":[]},"product_cat":[1260],"product_tag":[1973,1963,1522,1955,1954,1958,1957,1965,1956,1966,1968,1975,1976,1974,1971,1970,1967,1962,1960,1972,1969,1530,1961,1964,1959],"yoast_head":"<!-- This site is optimized with the Yoast SEO plugin v23.0 - https:\/\/yoast.com\/wordpress\/plugins\/seo\/ -->\n<title>Buy Xtc Rolls Royce 240mg Online - Xtc Rolls Royce for Sale<\/title>\n<meta name=\"description\" content=\"Buy xtc rolls royce 240mg from our premium chemical store. We offer xtc rolls royce 240mg for sale with worldwide delivery and guarantee your satisfaction. Order Today!\" \/>\n<meta name=\"robots\" content=\"index, follow, max-snippet:-1, max-image-preview:large, max-video-preview:-1\" \/>\n<link rel=\"canonical\" href=\"https:\/\/chemswell.com\/fr\/produit\/acheter-xtc-rolls-royce-240mg\/\" \/>\n<meta property=\"og:locale\" content=\"fr_FR\" \/>\n<meta property=\"og:type\" content=\"article\" \/>\n<meta property=\"og:title\" content=\"Buy Xtc Rolls Royce 240mg Online - Xtc Rolls Royce for Sale\" \/>\n<meta property=\"og:description\" content=\"Buy xtc rolls royce 240mg from our premium chemical store. We offer xtc rolls royce 240mg for sale with worldwide delivery and guarantee your satisfaction. Order Today!\" \/>\n<meta property=\"og:url\" content=\"https:\/\/chemswell.com\/fr\/produit\/acheter-xtc-rolls-royce-240mg\/\" \/>\n<meta property=\"og:site_name\" content=\"Chemswell\" \/>\n<meta property=\"article:modified_time\" content=\"2026-03-06T10:31:30+00:00\" \/>\n<meta property=\"og:image\" content=\"https:\/\/chemswell.com\/wp-content\/uploads\/2023\/06\/ros.jpg\" \/>\n\t<meta property=\"og:image:width\" content=\"350\" \/>\n\t<meta property=\"og:image:height\" content=\"350\" \/>\n\t<meta property=\"og:image:type\" content=\"image\/jpeg\" \/>\n<meta name=\"twitter:card\" content=\"summary_large_image\" \/>\n<meta name=\"twitter:label1\" content=\"Dur\u00e9e de lecture estim\u00e9e\" \/>\n\t<meta name=\"twitter:data1\" content=\"1 minute\" \/>\n<!-- \/ Yoast SEO plugin. -->","yoast_head_json":{"title":"Buy Xtc Rolls Royce 240mg Online - Xtc Rolls Royce for Sale","description":"Buy xtc rolls royce 240mg from our premium chemical store. We offer xtc rolls royce 240mg for sale with worldwide delivery and guarantee your satisfaction. Order Today!","robots":{"index":"index","follow":"follow","max-snippet":"max-snippet:-1","max-image-preview":"max-image-preview:large","max-video-preview":"max-video-preview:-1"},"canonical":"https:\/\/chemswell.com\/fr\/produit\/acheter-xtc-rolls-royce-240mg\/","og_locale":"fr_FR","og_type":"article","og_title":"Buy Xtc Rolls Royce 240mg Online - Xtc Rolls Royce for Sale","og_description":"Buy xtc rolls royce 240mg from our premium chemical store. We offer xtc rolls royce 240mg for sale with worldwide delivery and guarantee your satisfaction. Order Today!","og_url":"https:\/\/chemswell.com\/fr\/produit\/acheter-xtc-rolls-royce-240mg\/","og_site_name":"Chemswell","article_modified_time":"2026-03-06T10:31:30+00:00","og_image":[{"width":350,"height":350,"url":"https:\/\/chemswell.com\/wp-content\/uploads\/2023\/06\/ros.jpg","type":"image\/jpeg"}],"twitter_card":"summary_large_image","twitter_misc":{"Dur\u00e9e de lecture estim\u00e9e":"1 minute"},"schema":{"@context":"https:\/\/schema.org","@graph":[{"@type":"WebPage","@id":"https:\/\/chemswell.com\/product\/buy-xtc-rolls-royce-240mg\/","url":"https:\/\/chemswell.com\/product\/buy-xtc-rolls-royce-240mg\/","name":"Buy Xtc Rolls Royce 240mg Online - Xtc Rolls Royce for Sale","isPartOf":{"@id":"https:\/\/chemswell.com\/it\/#website"},"primaryImageOfPage":{"@id":"https:\/\/chemswell.com\/product\/buy-xtc-rolls-royce-240mg\/#primaryimage"},"image":{"@id":"https:\/\/chemswell.com\/product\/buy-xtc-rolls-royce-240mg\/#primaryimage"},"thumbnailUrl":"https:\/\/chemswell.com\/wp-content\/uploads\/2023\/06\/ros.jpg","datePublished":"2023-06-02T10:49:21+00:00","dateModified":"2026-03-06T10:31:30+00:00","description":"Buy xtc rolls royce 240mg from our premium chemical store. We offer xtc rolls royce 240mg for sale with worldwide delivery and guarantee your satisfaction. Order Today!","breadcrumb":{"@id":"https:\/\/chemswell.com\/product\/buy-xtc-rolls-royce-240mg\/#breadcrumb"},"inLanguage":"fr-FR","potentialAction":[{"@type":"ReadAction","target":["https:\/\/chemswell.com\/product\/buy-xtc-rolls-royce-240mg\/"]}]},{"@type":"ImageObject","inLanguage":"fr-FR","@id":"https:\/\/chemswell.com\/product\/buy-xtc-rolls-royce-240mg\/#primaryimage","url":"https:\/\/chemswell.com\/wp-content\/uploads\/2023\/06\/ros.jpg","contentUrl":"https:\/\/chemswell.com\/wp-content\/uploads\/2023\/06\/ros.jpg","width":350,"height":350,"caption":"ros"},{"@type":"BreadcrumbList","@id":"https:\/\/chemswell.com\/product\/buy-xtc-rolls-royce-240mg\/#breadcrumb","itemListElement":[{"@type":"ListItem","position":1,"name":"Home","item":"https:\/\/chemswell.com\/ru\/"},{"@type":"ListItem","position":2,"name":"Shop","item":"https:\/\/chemswell.com\/ru\/%d0%bc%d0%b0%d0%b3%d0%b0%d0%b7%d0%b8%d0%bd\/"},{"@type":"ListItem","position":3,"name":"Buy XTC Rolls Royce 240mg"}]},{"@type":"WebSite","@id":"https:\/\/chemswell.com\/it\/#website","url":"https:\/\/chemswell.com\/it\/","name":"Chemswell","description":"#1 Research Chemical Store","potentialAction":[{"@type":"SearchAction","target":{"@type":"EntryPoint","urlTemplate":"https:\/\/chemswell.com\/it\/?s={search_term_string}"},"query-input":"required name=search_term_string"}],"inLanguage":"fr-FR"}]}},"_links":{"self":[{"href":"https:\/\/chemswell.com\/fr\/wp-json\/wp\/v2\/product\/10442"}],"collection":[{"href":"https:\/\/chemswell.com\/fr\/wp-json\/wp\/v2\/product"}],"about":[{"href":"https:\/\/chemswell.com\/fr\/wp-json\/wp\/v2\/types\/product"}],"replies":[{"embeddable":true,"href":"https:\/\/chemswell.com\/fr\/wp-json\/wp\/v2\/comments?post=10442"}],"wp:featuredmedia":[{"embeddable":true,"href":"https:\/\/chemswell.com\/fr\/wp-json\/wp\/v2\/media\/10448"}],"wp:attachment":[{"href":"https:\/\/chemswell.com\/fr\/wp-json\/wp\/v2\/media?parent=10442"}],"wp:term":[{"taxonomy":"product_cat","embeddable":true,"href":"https:\/\/chemswell.com\/fr\/wp-json\/wp\/v2\/product_cat?post=10442"},{"taxonomy":"product_tag","embeddable":true,"href":"https:\/\/chemswell.com\/fr\/wp-json\/wp\/v2\/product_tag?post=10442"}],"curies":[{"name":"wp","href":"https:\/\/api.w.org\/{rel}","templated":true}]}}