{"id":10492,"date":"2023-06-03T03:59:58","date_gmt":"2023-06-03T03:59:58","guid":{"rendered":"https:\/\/chemswell.com\/?post_type=product&#038;p=10492"},"modified":"2025-01-08T07:08:13","modified_gmt":"2025-01-08T07:08:13","slug":"buy-bk-mdma-online","status":"publish","type":"product","link":"https:\/\/chemswell.com\/fr\/produit\/acheter-bk-mdma-en-ligne\/","title":{"rendered":"Acheter BK-MDMA en ligne"},"content":{"rendered":"<h2>BK MDMA \u00c0 VENDRE.<\/h2>\n<p>Achetez de la MDMA en ligne.<\/p>\n<p><a href=\"https:\/\/chemswell.com\/fr\/produit\/acheter-bk-mdma-en-ligne\/\">MDMA BK \u00e0 vendre<\/a>Achetez de la MDMA en ligne pour d\u00e9couvrir les effets sur l'humeur et la perception de la drogue synth\u00e9tique 3,4-m\u00e9thyl\u00e8nedioxy-m\u00e9thamph\u00e9tamine (MDMA). Il produit des sensations d'\u00e9nergie accrue, de plaisir, de chaleur \u00e9motionnelle et de perception sensorielle et temporelle biais\u00e9e et partage des similitudes chimiques avec les stimulants et les hallucinog\u00e8nes. Achetez de la MDMA en ligne aupr\u00e8s de ChemsWell ou contactez-nous pour plus d'informations. <a href=\"https:\/\/chemswell.com\/fr\/\">Chemswell<\/a> ou contactez-nous pour plus d'informations.<\/p>\n<p>Initialement populaire dans les bo\u00eetes de nuit et les soir\u00e9es dansantes toute la nuit (ou \u00ab raves \u00bb), Bk <a href=\"https:\/\/en.wikipedia.org\/wiki\/MDMA\">mdma<\/a> La vente touche d\u00e9sormais une plus grande vari\u00e9t\u00e9 d'utilisateurs qui se r\u00e9f\u00e8rent de plus en plus fr\u00e9quemment \u00e0 la drogue sous le nom d'Ecstasy ou de Molly.<\/p>\n<p>La d\u00e9pendance, les probl\u00e8mes de m\u00e9moire, la parano\u00efa, les troubles du sommeil, le grincement des dents, la vision floue, la transpiration et un rythme cardiaque rapide sont quelques-uns des effets n\u00e9gatifs. Achetez des comprim\u00e9s Pink Instagram XTC, la d\u00e9shydratation et une temp\u00e9rature corporelle \u00e9lev\u00e9e ont toutes deux \u00e9t\u00e9 li\u00e9es \u00e0 des d\u00e9c\u00e8s.[14] Les gens \u00e9prouvent souvent de la fatigue et de la d\u00e9pression apr\u00e8s avoir consomm\u00e9. La MDMA affecte principalement certaines zones du cerveau en stimulant l'activit\u00e9 des neurotransmetteurs s\u00e9rotonine, dopamine et noradr\u00e9naline. Il appartient \u00e0 la sous-classe de m\u00e9dicaments connus sous le nom d'amph\u00e9tamines de substitution et poss\u00e8de des propri\u00e9t\u00e9s stimulantes et hallucinog\u00e8nes.<\/p>\n<p>La plupart des consommateurs de MDMA la prennent sous forme de pilules ou de comprim\u00e9s, mais certains inhalent la poudre ou l'ing\u00e8rent sous forme de liquide. La forme de poudre cristalline apparemment \"pure\" de la MDMA, qui est g\u00e9n\u00e9ralement fournie sous forme de g\u00e9lules, est souvent appel\u00e9e \"Molly\" (mot d'argot pour \"mol\u00e9culaire\"). Cependant, lorsque les gens ach\u00e8tent de la poudre ou des g\u00e9lules commercialis\u00e9es sous le nom de Molly, ils se retrouvent souvent avec d'autres stup\u00e9fiants tels que des cathinones synth\u00e9tiques<a href=\"https:\/\/chemswell.com\/fr\/\">.<\/a><\/p>","protected":false},"excerpt":{"rendered":"<p>BK MDMA FOR SALE. Acheter MDMA en ligne. Bk mdma for sale, Buy MDMA online to experience the mood and perception-altering effects of<\/p>","protected":false},"featured_media":10499,"comment_status":"closed","ping_status":"closed","template":"","meta":{"_joinchat":[]},"product_cat":[1260],"product_tag":[1927,1917,1522,1908,1912,1911,1919,1910,1920,1922,1929,1930,1928,1925,1909,1924,1921,1916,1914,1926,1923,1530,1915,1918,1913],"yoast_head":"<!-- This site is optimized with the Yoast SEO plugin v23.0 - https:\/\/yoast.com\/wordpress\/plugins\/seo\/ -->\n<title>Bk Mdma for sale - Buy Bk Mdma Online - Order Bk Mdma Online<\/title>\n<meta name=\"description\" content=\"Bk mdma for sale is available on a leading chemicals store chemswell.com. Buy bk mdma online at reasonable price. Get Bk MDMA for sale in USA, UK and Europe with secure shipping. Order Now!\" \/>\n<meta name=\"robots\" content=\"index, follow, max-snippet:-1, max-image-preview:large, max-video-preview:-1\" \/>\n<link rel=\"canonical\" href=\"https:\/\/chemswell.com\/fr\/produit\/acheter-bk-mdma-en-ligne\/\" \/>\n<meta property=\"og:locale\" content=\"fr_FR\" \/>\n<meta property=\"og:type\" content=\"article\" \/>\n<meta property=\"og:title\" content=\"Bk Mdma for sale - Buy Bk Mdma Online - Order Bk Mdma Online\" \/>\n<meta property=\"og:description\" content=\"Bk mdma for sale is available on a leading chemicals store chemswell.com. Buy bk mdma online at reasonable price. Get Bk MDMA for sale in USA, UK and Europe with secure shipping. Order Now!\" \/>\n<meta property=\"og:url\" content=\"https:\/\/chemswell.com\/fr\/produit\/acheter-bk-mdma-en-ligne\/\" \/>\n<meta property=\"og:site_name\" content=\"Chemswell\" \/>\n<meta property=\"article:modified_time\" content=\"2025-01-08T07:08:13+00:00\" \/>\n<meta property=\"og:image\" content=\"https:\/\/chemswell.com\/wp-content\/uploads\/2023\/06\/BK-MDMA-1-768x576-1.jpg\" \/>\n\t<meta property=\"og:image:width\" content=\"768\" \/>\n\t<meta property=\"og:image:height\" content=\"576\" \/>\n\t<meta property=\"og:image:type\" content=\"image\/jpeg\" \/>\n<meta name=\"twitter:card\" content=\"summary_large_image\" \/>\n<meta name=\"twitter:label1\" content=\"Dur\u00e9e de lecture estim\u00e9e\" \/>\n\t<meta name=\"twitter:data1\" content=\"2 minutes\" \/>\n<!-- \/ Yoast SEO plugin. -->","yoast_head_json":{"title":"Bk Mdma for sale - Buy Bk Mdma Online - Order Bk Mdma Online","description":"Bk mdma for sale is available on a leading chemicals store chemswell.com. Buy bk mdma online at reasonable price. Get Bk MDMA for sale in USA, UK and Europe with secure shipping. Order Now!","robots":{"index":"index","follow":"follow","max-snippet":"max-snippet:-1","max-image-preview":"max-image-preview:large","max-video-preview":"max-video-preview:-1"},"canonical":"https:\/\/chemswell.com\/fr\/produit\/acheter-bk-mdma-en-ligne\/","og_locale":"fr_FR","og_type":"article","og_title":"Bk Mdma for sale - Buy Bk Mdma Online - Order Bk Mdma Online","og_description":"Bk mdma for sale is available on a leading chemicals store chemswell.com. Buy bk mdma online at reasonable price. Get Bk MDMA for sale in USA, UK and Europe with secure shipping. Order Now!","og_url":"https:\/\/chemswell.com\/fr\/produit\/acheter-bk-mdma-en-ligne\/","og_site_name":"Chemswell","article_modified_time":"2025-01-08T07:08:13+00:00","og_image":[{"width":768,"height":576,"url":"https:\/\/chemswell.com\/wp-content\/uploads\/2023\/06\/BK-MDMA-1-768x576-1.jpg","type":"image\/jpeg"}],"twitter_card":"summary_large_image","twitter_misc":{"Dur\u00e9e de lecture estim\u00e9e":"2 minutes"},"schema":{"@context":"https:\/\/schema.org","@graph":[{"@type":"WebPage","@id":"https:\/\/chemswell.com\/product\/buy-bk-mdma-online\/","url":"https:\/\/chemswell.com\/product\/buy-bk-mdma-online\/","name":"Bk Mdma for sale - Buy Bk Mdma Online - Order Bk Mdma Online","isPartOf":{"@id":"https:\/\/chemswell.com\/it\/#website"},"primaryImageOfPage":{"@id":"https:\/\/chemswell.com\/product\/buy-bk-mdma-online\/#primaryimage"},"image":{"@id":"https:\/\/chemswell.com\/product\/buy-bk-mdma-online\/#primaryimage"},"thumbnailUrl":"https:\/\/chemswell.com\/wp-content\/uploads\/2023\/06\/BK-MDMA-1-768x576-1.jpg","datePublished":"2023-06-03T03:59:58+00:00","dateModified":"2025-01-08T07:08:13+00:00","description":"Bk mdma for sale is available on a leading chemicals store chemswell.com. Buy bk mdma online at reasonable price. Get Bk MDMA for sale in USA, UK and Europe with secure shipping. Order Now!","breadcrumb":{"@id":"https:\/\/chemswell.com\/product\/buy-bk-mdma-online\/#breadcrumb"},"inLanguage":"fr-FR","potentialAction":[{"@type":"ReadAction","target":["https:\/\/chemswell.com\/product\/buy-bk-mdma-online\/"]}]},{"@type":"ImageObject","inLanguage":"fr-FR","@id":"https:\/\/chemswell.com\/product\/buy-bk-mdma-online\/#primaryimage","url":"https:\/\/chemswell.com\/wp-content\/uploads\/2023\/06\/BK-MDMA-1-768x576-1.jpg","contentUrl":"https:\/\/chemswell.com\/wp-content\/uploads\/2023\/06\/BK-MDMA-1-768x576-1.jpg","width":768,"height":576,"caption":"BK-MDMA-1-768x576"},{"@type":"BreadcrumbList","@id":"https:\/\/chemswell.com\/product\/buy-bk-mdma-online\/#breadcrumb","itemListElement":[{"@type":"ListItem","position":1,"name":"Home","item":"https:\/\/chemswell.com\/ru\/"},{"@type":"ListItem","position":2,"name":"Shop","item":"https:\/\/chemswell.com\/ru\/%d0%bc%d0%b0%d0%b3%d0%b0%d0%b7%d0%b8%d0%bd\/"},{"@type":"ListItem","position":3,"name":"Buy BK-MDMA online"}]},{"@type":"WebSite","@id":"https:\/\/chemswell.com\/it\/#website","url":"https:\/\/chemswell.com\/it\/","name":"Chemswell","description":"#1 Research Chemical Store","potentialAction":[{"@type":"SearchAction","target":{"@type":"EntryPoint","urlTemplate":"https:\/\/chemswell.com\/it\/?s={search_term_string}"},"query-input":"required name=search_term_string"}],"inLanguage":"fr-FR"}]}},"_links":{"self":[{"href":"https:\/\/chemswell.com\/fr\/wp-json\/wp\/v2\/product\/10492"}],"collection":[{"href":"https:\/\/chemswell.com\/fr\/wp-json\/wp\/v2\/product"}],"about":[{"href":"https:\/\/chemswell.com\/fr\/wp-json\/wp\/v2\/types\/product"}],"replies":[{"embeddable":true,"href":"https:\/\/chemswell.com\/fr\/wp-json\/wp\/v2\/comments?post=10492"}],"wp:featuredmedia":[{"embeddable":true,"href":"https:\/\/chemswell.com\/fr\/wp-json\/wp\/v2\/media\/10499"}],"wp:attachment":[{"href":"https:\/\/chemswell.com\/fr\/wp-json\/wp\/v2\/media?parent=10492"}],"wp:term":[{"taxonomy":"product_cat","embeddable":true,"href":"https:\/\/chemswell.com\/fr\/wp-json\/wp\/v2\/product_cat?post=10492"},{"taxonomy":"product_tag","embeddable":true,"href":"https:\/\/chemswell.com\/fr\/wp-json\/wp\/v2\/product_tag?post=10492"}],"curies":[{"name":"wp","href":"https:\/\/api.w.org\/{rel}","templated":true}]}}