{"id":10734,"date":"2024-04-15T17:04:16","date_gmt":"2024-04-15T17:04:16","guid":{"rendered":"https:\/\/chemswell.com\/?post_type=product&#038;p=10734"},"modified":"2026-03-03T07:48:08","modified_gmt":"2026-03-03T07:48:08","slug":"buy-caluanie-muelear-oxidize-online","status":"publish","type":"product","link":"https:\/\/chemswell.com\/fr\/produit\/buy-caluanie-muelear-oxidize-online\/","title":{"rendered":"Acheter Caluanie Muelear Oxidize en ligne"},"content":{"rendered":"<h1 style=\"text-align: justify;\">Buy Caluanie Muelear Oxidize online USA | Caluanie Muelear Oxidize<\/h1>\n<p style=\"text-align: justify;\"><a href=\"https:\/\/chemswell.com\/fr\/produit\/buy-caluanie-muelear-oxidize-online\/\">Achetez Caluanie en ligne<\/a>Le Caluanie est un liquide visqueux brun clair issu de la transmutation d'une solution d'huile de palme brute. 99 % de Caluanie brute est produite par l'usine de pasteurisation oxyd\u00e9e de Muelear. C'est un produit chimique exceptionnel, potentiellement utilis\u00e9 dans le monde entier, notamment pour les industries chimiques centralis\u00e9es. O\u00f9 acheter du Caluanie en ligne en Europe\u00a0? Vente de Caluanie aux \u00c9tats-Unis.<a href=\"https:\/\/bing.com\/\">,<\/a>\u00a0order Caluanie online, where to get Caluanie in China<\/p>\n<p style=\"text-align: justify;\">Le Caluanie est largement utilis\u00e9 dans l'industrie chimique et de la peinture comme agent hygroscopique. Il est \u00e9galement largement utilis\u00e9 dans les industries des rev\u00eatements, des peintures, des plastiques et des encres d'imprimerie. <a href=\"https:\/\/chemswell.com\/fr\/\">Chemswell<\/a><\/p>\n<h3 style=\"text-align: justify;\"><strong>Where to purchase Caluanie online USA | Caluanie for sale in USA.\u00a0<\/strong><\/h3>\n<p style=\"text-align: justify;\">Product: Caluanie Muelear Oxidize ( Crude Caluanie 99% is generated from Muelear oxidize)<a href=\"https:\/\/google.com\/\">,<\/a>\u00a0Caluanie (Oxidative Partarization Thermostat, Heavy Water):<\/p>\n<p style=\"text-align: justify;\">This product can help in crushing and processing precious metals and semi precious stones. Also, it functions in processing precious and semiprecious stones,\u00a0crushing\u00a0metals in the chemical industry. Caluanie for sale in USA,Order Caluanie online, where to get Caluanie in China<\/p>\n<p style=\"text-align: justify;\">Finally, it is available in packaging of: 5L &amp; bulk packaging as from 20L, 50L, 100L or as per buyer\u2019s request. Have a look around and even read more on\u00a0Caluanie.<\/p>\n<h3 style=\"text-align: justify;\"><strong>Order Caluanie online, where to get Caluanie in United State<\/strong><\/h3>\n<div class=\"woocommerce-product-details__short-description\">\n<p style=\"text-align: justify;\">We offer Caluanie Muelear Oxidize for sale. Product: Caluanie Muelear Oxidize ( Crude Caluanie 99% is generated from Muelear oxidize) Caluanie (Oxidative Partarization Thermostat, Heavy Water): The price for the canister ( 1pc ) -5 L.<\/p>\n<p style=\"text-align: justify;\">We are a reliable supplier company and achieve 100% success in all countries.<br \/>\nHeavy water changes the properties of the metal making it brittle. But at the moment of evaporation of heavy water, the metal returns to its previous state<\/p>\n<h3 style=\"text-align: justify;\"><strong>Caluanie Muelear Oxidize Shop Online USA | USA Caluanie Muelear Oxidize Store.<\/strong><\/h3>\n<p style=\"text-align: justify;\">This product is used for crushing and processing precious metals and semiprecious stones. It is used for processing precious and semiprecious stones, crushing metals in the chemical industry. This facilitates to break nails with bare hands after a 10-20 second dive. Heavy water changes the properties of the metal, making it brittle. But at the moment of evaporation of heavy water, the rock returns to its previous state.<\/p>\n<p style=\"text-align: justify;\">his product is used for crushing and processing precious metals and semiprecious stones. It is used for processing precious and semiprecious stones, crushing metals in the chemical industry. This facilitates to break nails with bare hands after a 10-20 second dive. Heavy water changes the properties of the metal, making it brittle. But at the moment of evaporation of heavy water, the rock returns to its previous state.<\/p>\n<\/div>","protected":false},"excerpt":{"rendered":"<p>Acheter\/commander US Made Caluanie Muelear Oxidize pasteurize. Un liquide visqueux de couleur brun clair d\u00e9riv\u00e9 de la solution d'est\u00e9rification de l'huile de palme brute. Nous produisons et fournissons en gros Caluanie Muelear Oxidize et d'autres produits chimiques de recherche \u00e0 toute personne \/ soci\u00e9t\u00e9 int\u00e9ress\u00e9e dans le besoin \u00e0 des prix tr\u00e8s abordables avec l'exp\u00e9dition internationale disponible. Nous garantissons la qualit\u00e9 de nos produits.<\/p>","protected":false},"featured_media":10741,"comment_status":"closed","ping_status":"closed","template":"","meta":{"_joinchat":[]},"product_cat":[1384],"product_tag":[1560,1550,1522,1542,1541,1545,1544,1552,1543,1553,1555,1562,1563,1561,1558,1557,1554,1549,1547,1559,1556,1530,1548,1551,1546],"yoast_head":"<!-- This site is optimized with the Yoast SEO plugin v23.0 - https:\/\/yoast.com\/wordpress\/plugins\/seo\/ -->\n<title>Buy Caluanie Muelear Oxidize Online | Chemswell<\/title>\n<meta name=\"description\" content=\"Get top-quality to buy caluanie muelear oxidize online at low price. We offer a wide variety of caluanie muelear oxidize for sale in discreet and secure packaging. Buy now with fast shipping!\" \/>\n<meta name=\"robots\" content=\"index, follow, max-snippet:-1, max-image-preview:large, max-video-preview:-1\" \/>\n<link rel=\"canonical\" href=\"https:\/\/chemswell.com\/fr\/produit\/buy-caluanie-muelear-oxidize-online\/\" \/>\n<meta property=\"og:locale\" content=\"fr_FR\" \/>\n<meta property=\"og:type\" content=\"article\" \/>\n<meta property=\"og:title\" content=\"Buy Caluanie Muelear Oxidize Online | Chemswell\" \/>\n<meta property=\"og:description\" content=\"Get top-quality to buy caluanie muelear oxidize online at low price. We offer a wide variety of caluanie muelear oxidize for sale in discreet and secure packaging. Buy now with fast shipping!\" \/>\n<meta property=\"og:url\" content=\"https:\/\/chemswell.com\/fr\/produit\/buy-caluanie-muelear-oxidize-online\/\" \/>\n<meta property=\"og:site_name\" content=\"Chemswell\" \/>\n<meta property=\"article:modified_time\" content=\"2026-03-03T07:48:08+00:00\" \/>\n<meta property=\"og:image\" content=\"https:\/\/chemswell.com\/wp-content\/uploads\/2024\/04\/caluanie-muelear-oxidize.jpg\" \/>\n\t<meta property=\"og:image:width\" content=\"600\" \/>\n\t<meta property=\"og:image:height\" content=\"600\" \/>\n\t<meta property=\"og:image:type\" content=\"image\/jpeg\" \/>\n<meta name=\"twitter:card\" content=\"summary_large_image\" \/>\n<meta name=\"twitter:label1\" content=\"Dur\u00e9e de lecture estim\u00e9e\" \/>\n\t<meta name=\"twitter:data1\" content=\"3 minutes\" \/>\n<!-- \/ Yoast SEO plugin. -->","yoast_head_json":{"title":"Buy Caluanie Muelear Oxidize Online | Chemswell","description":"Get top-quality to buy caluanie muelear oxidize online at low price. We offer a wide variety of caluanie muelear oxidize for sale in discreet and secure packaging. Buy now with fast shipping!","robots":{"index":"index","follow":"follow","max-snippet":"max-snippet:-1","max-image-preview":"max-image-preview:large","max-video-preview":"max-video-preview:-1"},"canonical":"https:\/\/chemswell.com\/fr\/produit\/buy-caluanie-muelear-oxidize-online\/","og_locale":"fr_FR","og_type":"article","og_title":"Buy Caluanie Muelear Oxidize Online | Chemswell","og_description":"Get top-quality to buy caluanie muelear oxidize online at low price. We offer a wide variety of caluanie muelear oxidize for sale in discreet and secure packaging. Buy now with fast shipping!","og_url":"https:\/\/chemswell.com\/fr\/produit\/buy-caluanie-muelear-oxidize-online\/","og_site_name":"Chemswell","article_modified_time":"2026-03-03T07:48:08+00:00","og_image":[{"width":600,"height":600,"url":"https:\/\/chemswell.com\/wp-content\/uploads\/2024\/04\/caluanie-muelear-oxidize.jpg","type":"image\/jpeg"}],"twitter_card":"summary_large_image","twitter_misc":{"Dur\u00e9e de lecture estim\u00e9e":"3 minutes"},"schema":{"@context":"https:\/\/schema.org","@graph":[{"@type":"WebPage","@id":"https:\/\/chemswell.com\/product\/buy-caluanie-muelear-oxidize-online\/","url":"https:\/\/chemswell.com\/product\/buy-caluanie-muelear-oxidize-online\/","name":"Buy Caluanie Muelear Oxidize Online | Chemswell","isPartOf":{"@id":"https:\/\/chemswell.com\/it\/#website"},"primaryImageOfPage":{"@id":"https:\/\/chemswell.com\/product\/buy-caluanie-muelear-oxidize-online\/#primaryimage"},"image":{"@id":"https:\/\/chemswell.com\/product\/buy-caluanie-muelear-oxidize-online\/#primaryimage"},"thumbnailUrl":"https:\/\/chemswell.com\/wp-content\/uploads\/2024\/04\/caluanie-muelear-oxidize.jpg","datePublished":"2024-04-15T17:04:16+00:00","dateModified":"2026-03-03T07:48:08+00:00","description":"Get top-quality to buy caluanie muelear oxidize online at low price. We offer a wide variety of caluanie muelear oxidize for sale in discreet and secure packaging. Buy now with fast shipping!","breadcrumb":{"@id":"https:\/\/chemswell.com\/product\/buy-caluanie-muelear-oxidize-online\/#breadcrumb"},"inLanguage":"fr-FR","potentialAction":[{"@type":"ReadAction","target":["https:\/\/chemswell.com\/product\/buy-caluanie-muelear-oxidize-online\/"]}]},{"@type":"ImageObject","inLanguage":"fr-FR","@id":"https:\/\/chemswell.com\/product\/buy-caluanie-muelear-oxidize-online\/#primaryimage","url":"https:\/\/chemswell.com\/wp-content\/uploads\/2024\/04\/caluanie-muelear-oxidize.jpg","contentUrl":"https:\/\/chemswell.com\/wp-content\/uploads\/2024\/04\/caluanie-muelear-oxidize.jpg","width":600,"height":600,"caption":"caluanie-muelear-oxidize"},{"@type":"BreadcrumbList","@id":"https:\/\/chemswell.com\/product\/buy-caluanie-muelear-oxidize-online\/#breadcrumb","itemListElement":[{"@type":"ListItem","position":1,"name":"Home","item":"https:\/\/chemswell.com\/ru\/"},{"@type":"ListItem","position":2,"name":"Shop","item":"https:\/\/chemswell.com\/ru\/%d0%bc%d0%b0%d0%b3%d0%b0%d0%b7%d0%b8%d0%bd\/"},{"@type":"ListItem","position":3,"name":"Buy Caluanie Muelear Oxidize Online"}]},{"@type":"WebSite","@id":"https:\/\/chemswell.com\/it\/#website","url":"https:\/\/chemswell.com\/it\/","name":"Chemswell","description":"#1 Research Chemical Store","potentialAction":[{"@type":"SearchAction","target":{"@type":"EntryPoint","urlTemplate":"https:\/\/chemswell.com\/it\/?s={search_term_string}"},"query-input":"required name=search_term_string"}],"inLanguage":"fr-FR"}]}},"_links":{"self":[{"href":"https:\/\/chemswell.com\/fr\/wp-json\/wp\/v2\/product\/10734"}],"collection":[{"href":"https:\/\/chemswell.com\/fr\/wp-json\/wp\/v2\/product"}],"about":[{"href":"https:\/\/chemswell.com\/fr\/wp-json\/wp\/v2\/types\/product"}],"replies":[{"embeddable":true,"href":"https:\/\/chemswell.com\/fr\/wp-json\/wp\/v2\/comments?post=10734"}],"wp:featuredmedia":[{"embeddable":true,"href":"https:\/\/chemswell.com\/fr\/wp-json\/wp\/v2\/media\/10741"}],"wp:attachment":[{"href":"https:\/\/chemswell.com\/fr\/wp-json\/wp\/v2\/media?parent=10734"}],"wp:term":[{"taxonomy":"product_cat","embeddable":true,"href":"https:\/\/chemswell.com\/fr\/wp-json\/wp\/v2\/product_cat?post=10734"},{"taxonomy":"product_tag","embeddable":true,"href":"https:\/\/chemswell.com\/fr\/wp-json\/wp\/v2\/product_tag?post=10734"}],"curies":[{"name":"wp","href":"https:\/\/api.w.org\/{rel}","templated":true}]}}