{"id":10757,"date":"2024-04-20T02:13:11","date_gmt":"2024-04-20T02:13:11","guid":{"rendered":"https:\/\/chemswell.com\/?post_type=product&#038;p=10757"},"modified":"2025-07-16T09:07:26","modified_gmt":"2025-07-16T09:07:26","slug":"spravato-nasal-spray","status":"publish","type":"product","link":"https:\/\/chemswell.com\/fr\/produit\/spravato-nasal-spray\/","title":{"rendered":"Acheter le spray nasal Spravato en ligne"},"content":{"rendered":"<h1>SPRAVATO, le seul spray nasal approuv\u00e9 par la FDA pour le traitement de l'hypertension art\u00e9rielle.<br \/>\npatients adultes avec deux formes de challenge-to-treat<br \/>\ntrouble d\u00e9pressif majeur (TDM) :<\/h1>\n<p><a href=\"https:\/\/en.wikipedia.org\/wiki\/Esketamine\">Esketamine<\/a>vendus sous les noms de marque\u00a0<a href=\"https:\/\/chemswell.com\/fr\/produit\/spravato-nasal-spray\/\">Spravato<\/a>\u00a0(pour la d\u00e9pression) et\u00a0Ketanest\u00a0(pour l'anesth\u00e9sie) entre autres,<sup id=\"cite_ref-12\" class=\"reference\"><\/sup>\u00a0est le\u00a0<i>S<\/i>Enantiom\u00e8re (+) de la k\u00e9tamine.<sup id=\"cite_ref-HimmelseherPfenninger2008_5-1\" class=\"reference\"><\/sup><sup id=\"cite_ref-pmid33155503_13-0\" class=\"reference\"><\/sup>\u00a0Il s'agit d'un hallucinog\u00e8ne dissociatif utilis\u00e9 comme anesth\u00e9sique g\u00e9n\u00e9ral et comme antid\u00e9presseur pour le traitement de la d\u00e9pression. L'esketamine est l'\u00e9nantiom\u00e8re actif de la k\u00e9tamine en termes d'antagonisme des r\u00e9cepteurs NMDA et est plus puissante que la k\u00e9tamine rac\u00e9mique.<a href=\"https:\/\/chemspowder.com\/\">.<\/a><sup id=\"cite_ref-pmid9806706_14-0\" class=\"reference\"><\/sup><\/p>\n<p>Il est sp\u00e9cifiquement utilis\u00e9 comme traitement de la d\u00e9pression r\u00e9sistante au traitement (TRD) et du trouble d\u00e9pressif majeur (MDD) accompagn\u00e9 d'id\u00e9es ou de comportements suicidaires.<sup id=\"cite_ref-Spravato_FDA_label_10-2\" class=\"reference\"><\/sup><sup id=\"cite_ref-pmid33726522_15-0\" class=\"reference\"><\/sup>\u00a0Son efficacit\u00e9 dans la d\u00e9pression est modeste et similaire \u00e0 celle d'autres antid\u00e9presseurs.<sup id=\"cite_ref-pmid34421147_16-0\" class=\"reference\"><\/sup><sup id=\"cite_ref-Spravato_FDA_label_10-3\" class=\"reference\"><\/sup>\u00a0Esketamine is not used by\u00a0infusion into a vein\u00a0for anesthesia as it is only <a href=\"https:\/\/www.google.de\/search?q=Buy+Spravato+nasal+spray+Online&amp;sca_esv=1a2a07081c7891bb&amp;rlz=1C1RXQR_enIN1098IN1098&amp;ei=l5vOZ-7mLNi64-EP4fWd-AY&amp;ved=0ahUKEwiujqCthf-LAxVY3TgGHeF6B28Q4dUDCBA&amp;uact=5&amp;oq=Buy+Spravato+nasal+spray+Online&amp;gs_lp=Egxnd3Mtd2l6LXNlcnAiH0J1eSBTcHJhdmF0byBuYXNhbCBzcHJheSBPbmxpbmUyBhAAGBYYHjILEAAYgAQYhgMYigUyCxAAGIAEGIYDGIoFMgsQABiABBiGAxiKBTILEAAYgAQYhgMYigUyCBAAGIAEGKIEMggQABiABBiiBDIIEAAYgAQYogQyCBAAGIAEGKIEMggQABiABBiiBEj8ClCUCViUCXADeACQAQCYAcMBoAHDAaoBAzAuMbgBA8gBAPgBAvgBAZgCAaAC0QGYAwCIBgGSBwMyLTGgB7kH&amp;sclient=gws-wiz-serp\">FDA<\/a> approved for depression in the form of an intranasal spray (the parent compound Ketamine is most often administered intravenously) and under direct medical supervision as a\u00a0nasal spray. Chemswell<\/p>\n<ul class=\"home-list\">\n<li>Adultes souffrant de TDM qui n'ont pas r\u00e9pondu de mani\u00e8re satisfaisante \u00e0 au moins deux antid\u00e9presseurs oraux, ce que l'on appelle la d\u00e9pression r\u00e9sistante au traitement (TRD).<\/li>\n<li>Sympt\u00f4mes d\u00e9pressifs chez les adultes souffrant de TMD avec pens\u00e9es ou actions suicidaires (MDSI)<\/li>\n<\/ul>\n<p>Acheter Spravato spray nasal, sans conservateur, adapt\u00e9 aux enfants \u00e0 partir de 6 ans.<\/p>\n<p class=\"howwillitake\"><strong>Comment dois-je prendre SPRAVATO<sup>\u00ae<\/sup>?<\/strong><\/p>\n<ul class=\"isi_body_wrapper_ul_15\">\n<li>Vous prendrez SPRAVATO en vaporisateur nasal vous-m\u00eame, sous la supervision d'un professionnel de la sant\u00e9, dans un \u00e9tablissement de sant\u00e9. Votre professionnel de sant\u00e9 vous montrera comment utiliser le dispositif de pulv\u00e9risation nasale SPRAVATO.<\/li>\n<li>Votre m\u00e9decin vous indiquera la quantit\u00e9 de SPRAVATO que vous devez prendre et le moment o\u00f9 vous devez le prendre.<\/li>\n<li>Respectez le calendrier de votre traitement par SPRAVATO en suivant exactement les instructions de votre m\u00e9decin.<\/li>\n<li>Pendant et apr\u00e8s chaque utilisation du dispositif de pulv\u00e9risation nasale SPRAVATO, vous serez examin\u00e9 par un professionnel de sant\u00e9 qui d\u00e9cidera si vous \u00eates pr\u00eat \u00e0 quitter le centre de soins.<\/li>\n<li>Vous devrez pr\u00e9voir qu'un soignant ou un membre de votre famille vous ram\u00e8ne \u00e0 la maison apr\u00e8s avoir pris SPRAVATO.<\/li>\n<li>Si vous oubliez un traitement par SPRAVATO, votre m\u00e9decin peut modifier la dose et le calendrier de traitement.<\/li>\n<li>Certaines personnes prenant SPRAVATO ont des naus\u00e9es et des vomissements. Vous ne devez pas manger au moins 2 heures avant de prendre SPRAVATO et ne pas boire de liquides au moins 30 minutes avant de prendre SPRAVATO.<\/li>\n<li>Si vous prenez un corticost\u00e9ro\u00efde nasal ou un d\u00e9congestionnant nasal, prenez ces m\u00e9dicaments au moins une heure avant de prendre SPRAVATO.<\/li>\n<\/ul>\n<p class=\"whatshouldia\"><strong>Que dois-je \u00e9viter pendant le traitement par SPRAVATO ?<sup>\u00ae<\/sup>?<\/strong><\/p>\n<p class=\"donotdriveop\">Ne conduisez pas, n'utilisez pas de machines et ne faites rien qui n\u00e9cessite une vigilance totale apr\u00e8s avoir pris SPRAVATO. Ne participez pas \u00e0 ces activit\u00e9s avant le lendemain d'une nuit de sommeil r\u00e9paratrice. Voir \u00ab Quelles sont les informations les plus importantes que je devrais conna\u00eetre sur SPRAVATO ? \u00bb<\/p>\n<p class=\"whatarethepo\"><strong>Quels sont les effets secondaires possibles de SPRAVATO ?<\/strong><\/p>\n<p class=\"spravatomayc\"><strong>SPRAVATO peut entra\u00eener des effets secondaires graves, notamment<\/strong><\/p>\n<ul class=\"isi_body_wrapper_ul_16\">\n<li>\"Quelle est l'information la plus importante que je dois conna\u00eetre sur SPRAVATO ?<sup>\u00ae<\/sup>?\"<\/li>\n<li>SPRAVATO peut entra\u00eener une augmentation temporaire de votre tension art\u00e9rielle qui peut durer environ 4 heures apr\u00e8s la prise d'une dose. Votre professionnel de la sant\u00e9 v\u00e9rifiera votre tension art\u00e9rielle avant de prendre SPRAVATO et pendant au moins 2 heures apr\u00e8s avoir pris SPRAVATO. Informez imm\u00e9diatement votre fournisseur de soins de sant\u00e9 si vous ressentez une douleur thoracique, un essoufflement, un mal de t\u00eate soudain et grave, un changement de vision ou des crises d'\u00e9pilepsie apr\u00e8s avoir pris SPRAVATO.<\/li>\n<li>Informez votre fournisseur de soins de sant\u00e9 si vous avez des probl\u00e8mes de pens\u00e9e ou de m\u00e9moire.<\/li>\n<li>Informez votre m\u00e9decin si vous avez des difficult\u00e9s \u00e0 uriner, telles qu'un besoin fr\u00e9quent ou urgent d'uriner, des douleurs lors de la miction ou une miction nocturne fr\u00e9quente.<\/li>\n<\/ul>\n<p><strong>Les ingr\u00e9dients actifs sont les suivants :<\/strong><br \/>\nChlorhydrate de xylom\u00e9tazoline\/dexpanth\u00e9nol. Une pulv\u00e9risation (\u00e9quivalant \u00e0 0,1 ml de solution) contient 0,1 mg de chlorhydrate de xylom\u00e9tazoline et 5,0 mg de dexpanth\u00e9nol. 1 ml de solution contient 1 mg de chlorhydrate de xylom\u00e9tazoline et 50 mg de dexpanth\u00e9nol.<\/p>","protected":false},"excerpt":{"rendered":"<h1 id=\"type_info_prio_12_1\" class=\"titre_produit\">Spray nasal bio des Pyr\u00e9n\u00e9es 15 ml<\/h1>\n<div>spravato\u00a0<strong>esk\u00e9tamine<\/strong>\u00a0nasenspray<\/div>\n<div><\/div>\n<div><strong>esk\u00e9tamine<\/strong>\u00a0nasenspray<\/div>","protected":false},"featured_media":10758,"comment_status":"closed","ping_status":"closed","template":"","meta":{"_joinchat":[]},"product_cat":[1257],"product_tag":[1605,1596,1522,1385,1588,1602,1390,1386,1599,1595,1593,1392,1604,1601,1391,1389,1587,1394,1393,1590,1598,1589,1395,1396,1591,1600,1397,1607,1608,1606,1603,1387,1388,1530,1594,1597,1592],"yoast_head":"<!-- This site is optimized with the Yoast SEO plugin v23.0 - https:\/\/yoast.com\/wordpress\/plugins\/seo\/ -->\n<title>Buy Spravato nasal spray - Spravato nasal spray for Sale<\/title>\n<meta name=\"description\" content=\"Buy Spravato nasal spray, Spravato is a nasal spray that is used to treat depression in adults Order Nasal Spray, Order Online &amp; Enjoy.\" \/>\n<meta name=\"robots\" content=\"index, follow, max-snippet:-1, max-image-preview:large, max-video-preview:-1\" \/>\n<link rel=\"canonical\" href=\"https:\/\/chemswell.com\/fr\/produit\/spravato-nasal-spray\/\" \/>\n<meta property=\"og:locale\" content=\"fr_FR\" \/>\n<meta property=\"og:type\" content=\"article\" \/>\n<meta property=\"og:title\" content=\"Buy Spravato nasal spray - Spravato nasal spray for Sale\" \/>\n<meta property=\"og:description\" content=\"Buy Spravato nasal spray, Spravato is a nasal spray that is used to treat depression in adults Order Nasal Spray, Order Online &amp; Enjoy.\" \/>\n<meta property=\"og:url\" content=\"https:\/\/chemswell.com\/fr\/produit\/spravato-nasal-spray\/\" \/>\n<meta property=\"og:site_name\" content=\"Chemswell\" \/>\n<meta property=\"article:modified_time\" content=\"2025-07-16T09:07:26+00:00\" \/>\n<meta property=\"og:image\" content=\"https:\/\/chemswell.com\/wp-content\/uploads\/2024\/04\/th.jpeg\" \/>\n\t<meta property=\"og:image:width\" content=\"206\" \/>\n\t<meta property=\"og:image:height\" content=\"240\" \/>\n\t<meta property=\"og:image:type\" content=\"image\/jpeg\" \/>\n<meta name=\"twitter:card\" content=\"summary_large_image\" \/>\n<meta name=\"twitter:label1\" content=\"Dur\u00e9e de lecture estim\u00e9e\" \/>\n\t<meta name=\"twitter:data1\" content=\"3 minutes\" \/>\n<!-- \/ Yoast SEO plugin. -->","yoast_head_json":{"title":"Buy Spravato nasal spray - Spravato nasal spray for Sale","description":"Buy Spravato nasal spray, Spravato is a nasal spray that is used to treat depression in adults Order Nasal Spray, Order Online & Enjoy.","robots":{"index":"index","follow":"follow","max-snippet":"max-snippet:-1","max-image-preview":"max-image-preview:large","max-video-preview":"max-video-preview:-1"},"canonical":"https:\/\/chemswell.com\/fr\/produit\/spravato-nasal-spray\/","og_locale":"fr_FR","og_type":"article","og_title":"Buy Spravato nasal spray - Spravato nasal spray for Sale","og_description":"Buy Spravato nasal spray, Spravato is a nasal spray that is used to treat depression in adults Order Nasal Spray, Order Online & Enjoy.","og_url":"https:\/\/chemswell.com\/fr\/produit\/spravato-nasal-spray\/","og_site_name":"Chemswell","article_modified_time":"2025-07-16T09:07:26+00:00","og_image":[{"width":206,"height":240,"url":"https:\/\/chemswell.com\/wp-content\/uploads\/2024\/04\/th.jpeg","type":"image\/jpeg"}],"twitter_card":"summary_large_image","twitter_misc":{"Dur\u00e9e de lecture estim\u00e9e":"3 minutes"},"schema":{"@context":"https:\/\/schema.org","@graph":[{"@type":"WebPage","@id":"https:\/\/chemswell.com\/product\/spravato-nasal-spray\/","url":"https:\/\/chemswell.com\/product\/spravato-nasal-spray\/","name":"Buy Spravato nasal spray - Spravato nasal spray for Sale","isPartOf":{"@id":"https:\/\/chemswell.com\/it\/#website"},"primaryImageOfPage":{"@id":"https:\/\/chemswell.com\/product\/spravato-nasal-spray\/#primaryimage"},"image":{"@id":"https:\/\/chemswell.com\/product\/spravato-nasal-spray\/#primaryimage"},"thumbnailUrl":"https:\/\/chemswell.com\/wp-content\/uploads\/2024\/04\/th.jpeg","datePublished":"2024-04-20T02:13:11+00:00","dateModified":"2025-07-16T09:07:26+00:00","description":"Buy Spravato nasal spray, Spravato is a nasal spray that is used to treat depression in adults Order Nasal Spray, Order Online & Enjoy.","breadcrumb":{"@id":"https:\/\/chemswell.com\/product\/spravato-nasal-spray\/#breadcrumb"},"inLanguage":"fr-FR","potentialAction":[{"@type":"ReadAction","target":["https:\/\/chemswell.com\/product\/spravato-nasal-spray\/"]}]},{"@type":"ImageObject","inLanguage":"fr-FR","@id":"https:\/\/chemswell.com\/product\/spravato-nasal-spray\/#primaryimage","url":"https:\/\/chemswell.com\/wp-content\/uploads\/2024\/04\/th.jpeg","contentUrl":"https:\/\/chemswell.com\/wp-content\/uploads\/2024\/04\/th.jpeg","width":206,"height":240,"caption":"Spravato nasal spray"},{"@type":"BreadcrumbList","@id":"https:\/\/chemswell.com\/product\/spravato-nasal-spray\/#breadcrumb","itemListElement":[{"@type":"ListItem","position":1,"name":"Home","item":"https:\/\/chemswell.com\/ru\/"},{"@type":"ListItem","position":2,"name":"Shop","item":"https:\/\/chemswell.com\/ru\/%d0%bc%d0%b0%d0%b3%d0%b0%d0%b7%d0%b8%d0%bd\/"},{"@type":"ListItem","position":3,"name":"Buy Spravato nasal spray Online"}]},{"@type":"WebSite","@id":"https:\/\/chemswell.com\/it\/#website","url":"https:\/\/chemswell.com\/it\/","name":"Chemswell","description":"#1 Research Chemical Store","potentialAction":[{"@type":"SearchAction","target":{"@type":"EntryPoint","urlTemplate":"https:\/\/chemswell.com\/it\/?s={search_term_string}"},"query-input":"required name=search_term_string"}],"inLanguage":"fr-FR"}]}},"_links":{"self":[{"href":"https:\/\/chemswell.com\/fr\/wp-json\/wp\/v2\/product\/10757"}],"collection":[{"href":"https:\/\/chemswell.com\/fr\/wp-json\/wp\/v2\/product"}],"about":[{"href":"https:\/\/chemswell.com\/fr\/wp-json\/wp\/v2\/types\/product"}],"replies":[{"embeddable":true,"href":"https:\/\/chemswell.com\/fr\/wp-json\/wp\/v2\/comments?post=10757"}],"wp:featuredmedia":[{"embeddable":true,"href":"https:\/\/chemswell.com\/fr\/wp-json\/wp\/v2\/media\/10758"}],"wp:attachment":[{"href":"https:\/\/chemswell.com\/fr\/wp-json\/wp\/v2\/media?parent=10757"}],"wp:term":[{"taxonomy":"product_cat","embeddable":true,"href":"https:\/\/chemswell.com\/fr\/wp-json\/wp\/v2\/product_cat?post=10757"},{"taxonomy":"product_tag","embeddable":true,"href":"https:\/\/chemswell.com\/fr\/wp-json\/wp\/v2\/product_tag?post=10757"}],"curies":[{"name":"wp","href":"https:\/\/api.w.org\/{rel}","templated":true}]}}