{"id":10791,"date":"2024-05-29T07:28:35","date_gmt":"2024-05-29T07:28:35","guid":{"rendered":"https:\/\/chemswell.com\/?post_type=product&#038;p=10791"},"modified":"2026-03-09T10:27:52","modified_gmt":"2026-03-09T10:27:52","slug":"k2-diablo-alcohol-spray","status":"publish","type":"product","link":"https:\/\/chemswell.com\/fr\/produit\/k2-diablo-alcohol-spray\/","title":{"rendered":"Spray \u00e0 l'alcool K2 Diablo"},"content":{"rendered":"<div class=\"elementor-element elementor-element-2a8229f elementor-widget elementor-widget-wpr-product-title\" data-id=\"2a8229f\" data-element_type=\"widget\" data-widget_type=\"wpr-product-title.default\">\n<div class=\"elementor-widget-container\">\n<h1 class=\"wpr-product-title\">Spray alcoolique Diablo<\/h1>\n<\/div>\n<p><a href=\"https:\/\/chemswell.com\/fr\/produit\/k2-diablo-alcohol-spray\/\">Buy the alcohol spray Diablo<\/a>. Diablo est un vaporisateur d'alcool unique en son genre. Sur le march\u00e9 am\u00e9ricain, le produit de niche K2 est l'article le plus vendu. Nous fournissons l'alcool en spray Diablo le plus pur et le plus aromatique qui soit, \u00e0 base d'herbes et d'encens liquide. Il ne faut pas croire tous ceux qui disent sur Internet qu'ils peuvent vous acheter de l'alcool \u00e0 encens en spray aux \u00c9tats-Unis, car il est tr\u00e8s difficile de trouver la forme pure du produit. Nous pouvons extraire le meilleur spray d'alcool Diablo et le livrer au domicile de nos clients partout dans le monde parce que nous utilisons les meilleurs outils d'extraction et suivons une proc\u00e9dure rigoureuse. C'est pourquoi vous pouvez commander l'alcool en spray Diablo en ligne et le faire livrer directement chez vous.<\/p>\n<p>Le produit le moins cher est l'alcool \u00e0 fumer Diablo, suivi de pr\u00e8s par <a href=\"https:\/\/en.wikipedia.org\/wiki\/Synthetic_cannabinoids\">encens liquide aux herbes<\/a>. Il contient un soup\u00e7on de m\u00e9lange d'herbes combin\u00e9 \u00e0 de la vodka de haute qualit\u00e9. Vous pouvez obtenir votre livraison gratuite sur diablo smoking booze d\u00e8s maintenant \u00e0 partir de notre magasin. Nous pouvons envoyer ce produit dans n'importe quelle r\u00e9gion du monde et il est disponible \u00e0 l'achat dans notre magasin en ligne. Parce qu'il est extrait d'herbes non m\u00e9lang\u00e9es et d'un m\u00e9lange d'alcool de premi\u00e8re qualit\u00e9, ce qui lui conf\u00e8re un parfum doux et unique, notre alcool \u00e0 fumer diablo est exceptionnel. Vous pouvez choisir entre plusieurs tailles pour notre diablo. <a href=\"https:\/\/chemswell.com\/fr\/\">Chemswell<\/a><\/p>\n<p>&nbsp;<\/p>\n<p>&nbsp;<\/p>\n<\/div>","protected":false},"excerpt":{"rendered":"<p>Parce qu'il aide \u00e0 soulager la tension et le stress et qu'il peut \u00eatre utilis\u00e9 de diff\u00e9rentes mani\u00e8res, commandez notre alcool \u00e0 fumer Diablo en ligne pour une livraison \u00e0 domicile et passez le meilleur moment de votre vie.<\/p>","protected":false},"featured_media":10792,"comment_status":"closed","ping_status":"closed","template":"","meta":{"_joinchat":[]},"product_cat":[1257],"product_tag":[1628,1618,1522,1610,1625,1622,1617,1609,1612,1613,1620,1611,1621,1623,1630,1631,1629,1626,1615,1627,1624,1530,1616,1619,1614],"yoast_head":"<!-- This site is optimized with the Yoast SEO plugin v23.0 - https:\/\/yoast.com\/wordpress\/plugins\/seo\/ -->\n<title>Buy K2 Diablo Alcohol Spray Online - K2 Diablo Alcohol for Sale<\/title>\n<meta name=\"description\" content=\"Get k2 diablo alcohol spray delivered right to your door. You can buy the highest quality k2 diablo alcohol spray available on the market at unbeatable prices. Order now!\" \/>\n<meta name=\"robots\" content=\"index, follow, max-snippet:-1, max-image-preview:large, max-video-preview:-1\" \/>\n<link rel=\"canonical\" href=\"https:\/\/chemswell.com\/fr\/produit\/k2-diablo-alcohol-spray\/\" \/>\n<meta property=\"og:locale\" content=\"fr_FR\" \/>\n<meta property=\"og:type\" content=\"article\" \/>\n<meta property=\"og:title\" content=\"Buy K2 Diablo Alcohol Spray Online - K2 Diablo Alcohol for Sale\" \/>\n<meta property=\"og:description\" content=\"Get k2 diablo alcohol spray delivered right to your door. You can buy the highest quality k2 diablo alcohol spray available on the market at unbeatable prices. Order now!\" \/>\n<meta property=\"og:url\" content=\"https:\/\/chemswell.com\/fr\/produit\/k2-diablo-alcohol-spray\/\" \/>\n<meta property=\"og:site_name\" content=\"Chemswell\" \/>\n<meta property=\"article:modified_time\" content=\"2026-03-09T10:27:52+00:00\" \/>\n<meta property=\"og:image\" content=\"https:\/\/chemswell.com\/wp-content\/uploads\/2024\/05\/k2-diablo-spice-spray.png\" \/>\n\t<meta property=\"og:image:width\" content=\"800\" \/>\n\t<meta property=\"og:image:height\" content=\"800\" \/>\n\t<meta property=\"og:image:type\" content=\"image\/png\" \/>\n<meta name=\"twitter:card\" content=\"summary_large_image\" \/>\n<meta name=\"twitter:label1\" content=\"Dur\u00e9e de lecture estim\u00e9e\" \/>\n\t<meta name=\"twitter:data1\" content=\"2 minutes\" \/>\n<!-- \/ Yoast SEO plugin. -->","yoast_head_json":{"title":"Buy K2 Diablo Alcohol Spray Online - K2 Diablo Alcohol for Sale","description":"Get k2 diablo alcohol spray delivered right to your door. You can buy the highest quality k2 diablo alcohol spray available on the market at unbeatable prices. Order now!","robots":{"index":"index","follow":"follow","max-snippet":"max-snippet:-1","max-image-preview":"max-image-preview:large","max-video-preview":"max-video-preview:-1"},"canonical":"https:\/\/chemswell.com\/fr\/produit\/k2-diablo-alcohol-spray\/","og_locale":"fr_FR","og_type":"article","og_title":"Buy K2 Diablo Alcohol Spray Online - K2 Diablo Alcohol for Sale","og_description":"Get k2 diablo alcohol spray delivered right to your door. You can buy the highest quality k2 diablo alcohol spray available on the market at unbeatable prices. Order now!","og_url":"https:\/\/chemswell.com\/fr\/produit\/k2-diablo-alcohol-spray\/","og_site_name":"Chemswell","article_modified_time":"2026-03-09T10:27:52+00:00","og_image":[{"width":800,"height":800,"url":"https:\/\/chemswell.com\/wp-content\/uploads\/2024\/05\/k2-diablo-spice-spray.png","type":"image\/png"}],"twitter_card":"summary_large_image","twitter_misc":{"Dur\u00e9e de lecture estim\u00e9e":"2 minutes"},"schema":{"@context":"https:\/\/schema.org","@graph":[{"@type":"WebPage","@id":"https:\/\/chemswell.com\/product\/k2-diablo-alcohol-spray\/","url":"https:\/\/chemswell.com\/product\/k2-diablo-alcohol-spray\/","name":"Buy K2 Diablo Alcohol Spray Online - K2 Diablo Alcohol for Sale","isPartOf":{"@id":"https:\/\/chemswell.com\/it\/#website"},"primaryImageOfPage":{"@id":"https:\/\/chemswell.com\/product\/k2-diablo-alcohol-spray\/#primaryimage"},"image":{"@id":"https:\/\/chemswell.com\/product\/k2-diablo-alcohol-spray\/#primaryimage"},"thumbnailUrl":"https:\/\/chemswell.com\/wp-content\/uploads\/2024\/05\/k2-diablo-spice-spray.png","datePublished":"2024-05-29T07:28:35+00:00","dateModified":"2026-03-09T10:27:52+00:00","description":"Get k2 diablo alcohol spray delivered right to your door. You can buy the highest quality k2 diablo alcohol spray available on the market at unbeatable prices. Order now!","breadcrumb":{"@id":"https:\/\/chemswell.com\/product\/k2-diablo-alcohol-spray\/#breadcrumb"},"inLanguage":"fr-FR","potentialAction":[{"@type":"ReadAction","target":["https:\/\/chemswell.com\/product\/k2-diablo-alcohol-spray\/"]}]},{"@type":"ImageObject","inLanguage":"fr-FR","@id":"https:\/\/chemswell.com\/product\/k2-diablo-alcohol-spray\/#primaryimage","url":"https:\/\/chemswell.com\/wp-content\/uploads\/2024\/05\/k2-diablo-spice-spray.png","contentUrl":"https:\/\/chemswell.com\/wp-content\/uploads\/2024\/05\/k2-diablo-spice-spray.png","width":800,"height":800,"caption":"K2 Diablo alcohol spray"},{"@type":"BreadcrumbList","@id":"https:\/\/chemswell.com\/product\/k2-diablo-alcohol-spray\/#breadcrumb","itemListElement":[{"@type":"ListItem","position":1,"name":"Home","item":"https:\/\/chemswell.com\/ru\/"},{"@type":"ListItem","position":2,"name":"Shop","item":"https:\/\/chemswell.com\/ru\/%d0%bc%d0%b0%d0%b3%d0%b0%d0%b7%d0%b8%d0%bd\/"},{"@type":"ListItem","position":3,"name":"K2 Diablo alcohol spray"}]},{"@type":"WebSite","@id":"https:\/\/chemswell.com\/it\/#website","url":"https:\/\/chemswell.com\/it\/","name":"Chemswell","description":"#1 Research Chemical Store","potentialAction":[{"@type":"SearchAction","target":{"@type":"EntryPoint","urlTemplate":"https:\/\/chemswell.com\/it\/?s={search_term_string}"},"query-input":"required name=search_term_string"}],"inLanguage":"fr-FR"}]}},"_links":{"self":[{"href":"https:\/\/chemswell.com\/fr\/wp-json\/wp\/v2\/product\/10791"}],"collection":[{"href":"https:\/\/chemswell.com\/fr\/wp-json\/wp\/v2\/product"}],"about":[{"href":"https:\/\/chemswell.com\/fr\/wp-json\/wp\/v2\/types\/product"}],"replies":[{"embeddable":true,"href":"https:\/\/chemswell.com\/fr\/wp-json\/wp\/v2\/comments?post=10791"}],"wp:featuredmedia":[{"embeddable":true,"href":"https:\/\/chemswell.com\/fr\/wp-json\/wp\/v2\/media\/10792"}],"wp:attachment":[{"href":"https:\/\/chemswell.com\/fr\/wp-json\/wp\/v2\/media?parent=10791"}],"wp:term":[{"taxonomy":"product_cat","embeddable":true,"href":"https:\/\/chemswell.com\/fr\/wp-json\/wp\/v2\/product_cat?post=10791"},{"taxonomy":"product_tag","embeddable":true,"href":"https:\/\/chemswell.com\/fr\/wp-json\/wp\/v2\/product_tag?post=10791"}],"curies":[{"name":"wp","href":"https:\/\/api.w.org\/{rel}","templated":true}]}}