{"id":10796,"date":"2024-05-29T08:06:25","date_gmt":"2024-05-29T08:06:25","guid":{"rendered":"https:\/\/chemswell.com\/?post_type=product&#038;p=10796"},"modified":"2025-01-11T06:52:39","modified_gmt":"2025-01-11T06:52:39","slug":"clear-k2-spray","status":"publish","type":"product","link":"https:\/\/chemswell.com\/fr\/produit\/k2-clair-spray\/","title":{"rendered":"Spray K2 clair"},"content":{"rendered":"<h1>Clear K2 Spray A vendre<\/h1>\n<p>Nous offrons le meilleur <a href=\"https:\/\/en.wikipedia.org\/wiki\/Synthetic_cannabinoids\">K2 sprays<\/a> Disponible \u00e0 l'achat, l'extrait atteint des sommets synth\u00e9tiques. Parmi les cannabino\u00efdes synth\u00e9tiques figure le K2, synth\u00e9tis\u00e9 en laboratoire. Il peut \u00eatre d\u00e9sign\u00e9 sous plusieurs noms\u00a0: Spice et C-Liquid en sont deux exemples. Ce produit transparent et inodore est tr\u00e8s recherch\u00e9 par les pharmacies et les consommateurs exp\u00e9riment\u00e9s de cannabis en raison de sa puissance remarquable. Il existe diff\u00e9rentes formulations pharmacologiques, la plus r\u00e9pandue \u00e9tant le K2 liquide sur papier. <a href=\"https:\/\/chemswell.com\/fr\/produit\/k2-clair-spray\/\">Purchase K2 spray<\/a> now online from our store.<\/p>\n<p>Gagnez le plus d'argent possible en achetant du papier \u00e0 \u00e9pices K2 chez <a href=\"https:\/\/chemswell.com\/fr\/\">Chemswell<\/a>Notre sp\u00e9cialit\u00e9 est la fourniture de produits d'encens aux particuliers\u00a0; nous pouvons \u00e9galement approvisionner les dispensaires, les pharmacies et les instituts de recherche en K2 \u00e0 prix de gros. Il faut plusieurs feuilles. Aucun probl\u00e8me.<\/p>\n<p>Nous utilisons les go\u00fbts artificiels et les plantes les plus puissants pour fabriquer notre papier K2. Acqu\u00e9rir des produits synth\u00e9tiques de marijuana de premi\u00e8re qualit\u00e9 ! Si vous nous choisissez comme fournisseur de papier K2, vous pouvez commencer votre recherche sans avoir \u00e0 vous soucier de prendre trop ou trop peu.<\/p>","protected":false},"excerpt":{"rendered":"<p>Clear K2 Spray For sale Nous offrons les meilleurs sprays K2 disponibles \u00e0 l'achat, l'extrait de la grandeur synth\u00e9tique. Parmi les produits synth\u00e9tiques<\/p>","protected":false},"featured_media":10797,"comment_status":"closed","ping_status":"closed","template":"","meta":{"_joinchat":[]},"product_cat":[1257],"product_tag":[1674,1664,1522,1656,1671,1655,1659,1658,1666,1657,1667,1669,1676,1677,1675,1672,1668,1663,1661,1673,1670,1530,1662,1665,1660],"yoast_head":"<!-- This site is optimized with the Yoast SEO plugin v23.0 - https:\/\/yoast.com\/wordpress\/plugins\/seo\/ -->\n<title>Buy Clear K2 Spray Online - Clear K2 Spray for Sale<\/title>\n<meta name=\"description\" content=\"Looking to buy clear k2 spray online? We have the highest quality clear k2 spray for sale at an affordable price. Shop now and receive fast shipping.\" \/>\n<meta name=\"robots\" content=\"index, follow, max-snippet:-1, max-image-preview:large, max-video-preview:-1\" \/>\n<link rel=\"canonical\" href=\"https:\/\/chemswell.com\/fr\/produit\/k2-clair-spray\/\" \/>\n<meta property=\"og:locale\" content=\"fr_FR\" \/>\n<meta property=\"og:type\" content=\"article\" \/>\n<meta property=\"og:title\" content=\"Buy Clear K2 Spray Online - Clear K2 Spray for Sale\" \/>\n<meta property=\"og:description\" content=\"Looking to buy clear k2 spray online? We have the highest quality clear k2 spray for sale at an affordable price. Shop now and receive fast shipping.\" \/>\n<meta property=\"og:url\" content=\"https:\/\/chemswell.com\/fr\/produit\/k2-clair-spray\/\" \/>\n<meta property=\"og:site_name\" content=\"Chemswell\" \/>\n<meta property=\"article:modified_time\" content=\"2025-01-11T06:52:39+00:00\" \/>\n<meta property=\"og:image\" content=\"https:\/\/chemswell.com\/wp-content\/uploads\/2024\/05\/Clear-k2-spray.webp\" \/>\n\t<meta property=\"og:image:width\" content=\"350\" \/>\n\t<meta property=\"og:image:height\" content=\"350\" \/>\n\t<meta property=\"og:image:type\" content=\"image\/webp\" \/>\n<meta name=\"twitter:card\" content=\"summary_large_image\" \/>\n<meta name=\"twitter:label1\" content=\"Dur\u00e9e de lecture estim\u00e9e\" \/>\n\t<meta name=\"twitter:data1\" content=\"1 minute\" \/>\n<!-- \/ Yoast SEO plugin. -->","yoast_head_json":{"title":"Buy Clear K2 Spray Online - Clear K2 Spray for Sale","description":"Looking to buy clear k2 spray online? We have the highest quality clear k2 spray for sale at an affordable price. Shop now and receive fast shipping.","robots":{"index":"index","follow":"follow","max-snippet":"max-snippet:-1","max-image-preview":"max-image-preview:large","max-video-preview":"max-video-preview:-1"},"canonical":"https:\/\/chemswell.com\/fr\/produit\/k2-clair-spray\/","og_locale":"fr_FR","og_type":"article","og_title":"Buy Clear K2 Spray Online - Clear K2 Spray for Sale","og_description":"Looking to buy clear k2 spray online? We have the highest quality clear k2 spray for sale at an affordable price. Shop now and receive fast shipping.","og_url":"https:\/\/chemswell.com\/fr\/produit\/k2-clair-spray\/","og_site_name":"Chemswell","article_modified_time":"2025-01-11T06:52:39+00:00","og_image":[{"width":350,"height":350,"url":"https:\/\/chemswell.com\/wp-content\/uploads\/2024\/05\/Clear-k2-spray.webp","type":"image\/webp"}],"twitter_card":"summary_large_image","twitter_misc":{"Dur\u00e9e de lecture estim\u00e9e":"1 minute"},"schema":{"@context":"https:\/\/schema.org","@graph":[{"@type":"WebPage","@id":"https:\/\/chemswell.com\/product\/clear-k2-spray\/","url":"https:\/\/chemswell.com\/product\/clear-k2-spray\/","name":"Buy Clear K2 Spray Online - Clear K2 Spray for Sale","isPartOf":{"@id":"https:\/\/chemswell.com\/it\/#website"},"primaryImageOfPage":{"@id":"https:\/\/chemswell.com\/product\/clear-k2-spray\/#primaryimage"},"image":{"@id":"https:\/\/chemswell.com\/product\/clear-k2-spray\/#primaryimage"},"thumbnailUrl":"https:\/\/chemswell.com\/wp-content\/uploads\/2024\/05\/Clear-k2-spray.webp","datePublished":"2024-05-29T08:06:25+00:00","dateModified":"2025-01-11T06:52:39+00:00","description":"Looking to buy clear k2 spray online? We have the highest quality clear k2 spray for sale at an affordable price. Shop now and receive fast shipping.","breadcrumb":{"@id":"https:\/\/chemswell.com\/product\/clear-k2-spray\/#breadcrumb"},"inLanguage":"fr-FR","potentialAction":[{"@type":"ReadAction","target":["https:\/\/chemswell.com\/product\/clear-k2-spray\/"]}]},{"@type":"ImageObject","inLanguage":"fr-FR","@id":"https:\/\/chemswell.com\/product\/clear-k2-spray\/#primaryimage","url":"https:\/\/chemswell.com\/wp-content\/uploads\/2024\/05\/Clear-k2-spray.webp","contentUrl":"https:\/\/chemswell.com\/wp-content\/uploads\/2024\/05\/Clear-k2-spray.webp","width":350,"height":350,"caption":"Clear K2 Spray For sale\u00a0"},{"@type":"BreadcrumbList","@id":"https:\/\/chemswell.com\/product\/clear-k2-spray\/#breadcrumb","itemListElement":[{"@type":"ListItem","position":1,"name":"Home","item":"https:\/\/chemswell.com\/ru\/"},{"@type":"ListItem","position":2,"name":"Shop","item":"https:\/\/chemswell.com\/ru\/%d0%bc%d0%b0%d0%b3%d0%b0%d0%b7%d0%b8%d0%bd\/"},{"@type":"ListItem","position":3,"name":"Clear K2 Spray"}]},{"@type":"WebSite","@id":"https:\/\/chemswell.com\/it\/#website","url":"https:\/\/chemswell.com\/it\/","name":"Chemswell","description":"#1 Research Chemical Store","potentialAction":[{"@type":"SearchAction","target":{"@type":"EntryPoint","urlTemplate":"https:\/\/chemswell.com\/it\/?s={search_term_string}"},"query-input":"required name=search_term_string"}],"inLanguage":"fr-FR"}]}},"_links":{"self":[{"href":"https:\/\/chemswell.com\/fr\/wp-json\/wp\/v2\/product\/10796"}],"collection":[{"href":"https:\/\/chemswell.com\/fr\/wp-json\/wp\/v2\/product"}],"about":[{"href":"https:\/\/chemswell.com\/fr\/wp-json\/wp\/v2\/types\/product"}],"replies":[{"embeddable":true,"href":"https:\/\/chemswell.com\/fr\/wp-json\/wp\/v2\/comments?post=10796"}],"wp:featuredmedia":[{"embeddable":true,"href":"https:\/\/chemswell.com\/fr\/wp-json\/wp\/v2\/media\/10797"}],"wp:attachment":[{"href":"https:\/\/chemswell.com\/fr\/wp-json\/wp\/v2\/media?parent=10796"}],"wp:term":[{"taxonomy":"product_cat","embeddable":true,"href":"https:\/\/chemswell.com\/fr\/wp-json\/wp\/v2\/product_cat?post=10796"},{"taxonomy":"product_tag","embeddable":true,"href":"https:\/\/chemswell.com\/fr\/wp-json\/wp\/v2\/product_tag?post=10796"}],"curies":[{"name":"wp","href":"https:\/\/api.w.org\/{rel}","templated":true}]}}