{"id":10800,"date":"2024-05-29T08:27:32","date_gmt":"2024-05-29T08:27:32","guid":{"rendered":"https:\/\/chemswell.com\/?post_type=product&#038;p=10800"},"modified":"2025-07-16T09:10:16","modified_gmt":"2025-07-16T09:10:16","slug":"k2-spice-paper-wholesale","status":"publish","type":"product","link":"https:\/\/chemswell.com\/fr\/produit\/k2-spice-paper-wholesale\/","title":{"rendered":"K2 Spice Paper Wholesale"},"content":{"rendered":"<h2>Acheter des feuilles de papier K2<\/h2>\n<p>Nous vous pr\u00e9sentons l'extrait \u00e0 la supr\u00e9matie synth\u00e9tique, <a href=\"https:\/\/chemswell.com\/fr\/produit\/k2-spice-paper-wholesale\/\">K2 paper sheets for sale<\/a>. Parmi les cannabino\u00efdes synth\u00e9tiques, on trouve le produit chimique K2, qui a \u00e9t\u00e9 synth\u00e9tis\u00e9 en laboratoire. Il est connu sous plusieurs noms, dont Spice et C-Liquid. Cette substance transparente et inodore est tr\u00e8s recherch\u00e9e par les pharmacies et les consommateurs de cannabis exp\u00e9riment\u00e9s en raison de sa puissance remarquable. Il existe diff\u00e9rentes formulations pharmacologiques, la plus r\u00e9pandue \u00e9tant le K2 liquide sur papier. Achetez le spray K2 en ligne sur notre site.<a href=\"https:\/\/chemswell.com\/fr\/categorie-de-produits\/k2-products\/\">.<\/a><\/p>\n<p>Gagnez le plus d'argent possible en achetant <a href=\"https:\/\/en.wikipedia.org\/wiki\/Synthetic_cannabinoids\">K2 spice paper<\/a> Chez Chemswell. Notre sp\u00e9cialit\u00e9 est la fourniture de produits d'encens aux particuliers\u00a0; nous pouvons \u00e9galement approvisionner les dispensaires, les pharmacies et les instituts de recherche en K2 \u00e0 prix de gros. Il faut plusieurs feuilles. Aucun probl\u00e8me\u00a0! Smacked Green vend des feuilles de papier K2.<\/p>\n<p>Nous utilisons les go\u00fbts artificiels et les plantes les plus puissants pour fabriquer notre papier K2. Acqu\u00e9rir des produits synth\u00e9tiques de marijuana de premi\u00e8re qualit\u00e9 ! Si vous nous choisissez comme fournisseur de papier K2, vous pouvez commencer vos recherches sans craindre d'en prendre trop ou trop peu.<\/p>\n<h3>L'effet est le papier K2<\/h3>\n<p>Un poids constant nuit aux circuits c\u00e9r\u00e9braux et fausse le jugement, diminuant ainsi les capacit\u00e9s cognitives. L'accent est mis sur la s\u00e9curit\u00e9. Cela cr\u00e9e des probl\u00e8mes au niveau du c\u0153ur, des reins, du foie et du cerveau.<br \/>\nNous distribuons Buy k2 wholesale paper online \u00e0 ceux qui sont sur le point de mourir, qui envisagent de se suicider ou qui ne veulent plus vivre en raison des circonstances de la vie ou d'autres pr\u00e9occupations priv\u00e9es pour le plus grand bien de tous. Nous sommes convaincus que notre produit vous procurera un environnement confortable et que, par cons\u00e9quent, vous continuerez \u00e0 travailler avec nous.<\/p>\n<p>Le fluide K2 contient une vitamine cruciale qui facilite le mouvement du calcium dans les os et l'\u00e9loigne des organes. Il est facile d'acheter des suppl\u00e9ments dans ce cadre. Pour rester sain et solide, l'achat de papier k2 en gros en ligne est parfait pour soulager la tension et se d\u00e9tendre. Il est temps d'acheter du papier K2. Vous pouvez comparer les prix si vous le souhaitez : L'encens naturel K2 est un produit en vogue dans tout le pays, avec des changements puissants consid\u00e9r\u00e9s comme aidant \u00e0 d\u00e9tecter et \u00e0 \u00e9clairer les pens\u00e9es.<\/p>","protected":false},"excerpt":{"rendered":"<p>Papier K2 en gros. Pour ceux qui sont int\u00e9ress\u00e9s par des prix de gros sur le papier K2, c'est le bon endroit. Chaque feuille A4 est impr\u00e9gn\u00e9e de\u00a0<strong>25 ml=0.845351 oz liquide<\/strong>\u00a0de\u00a0<strong>inodore\u00a0<\/strong>et\u00a0<strong>incolore\u00a0<\/strong>liquide K2.<\/p>","protected":false},"featured_media":10801,"comment_status":"closed","ping_status":"closed","template":"","meta":{"_joinchat":[]},"product_cat":[1257],"product_tag":[1697,1687,1522,1679,1694,1691,1686,1678,1681,1682,1689,1680,1690,1692,1699,1700,1698,1695,1684,1696,1693,1530,1685,1688,1683],"yoast_head":"<!-- This site is optimized with the Yoast SEO plugin v23.0 - https:\/\/yoast.com\/wordpress\/plugins\/seo\/ -->\n<title>K2 Spice Paper Wholesale - Order K2 Spice Paper - chemswell<\/title>\n<meta name=\"description\" content=\"K2 Spice Paper Wholesale, K2 Spice, Diablo K2 spray are shredded plant material that is typically sprayed with a synthetic compound. K2 Spray\/Infused papers\" \/>\n<meta name=\"robots\" content=\"index, follow, max-snippet:-1, max-image-preview:large, max-video-preview:-1\" \/>\n<link rel=\"canonical\" href=\"https:\/\/chemswell.com\/fr\/produit\/k2-spice-paper-wholesale\/\" \/>\n<meta property=\"og:locale\" content=\"fr_FR\" \/>\n<meta property=\"og:type\" content=\"article\" \/>\n<meta property=\"og:title\" content=\"K2 Spice Paper Wholesale - Order K2 Spice Paper - chemswell\" \/>\n<meta property=\"og:description\" content=\"K2 Spice Paper Wholesale, K2 Spice, Diablo K2 spray are shredded plant material that is typically sprayed with a synthetic compound. K2 Spray\/Infused papers\" \/>\n<meta property=\"og:url\" content=\"https:\/\/chemswell.com\/fr\/produit\/k2-spice-paper-wholesale\/\" \/>\n<meta property=\"og:site_name\" content=\"Chemswell\" \/>\n<meta property=\"article:modified_time\" content=\"2025-07-16T09:10:16+00:00\" \/>\n<meta property=\"og:image\" content=\"https:\/\/chemswell.com\/wp-content\/uploads\/2024\/05\/Wholesale-K2-Paper-Online.jpg\" \/>\n\t<meta property=\"og:image:width\" content=\"600\" \/>\n\t<meta property=\"og:image:height\" content=\"600\" \/>\n\t<meta property=\"og:image:type\" content=\"image\/jpeg\" \/>\n<meta name=\"twitter:card\" content=\"summary_large_image\" \/>\n<meta name=\"twitter:label1\" content=\"Dur\u00e9e de lecture estim\u00e9e\" \/>\n\t<meta name=\"twitter:data1\" content=\"2 minutes\" \/>\n<!-- \/ Yoast SEO plugin. -->","yoast_head_json":{"title":"K2 Spice Paper Wholesale - Order K2 Spice Paper - chemswell","description":"K2 Spice Paper Wholesale, K2 Spice, Diablo K2 spray are shredded plant material that is typically sprayed with a synthetic compound. K2 Spray\/Infused papers","robots":{"index":"index","follow":"follow","max-snippet":"max-snippet:-1","max-image-preview":"max-image-preview:large","max-video-preview":"max-video-preview:-1"},"canonical":"https:\/\/chemswell.com\/fr\/produit\/k2-spice-paper-wholesale\/","og_locale":"fr_FR","og_type":"article","og_title":"K2 Spice Paper Wholesale - Order K2 Spice Paper - chemswell","og_description":"K2 Spice Paper Wholesale, K2 Spice, Diablo K2 spray are shredded plant material that is typically sprayed with a synthetic compound. K2 Spray\/Infused papers","og_url":"https:\/\/chemswell.com\/fr\/produit\/k2-spice-paper-wholesale\/","og_site_name":"Chemswell","article_modified_time":"2025-07-16T09:10:16+00:00","og_image":[{"width":600,"height":600,"url":"https:\/\/chemswell.com\/wp-content\/uploads\/2024\/05\/Wholesale-K2-Paper-Online.jpg","type":"image\/jpeg"}],"twitter_card":"summary_large_image","twitter_misc":{"Dur\u00e9e de lecture estim\u00e9e":"2 minutes"},"schema":{"@context":"https:\/\/schema.org","@graph":[{"@type":"WebPage","@id":"https:\/\/chemswell.com\/product\/k2-spice-paper-wholesale\/","url":"https:\/\/chemswell.com\/product\/k2-spice-paper-wholesale\/","name":"K2 Spice Paper Wholesale - Order K2 Spice Paper - chemswell","isPartOf":{"@id":"https:\/\/chemswell.com\/it\/#website"},"primaryImageOfPage":{"@id":"https:\/\/chemswell.com\/product\/k2-spice-paper-wholesale\/#primaryimage"},"image":{"@id":"https:\/\/chemswell.com\/product\/k2-spice-paper-wholesale\/#primaryimage"},"thumbnailUrl":"https:\/\/chemswell.com\/wp-content\/uploads\/2024\/05\/Wholesale-K2-Paper-Online.jpg","datePublished":"2024-05-29T08:27:32+00:00","dateModified":"2025-07-16T09:10:16+00:00","description":"K2 Spice Paper Wholesale, K2 Spice, Diablo K2 spray are shredded plant material that is typically sprayed with a synthetic compound. K2 Spray\/Infused papers","breadcrumb":{"@id":"https:\/\/chemswell.com\/product\/k2-spice-paper-wholesale\/#breadcrumb"},"inLanguage":"fr-FR","potentialAction":[{"@type":"ReadAction","target":["https:\/\/chemswell.com\/product\/k2-spice-paper-wholesale\/"]}]},{"@type":"ImageObject","inLanguage":"fr-FR","@id":"https:\/\/chemswell.com\/product\/k2-spice-paper-wholesale\/#primaryimage","url":"https:\/\/chemswell.com\/wp-content\/uploads\/2024\/05\/Wholesale-K2-Paper-Online.jpg","contentUrl":"https:\/\/chemswell.com\/wp-content\/uploads\/2024\/05\/Wholesale-K2-Paper-Online.jpg","width":600,"height":600,"caption":"K2 Spice Paper Wholesale"},{"@type":"BreadcrumbList","@id":"https:\/\/chemswell.com\/product\/k2-spice-paper-wholesale\/#breadcrumb","itemListElement":[{"@type":"ListItem","position":1,"name":"Home","item":"https:\/\/chemswell.com\/ru\/"},{"@type":"ListItem","position":2,"name":"Shop","item":"https:\/\/chemswell.com\/ru\/%d0%bc%d0%b0%d0%b3%d0%b0%d0%b7%d0%b8%d0%bd\/"},{"@type":"ListItem","position":3,"name":"K2 Spice Paper Wholesale"}]},{"@type":"WebSite","@id":"https:\/\/chemswell.com\/it\/#website","url":"https:\/\/chemswell.com\/it\/","name":"Chemswell","description":"#1 Research Chemical Store","potentialAction":[{"@type":"SearchAction","target":{"@type":"EntryPoint","urlTemplate":"https:\/\/chemswell.com\/it\/?s={search_term_string}"},"query-input":"required name=search_term_string"}],"inLanguage":"fr-FR"}]}},"_links":{"self":[{"href":"https:\/\/chemswell.com\/fr\/wp-json\/wp\/v2\/product\/10800"}],"collection":[{"href":"https:\/\/chemswell.com\/fr\/wp-json\/wp\/v2\/product"}],"about":[{"href":"https:\/\/chemswell.com\/fr\/wp-json\/wp\/v2\/types\/product"}],"replies":[{"embeddable":true,"href":"https:\/\/chemswell.com\/fr\/wp-json\/wp\/v2\/comments?post=10800"}],"wp:featuredmedia":[{"embeddable":true,"href":"https:\/\/chemswell.com\/fr\/wp-json\/wp\/v2\/media\/10801"}],"wp:attachment":[{"href":"https:\/\/chemswell.com\/fr\/wp-json\/wp\/v2\/media?parent=10800"}],"wp:term":[{"taxonomy":"product_cat","embeddable":true,"href":"https:\/\/chemswell.com\/fr\/wp-json\/wp\/v2\/product_cat?post=10800"},{"taxonomy":"product_tag","embeddable":true,"href":"https:\/\/chemswell.com\/fr\/wp-json\/wp\/v2\/product_tag?post=10800"}],"curies":[{"name":"wp","href":"https:\/\/api.w.org\/{rel}","templated":true}]}}