{"id":9762,"date":"2023-01-18T11:03:13","date_gmt":"2023-01-18T11:03:13","guid":{"rendered":"https:\/\/legitchemicals.com\/chemswell\/product\/import-placeholder-for-11\/"},"modified":"2026-04-02T22:12:58","modified_gmt":"2026-04-02T22:12:58","slug":"3-mmc-crystalline-powder","status":"publish","type":"product","link":"https:\/\/chemswell.com\/fr\/produit\/3-mmc-cristalline-poudre\/","title":{"rendered":"Acheter de la poudre cristalline 3 MMC en ligne"},"content":{"rendered":"<h2>ACHETER LA POUDRE CRISTALLINE 3 MMC EN LIGNE CHEMSWELL<\/h2>\n<p><span style=\"font-weight: 400;\">The emergence of <\/span><a href=\"https:\/\/chemswell.com\/fr\/produit\/3-mmc-cristalline-poudre\/\"><i><span style=\"font-weight: 400;\">3-MMC Crystalline Powder<\/span><\/i><\/a><span style=\"font-weight: 400;\"> L'introduction sur les march\u00e9s num\u00e9riques repr\u00e9sente une tendance croissante du commerce de substances synth\u00e9tiques, o\u00f9 les plateformes en ligne permettent un acc\u00e8s facile \u00e0 des produits chimiques non r\u00e9glement\u00e9s. Ces march\u00e9s gris, aliment\u00e9s par le chiffrement, les cryptomonnaies et les failles juridiques, op\u00e8rent en marge de la loi et de la surveillance de la sant\u00e9 publique.<\/span><\/p>\n<p><span style=\"font-weight: 400;\">Cet article explore la dynamique derri\u00e8re la disponibilit\u00e9 en ligne du 3-MMC, les tensions \u00e9thiques qu\u2019il soul\u00e8ve et les r\u00e9ponses r\u00e9glementaires possibles dans un monde d\u00e9centralis\u00e9 et num\u00e9rique.<\/span><\/p>\n<h3><b>What Makes the Sale of 3-MMC Crystalline Powder?<\/b><\/h3>\n<p><span style=\"font-weight: 400;\"><a href=\"https:\/\/en.wikipedia.org\/wiki\/3-Methylmethcathinone\">3-MMC<\/a>, une cathinone synth\u00e9tique structurellement similaire \u00e0 la m\u00e9ph\u00e9drone, est commercialis\u00e9e en ligne comme \u00ab\u00a0produit chimique de recherche\u00a0\u00bb, \u00ab\u00a0engrais\u00a0\u00bb ou \u00ab\u00a0non destin\u00e9 \u00e0 la consommation humaine\u00a0\u00bb. Ces \u00e9tiquettes, tout en \u00e9loignant superficiellement les vendeurs de toute responsabilit\u00e9, masquent clairement l'usage pr\u00e9vu dans de nombreux cas.<\/span><\/p>\n<p>Son attrait r\u00e9side dans ses effets euphorisants, son regain d'\u00e9nergie stimulant et sa disponibilit\u00e9 \u00e0 court terme, notamment dans les r\u00e9gions o\u00f9 d'autres substances sont strictement contr\u00f4l\u00e9es. Sa forme cristalline en poudre est facile \u00e0 doser, \u00e0 exp\u00e9dier discr\u00e8tement et \u00e0 m\u00e9langer, autant de facteurs qui la rendent attractive tant pour les vendeurs en ligne que pour les utilisateurs.<\/p>\n<h3><b>Le march\u00e9 gris num\u00e9rique<\/b><\/h3>\n<h3><b>Aper\u00e7u des fournisseurs en ligne, des forums et des avis des utilisateurs<\/b><\/h3>\n<p><span style=\"font-weight: 400;\">Les vendeurs en ligne de 3-MMC op\u00e8rent souvent de mani\u00e8re semi-ouverte sur des plateformes crypt\u00e9es, des sites web sp\u00e9cialis\u00e9s ou des groupes de discussion priv\u00e9s. Des forums communautaires comme Reddit (avant mod\u00e9ration) ou des sites du dark web proposent des avis d'utilisateurs, des recommandations de dosage et des r\u00e9cits de voyage subjectifs, imitant ainsi les mod\u00e8les l\u00e9gitimes du commerce \u00e9lectronique.<\/span><\/p>\n<p>Les clients \u00e9valuent les produits en fonction de leur puret\u00e9, de la dur\u00e9e de leur effet, de la discr\u00e9tion de leur emballage et du service client, cr\u00e9ant ainsi un \u00e9cosyst\u00e8me de r\u00e9troaction qui renforce la cha\u00eene d'approvisionnement, m\u00eame en l'absence de r\u00e9glementation.<\/p>\n<h3><b>R\u00f4le de la cryptomonnaie et de l'anonymat<\/b><\/h3>\n<p><span style=\"font-weight: 400;\">Les cryptomonnaies sont le moteur de ces march\u00e9s. Le Bitcoin reste couramment utilis\u00e9, m\u00eame si des cryptomonnaies confidentielles comme Monero ont gagn\u00e9 en popularit\u00e9 en raison de leur nature intra\u00e7able. Ces outils permettent des \u00e9changes sous pseudonyme, r\u00e9duisant ainsi la tra\u00e7abilit\u00e9 pour les acheteurs comme pour les vendeurs.<\/span><\/p>\n<p><span style=\"font-weight: 400;\">Combined with VPNs, encrypted messaging apps (e.g., Signal, Telegram), and offshore hosting, these elements create a digital cloak that keeps 3-MMC and similar substances in circulation despite legal risks.<\/span><\/p>\n<h3><b>Autonomie vs. pr\u00e9judice<\/b><\/h3>\n<h3><b>Les individus devraient-ils avoir acc\u00e8s aux substances non r\u00e9glement\u00e9es ?<\/b><\/h3>\n<p><span style=\"font-weight: 400;\">Some argue that responsible adults should be free to experiment with unscheduled psychoactives, especially in personal, non-commercial contexts. The libertarian view prioritizes cognitive liberty, arguing that risk-aware users should have autonomy over what they consume.<\/span><\/p>\n<p>But others warn of the dangers: unpredictable dosages, neurotoxic effects, and long-term mental health impacts. With limited clinical research on 3-MMC, many users essentially conduct experiments on themselves \u2014 sometimes with tragic consequences.<\/p>\n<h3><b>L'\u00e9quilibre entre libert\u00e9 et sant\u00e9 publique<\/b><\/h3>\n<p><span style=\"font-weight: 400;\">This ethical tug-of-war \u2014 between individual freedom and collective safety \u2014 defines the challenge of regulating gray-market substances. While heavy-handed bans may push markets further underground, total laissez-faire policies could enable widespread harm.<\/span><\/p>\n<p><span style=\"font-weight: 400;\">The middle ground? Education, testing, and controlled access rather than criminalization.<\/span><\/p>\n<h3><b>Responsabilit\u00e9 de la plateforme<\/b><\/h3>\n<h3><b>Les places de march\u00e9 sont-elles responsables de ce qui est vendu ?<\/b><\/h3>\n<p><span style=\"font-weight: 400;\">Platform operators frequently disavow knowledge or responsibility for what users post or sell. But digital marketplaces that facilitate the sale of substances like 3-MMC \u2014 especially those that categorize and review products \u2014 are arguably curating a pharmacological marketplace.<\/span><\/p>\n<p><span style=\"font-weight: 400;\">From a legal standpoint, many countries now hold platforms accountable under &#8220;know your customer&#8221; (KYC) or &#8220;anti-money laundering&#8221; (AML) laws. But enforcement is difficult in jurisdictions with limited extradition treaties or lax data laws.<\/span><\/p>\n<h3><b>Case Studies of Shutdowns (e.g., 3-MMC Crystalline Powder)<\/b><\/h3>\n<p><span style=\"font-weight: 400;\">When popular vendors or platforms are shut down \u2014 such as Dutch or Eastern European labs distributing 3-MMC \u2014 the market doesn&#8217;t collapse. It migrates. Often, newly branded vendors re-emerge, offering \u201cimproved\u201d or re-labeled versions to skirt detection.<\/span><\/p>\n<p>Each shutdown highlights the whack-a-mole nature of enforcement in a decentralized environment.<\/p>\n<h3><b>Policy and Ethical Solutions<\/b><\/h3>\n<h3><b>R\u00e9gulation \u00e9thique \u00e0 l'\u00e8re du commerce d\u00e9centralis\u00e9<\/b><\/h3>\n<p>Experts increasingly call for regulated access to low-risk psychoactive substances rather than blanket prohibition. This may include:<\/p>\n<ul>\n<li style=\"font-weight: 400;\" aria-level=\"1\"><span style=\"font-weight: 400;\">Legalizing and monitoring specific compounds<\/span><span style=\"font-weight: 400;\"><br \/>\n<\/span><\/li>\n<li style=\"font-weight: 400;\" aria-level=\"1\"><span style=\"font-weight: 400;\">Establishing drug-checking stations<\/span><span style=\"font-weight: 400;\"><br \/>\n<\/span><\/li>\n<li style=\"font-weight: 400;\" aria-level=\"1\"><span style=\"font-weight: 400;\">Creating medically supervised consumption sites<\/span><span style=\"font-weight: 400;\"><br \/>\n<\/span><\/li>\n<li style=\"font-weight: 400;\" aria-level=\"1\"><span style=\"font-weight: 400;\">Supporting open research on effects and risks<\/span><span style=\"font-weight: 400;\"><br \/>\n<\/span><\/li>\n<\/ul>\n<h3><b>Surveillance num\u00e9rique sans surveillance excessive<\/b><\/h3>\n<p><span style=\"font-weight: 400;\">AI-driven trend analysis could monitor anonymized metadata from forums or encrypted marketplaces to detect emerging threats, like contaminated 3-MMC batches. But this must be done without violating digital privacy or setting dangerous precedents for surveillance.<\/span><\/p>\n<p><span style=\"font-weight: 400;\">Balancing technological capability with civil liberties is perhaps the biggest ethical challenge ahead.<\/span><\/p>\n<h3><b>Conclusion : Naviguer dans l'avenir de l'\u00e9thique num\u00e9rique des m\u00e9dicaments<\/b><\/h3>\n<p><span style=\"font-weight: 400;\">The online availability of substances like 3-MMC Crystalline Powder forces societies to confront uncomfortable realities: demand for psychoactive experiences isn\u2019t going away, and current prohibitionist strategies are failing.<\/span><\/p>\n<p>Rather than chasing shadows, the future may lie in regulated autonomy, harm reduction, and digital-savvy oversight \u2014 protecting both individual freedom and public health in an increasingly interconnected world.<\/p>","protected":false},"excerpt":{"rendered":"<h1 id=\"firstHeading\" class=\"firstHeading mw-first-heading\"><span class=\"mw-page-title-main\">3-M\u00e9thylm\u00e9thcathinone<\/span><\/h1>\n<p><strong>3-M\u00e9thylm\u00e9thcathinone<\/strong> est une drogue de synth\u00e8se appartenant \u00e0 la famille des cathinones substitu\u00e9es, \u00e9galement appel\u00e9e <strong>3-MMC<\/strong> et <strong>la m\u00e9taph\u00e9drone.<\/strong> Depuis <strong>3-MMC<\/strong> est un isom\u00e8re structurel de la 4-MMC, elle est ill\u00e9gale dans la majorit\u00e9 des pays qui ont interdit la m\u00e9ph\u00e9drone. La 3-MMC pr\u00e9sente des similitudes structurelles avec la 4-MMC, un stup\u00e9fiant illicite plus connu. En tant que substitut de la m\u00e9ph\u00e9drone, la 3-MMC a n\u00e9anmoins fait son apparition sur le march\u00e9 des drogues r\u00e9cr\u00e9atives ; sa commercialisation a \u00e9t\u00e9 d\u00e9couverte pour la premi\u00e8re fois en Su\u00e8de en 2012. La 3-MMC a \u00e9t\u00e9 test\u00e9e dans au moins une \u00e9tude importante incluant des mammif\u00e8res, contrairement \u00e0 certaines cathinones synth\u00e9tiques.<\/p>","protected":false},"featured_media":9952,"comment_status":"open","ping_status":"closed","template":"","meta":{"_joinchat":[]},"product_cat":[1255],"product_tag":[1316,1319,1317,1315,1318,1321,1320,1322],"yoast_head":"<!-- This site is optimized with the Yoast SEO plugin v23.0 - https:\/\/yoast.com\/wordpress\/plugins\/seo\/ -->\n<title>3 MMC Crystalline for Sale - Buy 3 MMC Crystalline Powder Online<\/title>\n<meta name=\"description\" content=\"You can buy 3 mmc crystalline powder at Chemswell.com. Place your order 3 mmc crystal for Sale and receive your product on time. Hit Your order now\" \/>\n<meta name=\"robots\" content=\"index, follow, max-snippet:-1, max-image-preview:large, max-video-preview:-1\" \/>\n<link rel=\"canonical\" href=\"https:\/\/chemswell.com\/fr\/produit\/3-mmc-cristalline-poudre\/\" \/>\n<meta property=\"og:locale\" content=\"fr_FR\" \/>\n<meta property=\"og:type\" content=\"article\" \/>\n<meta property=\"og:title\" content=\"3 MMC Crystalline for Sale - Buy 3 MMC Crystalline Powder Online\" \/>\n<meta property=\"og:description\" content=\"You can buy 3 mmc crystalline powder at Chemswell.com. Place your order 3 mmc crystal for Sale and receive your product on time. Hit Your order now\" \/>\n<meta property=\"og:url\" content=\"https:\/\/chemswell.com\/fr\/produit\/3-mmc-cristalline-poudre\/\" \/>\n<meta property=\"og:site_name\" content=\"Chemswell\" \/>\n<meta property=\"article:modified_time\" content=\"2026-04-02T22:12:58+00:00\" \/>\n<meta property=\"og:image\" content=\"https:\/\/chemswell.com\/wp-content\/uploads\/2023\/01\/3-mmc-Crystalline-Powder.jpg\" \/>\n\t<meta property=\"og:image:width\" content=\"600\" \/>\n\t<meta property=\"og:image:height\" content=\"600\" \/>\n\t<meta property=\"og:image:type\" content=\"image\/jpeg\" \/>\n<meta name=\"twitter:card\" content=\"summary_large_image\" \/>\n<meta name=\"twitter:label1\" content=\"Dur\u00e9e de lecture estim\u00e9e\" \/>\n\t<meta name=\"twitter:data1\" content=\"4 minutes\" \/>\n<!-- \/ Yoast SEO plugin. -->","yoast_head_json":{"title":"3 MMC Crystalline for Sale - Buy 3 MMC Crystalline Powder Online","description":"You can buy 3 mmc crystalline powder at Chemswell.com. Place your order 3 mmc crystal for Sale and receive your product on time. Hit Your order now","robots":{"index":"index","follow":"follow","max-snippet":"max-snippet:-1","max-image-preview":"max-image-preview:large","max-video-preview":"max-video-preview:-1"},"canonical":"https:\/\/chemswell.com\/fr\/produit\/3-mmc-cristalline-poudre\/","og_locale":"fr_FR","og_type":"article","og_title":"3 MMC Crystalline for Sale - Buy 3 MMC Crystalline Powder Online","og_description":"You can buy 3 mmc crystalline powder at Chemswell.com. Place your order 3 mmc crystal for Sale and receive your product on time. Hit Your order now","og_url":"https:\/\/chemswell.com\/fr\/produit\/3-mmc-cristalline-poudre\/","og_site_name":"Chemswell","article_modified_time":"2026-04-02T22:12:58+00:00","og_image":[{"width":600,"height":600,"url":"https:\/\/chemswell.com\/wp-content\/uploads\/2023\/01\/3-mmc-Crystalline-Powder.jpg","type":"image\/jpeg"}],"twitter_card":"summary_large_image","twitter_misc":{"Dur\u00e9e de lecture estim\u00e9e":"4 minutes"},"schema":{"@context":"https:\/\/schema.org","@graph":[{"@type":"WebPage","@id":"https:\/\/chemswell.com\/product\/3-mmc-crystalline-powder\/","url":"https:\/\/chemswell.com\/product\/3-mmc-crystalline-powder\/","name":"3 MMC Crystalline for Sale - Buy 3 MMC Crystalline Powder Online","isPartOf":{"@id":"https:\/\/chemswell.com\/it\/#website"},"primaryImageOfPage":{"@id":"https:\/\/chemswell.com\/product\/3-mmc-crystalline-powder\/#primaryimage"},"image":{"@id":"https:\/\/chemswell.com\/product\/3-mmc-crystalline-powder\/#primaryimage"},"thumbnailUrl":"https:\/\/chemswell.com\/wp-content\/uploads\/2023\/01\/3-mmc-Crystalline-Powder.jpg","datePublished":"2023-01-18T11:03:13+00:00","dateModified":"2026-04-02T22:12:58+00:00","description":"You can buy 3 mmc crystalline powder at Chemswell.com. Place your order 3 mmc crystal for Sale and receive your product on time. Hit Your order now","breadcrumb":{"@id":"https:\/\/chemswell.com\/product\/3-mmc-crystalline-powder\/#breadcrumb"},"inLanguage":"fr-FR","potentialAction":[{"@type":"ReadAction","target":["https:\/\/chemswell.com\/product\/3-mmc-crystalline-powder\/"]}]},{"@type":"ImageObject","inLanguage":"fr-FR","@id":"https:\/\/chemswell.com\/product\/3-mmc-crystalline-powder\/#primaryimage","url":"https:\/\/chemswell.com\/wp-content\/uploads\/2023\/01\/3-mmc-Crystalline-Powder.jpg","contentUrl":"https:\/\/chemswell.com\/wp-content\/uploads\/2023\/01\/3-mmc-Crystalline-Powder.jpg","width":600,"height":600,"caption":"3-mmc-Crystalline-Powder"},{"@type":"BreadcrumbList","@id":"https:\/\/chemswell.com\/product\/3-mmc-crystalline-powder\/#breadcrumb","itemListElement":[{"@type":"ListItem","position":1,"name":"Home","item":"https:\/\/chemswell.com\/ru\/"},{"@type":"ListItem","position":2,"name":"Shop","item":"https:\/\/chemswell.com\/ru\/%d0%bc%d0%b0%d0%b3%d0%b0%d0%b7%d0%b8%d0%bd\/"},{"@type":"ListItem","position":3,"name":"Buy 3 MMC Crystalline Powder Online"}]},{"@type":"WebSite","@id":"https:\/\/chemswell.com\/it\/#website","url":"https:\/\/chemswell.com\/it\/","name":"Chemswell","description":"#1 Research Chemical Store","potentialAction":[{"@type":"SearchAction","target":{"@type":"EntryPoint","urlTemplate":"https:\/\/chemswell.com\/it\/?s={search_term_string}"},"query-input":"required name=search_term_string"}],"inLanguage":"fr-FR"}]}},"_links":{"self":[{"href":"https:\/\/chemswell.com\/fr\/wp-json\/wp\/v2\/product\/9762"}],"collection":[{"href":"https:\/\/chemswell.com\/fr\/wp-json\/wp\/v2\/product"}],"about":[{"href":"https:\/\/chemswell.com\/fr\/wp-json\/wp\/v2\/types\/product"}],"replies":[{"embeddable":true,"href":"https:\/\/chemswell.com\/fr\/wp-json\/wp\/v2\/comments?post=9762"}],"wp:featuredmedia":[{"embeddable":true,"href":"https:\/\/chemswell.com\/fr\/wp-json\/wp\/v2\/media\/9952"}],"wp:attachment":[{"href":"https:\/\/chemswell.com\/fr\/wp-json\/wp\/v2\/media?parent=9762"}],"wp:term":[{"taxonomy":"product_cat","embeddable":true,"href":"https:\/\/chemswell.com\/fr\/wp-json\/wp\/v2\/product_cat?post=9762"},{"taxonomy":"product_tag","embeddable":true,"href":"https:\/\/chemswell.com\/fr\/wp-json\/wp\/v2\/product_tag?post=9762"}],"curies":[{"name":"wp","href":"https:\/\/api.w.org\/{rel}","templated":true}]}}