{"id":9782,"date":"2023-01-18T11:03:14","date_gmt":"2023-01-18T11:03:14","guid":{"rendered":"https:\/\/legitchemicals.com\/chemswell\/product\/import-placeholder-for-39\/"},"modified":"2026-02-26T08:18:24","modified_gmt":"2026-02-26T08:18:24","slug":"5f-mdmb-2201","status":"publish","type":"product","link":"https:\/\/chemswell.com\/fr\/produit\/5f-mdmb-2201\/","title":{"rendered":"Acheter 5F MDMB 2201"},"content":{"rendered":"<h2><b>Ombres synth\u00e9tiques\u00a0: l'\u00e9thique de la vente en ligne de 5F-MDMB-2201<\/b><\/h2>\n<p><span style=\"font-weight: 400;\"><a href=\"https:\/\/chemswell.com\/fr\/produit\/5f-mdmb-2201\/\">Achetez 5F-MDMB-2201 en ligne<\/a> Il s'agit d'un cannabino\u00efde synth\u00e9tique initialement d\u00e9velopp\u00e9 \u00e0 des fins de recherche, mais qui s'est ensuite r\u00e9pandu sur les march\u00e9s illicites en raison de ses puissants effets psychoactifs. Connu pour sa puissance impr\u00e9visible, ce compos\u00e9 a \u00e9t\u00e9 associ\u00e9 \u00e0 de nombreuses overdoses et d\u00e9c\u00e8s dans le monde. La complexit\u00e9 \u00e9thique de sa vente ne r\u00e9side pas seulement dans le risque sanitaire, mais aussi dans l'environnement dans lequel il est commercialis\u00e9\u00a0: des march\u00e9s en ligne non r\u00e9glement\u00e9s, op\u00e9rant dans des zones d'ombre l\u00e9gales et exploitant l'anonymat num\u00e9rique.<\/span><\/p>\n<h3><b>Le march\u00e9 gris num\u00e9rique<\/b><\/h3>\n<h3><b>Aper\u00e7u des fournisseurs en ligne, des forums et des avis des utilisateurs<\/b><\/h3>\n<p><span style=\"font-weight: 400;\">La vente de <a href=\"https:\/\/en.wikipedia.org\/wiki\/5F-MDMB-PICA\">5F-MDMB-2201 online<\/a> La vente se fait g\u00e9n\u00e9ralement via des sites web de \u00ab\u00a0chimie de recherche\u00a0\u00bb, des places de march\u00e9 sur le darknet et des forums anonymes. Les vendeurs les pr\u00e9sentent avec des mentions telles que \u00ab\u00a0non destin\u00e9 \u00e0 la consommation humaine\u00a0\u00bb \u2013 une couverture l\u00e9gale. Parall\u00e8lement, les forums h\u00e9bergent des rapports d'utilisateurs, des discussions sur le dosage et des conseils pour \u00e9chapper aux douanes ou aux forces de l'ordre. Si ces plateformes favorisent le partage d'informations, elles servent souvent de caisses de r\u00e9sonance et normalisent une utilisation dangereuse.<\/span><\/p>\n<h3><b>R\u00f4le de la cryptomonnaie et de l'anonymat<\/b><\/h3>\n<p><span style=\"font-weight: 400;\">Les paiements pour le 5F-MDMB-2201 sont presque toujours effectu\u00e9s en cryptomonnaies comme Bitcoin ou Monero, ce qui ajoute une couche suppl\u00e9mentaire d'obfuscation. Gr\u00e2ce aux outils de chiffrement et aux paiements bas\u00e9s sur la blockchain, acheteurs et vendeurs peuvent op\u00e9rer avec une responsabilit\u00e9 minimale, cr\u00e9ant ainsi un \u00e9cosyst\u00e8me de march\u00e9 noir persistant, hors de port\u00e9e des forces de l'ordre conventionnelles.<\/span><\/p>\n<h3><b>Autonomie vs. pr\u00e9judice<\/b><\/h3>\n<h3><b>Les individus devraient-ils avoir acc\u00e8s aux substances non r\u00e9glement\u00e9es ?<\/b><\/h3>\n<p>L'autonomie individuelle est un argument \u00e9thique de poids\u00a0: chacun devrait avoir le droit de d\u00e9cider ce qu'il ing\u00e8re. Cependant, des substances comme le 5F-MDMB-2201 ne sont pas seulement des drogues r\u00e9cr\u00e9atives\u00a0: elles sont tr\u00e8s puissantes, souvent mal \u00e9tiquet\u00e9es et fabriqu\u00e9es de mani\u00e8re in\u00e9gale, ce qui rend le consentement \u00e9clair\u00e9 quasiment impossible.<\/p>\n<h3><b>L'\u00e9quilibre entre libert\u00e9 et sant\u00e9 publique<\/b><\/h3>\n<p><span style=\"font-weight: 400;\">L'\u00e9thique de sant\u00e9 publique exige une intervention lorsque le comportement personnel est susceptible de nuire \u00e0 autrui, notamment en cas de d\u00e9sinformation, de d\u00e9pendance ou de distribution. Lorsqu'un compos\u00e9 comme le 5F-MDMB-2201 peut entra\u00eener la mort \u00e0 des doses de l'ordre du microgramme, sa vente, m\u00eame \u00e0 des adultes inform\u00e9s, devient un risque pour la communaut\u00e9, et non plus seulement un choix personnel.<\/span><\/p>\n<h3><b>Responsabilit\u00e9 de la plateforme<\/b><\/h3>\n<h3><b>Les places de march\u00e9 sont-elles responsables de ce qui est vendu ?<\/b><\/h3>\n<p>Les vendeurs et les plateformes se d\u00e9gagent souvent de toute responsabilit\u00e9 \u00e9thique en incluant des clauses de non-responsabilit\u00e9 ou en se cachant derri\u00e8re des conditions d'utilisation. Mais lorsque les plateformes facilitent sciemment la vente de substances pr\u00e9sentant des risques sanitaires av\u00e9r\u00e9s, la neutralit\u00e9 \u00e9thique s'effondre. Elles deviennent complices des cons\u00e9quences, qu'elles l'admettent ou non.<\/p>\n<h3><b>Case Studies of Shutdowns (e.g., 5F-MDMB-2201)<\/b><\/h3>\n<p><span style=\"font-weight: 400;\">Dans plusieurs pays, des intoxications li\u00e9es au 5F-MDMB-2201 ont entra\u00een\u00e9 des interventions d'urgence et la fermeture de certains sites marchands. Cependant, les mesures d'application se sont av\u00e9r\u00e9es r\u00e9actives plut\u00f4t que proactives. Lorsqu'un site tombe en panne, un autre le remplace rapidement\u00a0: un v\u00e9ritable jeu de chat et de souris num\u00e9rique qui privil\u00e9gie la rapidit\u00e9 \u00e0 la s\u00e9curit\u00e9.<\/span><\/p>\n<h3><b>Policy and Ethical Solutions<\/b><\/h3>\n<h3><b>R\u00e9gulation \u00e9thique \u00e0 l'\u00e8re du commerce d\u00e9centralis\u00e9<\/b><\/h3>\n<p>L'interdiction pure et simple a une efficacit\u00e9 limit\u00e9e. Nous avons plut\u00f4t besoin de mod\u00e8les de r\u00e9glementation flexibles, capables de suivre le rythme de l'innovation chimique. Une planification analogique rapide, des syst\u00e8mes d'alerte pr\u00e9coce et une coop\u00e9ration transfrontali\u00e8re entre les laboratoires, les douanes et les plateformes num\u00e9riques sont essentiels.<\/p>\n<h3><b>Surveillance num\u00e9rique sans surveillance excessive<\/b><\/h3>\n<p>Un d\u00e9fi \u00e9thique consiste \u00e0 maintenir la s\u00e9curit\u00e9 publique sans recourir \u00e0 une surveillance de masse. Des approches telles que le suivi des donn\u00e9es anonymis\u00e9es, l'analyse forensique de la blockchain et les interventions cibl\u00e9es au niveau des infrastructures des fournisseurs pourraient contribuer \u00e0 trouver un \u00e9quilibre entre confidentialit\u00e9 et protection.<\/p>\n<h3><b>Conclusion<\/b><\/h3>\n<p><span style=\"font-weight: 400;\">La vente de <\/span><b>5F-MDMB-2201 online<\/b><span style=\"font-weight: 400;\"> Il ne s'agit pas seulement d'une faille juridique ou d'une tendance du march\u00e9\u00a0: c'est le signe de questions \u00e9thiques et soci\u00e9tales plus profondes \u00e0 l'\u00e8re num\u00e9rique. Comment prot\u00e9ger la libert\u00e9 sans alimenter les pr\u00e9judices\u00a0? Comment responsabiliser les plateformes sans freiner l'innovation\u00a0? S'orienter vers l'avenir de l'\u00e9thique num\u00e9rique des drogues exigera du courage, de la coop\u00e9ration et de nouvelles formes de gouvernance qui n'existent pas encore pleinement, mais qui doivent l'\u00eatre.<\/span><\/p>","protected":false},"excerpt":{"rendered":"<h1 id=\"firstHeading\" class=\"firstHeading mw-first-heading\"><span class=\"mw-page-title-main\">5F-MDMB-PICA<\/span><\/h1>\n<p><b>5F-MDMB-PICA<\/b>\u00a0est une drogue de synth\u00e8se et un cannabino\u00efde synth\u00e9tique En 2018, c'\u00e9tait le cinqui\u00e8me cannabino\u00efde synth\u00e9tique le plus r\u00e9pandu dans les drogues saisies par la Drug Enforcement Administration.<sup id=\"cite_ref-7\" class=\"reference\"><a href=\"https:\/\/en.wikipedia.org\/wiki\/5F-MDMB-PICA#cite_note-7\">[7]<\/a><\/sup><\/p>\n<p>Le 5F-MDMB-PICA est un agoniste puissant des r\u00e9cepteurs CB<sub>1<\/sub>\u00a0et le r\u00e9cepteur CB<sub>2<\/sub>\u00a0avec une CE<sub>50<\/sub>\u00a0de 0,45 nM et 7,4 nM, respectivement.<\/p>","protected":false},"featured_media":9947,"comment_status":"open","ping_status":"closed","template":"","meta":{"_joinchat":[]},"product_cat":[1255],"product_tag":[1331,1326,1325,1329,1323,794,798,1327,1330,1328,1324],"yoast_head":"<!-- This site is optimized with the Yoast SEO plugin v23.0 - https:\/\/yoast.com\/wordpress\/plugins\/seo\/ -->\n<title>5F MDMB 2201 for Sale - Buy 5F MDMB 2201 Online<\/title>\n<meta name=\"description\" content=\"Best research chemicals site to buy 5f mdmb 2201 online at best price. Place an order 5f mdmb 2201 online, 5f mdmb 2201 for sale, discreet 5f mdmb delivery.\" \/>\n<meta name=\"robots\" content=\"index, follow, max-snippet:-1, max-image-preview:large, max-video-preview:-1\" \/>\n<link rel=\"canonical\" href=\"https:\/\/chemswell.com\/fr\/produit\/5f-mdmb-2201\/\" \/>\n<meta property=\"og:locale\" content=\"fr_FR\" \/>\n<meta property=\"og:type\" content=\"article\" \/>\n<meta property=\"og:title\" content=\"5F MDMB 2201 for Sale - Buy 5F MDMB 2201 Online\" \/>\n<meta property=\"og:description\" content=\"Best research chemicals site to buy 5f mdmb 2201 online at best price. Place an order 5f mdmb 2201 online, 5f mdmb 2201 for sale, discreet 5f mdmb delivery.\" \/>\n<meta property=\"og:url\" content=\"https:\/\/chemswell.com\/fr\/produit\/5f-mdmb-2201\/\" \/>\n<meta property=\"og:site_name\" content=\"Chemswell\" \/>\n<meta property=\"article:modified_time\" content=\"2026-02-26T08:18:24+00:00\" \/>\n<meta property=\"og:image\" content=\"https:\/\/chemswell.com\/wp-content\/uploads\/2023\/01\/5F-MDMB-2201.jpg\" \/>\n\t<meta property=\"og:image:width\" content=\"600\" \/>\n\t<meta property=\"og:image:height\" content=\"600\" \/>\n\t<meta property=\"og:image:type\" content=\"image\/jpeg\" \/>\n<meta name=\"twitter:card\" content=\"summary_large_image\" \/>\n<meta name=\"twitter:label1\" content=\"Dur\u00e9e de lecture estim\u00e9e\" \/>\n\t<meta name=\"twitter:data1\" content=\"3 minutes\" \/>\n<!-- \/ Yoast SEO plugin. -->","yoast_head_json":{"title":"5F MDMB 2201 for Sale - Buy 5F MDMB 2201 Online","description":"Best research chemicals site to buy 5f mdmb 2201 online at best price. Place an order 5f mdmb 2201 online, 5f mdmb 2201 for sale, discreet 5f mdmb delivery.","robots":{"index":"index","follow":"follow","max-snippet":"max-snippet:-1","max-image-preview":"max-image-preview:large","max-video-preview":"max-video-preview:-1"},"canonical":"https:\/\/chemswell.com\/fr\/produit\/5f-mdmb-2201\/","og_locale":"fr_FR","og_type":"article","og_title":"5F MDMB 2201 for Sale - Buy 5F MDMB 2201 Online","og_description":"Best research chemicals site to buy 5f mdmb 2201 online at best price. Place an order 5f mdmb 2201 online, 5f mdmb 2201 for sale, discreet 5f mdmb delivery.","og_url":"https:\/\/chemswell.com\/fr\/produit\/5f-mdmb-2201\/","og_site_name":"Chemswell","article_modified_time":"2026-02-26T08:18:24+00:00","og_image":[{"width":600,"height":600,"url":"https:\/\/chemswell.com\/wp-content\/uploads\/2023\/01\/5F-MDMB-2201.jpg","type":"image\/jpeg"}],"twitter_card":"summary_large_image","twitter_misc":{"Dur\u00e9e de lecture estim\u00e9e":"3 minutes"},"schema":{"@context":"https:\/\/schema.org","@graph":[{"@type":"WebPage","@id":"https:\/\/chemswell.com\/product\/5f-mdmb-2201\/","url":"https:\/\/chemswell.com\/product\/5f-mdmb-2201\/","name":"5F MDMB 2201 for Sale - Buy 5F MDMB 2201 Online","isPartOf":{"@id":"https:\/\/chemswell.com\/it\/#website"},"primaryImageOfPage":{"@id":"https:\/\/chemswell.com\/product\/5f-mdmb-2201\/#primaryimage"},"image":{"@id":"https:\/\/chemswell.com\/product\/5f-mdmb-2201\/#primaryimage"},"thumbnailUrl":"https:\/\/chemswell.com\/wp-content\/uploads\/2023\/01\/5F-MDMB-2201.jpg","datePublished":"2023-01-18T11:03:14+00:00","dateModified":"2026-02-26T08:18:24+00:00","description":"Best research chemicals site to buy 5f mdmb 2201 online at best price. Place an order 5f mdmb 2201 online, 5f mdmb 2201 for sale, discreet 5f mdmb delivery.","breadcrumb":{"@id":"https:\/\/chemswell.com\/product\/5f-mdmb-2201\/#breadcrumb"},"inLanguage":"fr-FR","potentialAction":[{"@type":"ReadAction","target":["https:\/\/chemswell.com\/product\/5f-mdmb-2201\/"]}]},{"@type":"ImageObject","inLanguage":"fr-FR","@id":"https:\/\/chemswell.com\/product\/5f-mdmb-2201\/#primaryimage","url":"https:\/\/chemswell.com\/wp-content\/uploads\/2023\/01\/5F-MDMB-2201.jpg","contentUrl":"https:\/\/chemswell.com\/wp-content\/uploads\/2023\/01\/5F-MDMB-2201.jpg","width":600,"height":600,"caption":"5F-MDMB-2201"},{"@type":"BreadcrumbList","@id":"https:\/\/chemswell.com\/product\/5f-mdmb-2201\/#breadcrumb","itemListElement":[{"@type":"ListItem","position":1,"name":"Home","item":"https:\/\/chemswell.com\/ru\/"},{"@type":"ListItem","position":2,"name":"Shop","item":"https:\/\/chemswell.com\/ru\/%d0%bc%d0%b0%d0%b3%d0%b0%d0%b7%d0%b8%d0%bd\/"},{"@type":"ListItem","position":3,"name":"5F MDMB 2201"}]},{"@type":"WebSite","@id":"https:\/\/chemswell.com\/it\/#website","url":"https:\/\/chemswell.com\/it\/","name":"Chemswell","description":"#1 Research Chemical Store","potentialAction":[{"@type":"SearchAction","target":{"@type":"EntryPoint","urlTemplate":"https:\/\/chemswell.com\/it\/?s={search_term_string}"},"query-input":"required name=search_term_string"}],"inLanguage":"fr-FR"}]}},"_links":{"self":[{"href":"https:\/\/chemswell.com\/fr\/wp-json\/wp\/v2\/product\/9782"}],"collection":[{"href":"https:\/\/chemswell.com\/fr\/wp-json\/wp\/v2\/product"}],"about":[{"href":"https:\/\/chemswell.com\/fr\/wp-json\/wp\/v2\/types\/product"}],"replies":[{"embeddable":true,"href":"https:\/\/chemswell.com\/fr\/wp-json\/wp\/v2\/comments?post=9782"}],"wp:featuredmedia":[{"embeddable":true,"href":"https:\/\/chemswell.com\/fr\/wp-json\/wp\/v2\/media\/9947"}],"wp:attachment":[{"href":"https:\/\/chemswell.com\/fr\/wp-json\/wp\/v2\/media?parent=9782"}],"wp:term":[{"taxonomy":"product_cat","embeddable":true,"href":"https:\/\/chemswell.com\/fr\/wp-json\/wp\/v2\/product_cat?post=9782"},{"taxonomy":"product_tag","embeddable":true,"href":"https:\/\/chemswell.com\/fr\/wp-json\/wp\/v2\/product_tag?post=9782"}],"curies":[{"name":"wp","href":"https:\/\/api.w.org\/{rel}","templated":true}]}}