{"id":9821,"date":"2023-01-18T11:03:22","date_gmt":"2023-01-18T11:03:22","guid":{"rendered":"https:\/\/legitchemicals.com\/chemswell\/product\/import-placeholder-for-79\/"},"modified":"2026-03-02T11:48:47","modified_gmt":"2026-03-02T11:48:47","slug":"alpha-php-powder","status":"publish","type":"product","link":"https:\/\/chemswell.com\/fr\/produit\/poudre-alpha-php\/","title":{"rendered":"Acheter Alpha-PHP Powder"},"content":{"rendered":"<h2><strong>Achetez la poudre Alpha PHP chez ChemsWell d\u00e8s aujourd'hui\u00a0!<\/strong><\/h2>\n<p><strong>Acheter Alpha PHP Powder<\/strong> est un nouveau suppl\u00e9ment r\u00e9volutionnaire qui prend d'assaut le monde du bien-\u00eatre. Non seulement il contient des ingr\u00e9dients \u00e9nergisants et renfor\u00e7ant le syst\u00e8me immunitaire, mais il a \u00e9galement un certain nombre d'utilisations qui peuvent vous aider \u00e0 atteindre vos objectifs de sant\u00e9 et de forme physique. Par cons\u00e9quent, si vous recherchez le compl\u00e9ment parfait pour vous aider \u00e0 atteindre vos objectifs, ne cherchez pas plus loin que <strong><a href=\"https:\/\/en.wikipedia.org\/wiki\/%CE%91-Pyrrolidinohexiophenone\">Alpha PHP<\/a> powder for sale<\/strong> at <a href=\"https:\/\/chemswell.com\/fr\/\">ChemsWell<\/a>.<\/p>\n<h3><strong>Les avantages de la poudre Alpha PHP<\/strong><\/h3>\n<p>Vous devriez <a href=\"https:\/\/chemswell.com\/fr\/produit\/poudre-alpha-php\/\"><strong>acheter Alpha PHP Poudre en ligne <\/strong><\/a>car c'est un ingr\u00e9dient essentiel dans la cr\u00e9ation de compl\u00e9ments nutritionnels sur mesure. C'est un ingr\u00e9dient puissant et essentiel qui peut \u00eatre utilis\u00e9 pour am\u00e9liorer la sant\u00e9 bucco-dentaire, soigner les probl\u00e8mes digestifs et aider \u00e0 atteindre les objectifs de perte de poids. La poudre Alpha PHP contient \u00e9galement des propri\u00e9t\u00e9s anti-\u00e2ge qui aident \u00e0 am\u00e9liorer l'\u00e9lasticit\u00e9 de la peau et \u00e0 r\u00e9duire les rides. De plus, il contient des nutriments naturels \u00e0 base de plantes, des acides amin\u00e9s et des enzymes qui stimulent le m\u00e9tabolisme.<\/p>\n<h3><strong>Certains des avantages de la poudre Alpha PHP sont les suivants\u00a0:<\/strong><\/h3>\n<ul>\n<li>il aide \u00e0 la production de collag\u00e8ne, qui aide \u00e0 maintenir une peau et des nerfs sains ;<\/li>\n<li>il soulage le stress et l'anxi\u00e9t\u00e9;<\/li>\n<li>il aide \u00e0 maintenir une glyc\u00e9mie saine;<\/li>\n<li>il am\u00e9liore la fonction cognitive et augmente la clart\u00e9 mentale ;<\/li>\n<li>il renforce le syst\u00e8me immunitaire, offrant une protection contre les maladies et les maladies.<\/li>\n<\/ul>\n<p>Dans l'ensemble, la poudre Alpha PHP est un compl\u00e9ment puissant qui pr\u00e9sente de nombreux avantages pour votre sant\u00e9 et votre bien-\u00eatre !<\/p>\n<p><strong>Pourquoi acheter de la poudre Alpha PHP ?<\/strong><\/p>\n<p>Vous voulez d\u00e9velopper vos muscles et perdre de la graisse corporelle ? <strong>Commander Alpha PHP Poudre en ligne<\/strong> chez ChemsWell tout de suite ! Ce suppl\u00e9ment unique est un excellent moyen d'atteindre vos objectifs, et il pr\u00e9sente de nombreux avantages.<\/p>\n<p>La poudre Alpha PHP entra\u00eene une croissance musculaire plus rapide en stimulant la production naturelle d'hormone de croissance du corps. Cela signifie que vous verrez une augmentation de la force et de l'endurance ainsi qu'une augmentation de la masse musculaire. De plus, Alpha PHP Powder contient des nutriments essentiels n\u00e9cessaires \u00e0 la croissance musculaire, tels que des prot\u00e9ines et des acides amin\u00e9s essentiels. Cela garantit que vous obtenez tous les \u00e9l\u00e9ments de base dont vous avez besoin pour accumuler des kilos de muscle.<\/p>\n<p>Par cons\u00e9quent, n'attendez pas - commencez \u00e0 utiliser <strong>Poudre Alpha PHP en ligne<\/strong> aujourd'hui pour lib\u00e9rer tout son potentiel et r\u00e9colter les fruits pour vous-m\u00eame\u00a0!<a href=\"https:\/\/chemswell.com\/fr\/produit\/poudre-alpha-php\/\">!<\/a><\/p>","protected":false},"excerpt":{"rendered":"<p>Achetez Alpha PHP Powder chez ChemsWell d\u00e8s aujourd'hui ! Acheter Alpha PHP Powder est un nouveau compl\u00e9ment r\u00e9volutionnaire qui fait fureur dans le monde du bien-\u00eatre.<\/p>","protected":false},"featured_media":9944,"comment_status":"open","ping_status":"closed","template":"","meta":{"_joinchat":[]},"product_cat":[1255],"product_tag":[3412,3402,1522,3393,3397,3396,3404,3395,3405,3407,3414,3415,3413,3410,3394,3409,3406,3401,3399,3411,3408,1530,3400,3403,3398],"yoast_head":"<!-- This site is optimized with the Yoast SEO plugin v23.0 - https:\/\/yoast.com\/wordpress\/plugins\/seo\/ -->\n<title>Alpha PHP for Sale - Buy Alpha PHP Powder Online<\/title>\n<meta name=\"description\" content=\"Best research chemicals site to buy alpha php powder online at cheap prices. Place an order alpha php online, alpa php for sale, discreet alpha php delivery.\" \/>\n<meta name=\"robots\" content=\"index, follow, max-snippet:-1, max-image-preview:large, max-video-preview:-1\" \/>\n<link rel=\"canonical\" href=\"https:\/\/chemswell.com\/fr\/produit\/poudre-alpha-php\/\" \/>\n<meta property=\"og:locale\" content=\"fr_FR\" \/>\n<meta property=\"og:type\" content=\"article\" \/>\n<meta property=\"og:title\" content=\"Alpha PHP for Sale - Buy Alpha PHP Powder Online\" \/>\n<meta property=\"og:description\" content=\"Best research chemicals site to buy alpha php powder online at cheap prices. Place an order alpha php online, alpa php for sale, discreet alpha php delivery.\" \/>\n<meta property=\"og:url\" content=\"https:\/\/chemswell.com\/fr\/produit\/poudre-alpha-php\/\" \/>\n<meta property=\"og:site_name\" content=\"Chemswell\" \/>\n<meta property=\"article:modified_time\" content=\"2026-03-02T11:48:47+00:00\" \/>\n<meta property=\"og:image\" content=\"https:\/\/chemswell.com\/wp-content\/uploads\/2023\/01\/Alpha-PHP-Powder.jpg\" \/>\n\t<meta property=\"og:image:width\" content=\"600\" \/>\n\t<meta property=\"og:image:height\" content=\"600\" \/>\n\t<meta property=\"og:image:type\" content=\"image\/jpeg\" \/>\n<meta name=\"twitter:card\" content=\"summary_large_image\" \/>\n<meta name=\"twitter:label1\" content=\"Dur\u00e9e de lecture estim\u00e9e\" \/>\n\t<meta name=\"twitter:data1\" content=\"2 minutes\" \/>\n<!-- \/ Yoast SEO plugin. -->","yoast_head_json":{"title":"Alpha PHP for Sale - Buy Alpha PHP Powder Online","description":"Best research chemicals site to buy alpha php powder online at cheap prices. Place an order alpha php online, alpa php for sale, discreet alpha php delivery.","robots":{"index":"index","follow":"follow","max-snippet":"max-snippet:-1","max-image-preview":"max-image-preview:large","max-video-preview":"max-video-preview:-1"},"canonical":"https:\/\/chemswell.com\/fr\/produit\/poudre-alpha-php\/","og_locale":"fr_FR","og_type":"article","og_title":"Alpha PHP for Sale - Buy Alpha PHP Powder Online","og_description":"Best research chemicals site to buy alpha php powder online at cheap prices. Place an order alpha php online, alpa php for sale, discreet alpha php delivery.","og_url":"https:\/\/chemswell.com\/fr\/produit\/poudre-alpha-php\/","og_site_name":"Chemswell","article_modified_time":"2026-03-02T11:48:47+00:00","og_image":[{"width":600,"height":600,"url":"https:\/\/chemswell.com\/wp-content\/uploads\/2023\/01\/Alpha-PHP-Powder.jpg","type":"image\/jpeg"}],"twitter_card":"summary_large_image","twitter_misc":{"Dur\u00e9e de lecture estim\u00e9e":"2 minutes"},"schema":{"@context":"https:\/\/schema.org","@graph":[{"@type":"WebPage","@id":"https:\/\/chemswell.com\/product\/alpha-php-powder\/","url":"https:\/\/chemswell.com\/product\/alpha-php-powder\/","name":"Alpha PHP for Sale - Buy Alpha PHP Powder Online","isPartOf":{"@id":"https:\/\/chemswell.com\/it\/#website"},"primaryImageOfPage":{"@id":"https:\/\/chemswell.com\/product\/alpha-php-powder\/#primaryimage"},"image":{"@id":"https:\/\/chemswell.com\/product\/alpha-php-powder\/#primaryimage"},"thumbnailUrl":"https:\/\/chemswell.com\/wp-content\/uploads\/2023\/01\/Alpha-PHP-Powder.jpg","datePublished":"2023-01-18T11:03:22+00:00","dateModified":"2026-03-02T11:48:47+00:00","description":"Best research chemicals site to buy alpha php powder online at cheap prices. Place an order alpha php online, alpa php for sale, discreet alpha php delivery.","breadcrumb":{"@id":"https:\/\/chemswell.com\/product\/alpha-php-powder\/#breadcrumb"},"inLanguage":"fr-FR","potentialAction":[{"@type":"ReadAction","target":["https:\/\/chemswell.com\/product\/alpha-php-powder\/"]}]},{"@type":"ImageObject","inLanguage":"fr-FR","@id":"https:\/\/chemswell.com\/product\/alpha-php-powder\/#primaryimage","url":"https:\/\/chemswell.com\/wp-content\/uploads\/2023\/01\/Alpha-PHP-Powder.jpg","contentUrl":"https:\/\/chemswell.com\/wp-content\/uploads\/2023\/01\/Alpha-PHP-Powder.jpg","width":600,"height":600,"caption":"Alpha-PHP-Powder"},{"@type":"BreadcrumbList","@id":"https:\/\/chemswell.com\/product\/alpha-php-powder\/#breadcrumb","itemListElement":[{"@type":"ListItem","position":1,"name":"Home","item":"https:\/\/chemswell.com\/ru\/"},{"@type":"ListItem","position":2,"name":"Shop","item":"https:\/\/chemswell.com\/ru\/%d0%bc%d0%b0%d0%b3%d0%b0%d0%b7%d0%b8%d0%bd\/"},{"@type":"ListItem","position":3,"name":"Buy Alpha-PHP Powder"}]},{"@type":"WebSite","@id":"https:\/\/chemswell.com\/it\/#website","url":"https:\/\/chemswell.com\/it\/","name":"Chemswell","description":"#1 Research Chemical Store","potentialAction":[{"@type":"SearchAction","target":{"@type":"EntryPoint","urlTemplate":"https:\/\/chemswell.com\/it\/?s={search_term_string}"},"query-input":"required name=search_term_string"}],"inLanguage":"fr-FR"}]}},"_links":{"self":[{"href":"https:\/\/chemswell.com\/fr\/wp-json\/wp\/v2\/product\/9821"}],"collection":[{"href":"https:\/\/chemswell.com\/fr\/wp-json\/wp\/v2\/product"}],"about":[{"href":"https:\/\/chemswell.com\/fr\/wp-json\/wp\/v2\/types\/product"}],"replies":[{"embeddable":true,"href":"https:\/\/chemswell.com\/fr\/wp-json\/wp\/v2\/comments?post=9821"}],"wp:featuredmedia":[{"embeddable":true,"href":"https:\/\/chemswell.com\/fr\/wp-json\/wp\/v2\/media\/9944"}],"wp:attachment":[{"href":"https:\/\/chemswell.com\/fr\/wp-json\/wp\/v2\/media?parent=9821"}],"wp:term":[{"taxonomy":"product_cat","embeddable":true,"href":"https:\/\/chemswell.com\/fr\/wp-json\/wp\/v2\/product_cat?post=9821"},{"taxonomy":"product_tag","embeddable":true,"href":"https:\/\/chemswell.com\/fr\/wp-json\/wp\/v2\/product_tag?post=9821"}],"curies":[{"name":"wp","href":"https:\/\/api.w.org\/{rel}","templated":true}]}}