{"id":9881,"date":"2023-01-18T11:03:36","date_gmt":"2023-01-18T11:03:36","guid":{"rendered":"https:\/\/legitchemicals.com\/chemswell\/product\/import-placeholder-for-140\/"},"modified":"2025-08-22T09:30:46","modified_gmt":"2025-08-22T09:30:46","slug":"k2-spice-paper","status":"publish","type":"product","link":"https:\/\/chemswell.com\/fr\/produit\/k2-papier-a-epices\/","title":{"rendered":"K2 Papier d'\u00e9pices"},"content":{"rendered":"<h2>Le papier \u00e0 \u00e9pices K2 est en vente chez ChemsWell !<\/h2>\n<p>Le papier aux \u00e9pices K2 est un nouveau produit qui a r\u00e9cemment gagn\u00e9 en popularit\u00e9. Il est fabriqu\u00e9 \u00e0 partir d'une combinaison d'\u00e9pices et d'herbes et pr\u00e9sente de nombreux avantages tant pour l'utilisateur que pour l'environnement. Si vous souhaitez <a href=\"https:\/\/chemswell.com\/fr\/produit\/k2-papier-a-epices\/\">acheter K2 Spice Paper en ligne<\/a>, alors vous \u00eates sur la bonne boutique en ligne. \u00c0 <a href=\"https:\/\/chemswell.com\/fr\/\">Chemswell<\/a>Nous proposons du papier \u00e0 \u00e9pices K2 \u00e0 des prix comp\u00e9titifs. Commandez la quantit\u00e9 souhait\u00e9e et recevez-la rapidement \u00e0 l'adresse indiqu\u00e9e.<\/p>\n<h3>Qu'est-ce que le papier K Spice ?<\/h3>\n<p>Le papier aux \u00e9pices K2 est un papier fabriqu\u00e9 \u00e0 partir d'une combinaison d'\u00e9pices et d'herbes. Il est disponible sous diff\u00e9rentes formes : \u00e0 base de plantes, biologique, d\u00e9sintoxication, am\u00e9lioration de la condition masculine, soulagement de l'anxi\u00e9t\u00e9, augmentation de l'\u00e9nergie (r\u00e9duction de la fatigue), sant\u00e9 des articulations (r\u00e9duction de l'inflammation), et bien plus encore. Chaque type de K Spice Paper pr\u00e9sente des avantages uniques qui valent la peine d'\u00eatre explor\u00e9s.<\/p>\n<h3>Comment utiliser K SpicePaper ?<\/h3>\n<p>Il existe de nombreuses fa\u00e7ons de l'utiliser <a href=\"https:\/\/en.wikipedia.org\/wiki\/K2\">K2<\/a> SpicePaper \u2013 il peut servir de surface d'\u00e9criture ou de compl\u00e9ment \u00e0 votre alimentation. Par exemple, il peut remplacer les serviettes en papier traditionnelles\u00a0; absorber l'exc\u00e8s d'huile ou de graisse\u00a0; l'emporter en voyage pour \u00e9viter de manger au restaurant\u00a0; ou encore l'ajouter \u00e0 votre recette pr\u00e9f\u00e9r\u00e9e pour en rehausser la saveur ou la valeur nutritive.<\/p>\n<h3>Pourquoi ChemsWell est-il le meilleur endroit pour acheter du papier K2 Spice de qualit\u00e9 ?<\/h3>\n<p>Lorsqu'il s'agit de trouver des produits chimiques de qualit\u00e9, il n'y a pas de meilleur endroit que ChemsWell. Non seulement nous garantissons la qualit\u00e9 de nos produits chimiques, mais nous offrons \u00e9galement les meilleurs prix et des remises sur les produits chimiques s\u00e9lectionn\u00e9s. Nos options d'exp\u00e9dition et de livraison dans le monde entier sont discr\u00e8tes et rapides, et notre service client\u00e8le est de premier ordre.<\/p>\n<p>Pour que vous puissiez tirer le meilleur parti de votre achat, nous vous proposons \u00e9galement des documents juridiques et de conformit\u00e9 pour chaque achat. Ainsi, vous pouvez \u00eatre s\u00fbr que vous utilisez le bon produit chimique pour votre projet et que son utilisation est l\u00e9gale dans votre pays\/r\u00e9gion. <a href=\"https:\/\/en.wikisource.org\/w\/index.php?fulltext=1&amp;profile=default&amp;search=k2+space+papers&amp;title=Special:Search&amp;ns0=1&amp;ns100=1&amp;ns102=1&amp;ns106=1&amp;ns114=1\">.<\/a><\/p>\n<p>Commandez du papier \u00e0 \u00e9pices K2 en ligne sur ChemsWell d\u00e8s maintenant <a href=\"https:\/\/chemswell.com\/fr\/produit\/k2-papier-a-epices\/\">!<\/a><\/p>","protected":false},"excerpt":{"rendered":"<p>Achetez du papier d'\u00e9pice K2 sur ChemsWell ! Le papier d'\u00e9pice K2 est un nouveau produit qui a gagn\u00e9 en popularit\u00e9 r\u00e9cemment. Ce site<\/p>","protected":false},"featured_media":9932,"comment_status":"open","ping_status":"closed","template":"","meta":{"_joinchat":[]},"product_cat":[1257],"product_tag":[3101,3091,1522,3083,3098,3095,3090,3082,3085,3086,3093,3084,3094,3096,3103,3104,3102,3099,3088,3100,3097,1530,3089,3092,3087],"yoast_head":"<!-- This site is optimized with the Yoast SEO plugin v23.0 - https:\/\/yoast.com\/wordpress\/plugins\/seo\/ -->\n<title>Buy K2 Spice Paper Online - K2 Spice Paper for sale | Chemswell<\/title>\n<meta name=\"description\" content=\"Get k2 spice paper for sale at ChemsWell! k2 spice paper is a new product that has been gaining popularity recently. Buy k2 spice paper dugs online,\" \/>\n<meta name=\"robots\" content=\"index, follow, max-snippet:-1, max-image-preview:large, max-video-preview:-1\" \/>\n<link rel=\"canonical\" href=\"https:\/\/chemswell.com\/fr\/produit\/k2-papier-a-epices\/\" \/>\n<meta property=\"og:locale\" content=\"fr_FR\" \/>\n<meta property=\"og:type\" content=\"article\" \/>\n<meta property=\"og:title\" content=\"Buy K2 Spice Paper Online - K2 Spice Paper for sale | Chemswell\" \/>\n<meta property=\"og:description\" content=\"Get k2 spice paper for sale at ChemsWell! k2 spice paper is a new product that has been gaining popularity recently. Buy k2 spice paper dugs online,\" \/>\n<meta property=\"og:url\" content=\"https:\/\/chemswell.com\/fr\/produit\/k2-papier-a-epices\/\" \/>\n<meta property=\"og:site_name\" content=\"Chemswell\" \/>\n<meta property=\"article:modified_time\" content=\"2025-08-22T09:30:46+00:00\" \/>\n<meta property=\"og:image\" content=\"https:\/\/chemswell.com\/wp-content\/uploads\/2023\/01\/K2-Spice-Paper.jpg\" \/>\n\t<meta property=\"og:image:width\" content=\"600\" \/>\n\t<meta property=\"og:image:height\" content=\"600\" \/>\n\t<meta property=\"og:image:type\" content=\"image\/jpeg\" \/>\n<meta name=\"twitter:card\" content=\"summary_large_image\" \/>\n<meta name=\"twitter:label1\" content=\"Dur\u00e9e de lecture estim\u00e9e\" \/>\n\t<meta name=\"twitter:data1\" content=\"2 minutes\" \/>\n<!-- \/ Yoast SEO plugin. -->","yoast_head_json":{"title":"Buy K2 Spice Paper Online - K2 Spice Paper for sale | Chemswell","description":"Get k2 spice paper for sale at ChemsWell! k2 spice paper is a new product that has been gaining popularity recently. Buy k2 spice paper dugs online,","robots":{"index":"index","follow":"follow","max-snippet":"max-snippet:-1","max-image-preview":"max-image-preview:large","max-video-preview":"max-video-preview:-1"},"canonical":"https:\/\/chemswell.com\/fr\/produit\/k2-papier-a-epices\/","og_locale":"fr_FR","og_type":"article","og_title":"Buy K2 Spice Paper Online - K2 Spice Paper for sale | Chemswell","og_description":"Get k2 spice paper for sale at ChemsWell! k2 spice paper is a new product that has been gaining popularity recently. Buy k2 spice paper dugs online,","og_url":"https:\/\/chemswell.com\/fr\/produit\/k2-papier-a-epices\/","og_site_name":"Chemswell","article_modified_time":"2025-08-22T09:30:46+00:00","og_image":[{"width":600,"height":600,"url":"https:\/\/chemswell.com\/wp-content\/uploads\/2023\/01\/K2-Spice-Paper.jpg","type":"image\/jpeg"}],"twitter_card":"summary_large_image","twitter_misc":{"Dur\u00e9e de lecture estim\u00e9e":"2 minutes"},"schema":{"@context":"https:\/\/schema.org","@graph":[{"@type":"WebPage","@id":"https:\/\/chemswell.com\/product\/k2-spice-paper\/","url":"https:\/\/chemswell.com\/product\/k2-spice-paper\/","name":"Buy K2 Spice Paper Online - K2 Spice Paper for sale | Chemswell","isPartOf":{"@id":"https:\/\/chemswell.com\/it\/#website"},"primaryImageOfPage":{"@id":"https:\/\/chemswell.com\/product\/k2-spice-paper\/#primaryimage"},"image":{"@id":"https:\/\/chemswell.com\/product\/k2-spice-paper\/#primaryimage"},"thumbnailUrl":"https:\/\/chemswell.com\/wp-content\/uploads\/2023\/01\/K2-Spice-Paper.jpg","datePublished":"2023-01-18T11:03:36+00:00","dateModified":"2025-08-22T09:30:46+00:00","description":"Get k2 spice paper for sale at ChemsWell! k2 spice paper is a new product that has been gaining popularity recently. Buy k2 spice paper dugs online,","breadcrumb":{"@id":"https:\/\/chemswell.com\/product\/k2-spice-paper\/#breadcrumb"},"inLanguage":"fr-FR","potentialAction":[{"@type":"ReadAction","target":["https:\/\/chemswell.com\/product\/k2-spice-paper\/"]}]},{"@type":"ImageObject","inLanguage":"fr-FR","@id":"https:\/\/chemswell.com\/product\/k2-spice-paper\/#primaryimage","url":"https:\/\/chemswell.com\/wp-content\/uploads\/2023\/01\/K2-Spice-Paper.jpg","contentUrl":"https:\/\/chemswell.com\/wp-content\/uploads\/2023\/01\/K2-Spice-Paper.jpg","width":600,"height":600,"caption":"K2-Spice-Paper"},{"@type":"BreadcrumbList","@id":"https:\/\/chemswell.com\/product\/k2-spice-paper\/#breadcrumb","itemListElement":[{"@type":"ListItem","position":1,"name":"Home","item":"https:\/\/chemswell.com\/ru\/"},{"@type":"ListItem","position":2,"name":"Shop","item":"https:\/\/chemswell.com\/ru\/%d0%bc%d0%b0%d0%b3%d0%b0%d0%b7%d0%b8%d0%bd\/"},{"@type":"ListItem","position":3,"name":"K2 Spice Paper"}]},{"@type":"WebSite","@id":"https:\/\/chemswell.com\/it\/#website","url":"https:\/\/chemswell.com\/it\/","name":"Chemswell","description":"#1 Research Chemical Store","potentialAction":[{"@type":"SearchAction","target":{"@type":"EntryPoint","urlTemplate":"https:\/\/chemswell.com\/it\/?s={search_term_string}"},"query-input":"required name=search_term_string"}],"inLanguage":"fr-FR"}]}},"_links":{"self":[{"href":"https:\/\/chemswell.com\/fr\/wp-json\/wp\/v2\/product\/9881"}],"collection":[{"href":"https:\/\/chemswell.com\/fr\/wp-json\/wp\/v2\/product"}],"about":[{"href":"https:\/\/chemswell.com\/fr\/wp-json\/wp\/v2\/types\/product"}],"replies":[{"embeddable":true,"href":"https:\/\/chemswell.com\/fr\/wp-json\/wp\/v2\/comments?post=9881"}],"wp:featuredmedia":[{"embeddable":true,"href":"https:\/\/chemswell.com\/fr\/wp-json\/wp\/v2\/media\/9932"}],"wp:attachment":[{"href":"https:\/\/chemswell.com\/fr\/wp-json\/wp\/v2\/media?parent=9881"}],"wp:term":[{"taxonomy":"product_cat","embeddable":true,"href":"https:\/\/chemswell.com\/fr\/wp-json\/wp\/v2\/product_cat?post=9881"},{"taxonomy":"product_tag","embeddable":true,"href":"https:\/\/chemswell.com\/fr\/wp-json\/wp\/v2\/product_tag?post=9881"}],"curies":[{"name":"wp","href":"https:\/\/api.w.org\/{rel}","templated":true}]}}