{"id":9883,"date":"2023-01-18T11:03:36","date_gmt":"2023-01-18T11:03:36","guid":{"rendered":"https:\/\/legitchemicals.com\/chemswell\/product\/import-placeholder-for-142\/"},"modified":"2025-04-12T16:43:39","modified_gmt":"2025-04-12T16:43:39","slug":"king-kong-herbal-incense","status":"publish","type":"product","link":"https:\/\/chemswell.com\/fr\/produit\/encens-aux-herbes-king-kong\/","title":{"rendered":"Encens aux herbes King Kong"},"content":{"rendered":"<h2>Acheter de l'encens aux herbes King Kong sur ChemsWell <a href=\"https:\/\/chemswell.com\/fr\/produit\/encens-aux-herbes-king-kong\/\">!<\/a><\/h2>\n<p>Vous recherchez un moyen naturel d\u2019am\u00e9liorer votre humeur et votre clart\u00e9 mentale ? <a href=\"https:\/\/chemswell.com\/fr\/produit\/encens-aux-herbes-king-kong\/\">Encens aux herbes King Kong \u00e0 vendre<\/a> est parfait pour vous! Cet encens est compos\u00e9 d'ingr\u00e9dients 100% naturels et ne contient aucun produit chimique ou synth\u00e9tique. Il n'a \u00e9galement aucun effet secondaire, vous pouvez donc \u00eatre assur\u00e9 que vous utilisez un produit s\u00fbr et efficace. En plus de ses ingr\u00e9dients naturels, King Kong Herbal Incense est \u00e9galement enrichi d'huiles essentielles et d'extraits de plantes. Ces ingr\u00e9dients travaillent ensemble pour cr\u00e9er un r\u00e9sultat stimulant et apaisant qui am\u00e9liorera votre humeur g\u00e9n\u00e9rale.<\/p>\n<p>Tu peux <strong>acheter <a href=\"https:\/\/en.wikipedia.org\/wiki\/King_Kong\">Encens aux herbes King Kong<\/a> online<\/strong> at <a href=\"https:\/\/chemswell.com\/fr\/\">Chemswell<\/a>. Il est \u00e9galement non toxique et ne cr\u00e9e pas d'accoutumance, ce qui signifie qu'il ne causera aucun effet secondaire n\u00e9gatif \u00e0 long terme. De plus, cet encens a \u00e9t\u00e9 test\u00e9 en laboratoire pour la s\u00e9curit\u00e9 et l'assurance qualit\u00e9. En cons\u00e9quence, vous pouvez \u00eatre s\u00fbr que ce produit est de la plus haute qualit\u00e9 et fournira les r\u00e9sultats que vous recherchez.<\/p>\n<p>Enfin, en ce qui concerne les effets de l'aromath\u00e9rapie, King Kong Herbal Incense en ligne ne d\u00e9\u00e7oit pas ! Cet encens contient des herbes puissantes connues pour favoriser la relaxation et le soulagement du stress. Combin\u00e9es \u00e0 leurs propri\u00e9t\u00e9s calmantes, ces herbes aident \u00e0 r\u00e9duire l'inflammation tout en renfor\u00e7ant votre syst\u00e8me immunitaire. Si vous cherchez un moyen efficace d\u2019am\u00e9liorer votre humeur et votre clart\u00e9 mentale, <strong>commander l'encens King Kong Herbal Incense en ligne<\/strong> aujourd'hui!<\/p>\n<h3>Satisfaction garantie \u00e0 100 % avec les commandes ChemsWell<\/h3>\n<p>Vous recherchez le produit chimique de recherche King Kong Herbal Incense de la plus haute qualit\u00e9 disponible ? Ne cherchez pas plus loin que ChemsWell\u00a0! Nos produits sont de la plus haute qualit\u00e9 et nous offrons une garantie de satisfaction \u00e0 100 % \u00e0 chaque achat. De plus, notre syst\u00e8me de livraison rapide vous fera parvenir vos commandes rapidement et dans le monde entier. Vous pourrez choisir parmi une vari\u00e9t\u00e9 d'options et notre \u00e9quipe de service client est disponible 24h\/24 et 7j\/7 pour vous aider avec tout ce dont vous avez besoin. Avec des m\u00e9thodes de paiement s\u00e9curis\u00e9es et des produits innovants, il n'y a jamais eu de meilleur moment pour acheter chez ChemsWell. Alors n'attendez plus - commandez d\u00e8s aujourd'hui votre produit chimique de recherche King Kong Herbal Incense de haute qualit\u00e9 <a href=\"https:\/\/en.wikisource.org\/w\/index.php?go=Go&amp;search=king+kong+Incense&amp;title=Special%3ASearch&amp;ns0=1&amp;ns100=1&amp;ns102=1&amp;ns106=1&amp;ns114=1\">!<\/a><\/p>","protected":false},"excerpt":{"rendered":"<p>Achetez l'encens aux herbes King Kong chez ChemsWell ! Vous cherchez un moyen naturel d'am\u00e9liorer votre humeur et votre clart\u00e9 mentale ?<\/p>","protected":false},"featured_media":9934,"comment_status":"open","ping_status":"closed","template":"","meta":{"_joinchat":[]},"product_cat":[1256],"product_tag":[3055,3045,1522,3037,3052,3049,3044,3036,3039,3040,3047,3038,3048,3050,3057,3058,3056,3053,3042,3054,3051,1530,3043,3046,3041],"yoast_head":"<!-- This site is optimized with the Yoast SEO plugin v23.0 - https:\/\/yoast.com\/wordpress\/plugins\/seo\/ -->\n<title>Buy King Kong Herbal Incense Online - King Kong Herbal for Sale<\/title>\n<meta name=\"description\" content=\"If you are passionate to buy king kong herbal incense online, then our store is the best place to king kong herbal incense for sale. Order now and receive it shortly!\" \/>\n<meta name=\"robots\" content=\"index, follow, max-snippet:-1, max-image-preview:large, max-video-preview:-1\" \/>\n<link rel=\"canonical\" href=\"https:\/\/chemswell.com\/fr\/produit\/encens-aux-herbes-king-kong\/\" \/>\n<meta property=\"og:locale\" content=\"fr_FR\" \/>\n<meta property=\"og:type\" content=\"article\" \/>\n<meta property=\"og:title\" content=\"Buy King Kong Herbal Incense Online - King Kong Herbal for Sale\" \/>\n<meta property=\"og:description\" content=\"If you are passionate to buy king kong herbal incense online, then our store is the best place to king kong herbal incense for sale. Order now and receive it shortly!\" \/>\n<meta property=\"og:url\" content=\"https:\/\/chemswell.com\/fr\/produit\/encens-aux-herbes-king-kong\/\" \/>\n<meta property=\"og:site_name\" content=\"Chemswell\" \/>\n<meta property=\"article:modified_time\" content=\"2025-04-12T16:43:39+00:00\" \/>\n<meta property=\"og:image\" content=\"https:\/\/chemswell.com\/wp-content\/uploads\/2023\/01\/King-Kong-Herbal-Incense.jpg\" \/>\n\t<meta property=\"og:image:width\" content=\"600\" \/>\n\t<meta property=\"og:image:height\" content=\"600\" \/>\n\t<meta property=\"og:image:type\" content=\"image\/jpeg\" \/>\n<meta name=\"twitter:card\" content=\"summary_large_image\" \/>\n<meta name=\"twitter:label1\" content=\"Dur\u00e9e de lecture estim\u00e9e\" \/>\n\t<meta name=\"twitter:data1\" content=\"2 minutes\" \/>\n<!-- \/ Yoast SEO plugin. -->","yoast_head_json":{"title":"Buy King Kong Herbal Incense Online - King Kong Herbal for Sale","description":"If you are passionate to buy king kong herbal incense online, then our store is the best place to king kong herbal incense for sale. Order now and receive it shortly!","robots":{"index":"index","follow":"follow","max-snippet":"max-snippet:-1","max-image-preview":"max-image-preview:large","max-video-preview":"max-video-preview:-1"},"canonical":"https:\/\/chemswell.com\/fr\/produit\/encens-aux-herbes-king-kong\/","og_locale":"fr_FR","og_type":"article","og_title":"Buy King Kong Herbal Incense Online - King Kong Herbal for Sale","og_description":"If you are passionate to buy king kong herbal incense online, then our store is the best place to king kong herbal incense for sale. Order now and receive it shortly!","og_url":"https:\/\/chemswell.com\/fr\/produit\/encens-aux-herbes-king-kong\/","og_site_name":"Chemswell","article_modified_time":"2025-04-12T16:43:39+00:00","og_image":[{"width":600,"height":600,"url":"https:\/\/chemswell.com\/wp-content\/uploads\/2023\/01\/King-Kong-Herbal-Incense.jpg","type":"image\/jpeg"}],"twitter_card":"summary_large_image","twitter_misc":{"Dur\u00e9e de lecture estim\u00e9e":"2 minutes"},"schema":{"@context":"https:\/\/schema.org","@graph":[{"@type":"WebPage","@id":"https:\/\/chemswell.com\/product\/king-kong-herbal-incense\/","url":"https:\/\/chemswell.com\/product\/king-kong-herbal-incense\/","name":"Buy King Kong Herbal Incense Online - King Kong Herbal for Sale","isPartOf":{"@id":"https:\/\/chemswell.com\/it\/#website"},"primaryImageOfPage":{"@id":"https:\/\/chemswell.com\/product\/king-kong-herbal-incense\/#primaryimage"},"image":{"@id":"https:\/\/chemswell.com\/product\/king-kong-herbal-incense\/#primaryimage"},"thumbnailUrl":"https:\/\/chemswell.com\/wp-content\/uploads\/2023\/01\/King-Kong-Herbal-Incense.jpg","datePublished":"2023-01-18T11:03:36+00:00","dateModified":"2025-04-12T16:43:39+00:00","description":"If you are passionate to buy king kong herbal incense online, then our store is the best place to king kong herbal incense for sale. Order now and receive it shortly!","breadcrumb":{"@id":"https:\/\/chemswell.com\/product\/king-kong-herbal-incense\/#breadcrumb"},"inLanguage":"fr-FR","potentialAction":[{"@type":"ReadAction","target":["https:\/\/chemswell.com\/product\/king-kong-herbal-incense\/"]}]},{"@type":"ImageObject","inLanguage":"fr-FR","@id":"https:\/\/chemswell.com\/product\/king-kong-herbal-incense\/#primaryimage","url":"https:\/\/chemswell.com\/wp-content\/uploads\/2023\/01\/King-Kong-Herbal-Incense.jpg","contentUrl":"https:\/\/chemswell.com\/wp-content\/uploads\/2023\/01\/King-Kong-Herbal-Incense.jpg","width":600,"height":600,"caption":"King-Kong-Herbal-Incense"},{"@type":"BreadcrumbList","@id":"https:\/\/chemswell.com\/product\/king-kong-herbal-incense\/#breadcrumb","itemListElement":[{"@type":"ListItem","position":1,"name":"Home","item":"https:\/\/chemswell.com\/ru\/"},{"@type":"ListItem","position":2,"name":"Shop","item":"https:\/\/chemswell.com\/ru\/%d0%bc%d0%b0%d0%b3%d0%b0%d0%b7%d0%b8%d0%bd\/"},{"@type":"ListItem","position":3,"name":"King Kong Herbal Incense"}]},{"@type":"WebSite","@id":"https:\/\/chemswell.com\/it\/#website","url":"https:\/\/chemswell.com\/it\/","name":"Chemswell","description":"#1 Research Chemical Store","potentialAction":[{"@type":"SearchAction","target":{"@type":"EntryPoint","urlTemplate":"https:\/\/chemswell.com\/it\/?s={search_term_string}"},"query-input":"required name=search_term_string"}],"inLanguage":"fr-FR"}]}},"_links":{"self":[{"href":"https:\/\/chemswell.com\/fr\/wp-json\/wp\/v2\/product\/9883"}],"collection":[{"href":"https:\/\/chemswell.com\/fr\/wp-json\/wp\/v2\/product"}],"about":[{"href":"https:\/\/chemswell.com\/fr\/wp-json\/wp\/v2\/types\/product"}],"replies":[{"embeddable":true,"href":"https:\/\/chemswell.com\/fr\/wp-json\/wp\/v2\/comments?post=9883"}],"wp:featuredmedia":[{"embeddable":true,"href":"https:\/\/chemswell.com\/fr\/wp-json\/wp\/v2\/media\/9934"}],"wp:attachment":[{"href":"https:\/\/chemswell.com\/fr\/wp-json\/wp\/v2\/media?parent=9883"}],"wp:term":[{"taxonomy":"product_cat","embeddable":true,"href":"https:\/\/chemswell.com\/fr\/wp-json\/wp\/v2\/product_cat?post=9883"},{"taxonomy":"product_tag","embeddable":true,"href":"https:\/\/chemswell.com\/fr\/wp-json\/wp\/v2\/product_tag?post=9883"}],"curies":[{"name":"wp","href":"https:\/\/api.w.org\/{rel}","templated":true}]}}