{"id":9884,"date":"2023-01-18T11:03:41","date_gmt":"2023-01-18T11:03:41","guid":{"rendered":"https:\/\/legitchemicals.com\/chemswell\/product\/import-placeholder-for-143\/"},"modified":"2026-01-15T17:29:44","modified_gmt":"2026-01-15T17:29:44","slug":"mdphp","status":"publish","type":"product","link":"https:\/\/chemswell.com\/fr\/produit\/mdphp-2\/","title":{"rendered":"Acheter MDPHP en ligne"},"content":{"rendered":"<h2>Achetez le produit chimique de recherche MDPHP chez ChemsWell\u00a0!<\/h2>\n<p><a href=\"https:\/\/chemswell.com\/fr\/produit\/mdphp-2\/\"><strong>MDPHP \u00e0 vendre<\/strong><\/a> est un produit chimique puissant et polyvalent qui offre de nombreux avantages financiers aux acheteurs.<\/p>\n<p>Vous cherchez une source fiable pour <strong>acheter <a href=\"https:\/\/en.wikipedia.org\/wiki\/MDPHP\">Acheter MDPHP en ligne<\/a> online<\/strong>? ChemsWell est votre guichet unique pour tous vos besoins en produits chimiques de recherche.<\/p>\n<h3>Avantages de l'achat de MDPHP aupr\u00e8s de ChemsWell<\/h3>\n<p>Vous recherchez les meilleurs et les plus r\u00e9cents supports de recherche juridique\u00a0? ChemsWell est fait pour vous. Nos produits MDPHP sont fiables, \u00e9conomiques et s\u00fbrs d'utilisation. Nous offrons une livraison rapide et un emballage discret pour garantir la protection de votre vie priv\u00e9e. De plus, nos supports sont de la plus haute qualit\u00e9 et garantis comme \u00e9tant les plus r\u00e9cents. Nous offrons \u00e9galement une garantie satisfait ou rembours\u00e9, vous garantissant ainsi un support fiable et digne de confiance. De plus, nos supports sont strictement r\u00e9glement\u00e9s par des organismes internationaux afin de garantir la s\u00e9curit\u00e9 de vos donn\u00e9es. Chemswell<\/p>\n<p>De plus, notre service client est disponible 24h\/24 et 7j\/7 pour vous aider en cas de probl\u00e8me. Enfin, notre mat\u00e9riel est test\u00e9 et analys\u00e9 de mani\u00e8re approfondie avant d'\u00eatre mis en vente sur notre site Web, vous pouvez donc \u00eatre s\u00fbr que vous obtenez les informations les plus fiables possibles. Avec tous ces avantages, il n'est pas \u00e9tonnant que ChemsWell b\u00e9n\u00e9ficie de la confiance de clients du monde entier !<\/p>\n<h3>Pourquoi choisir ChemsWell pour vos besoins en produits chimiques de recherche\u00a0?<\/h3>\n<p>Lorsqu'il s'agit de produits chimiques destin\u00e9s \u00e0 la recherche, il n'y a pas de meilleur choix que ChemsWell. Non seulement ils fournissent des MDPHP de haute qualit\u00e9 en ligne, mais leur service de livraison est sans \u00e9gal. Ils peuvent livrer votre commande n'importe o\u00f9 dans le monde en quelques heures, et leur vari\u00e9t\u00e9 d'options d'emballage r\u00e9pondra \u00e0 tous les besoins. De plus, leur \u00e9quipe de service \u00e0 la client\u00e8le est comp\u00e9tente et amicale, ce qui garantit que vos besoins sont toujours satisfaits<a href=\"https:\/\/en.wikipedia.org\/wiki\/MDPHP\">.<\/a><\/p>\n<p>Chez ChemsWell, nous sommes tr\u00e8s fiers de nos produits et de nos normes de qualit\u00e9. Tous nos produits chimiques de recherche sont fabriqu\u00e9s selon des protocoles de s\u00e9curit\u00e9 et de sant\u00e9 stricts afin de vous garantir le produit le plus fiable et le plus efficace possible. En plus de fournir des informations compl\u00e8tes sur les produits, nous proposons \u00e9galement une vaste s\u00e9lection de produits chimiques de recherche adapt\u00e9s \u00e0 vos besoins sp\u00e9cifiques.<\/p>\n<p><strong>Commandez MDPHP en ligne<\/strong> \u00e0 ChemsWell aujourd'hui et attendez la livraison sous peu<a href=\"https:\/\/chemswell.com\/fr\/produit\/a-php-cristaux-pour-la-vente\/\">!<\/a><\/p>","protected":false},"excerpt":{"rendered":"<h1 id=\"firstHeading\" class=\"firstHeading mw-first-heading\"><span class=\"mw-page-title-main\">Acheter MDPHP en ligne<\/span><\/h1>\n<p>CAS : 962421-82-1<br \/>\nFormule : C17H23NO3<br \/>\nPoids mol\u00e9culaire : 289,370<br \/>\nPuret\u00e9 du compos\u00e9 : &gt; 99.7%<br \/>\nAspect : Poudre<br \/>\nIUPAC : 1-(benzo[d][1,3]dioxol-5-yl)-2-(pyrrolidin-1-yl)hexan-1-one<\/p>\n<p class=\"firstHeading mw-first-heading\"><strong>Acheter MDPHP en ligne<\/strong> est un proche parent du MDPV, un stimulant plus connu, d\u00e9velopp\u00e9 \u00e0 l'origine par une soci\u00e9t\u00e9 pharmaceutique anglaise dans les ann\u00e9es 1960.<\/p>\n<p>La MDPHP, \u00e9galement connue sous le nom de (3\u2032,4\u2032-m\u00e9thyl\u00e8nedioxy-\u03b1-pyrrolidinohexioph\u00e9none) ou \"poussi\u00e8re de singe\", agit comme un inhibiteur de la recapture de la nor\u00e9pin\u00e9phrine et de la dopamine (NDRI) et ressemble \u00e0 une poudre cristalline tr\u00e8s fine \u00e0 l'\u00e9tat de chlorhydrate (HCL).<\/p>","protected":false},"featured_media":9930,"comment_status":"open","ping_status":"closed","template":"","meta":{"_joinchat":[]},"product_cat":[1255],"product_tag":[3170,3160,1522,3152,3151,3155,3154,3162,3153,3163,3165,3172,3173,3171,3168,3167,3164,3159,3157,3169,3166,1530,3158,3161,3156],"yoast_head":"<!-- This site is optimized with the Yoast SEO plugin v23.0 - https:\/\/yoast.com\/wordpress\/plugins\/seo\/ -->\n<title>MDPHP for Sale - Buy Cheap MDPHP Online | Chemswell<\/title>\n<meta name=\"description\" content=\"If you are willing to get mdphp for sale, then we are the right choice for you. Our staff members will help you buy mdphp online at cheap rates. Place your order with us!\" \/>\n<meta name=\"robots\" content=\"index, follow, max-snippet:-1, max-image-preview:large, max-video-preview:-1\" \/>\n<link rel=\"canonical\" href=\"https:\/\/chemswell.com\/fr\/produit\/mdphp-2\/\" \/>\n<meta property=\"og:locale\" content=\"fr_FR\" \/>\n<meta property=\"og:type\" content=\"article\" \/>\n<meta property=\"og:title\" content=\"MDPHP for Sale - Buy Cheap MDPHP Online | Chemswell\" \/>\n<meta property=\"og:description\" content=\"If you are willing to get mdphp for sale, then we are the right choice for you. Our staff members will help you buy mdphp online at cheap rates. Place your order with us!\" \/>\n<meta property=\"og:url\" content=\"https:\/\/chemswell.com\/fr\/produit\/mdphp-2\/\" \/>\n<meta property=\"og:site_name\" content=\"Chemswell\" \/>\n<meta property=\"article:modified_time\" content=\"2026-01-15T17:29:44+00:00\" \/>\n<meta property=\"og:image\" content=\"https:\/\/chemswell.com\/wp-content\/uploads\/2023\/01\/MDPHP.jpg\" \/>\n\t<meta property=\"og:image:width\" content=\"600\" \/>\n\t<meta property=\"og:image:height\" content=\"600\" \/>\n\t<meta property=\"og:image:type\" content=\"image\/jpeg\" \/>\n<meta name=\"twitter:card\" content=\"summary_large_image\" \/>\n<meta name=\"twitter:label1\" content=\"Dur\u00e9e de lecture estim\u00e9e\" \/>\n\t<meta name=\"twitter:data1\" content=\"2 minutes\" \/>\n<!-- \/ Yoast SEO plugin. -->","yoast_head_json":{"title":"MDPHP for Sale - Buy Cheap MDPHP Online | Chemswell","description":"If you are willing to get mdphp for sale, then we are the right choice for you. Our staff members will help you buy mdphp online at cheap rates. Place your order with us!","robots":{"index":"index","follow":"follow","max-snippet":"max-snippet:-1","max-image-preview":"max-image-preview:large","max-video-preview":"max-video-preview:-1"},"canonical":"https:\/\/chemswell.com\/fr\/produit\/mdphp-2\/","og_locale":"fr_FR","og_type":"article","og_title":"MDPHP for Sale - Buy Cheap MDPHP Online | Chemswell","og_description":"If you are willing to get mdphp for sale, then we are the right choice for you. Our staff members will help you buy mdphp online at cheap rates. Place your order with us!","og_url":"https:\/\/chemswell.com\/fr\/produit\/mdphp-2\/","og_site_name":"Chemswell","article_modified_time":"2026-01-15T17:29:44+00:00","og_image":[{"width":600,"height":600,"url":"https:\/\/chemswell.com\/wp-content\/uploads\/2023\/01\/MDPHP.jpg","type":"image\/jpeg"}],"twitter_card":"summary_large_image","twitter_misc":{"Dur\u00e9e de lecture estim\u00e9e":"2 minutes"},"schema":{"@context":"https:\/\/schema.org","@graph":[{"@type":"WebPage","@id":"https:\/\/chemswell.com\/product\/mdphp\/","url":"https:\/\/chemswell.com\/product\/mdphp\/","name":"MDPHP for Sale - Buy Cheap MDPHP Online | Chemswell","isPartOf":{"@id":"https:\/\/chemswell.com\/it\/#website"},"primaryImageOfPage":{"@id":"https:\/\/chemswell.com\/product\/mdphp\/#primaryimage"},"image":{"@id":"https:\/\/chemswell.com\/product\/mdphp\/#primaryimage"},"thumbnailUrl":"https:\/\/chemswell.com\/wp-content\/uploads\/2023\/01\/MDPHP.jpg","datePublished":"2023-01-18T11:03:41+00:00","dateModified":"2026-01-15T17:29:44+00:00","description":"If you are willing to get mdphp for sale, then we are the right choice for you. Our staff members will help you buy mdphp online at cheap rates. Place your order with us!","breadcrumb":{"@id":"https:\/\/chemswell.com\/product\/mdphp\/#breadcrumb"},"inLanguage":"fr-FR","potentialAction":[{"@type":"ReadAction","target":["https:\/\/chemswell.com\/product\/mdphp\/"]}]},{"@type":"ImageObject","inLanguage":"fr-FR","@id":"https:\/\/chemswell.com\/product\/mdphp\/#primaryimage","url":"https:\/\/chemswell.com\/wp-content\/uploads\/2023\/01\/MDPHP.jpg","contentUrl":"https:\/\/chemswell.com\/wp-content\/uploads\/2023\/01\/MDPHP.jpg","width":600,"height":600,"caption":"Buy mdphp Online"},{"@type":"BreadcrumbList","@id":"https:\/\/chemswell.com\/product\/mdphp\/#breadcrumb","itemListElement":[{"@type":"ListItem","position":1,"name":"Home","item":"https:\/\/chemswell.com\/ru\/"},{"@type":"ListItem","position":2,"name":"Shop","item":"https:\/\/chemswell.com\/ru\/%d0%bc%d0%b0%d0%b3%d0%b0%d0%b7%d0%b8%d0%bd\/"},{"@type":"ListItem","position":3,"name":"Buy MDPHP online"}]},{"@type":"WebSite","@id":"https:\/\/chemswell.com\/it\/#website","url":"https:\/\/chemswell.com\/it\/","name":"Chemswell","description":"#1 Research Chemical Store","potentialAction":[{"@type":"SearchAction","target":{"@type":"EntryPoint","urlTemplate":"https:\/\/chemswell.com\/it\/?s={search_term_string}"},"query-input":"required name=search_term_string"}],"inLanguage":"fr-FR"}]}},"_links":{"self":[{"href":"https:\/\/chemswell.com\/fr\/wp-json\/wp\/v2\/product\/9884"}],"collection":[{"href":"https:\/\/chemswell.com\/fr\/wp-json\/wp\/v2\/product"}],"about":[{"href":"https:\/\/chemswell.com\/fr\/wp-json\/wp\/v2\/types\/product"}],"replies":[{"embeddable":true,"href":"https:\/\/chemswell.com\/fr\/wp-json\/wp\/v2\/comments?post=9884"}],"wp:featuredmedia":[{"embeddable":true,"href":"https:\/\/chemswell.com\/fr\/wp-json\/wp\/v2\/media\/9930"}],"wp:attachment":[{"href":"https:\/\/chemswell.com\/fr\/wp-json\/wp\/v2\/media?parent=9884"}],"wp:term":[{"taxonomy":"product_cat","embeddable":true,"href":"https:\/\/chemswell.com\/fr\/wp-json\/wp\/v2\/product_cat?post=9884"},{"taxonomy":"product_tag","embeddable":true,"href":"https:\/\/chemswell.com\/fr\/wp-json\/wp\/v2\/product_tag?post=9884"}],"curies":[{"name":"wp","href":"https:\/\/api.w.org\/{rel}","templated":true}]}}