{"id":9911,"date":"2023-01-18T11:03:43","date_gmt":"2023-01-18T11:03:43","guid":{"rendered":"https:\/\/legitchemicals.com\/chemswell\/product\/import-placeholder-for-171\/"},"modified":"2025-01-08T09:34:24","modified_gmt":"2025-01-08T09:34:24","slug":"space-cadet-herbal-incense","status":"publish","type":"product","link":"https:\/\/chemswell.com\/fr\/produit\/encens-aux-herbes-cadet-de-lespace\/","title":{"rendered":"Encens aux herbes Space Cadet"},"content":{"rendered":"<h2>Achetez l'encens aux herbes Space Cadet chez ChemsWell\u00a0!<\/h2>\n<p>Si vous recherchez de l\u2019encens aux herbes de qualit\u00e9 sup\u00e9rieure et sans produits chimiques, <a href=\"https:\/\/chemswell.com\/fr\/produit\/encens-aux-herbes-cadet-de-lespace\/\">acheter de l'encens aux herbes Space Cadet en ligne<\/a> sur ChemsWell. Nos produits proviennent des laboratoires les plus r\u00e9put\u00e9s au monde et sont con\u00e7us pour fournir des ar\u00f4mes excitants \u00e0 utiliser lors de rituels et de c\u00e9r\u00e9monies. Nos ingr\u00e9dients naturels sont utilis\u00e9s pour produire des produits efficaces et s\u00fbrs qui stimuleront votre bien-\u00eatre spirituel et \u00e9motionnel.<\/p>\n<p><a href=\"https:\/\/en.wikipedia.org\/wiki\/Synthetic_cannabinoids\"><strong>Encens Space Cadet \u00e0 vendre<\/strong><\/a> est disponible dans une vari\u00e9t\u00e9 d'ar\u00f4mes diff\u00e9rents qui plairont \u00e0 tout le monde, y compris les agrumes, la menthe, la lavande, la vanille et les senteurs bois\u00e9es. De plus, notre processus de commande en ligne s\u00e9curis\u00e9 vous permet de mettre facilement la main sur un encens \u00e0 l'odeur \u00e9tonnante d\u00e8s que vous en avez besoin. <a href=\"https:\/\/chemswell.com\/fr\/\">Chemswell<\/a><\/p>\n<p>Nos produits chimiques test\u00e9s en laboratoire et l'analyse du profil chimique attribu\u00e9 signifient que vous pouvez faire confiance \u00e0 nos produits - ils sont garantis pour \u00eatre efficaces et s\u00fbrs. Nous proposons \u00e9galement une livraison \u00e0 bas prix dans le monde entier avec un emballage discret afin que vous puissiez garder votre vie priv\u00e9e intacte.<a href=\"https:\/\/chemswell.com\/fr\/produit\/encens-aux-herbes-cadet-de-lespace\/\">.<\/a><\/p>\n<h3>Instructions de stockage pour l'encens Space Cadet Herbal<\/h3>\n<p>Afin de conserver et de mesurer votre dose de Space Cadet en toute s\u00e9curit\u00e9 et de mani\u00e8re responsable, suivez les conseils suivants : Conservez l'encens dans un endroit frais et sec, \u00e0 l'abri de la lumi\u00e8re directe du soleil ; mesurez votre dose en poids plut\u00f4t qu'en volume ; \u00e9vitez de fumer pendant que vous prenez Space Cadet ; si vous ressentez des effets secondaires n\u00e9gatifs tels que la somnolence ou des troubles de la coordination apr\u00e8s avoir pris Space Cadet, veuillez cesser imm\u00e9diatement l'utilisation et consulter votre fournisseur de soins de sant\u00e9.<\/p>\n<p>Chemswell permet d'acheter en ligne en toute s\u00e9curit\u00e9 des encens \u00e0 base de plantes tels que Space Cadet, gr\u00e2ce \u00e0 des mesures de contr\u00f4le de la qualit\u00e9 telles qu'un processus de paiement s\u00e9curis\u00e9 et un emballage discret. Tous les produits vendus par Chemswell sont l\u00e9gaux dans la plupart des pays du monde gr\u00e2ce \u00e0 leur liste d'ingr\u00e9dients conventionnels (huile d'eucalyptus, etc.). ChemsWell prend \u00e9galement tr\u00e8s au s\u00e9rieux les questions de confidentialit\u00e9 et ne vendra jamais les donn\u00e9es de ses clients sans leur consentement explicite.<\/p>\n<p>Vous pouvez maintenant commander facilement Space Cadet Herbal Incense en ligne sur ChemsWell. Nous sommes l\u00e0 pour vous livrer votre commande dans les plus brefs d\u00e9lais.<a href=\"https:\/\/en.wikisource.org\/wiki\/Hobson-Jobson\/B\">.<\/a><\/p>","protected":false},"excerpt":{"rendered":"<p>Achetez l'encens Space Cadet \u00e0 ChemsWell ! Si vous \u00eates \u00e0 la recherche d'encens \u00e0 base de plantes de premi\u00e8re qualit\u00e9 et sans produits chimiques, achetez l'encens Space Cadet en ligne \u00e0 l'adresse suivante<\/p>","protected":false},"featured_media":9927,"comment_status":"open","ping_status":"closed","template":"","meta":{"_joinchat":[]},"product_cat":[1256],"product_tag":[3193,3183,1522,3175,3190,3187,3182,3180,3192,3189,3174,3177,3185,3176,3186,3178,3188,3195,3196,3194,3191,1530,3181,3184,3179],"yoast_head":"<!-- This site is optimized with the Yoast SEO plugin v23.0 - https:\/\/yoast.com\/wordpress\/plugins\/seo\/ -->\n<title>Buy Space Cadet Herbal Incense Online @ Best Price | Chemswell<\/title>\n<meta name=\"description\" content=\"At our Chemswell, you can get space cadet herbal incense for sale at cheap rates. Here you can buy space cadet herbal incense online. Place your order now!\" \/>\n<meta name=\"robots\" content=\"index, follow, max-snippet:-1, max-image-preview:large, max-video-preview:-1\" \/>\n<link rel=\"canonical\" href=\"https:\/\/chemswell.com\/fr\/produit\/encens-aux-herbes-cadet-de-lespace\/\" \/>\n<meta property=\"og:locale\" content=\"fr_FR\" \/>\n<meta property=\"og:type\" content=\"article\" \/>\n<meta property=\"og:title\" content=\"Buy Space Cadet Herbal Incense Online @ Best Price | Chemswell\" \/>\n<meta property=\"og:description\" content=\"At our Chemswell, you can get space cadet herbal incense for sale at cheap rates. Here you can buy space cadet herbal incense online. Place your order now!\" \/>\n<meta property=\"og:url\" content=\"https:\/\/chemswell.com\/fr\/produit\/encens-aux-herbes-cadet-de-lespace\/\" \/>\n<meta property=\"og:site_name\" content=\"Chemswell\" \/>\n<meta property=\"article:modified_time\" content=\"2025-01-08T09:34:24+00:00\" \/>\n<meta property=\"og:image\" content=\"https:\/\/chemswell.com\/wp-content\/uploads\/2023\/01\/Space-Cadet-Herbal-Incense.jpg\" \/>\n\t<meta property=\"og:image:width\" content=\"600\" \/>\n\t<meta property=\"og:image:height\" content=\"600\" \/>\n\t<meta property=\"og:image:type\" content=\"image\/jpeg\" \/>\n<meta name=\"twitter:card\" content=\"summary_large_image\" \/>\n<meta name=\"twitter:label1\" content=\"Dur\u00e9e de lecture estim\u00e9e\" \/>\n\t<meta name=\"twitter:data1\" content=\"2 minutes\" \/>\n<!-- \/ Yoast SEO plugin. -->","yoast_head_json":{"title":"Buy Space Cadet Herbal Incense Online @ Best Price | Chemswell","description":"At our Chemswell, you can get space cadet herbal incense for sale at cheap rates. Here you can buy space cadet herbal incense online. Place your order now!","robots":{"index":"index","follow":"follow","max-snippet":"max-snippet:-1","max-image-preview":"max-image-preview:large","max-video-preview":"max-video-preview:-1"},"canonical":"https:\/\/chemswell.com\/fr\/produit\/encens-aux-herbes-cadet-de-lespace\/","og_locale":"fr_FR","og_type":"article","og_title":"Buy Space Cadet Herbal Incense Online @ Best Price | Chemswell","og_description":"At our Chemswell, you can get space cadet herbal incense for sale at cheap rates. Here you can buy space cadet herbal incense online. Place your order now!","og_url":"https:\/\/chemswell.com\/fr\/produit\/encens-aux-herbes-cadet-de-lespace\/","og_site_name":"Chemswell","article_modified_time":"2025-01-08T09:34:24+00:00","og_image":[{"width":600,"height":600,"url":"https:\/\/chemswell.com\/wp-content\/uploads\/2023\/01\/Space-Cadet-Herbal-Incense.jpg","type":"image\/jpeg"}],"twitter_card":"summary_large_image","twitter_misc":{"Dur\u00e9e de lecture estim\u00e9e":"2 minutes"},"schema":{"@context":"https:\/\/schema.org","@graph":[{"@type":"WebPage","@id":"https:\/\/chemswell.com\/product\/space-cadet-herbal-incense\/","url":"https:\/\/chemswell.com\/product\/space-cadet-herbal-incense\/","name":"Buy Space Cadet Herbal Incense Online @ Best Price | Chemswell","isPartOf":{"@id":"https:\/\/chemswell.com\/it\/#website"},"primaryImageOfPage":{"@id":"https:\/\/chemswell.com\/product\/space-cadet-herbal-incense\/#primaryimage"},"image":{"@id":"https:\/\/chemswell.com\/product\/space-cadet-herbal-incense\/#primaryimage"},"thumbnailUrl":"https:\/\/chemswell.com\/wp-content\/uploads\/2023\/01\/Space-Cadet-Herbal-Incense.jpg","datePublished":"2023-01-18T11:03:43+00:00","dateModified":"2025-01-08T09:34:24+00:00","description":"At our Chemswell, you can get space cadet herbal incense for sale at cheap rates. Here you can buy space cadet herbal incense online. Place your order now!","breadcrumb":{"@id":"https:\/\/chemswell.com\/product\/space-cadet-herbal-incense\/#breadcrumb"},"inLanguage":"fr-FR","potentialAction":[{"@type":"ReadAction","target":["https:\/\/chemswell.com\/product\/space-cadet-herbal-incense\/"]}]},{"@type":"ImageObject","inLanguage":"fr-FR","@id":"https:\/\/chemswell.com\/product\/space-cadet-herbal-incense\/#primaryimage","url":"https:\/\/chemswell.com\/wp-content\/uploads\/2023\/01\/Space-Cadet-Herbal-Incense.jpg","contentUrl":"https:\/\/chemswell.com\/wp-content\/uploads\/2023\/01\/Space-Cadet-Herbal-Incense.jpg","width":600,"height":600,"caption":"Space-Cadet-Herbal-Incense"},{"@type":"BreadcrumbList","@id":"https:\/\/chemswell.com\/product\/space-cadet-herbal-incense\/#breadcrumb","itemListElement":[{"@type":"ListItem","position":1,"name":"Home","item":"https:\/\/chemswell.com\/ru\/"},{"@type":"ListItem","position":2,"name":"Shop","item":"https:\/\/chemswell.com\/ru\/%d0%bc%d0%b0%d0%b3%d0%b0%d0%b7%d0%b8%d0%bd\/"},{"@type":"ListItem","position":3,"name":"Space Cadet Herbal Incense"}]},{"@type":"WebSite","@id":"https:\/\/chemswell.com\/it\/#website","url":"https:\/\/chemswell.com\/it\/","name":"Chemswell","description":"#1 Research Chemical Store","potentialAction":[{"@type":"SearchAction","target":{"@type":"EntryPoint","urlTemplate":"https:\/\/chemswell.com\/it\/?s={search_term_string}"},"query-input":"required name=search_term_string"}],"inLanguage":"fr-FR"}]}},"_links":{"self":[{"href":"https:\/\/chemswell.com\/fr\/wp-json\/wp\/v2\/product\/9911"}],"collection":[{"href":"https:\/\/chemswell.com\/fr\/wp-json\/wp\/v2\/product"}],"about":[{"href":"https:\/\/chemswell.com\/fr\/wp-json\/wp\/v2\/types\/product"}],"replies":[{"embeddable":true,"href":"https:\/\/chemswell.com\/fr\/wp-json\/wp\/v2\/comments?post=9911"}],"wp:featuredmedia":[{"embeddable":true,"href":"https:\/\/chemswell.com\/fr\/wp-json\/wp\/v2\/media\/9927"}],"wp:attachment":[{"href":"https:\/\/chemswell.com\/fr\/wp-json\/wp\/v2\/media?parent=9911"}],"wp:term":[{"taxonomy":"product_cat","embeddable":true,"href":"https:\/\/chemswell.com\/fr\/wp-json\/wp\/v2\/product_cat?post=9911"},{"taxonomy":"product_tag","embeddable":true,"href":"https:\/\/chemswell.com\/fr\/wp-json\/wp\/v2\/product_tag?post=9911"}],"curies":[{"name":"wp","href":"https:\/\/api.w.org\/{rel}","templated":true}]}}