{"id":9953,"date":"2023-01-21T15:56:56","date_gmt":"2023-01-21T15:56:56","guid":{"rendered":"https:\/\/chemswell.com\/?post_type=product&#038;p=9953"},"modified":"2025-08-22T18:08:59","modified_gmt":"2025-08-22T18:08:59","slug":"crystal-meth","status":"publish","type":"product","link":"https:\/\/chemswell.com\/fr\/produit\/methamphetamine-en-cristaux\/","title":{"rendered":"m\u00e9thamph\u00e9tamine en cristaux"},"content":{"rendered":"<h2><strong>Achetez le produit chimique de recherche Crystal Meth chez ChemsWell\u00a0!<\/strong><\/h2>\n<p>\u00c0 la recherche du meilleur <a href=\"https:\/\/chemswell.com\/fr\/produit\/methamphetamine-en-cristaux\/\"><strong>Crystal Meth \u00e0 vendre<\/strong><\/a> l\u00e0-bas ? Ne cherchez pas plus loin que <a href=\"https:\/\/chemswell.com\/fr\/\">Chemswell<\/a>Nous proposons une large gamme de produits de haute qualit\u00e9 et fiables, parfaits pour tous ceux qui souhaitent progresser dans le secteur pharmaceutique. Notre mission est d'offrir \u00e0 nos clients la meilleure qualit\u00e9 et la meilleure puret\u00e9 possible \u00e0 des prix imbattables. De plus, nous garantissons une confidentialit\u00e9 totale\u00a0: vous avez donc l'assurance que vos informations resteront confidentielles.<\/p>\n<p>Notre promesse de prix garantit que vous ne serez jamais d\u00e9\u00e7u par nos produits. De plus, si quelque chose ne va pas avec votre commande - aussi petite soit-elle - nous ferons tout pour y rem\u00e9dier. Nous avons \u00e9galement un plan de compensation en place en cas de probl\u00e8me avec votre envoi. Enfin, nous avons une \u00e9quipe de service client exp\u00e9riment\u00e9e qui se consacre \u00e0 tout ce qui concerne le Crystal Meth et ses applications. Que vous soyez d\u00e9butant ou expert, nous avons les connaissances et le soutien dont vous avez besoin pour tirer le meilleur parti des produits ChemsWell\u00a0!<\/p>\n<h3><strong>Exp\u00e9dition s\u00e9curis\u00e9e et emballage discret<\/strong><\/h3>\n<p>Lorsque vous <strong>acheter <a href=\"https:\/\/en.wikipedia.org\/wiki\/Crystal%20Meth?redirect=no&amp;useFormat=mobile\">m\u00e9thamph\u00e9tamine en cristaux<\/a> online<\/strong>, vous devez \u00eatre s\u00fbr d'obtenir la meilleure qualit\u00e9 possible. C'est l\u00e0 que nous intervenons. Notre boutique en ligne propose des cristaux de qualit\u00e9 sup\u00e9rieure \u00e0 des prix abordables, et nous livrons les produits directement \u00e0 votre porte. Nous utilisons des emballages discrets et des m\u00e9thodes d'exp\u00e9dition s\u00e9curis\u00e9es pour nous assurer que vos produits sont s\u00fbrs et s\u00e9curis\u00e9s \u00e0 leur arriv\u00e9e. De plus, nous avons une \u00e9quipe de personnel qualifi\u00e9 qui veillera \u00e0 ce que les produits soient manipul\u00e9s en toute s\u00e9curit\u00e9 pendant le transport.<\/p>\n<p>Nous prenons \u00e9galement tr\u00e8s au s\u00e9rieux la satisfaction de nos clients, c'est pourquoi nous proposons une passerelle de paiement 100% s\u00e9curis\u00e9e pour tous les clients. Notre magasin est donc l'endroit id\u00e9al o\u00f9 aller si vous voulez <strong>commander du crystal meth en ligne<\/strong> \u00e0 des fins \u00e9ducatives ou pour un usage personnel.<\/p>\n<p><strong>Acheter du crystal meth<\/strong> \u00e0 ChemsWell et recevoir le paquet complet dans un court laps de temps. <a href=\"https:\/\/chemswell.com\/fr\/produit\/methamphetamine-en-cristaux\/\">.<\/a><\/p>","protected":false},"excerpt":{"rendered":"<p>Buy Crystal Meth Research Chemical At ChemsWell! Looking for the best Crystal Meth for sale out there? Look no further than Chemswell.<\/p>","protected":false},"featured_media":9954,"comment_status":"open","ping_status":"closed","template":"","meta":{"_joinchat":[]},"product_cat":[1258],"product_tag":[3233,3223,1522,120,3230,119,3220,123,3225,122,3226,3228,3235,3236,3234,3231,3227,3222,124,3232,3229,1530,128,3224,3221],"yoast_head":"<!-- This site is optimized with the Yoast SEO plugin v23.0 - https:\/\/yoast.com\/wordpress\/plugins\/seo\/ -->\n<title>Buy Crystal Meth online - Crystal Meth for Sale | Chemswell<\/title>\n<meta name=\"description\" content=\"Buy Crystal Meth online, Research chemicals for sale at chemswell! Looking for the best crystal meth for sale out there? Look no further than ChemsWell.\" \/>\n<meta name=\"robots\" content=\"index, follow, max-snippet:-1, max-image-preview:large, max-video-preview:-1\" \/>\n<link rel=\"canonical\" href=\"https:\/\/chemswell.com\/fr\/produit\/methamphetamine-en-cristaux\/\" \/>\n<meta property=\"og:locale\" content=\"fr_FR\" \/>\n<meta property=\"og:type\" content=\"article\" \/>\n<meta property=\"og:title\" content=\"Buy Crystal Meth online - Crystal Meth for Sale | Chemswell\" \/>\n<meta property=\"og:description\" content=\"Buy Crystal Meth online, Research chemicals for sale at chemswell! Looking for the best crystal meth for sale out there? Look no further than ChemsWell.\" \/>\n<meta property=\"og:url\" content=\"https:\/\/chemswell.com\/fr\/produit\/methamphetamine-en-cristaux\/\" \/>\n<meta property=\"og:site_name\" content=\"Chemswell\" \/>\n<meta property=\"article:modified_time\" content=\"2025-08-22T18:08:59+00:00\" \/>\n<meta property=\"og:image\" content=\"https:\/\/chemswell.com\/wp-content\/uploads\/2023\/01\/crystal-meth.jpg\" \/>\n\t<meta property=\"og:image:width\" content=\"600\" \/>\n\t<meta property=\"og:image:height\" content=\"600\" \/>\n\t<meta property=\"og:image:type\" content=\"image\/jpeg\" \/>\n<meta name=\"twitter:card\" content=\"summary_large_image\" \/>\n<meta name=\"twitter:label1\" content=\"Dur\u00e9e de lecture estim\u00e9e\" \/>\n\t<meta name=\"twitter:data1\" content=\"2 minutes\" \/>\n<!-- \/ Yoast SEO plugin. -->","yoast_head_json":{"title":"Buy Crystal Meth online - Crystal Meth for Sale | Chemswell","description":"Buy Crystal Meth online, Research chemicals for sale at chemswell! Looking for the best crystal meth for sale out there? Look no further than ChemsWell.","robots":{"index":"index","follow":"follow","max-snippet":"max-snippet:-1","max-image-preview":"max-image-preview:large","max-video-preview":"max-video-preview:-1"},"canonical":"https:\/\/chemswell.com\/fr\/produit\/methamphetamine-en-cristaux\/","og_locale":"fr_FR","og_type":"article","og_title":"Buy Crystal Meth online - Crystal Meth for Sale | Chemswell","og_description":"Buy Crystal Meth online, Research chemicals for sale at chemswell! Looking for the best crystal meth for sale out there? Look no further than ChemsWell.","og_url":"https:\/\/chemswell.com\/fr\/produit\/methamphetamine-en-cristaux\/","og_site_name":"Chemswell","article_modified_time":"2025-08-22T18:08:59+00:00","og_image":[{"width":600,"height":600,"url":"https:\/\/chemswell.com\/wp-content\/uploads\/2023\/01\/crystal-meth.jpg","type":"image\/jpeg"}],"twitter_card":"summary_large_image","twitter_misc":{"Dur\u00e9e de lecture estim\u00e9e":"2 minutes"},"schema":{"@context":"https:\/\/schema.org","@graph":[{"@type":"WebPage","@id":"https:\/\/chemswell.com\/product\/crystal-meth\/","url":"https:\/\/chemswell.com\/product\/crystal-meth\/","name":"Buy Crystal Meth online - Crystal Meth for Sale | Chemswell","isPartOf":{"@id":"https:\/\/chemswell.com\/it\/#website"},"primaryImageOfPage":{"@id":"https:\/\/chemswell.com\/product\/crystal-meth\/#primaryimage"},"image":{"@id":"https:\/\/chemswell.com\/product\/crystal-meth\/#primaryimage"},"thumbnailUrl":"https:\/\/chemswell.com\/wp-content\/uploads\/2023\/01\/crystal-meth.jpg","datePublished":"2023-01-21T15:56:56+00:00","dateModified":"2025-08-22T18:08:59+00:00","description":"Buy Crystal Meth online, Research chemicals for sale at chemswell! Looking for the best crystal meth for sale out there? Look no further than ChemsWell.","breadcrumb":{"@id":"https:\/\/chemswell.com\/product\/crystal-meth\/#breadcrumb"},"inLanguage":"fr-FR","potentialAction":[{"@type":"ReadAction","target":["https:\/\/chemswell.com\/product\/crystal-meth\/"]}]},{"@type":"ImageObject","inLanguage":"fr-FR","@id":"https:\/\/chemswell.com\/product\/crystal-meth\/#primaryimage","url":"https:\/\/chemswell.com\/wp-content\/uploads\/2023\/01\/crystal-meth.jpg","contentUrl":"https:\/\/chemswell.com\/wp-content\/uploads\/2023\/01\/crystal-meth.jpg","width":600,"height":600,"caption":"Buy Crystal Meth online"},{"@type":"BreadcrumbList","@id":"https:\/\/chemswell.com\/product\/crystal-meth\/#breadcrumb","itemListElement":[{"@type":"ListItem","position":1,"name":"Home","item":"https:\/\/chemswell.com\/ru\/"},{"@type":"ListItem","position":2,"name":"Shop","item":"https:\/\/chemswell.com\/ru\/%d0%bc%d0%b0%d0%b3%d0%b0%d0%b7%d0%b8%d0%bd\/"},{"@type":"ListItem","position":3,"name":"Crystal Meth"}]},{"@type":"WebSite","@id":"https:\/\/chemswell.com\/it\/#website","url":"https:\/\/chemswell.com\/it\/","name":"Chemswell","description":"#1 Research Chemical Store","potentialAction":[{"@type":"SearchAction","target":{"@type":"EntryPoint","urlTemplate":"https:\/\/chemswell.com\/it\/?s={search_term_string}"},"query-input":"required name=search_term_string"}],"inLanguage":"fr-FR"}]}},"_links":{"self":[{"href":"https:\/\/chemswell.com\/fr\/wp-json\/wp\/v2\/product\/9953"}],"collection":[{"href":"https:\/\/chemswell.com\/fr\/wp-json\/wp\/v2\/product"}],"about":[{"href":"https:\/\/chemswell.com\/fr\/wp-json\/wp\/v2\/types\/product"}],"replies":[{"embeddable":true,"href":"https:\/\/chemswell.com\/fr\/wp-json\/wp\/v2\/comments?post=9953"}],"wp:featuredmedia":[{"embeddable":true,"href":"https:\/\/chemswell.com\/fr\/wp-json\/wp\/v2\/media\/9954"}],"wp:attachment":[{"href":"https:\/\/chemswell.com\/fr\/wp-json\/wp\/v2\/media?parent=9953"}],"wp:term":[{"taxonomy":"product_cat","embeddable":true,"href":"https:\/\/chemswell.com\/fr\/wp-json\/wp\/v2\/product_cat?post=9953"},{"taxonomy":"product_tag","embeddable":true,"href":"https:\/\/chemswell.com\/fr\/wp-json\/wp\/v2\/product_tag?post=9953"}],"curies":[{"name":"wp","href":"https:\/\/api.w.org\/{rel}","templated":true}]}}