{"id":10102,"date":"2023-05-29T13:12:42","date_gmt":"2023-05-29T13:12:42","guid":{"rendered":"https:\/\/chemswell.com\/?post_type=product&#038;p=10102"},"modified":"2026-03-02T11:49:44","modified_gmt":"2026-03-02T11:49:44","slug":"buy-alprazolam-powder-100g-online","status":"publish","type":"product","link":"https:\/\/chemswell.com\/it\/prodotto\/comprare-alprazolam-powder-100g-online\/","title":{"rendered":"Comprare Alprazolam in polvere online"},"content":{"rendered":"<h1>Comprare Alprazolam in polvere online<\/h1>\n<p>Dove andare <a href=\"https:\/\/chemswell.com\/it\/prodotto\/comprare-alprazolam-powder-100g-online\/\">acquistare polvere di alprazolam online<\/a> In Europa. Le persone continuano a cercare dove acquistare Xanax online. D'altra parte, ordinare Xanax in polvere avviene ogni giorno. Qual \u00e8 allora il problema? Una fonte affidabile. Il farmaco alprazolam Xanax non \u00e8 cos\u00ec comune, quindi non dovresti semplicemente vedere un numero su qualche blog e chiamare. La fornitura di farmaci viene effettuata con cura e cautela. Questo per evitare la DEA e la FDA con le loro leggi sui farmaci.<\/p>\n<p>Anche lo Xanax appartiene alla classe delle benzodiazepine. \u00c8 un ansiolitico a breve durata d'azione utilizzato per i disturbi d'ansia e di panico. \u00c8 efficace quando si assume una dose corretta. Inoltre, abusarne pu\u00f2 portare alla morte. Anche se non ci interessa se avete una prescrizione medica, vi consigliamo di rivolgervi a un medico. Si tratta di un farmaco ansiolitico, ma ordinarlo senza un medico \u00e8 rischioso. Alprazolam in vendita e politica di spedizione. <a href=\"https:\/\/chemswell.com\/it\/\">Chemswell<\/a><\/p>\n<p>This product is use for making xanax bars. Xanax bars belongs to a group of drugs called benzodiazepines (ben-zoe-dye-AZE-eh-peens). It works by slowing down the movement of chemicals in the brain that may become unbalanced. This results in a reduction in nervous tension (anxiety). Xanax is used to treat anxiety disorders, panic disorders, and anxiety caused by depression. The drug has a currently accepted medical use in treatment in the United States.<\/p>\n<p>dove acquistare <a href=\"https:\/\/en.wikipedia.org\/wiki\/Alprazolam\">alprazolam powder<\/a>, acquista alprazolam online, ordina xanax online negli Stati Uniti, farmacia online di alprazolam<\/p>\n<p>alprazolam 0,25 mg per il sonno, alprazolam polvere pura in vendita, alprazolam polvere fornitori, alprazolam \u00e8 sicuro da prendere<\/p>","protected":false},"excerpt":{"rendered":"<p>Acquistare Alprazolam Powder Online Dove acquistare alprazolam powder online in Europa. La gente continua a cercare dove comprare xanax online. Su<\/p>","protected":false},"featured_media":10104,"comment_status":"closed","ping_status":"closed","template":"","meta":{"_joinchat":[]},"product_cat":[1255],"product_tag":[3279,3269,1522,3260,3264,3263,3271,3262,3272,3274,3281,3282,3280,3277,3261,3276,3273,3268,3266,3278,3275,1530,3267,3270,3265],"yoast_head":"<!-- This site is optimized with the Yoast SEO plugin v23.0 - https:\/\/yoast.com\/wordpress\/plugins\/seo\/ -->\n<title>Buy Alprazolam Powder Online - Alprazolam for Sale | Chemswell<\/title>\n<meta name=\"description\" content=\"Buy alprazolam powder Online, you can order quality alprazolam for sale safely from a relaible online chemical shop Chemswell. Place your order now!\" \/>\n<meta name=\"robots\" content=\"index, follow, max-snippet:-1, max-image-preview:large, max-video-preview:-1\" \/>\n<link rel=\"canonical\" href=\"https:\/\/chemswell.com\/it\/prodotto\/comprare-alprazolam-powder-100g-online\/\" \/>\n<meta property=\"og:locale\" content=\"it_IT\" \/>\n<meta property=\"og:type\" content=\"article\" \/>\n<meta property=\"og:title\" content=\"Buy Alprazolam Powder Online - Alprazolam for Sale | Chemswell\" \/>\n<meta property=\"og:description\" content=\"Buy alprazolam powder Online, you can order quality alprazolam for sale safely from a relaible online chemical shop Chemswell. Place your order now!\" \/>\n<meta property=\"og:url\" content=\"https:\/\/chemswell.com\/it\/prodotto\/comprare-alprazolam-powder-100g-online\/\" \/>\n<meta property=\"og:site_name\" content=\"Chemswell\" \/>\n<meta property=\"article:modified_time\" content=\"2026-03-02T11:49:44+00:00\" \/>\n<meta property=\"og:image\" content=\"https:\/\/chemswell.com\/wp-content\/uploads\/2023\/05\/Buy-Alprazolam-Powder-Online.jpg\" \/>\n\t<meta property=\"og:image:width\" content=\"220\" \/>\n\t<meta property=\"og:image:height\" content=\"267\" \/>\n\t<meta property=\"og:image:type\" content=\"image\/jpeg\" \/>\n<meta name=\"twitter:card\" content=\"summary_large_image\" \/>\n<meta name=\"twitter:label1\" content=\"Tempo di lettura stimato\" \/>\n\t<meta name=\"twitter:data1\" content=\"2 minuti\" \/>\n<!-- \/ Yoast SEO plugin. -->","yoast_head_json":{"title":"Buy Alprazolam Powder Online - Alprazolam for Sale | Chemswell","description":"Buy alprazolam powder Online, you can order quality alprazolam for sale safely from a relaible online chemical shop Chemswell. Place your order now!","robots":{"index":"index","follow":"follow","max-snippet":"max-snippet:-1","max-image-preview":"max-image-preview:large","max-video-preview":"max-video-preview:-1"},"canonical":"https:\/\/chemswell.com\/it\/prodotto\/comprare-alprazolam-powder-100g-online\/","og_locale":"it_IT","og_type":"article","og_title":"Buy Alprazolam Powder Online - Alprazolam for Sale | Chemswell","og_description":"Buy alprazolam powder Online, you can order quality alprazolam for sale safely from a relaible online chemical shop Chemswell. Place your order now!","og_url":"https:\/\/chemswell.com\/it\/prodotto\/comprare-alprazolam-powder-100g-online\/","og_site_name":"Chemswell","article_modified_time":"2026-03-02T11:49:44+00:00","og_image":[{"width":220,"height":267,"url":"https:\/\/chemswell.com\/wp-content\/uploads\/2023\/05\/Buy-Alprazolam-Powder-Online.jpg","type":"image\/jpeg"}],"twitter_card":"summary_large_image","twitter_misc":{"Tempo di lettura stimato":"2 minuti"},"schema":{"@context":"https:\/\/schema.org","@graph":[{"@type":"WebPage","@id":"https:\/\/chemswell.com\/product\/buy-alprazolam-powder-100g-online\/","url":"https:\/\/chemswell.com\/product\/buy-alprazolam-powder-100g-online\/","name":"Buy Alprazolam Powder Online - Alprazolam for Sale | Chemswell","isPartOf":{"@id":"https:\/\/chemswell.com\/it\/#website"},"primaryImageOfPage":{"@id":"https:\/\/chemswell.com\/product\/buy-alprazolam-powder-100g-online\/#primaryimage"},"image":{"@id":"https:\/\/chemswell.com\/product\/buy-alprazolam-powder-100g-online\/#primaryimage"},"thumbnailUrl":"https:\/\/chemswell.com\/wp-content\/uploads\/2023\/05\/Buy-Alprazolam-Powder-Online.jpg","datePublished":"2023-05-29T13:12:42+00:00","dateModified":"2026-03-02T11:49:44+00:00","description":"Buy alprazolam powder Online, you can order quality alprazolam for sale safely from a relaible online chemical shop Chemswell. Place your order now!","breadcrumb":{"@id":"https:\/\/chemswell.com\/product\/buy-alprazolam-powder-100g-online\/#breadcrumb"},"inLanguage":"it-IT","potentialAction":[{"@type":"ReadAction","target":["https:\/\/chemswell.com\/product\/buy-alprazolam-powder-100g-online\/"]}]},{"@type":"ImageObject","inLanguage":"it-IT","@id":"https:\/\/chemswell.com\/product\/buy-alprazolam-powder-100g-online\/#primaryimage","url":"https:\/\/chemswell.com\/wp-content\/uploads\/2023\/05\/Buy-Alprazolam-Powder-Online.jpg","contentUrl":"https:\/\/chemswell.com\/wp-content\/uploads\/2023\/05\/Buy-Alprazolam-Powder-Online.jpg","width":220,"height":267,"caption":"Buy Alprazolam Powder Online"},{"@type":"BreadcrumbList","@id":"https:\/\/chemswell.com\/product\/buy-alprazolam-powder-100g-online\/#breadcrumb","itemListElement":[{"@type":"ListItem","position":1,"name":"Home","item":"https:\/\/chemswell.com\/ru\/"},{"@type":"ListItem","position":2,"name":"Shop","item":"https:\/\/chemswell.com\/ru\/%d0%bc%d0%b0%d0%b3%d0%b0%d0%b7%d0%b8%d0%bd\/"},{"@type":"ListItem","position":3,"name":"Buy Alprazolam Powder Online"}]},{"@type":"WebSite","@id":"https:\/\/chemswell.com\/it\/#website","url":"https:\/\/chemswell.com\/it\/","name":"Chemswell","description":"#1 Research Chemical Store","potentialAction":[{"@type":"SearchAction","target":{"@type":"EntryPoint","urlTemplate":"https:\/\/chemswell.com\/it\/?s={search_term_string}"},"query-input":"required name=search_term_string"}],"inLanguage":"it-IT"}]}},"_links":{"self":[{"href":"https:\/\/chemswell.com\/it\/wp-json\/wp\/v2\/product\/10102"}],"collection":[{"href":"https:\/\/chemswell.com\/it\/wp-json\/wp\/v2\/product"}],"about":[{"href":"https:\/\/chemswell.com\/it\/wp-json\/wp\/v2\/types\/product"}],"replies":[{"embeddable":true,"href":"https:\/\/chemswell.com\/it\/wp-json\/wp\/v2\/comments?post=10102"}],"wp:featuredmedia":[{"embeddable":true,"href":"https:\/\/chemswell.com\/it\/wp-json\/wp\/v2\/media\/10104"}],"wp:attachment":[{"href":"https:\/\/chemswell.com\/it\/wp-json\/wp\/v2\/media?parent=10102"}],"wp:term":[{"taxonomy":"product_cat","embeddable":true,"href":"https:\/\/chemswell.com\/it\/wp-json\/wp\/v2\/product_cat?post=10102"},{"taxonomy":"product_tag","embeddable":true,"href":"https:\/\/chemswell.com\/it\/wp-json\/wp\/v2\/product_tag?post=10102"}],"curies":[{"name":"wp","href":"https:\/\/api.w.org\/{rel}","templated":true}]}}