{"id":10117,"date":"2023-06-01T07:28:11","date_gmt":"2023-06-01T07:28:11","guid":{"rendered":"https:\/\/chemswell.com\/?post_type=product&#038;p=10117"},"modified":"2025-01-08T09:37:08","modified_gmt":"2025-01-08T09:37:08","slug":"buy-dibutylone-crystal-online","status":"publish","type":"product","link":"https:\/\/chemswell.com\/it\/prodotto\/acquistare-dibutylone-crystal-online\/","title":{"rendered":"Comprare Dibutylone Crystal Online"},"content":{"rendered":"<h2><strong>Comprare Dibutylone Crystal Online<\/strong><\/h2>\n<p><a href=\"https:\/\/chemswell.com\/it\/prodotto\/acquistare-dibutylone-crystal-online\/\">Dibutylone<\/a>noto anche come bk-DMBDB, \u00e8 un farmaco stimolante appartenente ai gruppi farmacologici del catinone, della fenetilamina e dell'anfetamina. Questi farmaci hanno un gruppo alchilico collegato al carbonio alfa del nucleo della fenetilammina e un gruppo chetonico collegato al carbonio beta.<\/p>\n<p>La pianta del khat, le cui foglie vengono talvolta masticate come droga ricreativa, contiene naturalmente il catinone. Siete alla ricerca di acquisti online di cristalli di Dibutylone? Siete nel sito giusto. <a href=\"https:\/\/chemswell.com\/it\/\">Chemswell<\/a><\/p>\n<h3><strong>Acquistare Dibutylone Crystal:<\/strong><\/h3>\n<p>Designer substance <a href=\"https:\/\/en.wikipedia.org\/wiki\/Dibutylone\">Dutylone<\/a> ha il potenziale di essere psicoattiva. Condivide somiglianze strutturali con la droga di design metilone, che \u00e8 stata trovata in articoli come sali da bagno, cibo per piante e pillole. Tuttavia, non \u00e8 ancora certo l'effetto che un composto chimico come questo pu\u00f2 avere su campioni organici, come i volontari dei test umani.<\/p>\n<p>\u00c8 considerato un prodotto biochimico con numerosi usi nella spettrometria di massa. Pertanto, chi desidera acquistare il dibutile potrebbe pensare di impiegarlo nelle scienze forensi e nello studio delle neuroscienze.<\/p>\n<h3><strong>Dove acquistare i cristalli di dibutilone<\/strong><\/h3>\n<p>Molti utenti scoprono che l'esperienza \u00e8 tutt'al pi\u00f9 modesta rispetto a sostanze simili, producendo solo una lieve sensazione di euforia. Tuttavia, questa sensazione \u00e8 stata menzionata solo da una piccolissima percentuale di consumatori, mentre la maggior parte di essi non ha riportato alcun cambiamento nei propri stati mentali.<\/p>\n<p>Alcune persone hanno sperimentato un'ondata piacevole, una maggiore apertura nel parlare di sentimenti e pensieri e un miglioramento dell'umore. Il metodo di assunzione ottimale, secondo questi utenti, \u00e8 l'inalazione; tuttavia, hanno anche consumato la droga per via orale, mescolandola con acqua e bevendo la miscela risultante.<\/p>\n<p>&nbsp;<\/p>\n<p>&nbsp;<\/p>","protected":false},"excerpt":{"rendered":"<p>Dibutylone Crystal Online Il Dibutylone, noto anche come bk-DMBDB, \u00e8 un farmaco stimolante che appartiene alle categorie farmacologiche del catinone, della fenetilammina e dell'anfetamina.<\/p>","protected":false},"featured_media":10245,"comment_status":"closed","ping_status":"closed","template":"","meta":{"_joinchat":[]},"product_cat":[1258],"product_tag":[3325,3315,1522,3307,3306,3310,3309,3317,3308,3318,3320,3327,3328,3326,3323,3322,3319,3314,3312,3324,3321,1530,3313,3316,3311],"yoast_head":"<!-- This site is optimized with the Yoast SEO plugin v23.0 - https:\/\/yoast.com\/wordpress\/plugins\/seo\/ -->\n<title>Buy Dibutylone Crystal Online - Dibutylone Crystal for Sale<\/title>\n<meta name=\"description\" content=\"Buy dibutylone crystal online, Order dibutylone crystal online in ChemsWorld. dibutylone crystal for sale with worldwide delivery. Place your order now!\" \/>\n<meta name=\"robots\" content=\"index, follow, max-snippet:-1, max-image-preview:large, max-video-preview:-1\" \/>\n<link rel=\"canonical\" href=\"https:\/\/chemswell.com\/it\/prodotto\/acquistare-dibutylone-crystal-online\/\" \/>\n<meta property=\"og:locale\" content=\"it_IT\" \/>\n<meta property=\"og:type\" content=\"article\" \/>\n<meta property=\"og:title\" content=\"Buy Dibutylone Crystal Online - Dibutylone Crystal for Sale\" \/>\n<meta property=\"og:description\" content=\"Buy dibutylone crystal online, Order dibutylone crystal online in ChemsWorld. dibutylone crystal for sale with worldwide delivery. Place your order now!\" \/>\n<meta property=\"og:url\" content=\"https:\/\/chemswell.com\/it\/prodotto\/acquistare-dibutylone-crystal-online\/\" \/>\n<meta property=\"og:site_name\" content=\"Chemswell\" \/>\n<meta property=\"article:modified_time\" content=\"2025-01-08T09:37:08+00:00\" \/>\n<meta property=\"og:image\" content=\"https:\/\/chemswell.com\/wp-content\/uploads\/2023\/06\/Buy-Dibutylone-Crystal-online.jpg\" \/>\n\t<meta property=\"og:image:width\" content=\"600\" \/>\n\t<meta property=\"og:image:height\" content=\"600\" \/>\n\t<meta property=\"og:image:type\" content=\"image\/jpeg\" \/>\n<meta name=\"twitter:card\" content=\"summary_large_image\" \/>\n<meta name=\"twitter:label1\" content=\"Tempo di lettura stimato\" \/>\n\t<meta name=\"twitter:data1\" content=\"2 minuti\" \/>\n<!-- \/ Yoast SEO plugin. -->","yoast_head_json":{"title":"Buy Dibutylone Crystal Online - Dibutylone Crystal for Sale","description":"Buy dibutylone crystal online, Order dibutylone crystal online in ChemsWorld. dibutylone crystal for sale with worldwide delivery. Place your order now!","robots":{"index":"index","follow":"follow","max-snippet":"max-snippet:-1","max-image-preview":"max-image-preview:large","max-video-preview":"max-video-preview:-1"},"canonical":"https:\/\/chemswell.com\/it\/prodotto\/acquistare-dibutylone-crystal-online\/","og_locale":"it_IT","og_type":"article","og_title":"Buy Dibutylone Crystal Online - Dibutylone Crystal for Sale","og_description":"Buy dibutylone crystal online, Order dibutylone crystal online in ChemsWorld. dibutylone crystal for sale with worldwide delivery. Place your order now!","og_url":"https:\/\/chemswell.com\/it\/prodotto\/acquistare-dibutylone-crystal-online\/","og_site_name":"Chemswell","article_modified_time":"2025-01-08T09:37:08+00:00","og_image":[{"width":600,"height":600,"url":"https:\/\/chemswell.com\/wp-content\/uploads\/2023\/06\/Buy-Dibutylone-Crystal-online.jpg","type":"image\/jpeg"}],"twitter_card":"summary_large_image","twitter_misc":{"Tempo di lettura stimato":"2 minuti"},"schema":{"@context":"https:\/\/schema.org","@graph":[{"@type":"WebPage","@id":"https:\/\/chemswell.com\/product\/buy-dibutylone-crystal-online\/","url":"https:\/\/chemswell.com\/product\/buy-dibutylone-crystal-online\/","name":"Buy Dibutylone Crystal Online - Dibutylone Crystal for Sale","isPartOf":{"@id":"https:\/\/chemswell.com\/it\/#website"},"primaryImageOfPage":{"@id":"https:\/\/chemswell.com\/product\/buy-dibutylone-crystal-online\/#primaryimage"},"image":{"@id":"https:\/\/chemswell.com\/product\/buy-dibutylone-crystal-online\/#primaryimage"},"thumbnailUrl":"https:\/\/chemswell.com\/wp-content\/uploads\/2023\/06\/Buy-Dibutylone-Crystal-online.jpg","datePublished":"2023-06-01T07:28:11+00:00","dateModified":"2025-01-08T09:37:08+00:00","description":"Buy dibutylone crystal online, Order dibutylone crystal online in ChemsWorld. dibutylone crystal for sale with worldwide delivery. Place your order now!","breadcrumb":{"@id":"https:\/\/chemswell.com\/product\/buy-dibutylone-crystal-online\/#breadcrumb"},"inLanguage":"it-IT","potentialAction":[{"@type":"ReadAction","target":["https:\/\/chemswell.com\/product\/buy-dibutylone-crystal-online\/"]}]},{"@type":"ImageObject","inLanguage":"it-IT","@id":"https:\/\/chemswell.com\/product\/buy-dibutylone-crystal-online\/#primaryimage","url":"https:\/\/chemswell.com\/wp-content\/uploads\/2023\/06\/Buy-Dibutylone-Crystal-online.jpg","contentUrl":"https:\/\/chemswell.com\/wp-content\/uploads\/2023\/06\/Buy-Dibutylone-Crystal-online.jpg","width":600,"height":600,"caption":"Buy-Dibutylone-Crystal-online"},{"@type":"BreadcrumbList","@id":"https:\/\/chemswell.com\/product\/buy-dibutylone-crystal-online\/#breadcrumb","itemListElement":[{"@type":"ListItem","position":1,"name":"Home","item":"https:\/\/chemswell.com\/ru\/"},{"@type":"ListItem","position":2,"name":"Shop","item":"https:\/\/chemswell.com\/ru\/%d0%bc%d0%b0%d0%b3%d0%b0%d0%b7%d0%b8%d0%bd\/"},{"@type":"ListItem","position":3,"name":"Buy Dibutylone Crystal Online"}]},{"@type":"WebSite","@id":"https:\/\/chemswell.com\/it\/#website","url":"https:\/\/chemswell.com\/it\/","name":"Chemswell","description":"#1 Research Chemical Store","potentialAction":[{"@type":"SearchAction","target":{"@type":"EntryPoint","urlTemplate":"https:\/\/chemswell.com\/it\/?s={search_term_string}"},"query-input":"required name=search_term_string"}],"inLanguage":"it-IT"}]}},"_links":{"self":[{"href":"https:\/\/chemswell.com\/it\/wp-json\/wp\/v2\/product\/10117"}],"collection":[{"href":"https:\/\/chemswell.com\/it\/wp-json\/wp\/v2\/product"}],"about":[{"href":"https:\/\/chemswell.com\/it\/wp-json\/wp\/v2\/types\/product"}],"replies":[{"embeddable":true,"href":"https:\/\/chemswell.com\/it\/wp-json\/wp\/v2\/comments?post=10117"}],"wp:featuredmedia":[{"embeddable":true,"href":"https:\/\/chemswell.com\/it\/wp-json\/wp\/v2\/media\/10245"}],"wp:attachment":[{"href":"https:\/\/chemswell.com\/it\/wp-json\/wp\/v2\/media?parent=10117"}],"wp:term":[{"taxonomy":"product_cat","embeddable":true,"href":"https:\/\/chemswell.com\/it\/wp-json\/wp\/v2\/product_cat?post=10117"},{"taxonomy":"product_tag","embeddable":true,"href":"https:\/\/chemswell.com\/it\/wp-json\/wp\/v2\/product_tag?post=10117"}],"curies":[{"name":"wp","href":"https:\/\/api.w.org\/{rel}","templated":true}]}}