{"id":10120,"date":"2023-06-01T07:28:18","date_gmt":"2023-06-01T07:28:18","guid":{"rendered":"https:\/\/chemswell.com\/?post_type=product&#038;p=10120"},"modified":"2025-01-08T08:09:51","modified_gmt":"2025-01-08T08:09:51","slug":"buy-molly-mdma-pills-pure-mdma","status":"publish","type":"product","link":"https:\/\/chemswell.com\/it\/prodotto\/acquistare-pillole-di-mdma-molly-mdma-puro\/","title":{"rendered":"Acquista le pillole Molly MDMA (Pure MDMA)"},"content":{"rendered":"<h2><strong>Cos'\u00e8 Molly\/MDMA?<\/strong><\/h2>\n<p><a href=\"https:\/\/chemswell.com\/it\/prodotto\/acquistare-pillole-di-mdma-molly-mdma-puro\/\">Molly\/MDMA<\/a> ha effetti energizzanti, distorce il tempo e la percezione e migliora il godimento degli stimoli tattili. Funziona sia come stimolante che come allucinogeno. <a href=\"https:\/\/chemswell.com\/it\/\">Chemswell<\/a><\/p>\n<p>Aiuta gli adolescenti e i giovani adulti a rilassarsi e a incoraggiare:<\/p>\n<ul>\n<li>Sessualit\u00e0, euforia, intimit\u00e0, empatia e<\/li>\n<\/ul>\n<p>L'ecstasy, una popolare droga da festa, \u00e8 disponibile sotto forma di polvere o compresse. I loghi e i colori della pillola variano.<\/p>\n<h3><strong>Come vengono maltrattati?<\/strong><\/h3>\n<p>pillole per la deglutizione, compresse e capsule di gel Molly. Cristallo, polvere e liquido. sbuffato o schiacciato. periodicamente affumicato.<\/p>\n<h3><strong>Che impatto hanno sul corpo?<\/strong><\/h3>\n<p>\u0443\u0447\u0430\u0449\u0435\u043d\u043d\u043e\u0435 \u0441\u0435\u0440\u0434\u0446\u0435\u0431\u0438\u0435\u043d\u0438\u0435, \u0430\u0440\u0442\u0435\u0440\u0438\u0430\u043b\u044c\u043d\u043e\u0435 \u0434\u0430\u0432\u043b\u0435\u043d\u0438\u0435, \u043c\u044b\u0448\u0435\u0447\u043d\u043e\u0435 \u043d\u0430\u043f\u0440\u044f\u0436\u0435\u043d\u0438\u0435, \u0442\u0440\u0435\u043c\u043e\u0440, \u0441\u043a\u0440\u0435\u0436\u0435\u0442\u0430\u043d\u0438\u0435 \u0437\u0443\u0431\u0430\u043c\u0438, \u0442\u043e\u0448\u043d\u043e\u0442\u0430, \u043f\u043e\u0442\u043b\u0438\u0432\u043e\u0441\u0442\u044c, \u044d\u0439\u0444\u043e\u0440\u0438\u044f, \u044d\u043c\u043f\u0430\u0442\u0438\u044f, \u0441\u043d\u0438\u0436\u0435\u043d\u0438\u0435 \u0442\u043e\u0440\u043c\u043e\u0436\u0435\u043d\u0438\u044f, \u043e\u0437\u043d\u043e\u0431, \u043d\u0435\u0447\u0435\u0442\u043a\u043e\u0441\u0442\u044c \u0437\u0440\u0435\u043d\u0438\u044f, \u0441\u043f\u0443\u0442\u0430\u043d\u043d\u043e\u0441\u0442\u044c \u0441\u043e\u0437\u043d\u0430\u043d\u0438\u044f, \u0441\u0438\u043b\u044c\u043d\u043e\u0435 \u043e\u0431\u0435\u0437\u0432\u043e\u0436\u0438\u0432\u0430\u043d\u0438\u0435, \u043f\u0440\u043e\u0431\u043b\u0435\u043c\u044b \u0441\u043e \u0441\u043d\u043e\u043c \u0438 \u0442\u044f\u0433\u0430 \u043a \u043d\u0430\u0440\u043a\u043e\u0442\u0438\u043a\u0430\u043c.<\/p>\n<h3><strong>Quali sono gli effetti di un eccesso?<\/strong><\/h3>\n<p><a href=\"https:\/\/en.wikipedia.org\/wiki\/MDMA\">MDMA<\/a> ha il potenziale per influenzare la capacit\u00e0 del corpo di controllare la temperatura a dosi eccessive. A volte, ci\u00f2 potrebbe provocare un improvviso aumento della temperatura corporea (ipertermia), che pu\u00f2 causare insufficienza del fegato, dei reni o del sistema cardiovascolare, ingrossamento del cervello e persino la morte. Inoltre, l'uso ripetuto a breve termine di MDMA pu\u00f2 comportare quantit\u00e0 di droga che potrebbero essere pericolose.<\/p>","protected":false},"excerpt":{"rendered":"<p>Che cos'\u00e8 il Molly\/MDMA? La Molly\/MDMA ha effetti energizzanti, distorce il tempo e la percezione e aumenta il piacere degli stimoli tattili. Funziona sia come<\/p>","protected":false},"featured_media":10247,"comment_status":"closed","ping_status":"closed","template":"","meta":{"_joinchat":[]},"product_cat":[1260],"product_tag":[2663,2653,1522,2645,2644,2648,2647,2655,2646,2656,2658,2665,2666,2664,2661,2660,2657,2652,2650,2662,2659,1530,2651,2654,2649],"yoast_head":"<!-- This site is optimized with the Yoast SEO plugin v23.0 - https:\/\/yoast.com\/wordpress\/plugins\/seo\/ -->\n<title>Buy Molly Mdma Pills Online - Molly Mdma Pills for Sale<\/title>\n<meta name=\"description\" content=\"Get the highest quality molly mdma pills for sale at the best prices. Shop our wide range of molly mdma pills and get fast shipping Buy Now!\" \/>\n<meta name=\"robots\" content=\"index, follow, max-snippet:-1, max-image-preview:large, max-video-preview:-1\" \/>\n<link rel=\"canonical\" href=\"https:\/\/chemswell.com\/it\/prodotto\/acquistare-pillole-di-mdma-molly-mdma-puro\/\" \/>\n<meta property=\"og:locale\" content=\"it_IT\" \/>\n<meta property=\"og:type\" content=\"article\" \/>\n<meta property=\"og:title\" content=\"Buy Molly Mdma Pills Online - Molly Mdma Pills for Sale\" \/>\n<meta property=\"og:description\" content=\"Get the highest quality molly mdma pills for sale at the best prices. Shop our wide range of molly mdma pills and get fast shipping Buy Now!\" \/>\n<meta property=\"og:url\" content=\"https:\/\/chemswell.com\/it\/prodotto\/acquistare-pillole-di-mdma-molly-mdma-puro\/\" \/>\n<meta property=\"og:site_name\" content=\"Chemswell\" \/>\n<meta property=\"article:modified_time\" content=\"2025-01-08T08:09:51+00:00\" \/>\n<meta property=\"og:image\" content=\"https:\/\/chemswell.com\/wp-content\/uploads\/2023\/06\/Buy-Molly-MDMA-Pills.jpg\" \/>\n\t<meta property=\"og:image:width\" content=\"600\" \/>\n\t<meta property=\"og:image:height\" content=\"600\" \/>\n\t<meta property=\"og:image:type\" content=\"image\/jpeg\" \/>\n<meta name=\"twitter:card\" content=\"summary_large_image\" \/>\n<meta name=\"twitter:label1\" content=\"Tempo di lettura stimato\" \/>\n\t<meta name=\"twitter:data1\" content=\"2 minuti\" \/>\n<!-- \/ Yoast SEO plugin. -->","yoast_head_json":{"title":"Buy Molly Mdma Pills Online - Molly Mdma Pills for Sale","description":"Get the highest quality molly mdma pills for sale at the best prices. Shop our wide range of molly mdma pills and get fast shipping Buy Now!","robots":{"index":"index","follow":"follow","max-snippet":"max-snippet:-1","max-image-preview":"max-image-preview:large","max-video-preview":"max-video-preview:-1"},"canonical":"https:\/\/chemswell.com\/it\/prodotto\/acquistare-pillole-di-mdma-molly-mdma-puro\/","og_locale":"it_IT","og_type":"article","og_title":"Buy Molly Mdma Pills Online - Molly Mdma Pills for Sale","og_description":"Get the highest quality molly mdma pills for sale at the best prices. Shop our wide range of molly mdma pills and get fast shipping Buy Now!","og_url":"https:\/\/chemswell.com\/it\/prodotto\/acquistare-pillole-di-mdma-molly-mdma-puro\/","og_site_name":"Chemswell","article_modified_time":"2025-01-08T08:09:51+00:00","og_image":[{"width":600,"height":600,"url":"https:\/\/chemswell.com\/wp-content\/uploads\/2023\/06\/Buy-Molly-MDMA-Pills.jpg","type":"image\/jpeg"}],"twitter_card":"summary_large_image","twitter_misc":{"Tempo di lettura stimato":"2 minuti"},"schema":{"@context":"https:\/\/schema.org","@graph":[{"@type":"WebPage","@id":"https:\/\/chemswell.com\/product\/buy-molly-mdma-pills-pure-mdma\/","url":"https:\/\/chemswell.com\/product\/buy-molly-mdma-pills-pure-mdma\/","name":"Buy Molly Mdma Pills Online - Molly Mdma Pills for Sale","isPartOf":{"@id":"https:\/\/chemswell.com\/it\/#website"},"primaryImageOfPage":{"@id":"https:\/\/chemswell.com\/product\/buy-molly-mdma-pills-pure-mdma\/#primaryimage"},"image":{"@id":"https:\/\/chemswell.com\/product\/buy-molly-mdma-pills-pure-mdma\/#primaryimage"},"thumbnailUrl":"https:\/\/chemswell.com\/wp-content\/uploads\/2023\/06\/Buy-Molly-MDMA-Pills.jpg","datePublished":"2023-06-01T07:28:18+00:00","dateModified":"2025-01-08T08:09:51+00:00","description":"Get the highest quality molly mdma pills for sale at the best prices. Shop our wide range of molly mdma pills and get fast shipping Buy Now!","breadcrumb":{"@id":"https:\/\/chemswell.com\/product\/buy-molly-mdma-pills-pure-mdma\/#breadcrumb"},"inLanguage":"it-IT","potentialAction":[{"@type":"ReadAction","target":["https:\/\/chemswell.com\/product\/buy-molly-mdma-pills-pure-mdma\/"]}]},{"@type":"ImageObject","inLanguage":"it-IT","@id":"https:\/\/chemswell.com\/product\/buy-molly-mdma-pills-pure-mdma\/#primaryimage","url":"https:\/\/chemswell.com\/wp-content\/uploads\/2023\/06\/Buy-Molly-MDMA-Pills.jpg","contentUrl":"https:\/\/chemswell.com\/wp-content\/uploads\/2023\/06\/Buy-Molly-MDMA-Pills.jpg","width":600,"height":600,"caption":"Buy-Molly-MDMA-Pills"},{"@type":"BreadcrumbList","@id":"https:\/\/chemswell.com\/product\/buy-molly-mdma-pills-pure-mdma\/#breadcrumb","itemListElement":[{"@type":"ListItem","position":1,"name":"Home","item":"https:\/\/chemswell.com\/ru\/"},{"@type":"ListItem","position":2,"name":"Shop","item":"https:\/\/chemswell.com\/ru\/%d0%bc%d0%b0%d0%b3%d0%b0%d0%b7%d0%b8%d0%bd\/"},{"@type":"ListItem","position":3,"name":"Buy Molly MDMA Pills (Pure MDMA)"}]},{"@type":"WebSite","@id":"https:\/\/chemswell.com\/it\/#website","url":"https:\/\/chemswell.com\/it\/","name":"Chemswell","description":"#1 Research Chemical Store","potentialAction":[{"@type":"SearchAction","target":{"@type":"EntryPoint","urlTemplate":"https:\/\/chemswell.com\/it\/?s={search_term_string}"},"query-input":"required name=search_term_string"}],"inLanguage":"it-IT"}]}},"_links":{"self":[{"href":"https:\/\/chemswell.com\/it\/wp-json\/wp\/v2\/product\/10120"}],"collection":[{"href":"https:\/\/chemswell.com\/it\/wp-json\/wp\/v2\/product"}],"about":[{"href":"https:\/\/chemswell.com\/it\/wp-json\/wp\/v2\/types\/product"}],"replies":[{"embeddable":true,"href":"https:\/\/chemswell.com\/it\/wp-json\/wp\/v2\/comments?post=10120"}],"wp:featuredmedia":[{"embeddable":true,"href":"https:\/\/chemswell.com\/it\/wp-json\/wp\/v2\/media\/10247"}],"wp:attachment":[{"href":"https:\/\/chemswell.com\/it\/wp-json\/wp\/v2\/media?parent=10120"}],"wp:term":[{"taxonomy":"product_cat","embeddable":true,"href":"https:\/\/chemswell.com\/it\/wp-json\/wp\/v2\/product_cat?post=10120"},{"taxonomy":"product_tag","embeddable":true,"href":"https:\/\/chemswell.com\/it\/wp-json\/wp\/v2\/product_tag?post=10120"}],"curies":[{"name":"wp","href":"https:\/\/api.w.org\/{rel}","templated":true}]}}