{"id":10154,"date":"2023-06-01T07:38:35","date_gmt":"2023-06-01T07:38:35","guid":{"rendered":"https:\/\/chemswell.com\/?post_type=product&#038;p=10154"},"modified":"2025-06-13T05:34:24","modified_gmt":"2025-06-13T05:34:24","slug":"mdma-for-sale","status":"publish","type":"product","link":"https:\/\/chemswell.com\/it\/prodotto\/mdma-in-vendita\/","title":{"rendered":"MDMA in vendita"},"content":{"rendered":"<h2><strong>MDMA<\/strong><\/h2>\n<p><a href=\"https:\/\/chemswell.com\/it\/prodotto\/mdma-in-vendita\/\">MDMA in vendita<\/a>, Adam, Beans, Clarity, Disco Biscuit, Ecstasy, Eve, Go, Hug Drug, Lover\u2019s Speed, Molly, Peace, STP, X e XTC sono esempi di nomi comuni o da strada per questa sostanza<a href=\"https:\/\/en.wikipedia.org\/wiki\/MDMA\">.<\/a><\/p>\n<h3><strong>Cos'\u00e8 l'MDMA?<\/strong><\/h3>\n<p>La metanfetamina stimolante e l'allucinogeno mescalina condividono somiglianze nelle loro strutture chimiche con la droga psicoattiva sintetica nota come MDMA (3-metilendiossimetamfetamina). Gli utenti lo chiamano spesso Molly o Ecstasy.<\/p>\n<p><a href=\"https:\/\/en.wikipedia.org\/wiki\/MDMA\">MDMA<\/a> L'MDMA \u00e8 una sostanza illecita che ha effetti stimolanti e allucinogeni, effetti energizzanti, distorsioni temporali e percettive e una migliore percezione degli stimoli tattili. Secondo il Controlled Substances Act, l'MDMA \u00e8 una sostanza chimica di Tabella I, il che significa che la DEA ha concluso che ha un alto potenziale di abuso e non sono noti benefici medicinali. Chemswell<\/p>\n<p>Nel 1912, un'azienda tedesca cre\u00f2 per la prima volta l'MDMA, forse come soppressore dell'appetito. Dagli anni '80 \u00e8 stata una droga di strada ampiamente utilizzata e negli anni '90 il suo uso tra i giovani adulti e gli studenti universitari \u00e8 aumentato. A quel tempo, i concerti rock, i nightclub e le feste notturne chiamate \"rave\" erano i luoghi in cui veniva fornito pi\u00f9 frequentemente.<\/p>\n<h3><strong>Come si usa l'MDMA?<\/strong><\/h3>\n<p>Pi\u00f9 frequentemente venduto sotto forma di compresse o capsule, l'MDMA viene tipicamente consumato o schiacciato e sniffato.<\/p>\n<p>Marchi, colori e loghi sono spesso usati dai trafficanti di ecstasy come tattiche di marketing e per distinguere i loro prodotti dalla concorrenza. La realizzazione dei loghi pu\u00f2 avvenire in occasione di festivit\u00e0 o ricorrenze degne di nota. I loghi pi\u00f9 noti sono i quadrifogli, i fulmini e le farfalle.<\/p>\n<p>Pu\u00f2 anche essere acquistato sotto forma di polvere e, oltre a essere iniettato raramente, occasionalmente viene anche sniffato, mangiato come bevanda e occasionalmente fumato. Gli effetti del medicinale spesso continuano da tre a sei ore.<\/p>\n<h3><strong>A cosa serve l'MDMA?<\/strong><\/h3>\n<p>L'MDMA viene spesso ingerita o frantumata e sniffata, con pillole e capsule che sono le forme di consegna pi\u00f9 popolari.<\/p>\n<p>I trafficanti di ecstasy utilizzano spesso marchi, colori e loghi come strategie di marketing e per differenziare i loro prodotti da quelli dei concorrenti. I loghi possono essere sviluppati in tempo per le festivit\u00e0 o altri eventi significativi. Trifogli, fulmini e farfalle sono i loghi pi\u00f9 noti della Mdma for Sale.<\/p>\n<p>Oltre a essere raramente iniettata, viene talvolta consumata come bevanda, occasionalmente sniffata e occasionalmente fumata. \u00c8 disponibile anche in polvere. Gli effetti del farmaco durano spesso da tre a sei ore.<a href=\"https:\/\/chemswell.com\/it\/prodotto\/4-emc-in-polvere\/\">.<\/a><\/p>\n<p>&nbsp;<\/p>","protected":false},"excerpt":{"rendered":"<p style=\"text-align: center;\"><strong>MDMA<\/strong><br \/>\n<strong>Midomafetamina<\/strong><\/p>\n<p><b>3,4-metile<wbr \/>enedioxy<wbr \/>metanfetamina<\/b>\u00a0(<b>MDMA<\/b>), comunemente noto come\u00a0<b>estasi<\/b>\u00a0(in compresse) e\u00a0<b>molly<\/b>\u00a0o\u00a0<b>mandy<\/b>\u00a0(forma cristallina),<sup id=\"cite_ref-15\" class=\"reference\"><\/sup><sup id=\"cite_ref-16\" class=\"reference\"><\/sup>\u00e8 un potente empatogeno-entactogeno con propriet\u00e0 stimolanti e psichedeliche minori, usato principalmente a scopo ricreativo.<\/p>","protected":false},"featured_media":10251,"comment_status":"closed","ping_status":"closed","template":"","meta":{"_joinchat":[]},"product_cat":[1255],"product_tag":[2755,2745,1522,2737,2752,2749,2744,2736,2739,2747,2740,2738,2748,2750,2757,2758,2756,2753,2742,2754,2751,1530,2743,2746,2741],"yoast_head":"<!-- This site is optimized with the Yoast SEO plugin v23.0 - https:\/\/yoast.com\/wordpress\/plugins\/seo\/ -->\n<title>Mdma for Sale - Buy Mdma Online - Order Mdma Online<\/title>\n<meta name=\"description\" content=\"Mdma for Sale, Buy mdma online at the best price from leading store Chemswell. Get access to a wide range of products with our huge selection. Order Now!\" \/>\n<meta name=\"robots\" content=\"index, follow, max-snippet:-1, max-image-preview:large, max-video-preview:-1\" \/>\n<link rel=\"canonical\" href=\"https:\/\/chemswell.com\/it\/prodotto\/mdma-in-vendita\/\" \/>\n<meta property=\"og:locale\" content=\"it_IT\" \/>\n<meta property=\"og:type\" content=\"article\" \/>\n<meta property=\"og:title\" content=\"Mdma for Sale - Buy Mdma Online - Order Mdma Online\" \/>\n<meta property=\"og:description\" content=\"Mdma for Sale, Buy mdma online at the best price from leading store Chemswell. Get access to a wide range of products with our huge selection. Order Now!\" \/>\n<meta property=\"og:url\" content=\"https:\/\/chemswell.com\/it\/prodotto\/mdma-in-vendita\/\" \/>\n<meta property=\"og:site_name\" content=\"Chemswell\" \/>\n<meta property=\"article:modified_time\" content=\"2025-06-13T05:34:24+00:00\" \/>\n<meta property=\"og:image\" content=\"https:\/\/chemswell.com\/wp-content\/uploads\/2023\/06\/MDMA.jpg\" \/>\n\t<meta property=\"og:image:width\" content=\"600\" \/>\n\t<meta property=\"og:image:height\" content=\"600\" \/>\n\t<meta property=\"og:image:type\" content=\"image\/jpeg\" \/>\n<meta name=\"twitter:card\" content=\"summary_large_image\" \/>\n<meta name=\"twitter:label1\" content=\"Tempo di lettura stimato\" \/>\n\t<meta name=\"twitter:data1\" content=\"2 minuti\" \/>\n<!-- \/ Yoast SEO plugin. -->","yoast_head_json":{"title":"Mdma for Sale - Buy Mdma Online - Order Mdma Online","description":"Mdma for Sale, Buy mdma online at the best price from leading store Chemswell. Get access to a wide range of products with our huge selection. Order Now!","robots":{"index":"index","follow":"follow","max-snippet":"max-snippet:-1","max-image-preview":"max-image-preview:large","max-video-preview":"max-video-preview:-1"},"canonical":"https:\/\/chemswell.com\/it\/prodotto\/mdma-in-vendita\/","og_locale":"it_IT","og_type":"article","og_title":"Mdma for Sale - Buy Mdma Online - Order Mdma Online","og_description":"Mdma for Sale, Buy mdma online at the best price from leading store Chemswell. Get access to a wide range of products with our huge selection. Order Now!","og_url":"https:\/\/chemswell.com\/it\/prodotto\/mdma-in-vendita\/","og_site_name":"Chemswell","article_modified_time":"2025-06-13T05:34:24+00:00","og_image":[{"width":600,"height":600,"url":"https:\/\/chemswell.com\/wp-content\/uploads\/2023\/06\/MDMA.jpg","type":"image\/jpeg"}],"twitter_card":"summary_large_image","twitter_misc":{"Tempo di lettura stimato":"2 minuti"},"schema":{"@context":"https:\/\/schema.org","@graph":[{"@type":"WebPage","@id":"https:\/\/chemswell.com\/product\/mdma-for-sale\/","url":"https:\/\/chemswell.com\/product\/mdma-for-sale\/","name":"Mdma for Sale - Buy Mdma Online - Order Mdma Online","isPartOf":{"@id":"https:\/\/chemswell.com\/it\/#website"},"primaryImageOfPage":{"@id":"https:\/\/chemswell.com\/product\/mdma-for-sale\/#primaryimage"},"image":{"@id":"https:\/\/chemswell.com\/product\/mdma-for-sale\/#primaryimage"},"thumbnailUrl":"https:\/\/chemswell.com\/wp-content\/uploads\/2023\/06\/MDMA.jpg","datePublished":"2023-06-01T07:38:35+00:00","dateModified":"2025-06-13T05:34:24+00:00","description":"Mdma for Sale, Buy mdma online at the best price from leading store Chemswell. Get access to a wide range of products with our huge selection. Order Now!","breadcrumb":{"@id":"https:\/\/chemswell.com\/product\/mdma-for-sale\/#breadcrumb"},"inLanguage":"it-IT","potentialAction":[{"@type":"ReadAction","target":["https:\/\/chemswell.com\/product\/mdma-for-sale\/"]}]},{"@type":"ImageObject","inLanguage":"it-IT","@id":"https:\/\/chemswell.com\/product\/mdma-for-sale\/#primaryimage","url":"https:\/\/chemswell.com\/wp-content\/uploads\/2023\/06\/MDMA.jpg","contentUrl":"https:\/\/chemswell.com\/wp-content\/uploads\/2023\/06\/MDMA.jpg","width":600,"height":600,"caption":"MDMA"},{"@type":"BreadcrumbList","@id":"https:\/\/chemswell.com\/product\/mdma-for-sale\/#breadcrumb","itemListElement":[{"@type":"ListItem","position":1,"name":"Home","item":"https:\/\/chemswell.com\/ru\/"},{"@type":"ListItem","position":2,"name":"Shop","item":"https:\/\/chemswell.com\/ru\/%d0%bc%d0%b0%d0%b3%d0%b0%d0%b7%d0%b8%d0%bd\/"},{"@type":"ListItem","position":3,"name":"MDMA for Sale"}]},{"@type":"WebSite","@id":"https:\/\/chemswell.com\/it\/#website","url":"https:\/\/chemswell.com\/it\/","name":"Chemswell","description":"#1 Research Chemical Store","potentialAction":[{"@type":"SearchAction","target":{"@type":"EntryPoint","urlTemplate":"https:\/\/chemswell.com\/it\/?s={search_term_string}"},"query-input":"required name=search_term_string"}],"inLanguage":"it-IT"}]}},"_links":{"self":[{"href":"https:\/\/chemswell.com\/it\/wp-json\/wp\/v2\/product\/10154"}],"collection":[{"href":"https:\/\/chemswell.com\/it\/wp-json\/wp\/v2\/product"}],"about":[{"href":"https:\/\/chemswell.com\/it\/wp-json\/wp\/v2\/types\/product"}],"replies":[{"embeddable":true,"href":"https:\/\/chemswell.com\/it\/wp-json\/wp\/v2\/comments?post=10154"}],"wp:featuredmedia":[{"embeddable":true,"href":"https:\/\/chemswell.com\/it\/wp-json\/wp\/v2\/media\/10251"}],"wp:attachment":[{"href":"https:\/\/chemswell.com\/it\/wp-json\/wp\/v2\/media?parent=10154"}],"wp:term":[{"taxonomy":"product_cat","embeddable":true,"href":"https:\/\/chemswell.com\/it\/wp-json\/wp\/v2\/product_cat?post=10154"},{"taxonomy":"product_tag","embeddable":true,"href":"https:\/\/chemswell.com\/it\/wp-json\/wp\/v2\/product_tag?post=10154"}],"curies":[{"name":"wp","href":"https:\/\/api.w.org\/{rel}","templated":true}]}}