{"id":10228,"date":"2023-06-01T10:37:06","date_gmt":"2023-06-01T10:37:06","guid":{"rendered":"https:\/\/chemswell.com\/?post_type=product&#038;p=10228"},"modified":"2025-01-08T07:44:04","modified_gmt":"2025-01-08T07:44:04","slug":"lsd-180ug-hofmann-blotters","status":"publish","type":"product","link":"https:\/\/chemswell.com\/it\/prodotto\/lsd-180ug-hofmann-blotters\/","title":{"rendered":"LSD 180ug Hofmann Blotters"},"content":{"rendered":"<h2><strong>LSD 180ug Hofmann Blotter online<\/strong><\/h2>\n<p><a href=\"https:\/\/chemswell.com\/it\/prodotto\/lsd-180ug-hofmann-blotters\/\">LSD 180ug<\/a> Een van de krachtigste verbindingen die de stemming verandert, is Hofmann Blotters. Het is gemaakt van lyserginezuur, dat aanwezig is in de rogge-groeiende ergot-schimmel. We hebben 180g Hofmann Blotter LSD.<\/p>\n<p>L'acido, comunemente indicato come LSD Blotter, \u00e8 una sostanza chimica che ha effetti psicologici. Una droga psicoattiva con conseguenze psicologiche \u00e8 l'acido. La dietilamide dell'acido lisergico funge da scorciatoia. <a href=\"https:\/\/chemswell.com\/it\/\">Chemswell<\/a><\/p>\n<p>Acquista la carta assorbente professionale LSD art. Una delle sostanze pi\u00f9 potenti per cambiare l'umore \u00e8 l'LSD, come si vede nell'arte della carta assorbente. \u00c8 prodotto dall'acido lisergico, che \u00e8 presente nel fungo dell'ergot che cresce nella segale. Acquista 105mcg Voidrealm online.<\/p>\n<p>Ora abbiamo 180 g di LSD Hofmann Blotter. Pessimo, croccante. <a href=\"https:\/\/en.wikipedia.org\/wiki\/LSD\">LSD<\/a> estremamente brutta e nitida. Fai attenzione perch\u00e9 le nostre carte assorbenti sono davvero potenti; puoi sempre iniziare con una mezza scheda. Strafare \u00e8 preferibile a questo.<\/p>","protected":false},"excerpt":{"rendered":"<p>LSD 180ug Hofmann Blotters Online LSD 180ug Uno dei composti pi\u00f9 potenti che alterano l'umore \u00e8 l'Hofmann Blotters. Viene prodotto<\/p>","protected":false},"featured_media":10260,"comment_status":"closed","ping_status":"closed","template":"","meta":{"_joinchat":[]},"product_cat":[1259],"product_tag":[2295,2285,1522,2277,2292,2289,2284,2276,2279,2287,2280,2278,2288,2290,2297,2298,2296,2293,2282,2294,2291,1530,2283,2286,2281],"yoast_head":"<!-- This site is optimized with the Yoast SEO plugin v23.0 - https:\/\/yoast.com\/wordpress\/plugins\/seo\/ -->\n<title>Buy LSD 180ug Hofmann Blotters Online @ Best Price | CW<\/title>\n<meta name=\"description\" content=\"Buy lsd 180ug hofmann blotters online from our psychedelic drugstore. We provide high quality, pure and lab-tested lsd 180ug hofmann blotters for sale. Shop now and get the best prices.\" \/>\n<meta name=\"robots\" content=\"index, follow, max-snippet:-1, max-image-preview:large, max-video-preview:-1\" \/>\n<link rel=\"canonical\" href=\"https:\/\/chemswell.com\/it\/prodotto\/lsd-180ug-hofmann-blotters\/\" \/>\n<meta property=\"og:locale\" content=\"it_IT\" \/>\n<meta property=\"og:type\" content=\"article\" \/>\n<meta property=\"og:title\" content=\"Buy LSD 180ug Hofmann Blotters Online @ Best Price | CW\" \/>\n<meta property=\"og:description\" content=\"Buy lsd 180ug hofmann blotters online from our psychedelic drugstore. We provide high quality, pure and lab-tested lsd 180ug hofmann blotters for sale. Shop now and get the best prices.\" \/>\n<meta property=\"og:url\" content=\"https:\/\/chemswell.com\/it\/prodotto\/lsd-180ug-hofmann-blotters\/\" \/>\n<meta property=\"og:site_name\" content=\"Chemswell\" \/>\n<meta property=\"article:modified_time\" content=\"2025-01-08T07:44:04+00:00\" \/>\n<meta property=\"og:image\" content=\"https:\/\/chemswell.com\/wp-content\/uploads\/2023\/06\/LSD-180ug-Hofmann-Blotters.jpg\" \/>\n\t<meta property=\"og:image:width\" content=\"600\" \/>\n\t<meta property=\"og:image:height\" content=\"600\" \/>\n\t<meta property=\"og:image:type\" content=\"image\/jpeg\" \/>\n<meta name=\"twitter:card\" content=\"summary_large_image\" \/>\n<meta name=\"twitter:label1\" content=\"Tempo di lettura stimato\" \/>\n\t<meta name=\"twitter:data1\" content=\"1 minuto\" \/>\n<!-- \/ Yoast SEO plugin. -->","yoast_head_json":{"title":"Buy LSD 180ug Hofmann Blotters Online @ Best Price | CW","description":"Buy lsd 180ug hofmann blotters online from our psychedelic drugstore. We provide high quality, pure and lab-tested lsd 180ug hofmann blotters for sale. Shop now and get the best prices.","robots":{"index":"index","follow":"follow","max-snippet":"max-snippet:-1","max-image-preview":"max-image-preview:large","max-video-preview":"max-video-preview:-1"},"canonical":"https:\/\/chemswell.com\/it\/prodotto\/lsd-180ug-hofmann-blotters\/","og_locale":"it_IT","og_type":"article","og_title":"Buy LSD 180ug Hofmann Blotters Online @ Best Price | CW","og_description":"Buy lsd 180ug hofmann blotters online from our psychedelic drugstore. We provide high quality, pure and lab-tested lsd 180ug hofmann blotters for sale. Shop now and get the best prices.","og_url":"https:\/\/chemswell.com\/it\/prodotto\/lsd-180ug-hofmann-blotters\/","og_site_name":"Chemswell","article_modified_time":"2025-01-08T07:44:04+00:00","og_image":[{"width":600,"height":600,"url":"https:\/\/chemswell.com\/wp-content\/uploads\/2023\/06\/LSD-180ug-Hofmann-Blotters.jpg","type":"image\/jpeg"}],"twitter_card":"summary_large_image","twitter_misc":{"Tempo di lettura stimato":"1 minuto"},"schema":{"@context":"https:\/\/schema.org","@graph":[{"@type":"WebPage","@id":"https:\/\/chemswell.com\/product\/lsd-180ug-hofmann-blotters\/","url":"https:\/\/chemswell.com\/product\/lsd-180ug-hofmann-blotters\/","name":"Buy LSD 180ug Hofmann Blotters Online @ Best Price | CW","isPartOf":{"@id":"https:\/\/chemswell.com\/it\/#website"},"primaryImageOfPage":{"@id":"https:\/\/chemswell.com\/product\/lsd-180ug-hofmann-blotters\/#primaryimage"},"image":{"@id":"https:\/\/chemswell.com\/product\/lsd-180ug-hofmann-blotters\/#primaryimage"},"thumbnailUrl":"https:\/\/chemswell.com\/wp-content\/uploads\/2023\/06\/LSD-180ug-Hofmann-Blotters.jpg","datePublished":"2023-06-01T10:37:06+00:00","dateModified":"2025-01-08T07:44:04+00:00","description":"Buy lsd 180ug hofmann blotters online from our psychedelic drugstore. We provide high quality, pure and lab-tested lsd 180ug hofmann blotters for sale. Shop now and get the best prices.","breadcrumb":{"@id":"https:\/\/chemswell.com\/product\/lsd-180ug-hofmann-blotters\/#breadcrumb"},"inLanguage":"it-IT","potentialAction":[{"@type":"ReadAction","target":["https:\/\/chemswell.com\/product\/lsd-180ug-hofmann-blotters\/"]}]},{"@type":"ImageObject","inLanguage":"it-IT","@id":"https:\/\/chemswell.com\/product\/lsd-180ug-hofmann-blotters\/#primaryimage","url":"https:\/\/chemswell.com\/wp-content\/uploads\/2023\/06\/LSD-180ug-Hofmann-Blotters.jpg","contentUrl":"https:\/\/chemswell.com\/wp-content\/uploads\/2023\/06\/LSD-180ug-Hofmann-Blotters.jpg","width":600,"height":600,"caption":"LSD-180ug-Hofmann-Blotters"},{"@type":"BreadcrumbList","@id":"https:\/\/chemswell.com\/product\/lsd-180ug-hofmann-blotters\/#breadcrumb","itemListElement":[{"@type":"ListItem","position":1,"name":"Home","item":"https:\/\/chemswell.com\/ru\/"},{"@type":"ListItem","position":2,"name":"Shop","item":"https:\/\/chemswell.com\/ru\/%d0%bc%d0%b0%d0%b3%d0%b0%d0%b7%d0%b8%d0%bd\/"},{"@type":"ListItem","position":3,"name":"LSD 180ug Hofmann Blotters"}]},{"@type":"WebSite","@id":"https:\/\/chemswell.com\/it\/#website","url":"https:\/\/chemswell.com\/it\/","name":"Chemswell","description":"#1 Research Chemical Store","potentialAction":[{"@type":"SearchAction","target":{"@type":"EntryPoint","urlTemplate":"https:\/\/chemswell.com\/it\/?s={search_term_string}"},"query-input":"required name=search_term_string"}],"inLanguage":"it-IT"}]}},"_links":{"self":[{"href":"https:\/\/chemswell.com\/it\/wp-json\/wp\/v2\/product\/10228"}],"collection":[{"href":"https:\/\/chemswell.com\/it\/wp-json\/wp\/v2\/product"}],"about":[{"href":"https:\/\/chemswell.com\/it\/wp-json\/wp\/v2\/types\/product"}],"replies":[{"embeddable":true,"href":"https:\/\/chemswell.com\/it\/wp-json\/wp\/v2\/comments?post=10228"}],"wp:featuredmedia":[{"embeddable":true,"href":"https:\/\/chemswell.com\/it\/wp-json\/wp\/v2\/media\/10260"}],"wp:attachment":[{"href":"https:\/\/chemswell.com\/it\/wp-json\/wp\/v2\/media?parent=10228"}],"wp:term":[{"taxonomy":"product_cat","embeddable":true,"href":"https:\/\/chemswell.com\/it\/wp-json\/wp\/v2\/product_cat?post=10228"},{"taxonomy":"product_tag","embeddable":true,"href":"https:\/\/chemswell.com\/it\/wp-json\/wp\/v2\/product_tag?post=10228"}],"curies":[{"name":"wp","href":"https:\/\/api.w.org\/{rel}","templated":true}]}}