{"id":10284,"date":"2023-06-02T09:09:49","date_gmt":"2023-06-02T09:09:49","guid":{"rendered":"https:\/\/chemswell.com\/?post_type=product&#038;p=10284"},"modified":"2026-03-05T10:29:59","modified_gmt":"2026-03-05T10:29:59","slug":"buy-liberty-caps-mushrooms-online","status":"publish","type":"product","link":"https:\/\/chemswell.com\/it\/prodotto\/acquistare-online-i-funghi-liberty-caps\/","title":{"rendered":"Acquista online i funghi Liberty Caps"},"content":{"rendered":"<h2><strong>Acquistare online i cappucci liberty<\/strong><\/h2>\n<p><a href=\"https:\/\/chemswell.com\/it\/prodotto\/acquistare-online-i-funghi-liberty-caps\/\"><strong>Cappellini Liberty<\/strong><\/a>\u00a0\u00e8 un fungo psichedelico che contiene le sostanze psicoattive e le<\/p>\n<p>composti della psilocibina.<\/p>\n<p>La forma varia da nettamente conica a campanulata.<\/p>\n<p>Quando il cappello \u00e8 secco, diventa molto pi\u00f9 pallido, di colore giallo-marrone chiaro. Viene anche chiamato \"magic mushies\". <a href=\"https:\/\/chemswell.com\/it\/\">Chemswell<\/a><\/p>\n<p>Il Liberty caps \u00e8 un fungo magico con lunga potenza ed effetti di trip - vendita funghi magici<\/p>\n<p>Comprare i tappi Liberty - Imparare a essiccare i tappi Liberty - Come trovare i tappi Liberty - Comprare il fungo magico<\/p>\n<h3><strong>Cosa sono i funghi LIBERTY CAPS?<\/strong><\/h3>\n<p>La magia <a href=\"https:\/\/en.wikipedia.org\/wiki\/Mushroom\">fungo<\/a> La specie di fungo magico nota come Psilocybe semilanceata, comunemente chiamata liberty caps, contiene gli allucinogeni psilocibina e psilocina.<\/p>\n<p>Sono i funghi magici pi\u00f9 conosciuti, potenti e ampiamente accessibili al mondo. Scoprite dove trovare i cappucci liberty, come essiccarli e dove acquistare i funghi magici.<\/p>\n<p>Liberty Caps, Blue Leg, Meditationspilz, Magic Mushrooms, Narrenschwamm, Paddlestool, Pixie Caps, Psilo, Schwammerl, Shrooms, Witch Cap e Zwergenhut sono alcuni dei nomi comuni della Psilocybe semilanceata.<\/p>\n<p>Il punto migliore per acquistare i funghi magici \u00e8 durante l'escursione con i cappucci liberty, dove si possono acquistare anche i cappucci liberty.<\/p>\n<h3><strong>USO DEI CAPI LIBERTY Funghi<\/strong><\/h3>\n<p>Per ottenere risultati ottimali, \u00e8 necessario assumere le capsule Liberty a stomaco vuoto.<\/p>\n<p>I funghi magici possono essere masticati e poi ingeriti.<\/p>\n<p>Il corpo assorbe le sostanze chimiche psicoattive in modo pi\u00f9 efficace quanto pi\u00f9 a lungo si mastica. Purtroppo, il sapore non \u00e8 molto buono. Acquisto di funghi magici - Dove trovare i tappi liberty?<\/p>\n<p>Per questo motivo, anche la preparazione del t\u00e8 ai funghi \u00e8 un'opzione. Acquistare i tappi Liberty nel Regno Unito<\/p>\n<p>Vanno divisi in piccoli pezzi e messi a bagno in acqua bollente.<\/p>\n<p>La psilocibina viene distrutta se l'acqua bolle, quindi bisogna evitarlo. Per permettere al t\u00e8 di macerare il pi\u00f9 delicatamente possibile, si pu\u00f2 mettere la teiera su un piatto caldo.<\/p>\n<p>Consumare il t\u00e8 insieme ai frammenti di fungo magico.<\/p>\n<p>La psilocibina a base di acqua contenuta nel t\u00e8 ai funghi pu\u00f2 essere trasformata in psilocina aggiungendo una quantit\u00e0 sufficiente di succo di limone. Acquistare Liberty Caps nel Regno Unito<\/p>\n<p>Come gi\u00e0 detto, \u00e8 la psilocina a provocare l'effetto psichedelico.<\/p>\n<p>Pertanto, il succo di limone garantisce un inizio pi\u00f9 rapido del viaggio.<\/p>\n<p>Avrete anche meno mal di stomaco come bonus. Acquistate i funghi magici e i cappucci liberty.<\/p>\n<p>Ricerche correlate Ordinare i cappucci Liberty online, acquistare funghi, acquistare psilocibina online, acquistare kit di funghi psilocibinici e acquistare psilocybe semilanceata.<\/p>","protected":false},"excerpt":{"rendered":"<p>Comprare liberty caps online Liberty Caps \u00e8 un fungo psichedelico che contiene i composti psicoattivi e la psilocibina. La forma varia da quella nettamente conica<\/p>","protected":false},"featured_media":10320,"comment_status":"closed","ping_status":"closed","template":"","meta":{"_joinchat":[]},"product_cat":[1259],"product_tag":[2456,2446,1522,2438,2437,2441,2440,2448,2439,2449,2451,2458,2459,2457,2454,2453,2450,2445,2443,2455,2452,1530,2444,2447,2442],"yoast_head":"<!-- This site is optimized with the Yoast SEO plugin v23.0 - https:\/\/yoast.com\/wordpress\/plugins\/seo\/ -->\n<title>Buy Liberty Caps Mushrooms Online at Best Price | CW<\/title>\n<meta name=\"description\" content=\"Get the highest quality liberty caps mushrooms for sale available online at best price. Our liberty caps mushrooms is lab tested and certified for purity, potency, and quality. Buy now!\" \/>\n<meta name=\"robots\" content=\"index, follow, max-snippet:-1, max-image-preview:large, max-video-preview:-1\" \/>\n<link rel=\"canonical\" href=\"https:\/\/chemswell.com\/it\/prodotto\/acquistare-online-i-funghi-liberty-caps\/\" \/>\n<meta property=\"og:locale\" content=\"it_IT\" \/>\n<meta property=\"og:type\" content=\"article\" \/>\n<meta property=\"og:title\" content=\"Buy Liberty Caps Mushrooms Online at Best Price | CW\" \/>\n<meta property=\"og:description\" content=\"Get the highest quality liberty caps mushrooms for sale available online at best price. Our liberty caps mushrooms is lab tested and certified for purity, potency, and quality. Buy now!\" \/>\n<meta property=\"og:url\" content=\"https:\/\/chemswell.com\/it\/prodotto\/acquistare-online-i-funghi-liberty-caps\/\" \/>\n<meta property=\"og:site_name\" content=\"Chemswell\" \/>\n<meta property=\"article:modified_time\" content=\"2026-03-05T10:29:59+00:00\" \/>\n<meta property=\"og:image\" content=\"https:\/\/chemswell.com\/wp-content\/uploads\/2023\/06\/Liberty-Caps-Mushrooms-.jpg\" \/>\n\t<meta property=\"og:image:width\" content=\"714\" \/>\n\t<meta property=\"og:image:height\" content=\"951\" \/>\n\t<meta property=\"og:image:type\" content=\"image\/jpeg\" \/>\n<meta name=\"twitter:card\" content=\"summary_large_image\" \/>\n<meta name=\"twitter:label1\" content=\"Tempo di lettura stimato\" \/>\n\t<meta name=\"twitter:data1\" content=\"2 minuti\" \/>\n<!-- \/ Yoast SEO plugin. -->","yoast_head_json":{"title":"Buy Liberty Caps Mushrooms Online at Best Price | CW","description":"Get the highest quality liberty caps mushrooms for sale available online at best price. Our liberty caps mushrooms is lab tested and certified for purity, potency, and quality. Buy now!","robots":{"index":"index","follow":"follow","max-snippet":"max-snippet:-1","max-image-preview":"max-image-preview:large","max-video-preview":"max-video-preview:-1"},"canonical":"https:\/\/chemswell.com\/it\/prodotto\/acquistare-online-i-funghi-liberty-caps\/","og_locale":"it_IT","og_type":"article","og_title":"Buy Liberty Caps Mushrooms Online at Best Price | CW","og_description":"Get the highest quality liberty caps mushrooms for sale available online at best price. Our liberty caps mushrooms is lab tested and certified for purity, potency, and quality. Buy now!","og_url":"https:\/\/chemswell.com\/it\/prodotto\/acquistare-online-i-funghi-liberty-caps\/","og_site_name":"Chemswell","article_modified_time":"2026-03-05T10:29:59+00:00","og_image":[{"width":714,"height":951,"url":"https:\/\/chemswell.com\/wp-content\/uploads\/2023\/06\/Liberty-Caps-Mushrooms-.jpg","type":"image\/jpeg"}],"twitter_card":"summary_large_image","twitter_misc":{"Tempo di lettura stimato":"2 minuti"},"schema":{"@context":"https:\/\/schema.org","@graph":[{"@type":"WebPage","@id":"https:\/\/chemswell.com\/product\/buy-liberty-caps-mushrooms-online\/","url":"https:\/\/chemswell.com\/product\/buy-liberty-caps-mushrooms-online\/","name":"Buy Liberty Caps Mushrooms Online at Best Price | CW","isPartOf":{"@id":"https:\/\/chemswell.com\/it\/#website"},"primaryImageOfPage":{"@id":"https:\/\/chemswell.com\/product\/buy-liberty-caps-mushrooms-online\/#primaryimage"},"image":{"@id":"https:\/\/chemswell.com\/product\/buy-liberty-caps-mushrooms-online\/#primaryimage"},"thumbnailUrl":"https:\/\/chemswell.com\/wp-content\/uploads\/2023\/06\/Liberty-Caps-Mushrooms-.jpg","datePublished":"2023-06-02T09:09:49+00:00","dateModified":"2026-03-05T10:29:59+00:00","description":"Get the highest quality liberty caps mushrooms for sale available online at best price. Our liberty caps mushrooms is lab tested and certified for purity, potency, and quality. Buy now!","breadcrumb":{"@id":"https:\/\/chemswell.com\/product\/buy-liberty-caps-mushrooms-online\/#breadcrumb"},"inLanguage":"it-IT","potentialAction":[{"@type":"ReadAction","target":["https:\/\/chemswell.com\/product\/buy-liberty-caps-mushrooms-online\/"]}]},{"@type":"ImageObject","inLanguage":"it-IT","@id":"https:\/\/chemswell.com\/product\/buy-liberty-caps-mushrooms-online\/#primaryimage","url":"https:\/\/chemswell.com\/wp-content\/uploads\/2023\/06\/Liberty-Caps-Mushrooms-.jpg","contentUrl":"https:\/\/chemswell.com\/wp-content\/uploads\/2023\/06\/Liberty-Caps-Mushrooms-.jpg","width":714,"height":951,"caption":"Liberty-Caps-Mushrooms-"},{"@type":"BreadcrumbList","@id":"https:\/\/chemswell.com\/product\/buy-liberty-caps-mushrooms-online\/#breadcrumb","itemListElement":[{"@type":"ListItem","position":1,"name":"Home","item":"https:\/\/chemswell.com\/ru\/"},{"@type":"ListItem","position":2,"name":"Shop","item":"https:\/\/chemswell.com\/ru\/%d0%bc%d0%b0%d0%b3%d0%b0%d0%b7%d0%b8%d0%bd\/"},{"@type":"ListItem","position":3,"name":"Buy Liberty Caps Mushrooms Online"}]},{"@type":"WebSite","@id":"https:\/\/chemswell.com\/it\/#website","url":"https:\/\/chemswell.com\/it\/","name":"Chemswell","description":"#1 Research Chemical Store","potentialAction":[{"@type":"SearchAction","target":{"@type":"EntryPoint","urlTemplate":"https:\/\/chemswell.com\/it\/?s={search_term_string}"},"query-input":"required name=search_term_string"}],"inLanguage":"it-IT"}]}},"_links":{"self":[{"href":"https:\/\/chemswell.com\/it\/wp-json\/wp\/v2\/product\/10284"}],"collection":[{"href":"https:\/\/chemswell.com\/it\/wp-json\/wp\/v2\/product"}],"about":[{"href":"https:\/\/chemswell.com\/it\/wp-json\/wp\/v2\/types\/product"}],"replies":[{"embeddable":true,"href":"https:\/\/chemswell.com\/it\/wp-json\/wp\/v2\/comments?post=10284"}],"wp:featuredmedia":[{"embeddable":true,"href":"https:\/\/chemswell.com\/it\/wp-json\/wp\/v2\/media\/10320"}],"wp:attachment":[{"href":"https:\/\/chemswell.com\/it\/wp-json\/wp\/v2\/media?parent=10284"}],"wp:term":[{"taxonomy":"product_cat","embeddable":true,"href":"https:\/\/chemswell.com\/it\/wp-json\/wp\/v2\/product_cat?post=10284"},{"taxonomy":"product_tag","embeddable":true,"href":"https:\/\/chemswell.com\/it\/wp-json\/wp\/v2\/product_tag?post=10284"}],"curies":[{"name":"wp","href":"https:\/\/api.w.org\/{rel}","templated":true}]}}