{"id":10360,"date":"2023-06-02T10:07:17","date_gmt":"2023-06-02T10:07:17","guid":{"rendered":"https:\/\/chemswell.com\/?post_type=product&#038;p=10360"},"modified":"2025-01-08T07:31:08","modified_gmt":"2025-01-08T07:31:08","slug":"pink-instagram-xtc-pills","status":"publish","type":"product","link":"https:\/\/chemswell.com\/it\/prodotto\/pillole-rosa-instagram-xtc\/","title":{"rendered":"PILLOLE ROSA DI INSTAGRAM XTC"},"content":{"rendered":"<h2>Acquista le pillole Pink Instagram XTC<\/h2>\n<p>Metilendiossimetamfetamina (<a href=\"https:\/\/en.wikipedia.org\/wiki\/MDMA\">MDMA<\/a>) \u00e8 un narcotico che viene chiamato Ecstasy, Acquista <a href=\"https:\/\/chemswell.com\/it\/prodotto\/pillole-rosa-instagram-xtc\/\">Pillole rosa Instagram XTC<\/a>. \u00c8 una specie di stimolante che ha anche effetti psichedelici. Una persona pu\u00f2 sentirsi pi\u00f9 sveglia, vigile, sicura di s\u00e9 o energica dopo aver usato farmaci stimolanti perch\u00e9 accelerano i messaggi che vanno tra il cervello e il corpo. Anche se l'estasi \u00e8 occasionalmente indicato come un allucinogeno moderato, \u00e8 estremamente raro che qualcuno abbia allucinazioni durante l'uso del farmaco. Pink Instagram XTC Pills Online<\/p>\n<h3>Acquista pillole Pink Instagram XTC \u2013 Pillole Pink Instagram XTC<\/h3>\n<p>Dipendenza, problemi di memoria, paranoia, disturbi del sonno, digrignamento dei denti, visione offuscata, sudorazione e battito cardiaco accelerato sono alcuni degli effetti negativi. Acquista Pink Instagram XTC Tablets, la disidratazione e la temperatura corporea elevata sono state entrambe collegate alla morte.[14] Le persone spesso sperimentano stanchezza e depressione dopo l'uso. L'MDMA colpisce principalmente alcune aree del cervello aumentando l'attivit\u00e0 dei neurotrasmettitori serotonina, dopamina e noradrenalina. Appartiene alla sottoclasse di medicinali noti come anfetamine sostitutive e ha propriet\u00e0 stimolanti e allucinogene. <a href=\"https:\/\/chemswell.com\/it\/\">Chemswell<\/a><\/p>\n<h3>Pillole rosa Instagram XTC online<\/h3>\n<p>Merck ha inventato l'MDMA nel 1912 per la prima volta. Acquista Pink Instagram XTC Tablets, a partire dagli anni '70, \u00e8 stato utilizzato per migliorare la psicoterapia e negli anni '80 ha guadagnato popolarit\u00e0 come droga di strada. La musica dance elettronica, i rave e le feste da ballo sono spesso collegati all'MDMA. Viene spesso offerto in combinazione con altri farmaci come l'efedrina, l'anfetamina e la metanfetamina. Lo 0,3% della popolazione mondiale, ovvero 21 milioni di persone di et\u00e0 compresa tra 15 e 64 anni, ha fatto uso di ecstasy nel 2016. Questo dato era inferiore a quello della cannabis o degli oppioidi, ma quasi paragonabile alla percentuale di consumatori di cocaina o anfetamine. Nel 2017, rispettivamente lo 0,9% degli americani e il 7% delle persone negli Stati Uniti avevano utilizzato l'MDMA.<\/p>","protected":false},"excerpt":{"rendered":"<p>La metilendiossimetanfetamina (MDMA) \u00e8 un narcotico che prende il nome di Ecstasy, ovvero l'ecstasy.<\/p>","protected":false},"featured_media":10366,"comment_status":"closed","ping_status":"closed","template":"","meta":{"_joinchat":[]},"product_cat":[1260],"product_tag":[2203,2193,1522,2185,2200,2197,2192,2190,2184,2187,2195,2186,2188,2196,2198,2205,2206,2204,2201,2202,2199,1530,2191,2194,2189],"yoast_head":"<!-- This site is optimized with the Yoast SEO plugin v23.0 - https:\/\/yoast.com\/wordpress\/plugins\/seo\/ -->\n<title>Buy Pink Instagram XTC Pills Online at Best Price | Chemswell<\/title>\n<meta name=\"description\" content=\"Buy pink instagram xtc pills online at the best prices from a leading store chemswell. We offer pink instagram xtc pills for sale with safe and secure shipping with fast delivery. Order Now!\" \/>\n<meta name=\"robots\" content=\"index, follow, max-snippet:-1, max-image-preview:large, max-video-preview:-1\" \/>\n<link rel=\"canonical\" href=\"https:\/\/chemswell.com\/it\/prodotto\/pillole-rosa-instagram-xtc\/\" \/>\n<meta property=\"og:locale\" content=\"it_IT\" \/>\n<meta property=\"og:type\" content=\"article\" \/>\n<meta property=\"og:title\" content=\"Buy Pink Instagram XTC Pills Online at Best Price | Chemswell\" \/>\n<meta property=\"og:description\" content=\"Buy pink instagram xtc pills online at the best prices from a leading store chemswell. We offer pink instagram xtc pills for sale with safe and secure shipping with fast delivery. Order Now!\" \/>\n<meta property=\"og:url\" content=\"https:\/\/chemswell.com\/it\/prodotto\/pillole-rosa-instagram-xtc\/\" \/>\n<meta property=\"og:site_name\" content=\"Chemswell\" \/>\n<meta property=\"article:modified_time\" content=\"2025-01-08T07:31:08+00:00\" \/>\n<meta property=\"og:image\" content=\"https:\/\/chemswell.com\/wp-content\/uploads\/2023\/06\/Pink-Instagram-XTC-Pills-768x1510-1.jpg\" \/>\n\t<meta property=\"og:image:width\" content=\"768\" \/>\n\t<meta property=\"og:image:height\" content=\"1510\" \/>\n\t<meta property=\"og:image:type\" content=\"image\/jpeg\" \/>\n<meta name=\"twitter:card\" content=\"summary_large_image\" \/>\n<meta name=\"twitter:label1\" content=\"Tempo di lettura stimato\" \/>\n\t<meta name=\"twitter:data1\" content=\"2 minuti\" \/>\n<!-- \/ Yoast SEO plugin. -->","yoast_head_json":{"title":"Buy Pink Instagram XTC Pills Online at Best Price | Chemswell","description":"Buy pink instagram xtc pills online at the best prices from a leading store chemswell. We offer pink instagram xtc pills for sale with safe and secure shipping with fast delivery. Order Now!","robots":{"index":"index","follow":"follow","max-snippet":"max-snippet:-1","max-image-preview":"max-image-preview:large","max-video-preview":"max-video-preview:-1"},"canonical":"https:\/\/chemswell.com\/it\/prodotto\/pillole-rosa-instagram-xtc\/","og_locale":"it_IT","og_type":"article","og_title":"Buy Pink Instagram XTC Pills Online at Best Price | Chemswell","og_description":"Buy pink instagram xtc pills online at the best prices from a leading store chemswell. We offer pink instagram xtc pills for sale with safe and secure shipping with fast delivery. Order Now!","og_url":"https:\/\/chemswell.com\/it\/prodotto\/pillole-rosa-instagram-xtc\/","og_site_name":"Chemswell","article_modified_time":"2025-01-08T07:31:08+00:00","og_image":[{"width":768,"height":1510,"url":"https:\/\/chemswell.com\/wp-content\/uploads\/2023\/06\/Pink-Instagram-XTC-Pills-768x1510-1.jpg","type":"image\/jpeg"}],"twitter_card":"summary_large_image","twitter_misc":{"Tempo di lettura stimato":"2 minuti"},"schema":{"@context":"https:\/\/schema.org","@graph":[{"@type":"WebPage","@id":"https:\/\/chemswell.com\/product\/pink-instagram-xtc-pills\/","url":"https:\/\/chemswell.com\/product\/pink-instagram-xtc-pills\/","name":"Buy Pink Instagram XTC Pills Online at Best Price | Chemswell","isPartOf":{"@id":"https:\/\/chemswell.com\/it\/#website"},"primaryImageOfPage":{"@id":"https:\/\/chemswell.com\/product\/pink-instagram-xtc-pills\/#primaryimage"},"image":{"@id":"https:\/\/chemswell.com\/product\/pink-instagram-xtc-pills\/#primaryimage"},"thumbnailUrl":"https:\/\/chemswell.com\/wp-content\/uploads\/2023\/06\/Pink-Instagram-XTC-Pills-768x1510-1.jpg","datePublished":"2023-06-02T10:07:17+00:00","dateModified":"2025-01-08T07:31:08+00:00","description":"Buy pink instagram xtc pills online at the best prices from a leading store chemswell. We offer pink instagram xtc pills for sale with safe and secure shipping with fast delivery. Order Now!","breadcrumb":{"@id":"https:\/\/chemswell.com\/product\/pink-instagram-xtc-pills\/#breadcrumb"},"inLanguage":"it-IT","potentialAction":[{"@type":"ReadAction","target":["https:\/\/chemswell.com\/product\/pink-instagram-xtc-pills\/"]}]},{"@type":"ImageObject","inLanguage":"it-IT","@id":"https:\/\/chemswell.com\/product\/pink-instagram-xtc-pills\/#primaryimage","url":"https:\/\/chemswell.com\/wp-content\/uploads\/2023\/06\/Pink-Instagram-XTC-Pills-768x1510-1.jpg","contentUrl":"https:\/\/chemswell.com\/wp-content\/uploads\/2023\/06\/Pink-Instagram-XTC-Pills-768x1510-1.jpg","width":768,"height":1510,"caption":"Pink-XTC-Pills-768x1510"},{"@type":"BreadcrumbList","@id":"https:\/\/chemswell.com\/product\/pink-instagram-xtc-pills\/#breadcrumb","itemListElement":[{"@type":"ListItem","position":1,"name":"Home","item":"https:\/\/chemswell.com\/ru\/"},{"@type":"ListItem","position":2,"name":"Shop","item":"https:\/\/chemswell.com\/ru\/%d0%bc%d0%b0%d0%b3%d0%b0%d0%b7%d0%b8%d0%bd\/"},{"@type":"ListItem","position":3,"name":"PINK INSTAGRAM XTC PILLS"}]},{"@type":"WebSite","@id":"https:\/\/chemswell.com\/it\/#website","url":"https:\/\/chemswell.com\/it\/","name":"Chemswell","description":"#1 Research Chemical Store","potentialAction":[{"@type":"SearchAction","target":{"@type":"EntryPoint","urlTemplate":"https:\/\/chemswell.com\/it\/?s={search_term_string}"},"query-input":"required name=search_term_string"}],"inLanguage":"it-IT"}]}},"_links":{"self":[{"href":"https:\/\/chemswell.com\/it\/wp-json\/wp\/v2\/product\/10360"}],"collection":[{"href":"https:\/\/chemswell.com\/it\/wp-json\/wp\/v2\/product"}],"about":[{"href":"https:\/\/chemswell.com\/it\/wp-json\/wp\/v2\/types\/product"}],"replies":[{"embeddable":true,"href":"https:\/\/chemswell.com\/it\/wp-json\/wp\/v2\/comments?post=10360"}],"wp:featuredmedia":[{"embeddable":true,"href":"https:\/\/chemswell.com\/it\/wp-json\/wp\/v2\/media\/10366"}],"wp:attachment":[{"href":"https:\/\/chemswell.com\/it\/wp-json\/wp\/v2\/media?parent=10360"}],"wp:term":[{"taxonomy":"product_cat","embeddable":true,"href":"https:\/\/chemswell.com\/it\/wp-json\/wp\/v2\/product_cat?post=10360"},{"taxonomy":"product_tag","embeddable":true,"href":"https:\/\/chemswell.com\/it\/wp-json\/wp\/v2\/product_tag?post=10360"}],"curies":[{"name":"wp","href":"https:\/\/api.w.org\/{rel}","templated":true}]}}