{"id":10405,"date":"2023-06-02T10:28:17","date_gmt":"2023-06-02T10:28:17","guid":{"rendered":"https:\/\/chemswell.com\/?post_type=product&#038;p=10405"},"modified":"2025-09-17T06:52:13","modified_gmt":"2025-09-17T06:52:13","slug":"buy-ecstacy-yellow-illuminati-pills-2","status":"publish","type":"product","link":"https:\/\/chemswell.com\/it\/prodotto\/comprare-ecstacy-pillole-gialle-illuminati-2\/","title":{"rendered":"Acquista le pillole Ecstacy Yellow illuminati"},"content":{"rendered":"<p><strong>Pressato molto rigorosamente, senza polvere o briciole!<\/strong><\/p>\n<p><strong>Pillole molto forti con un dolce profumo!<\/strong><\/p>\n<h2><strong>Capsula Molly da 180 mg (MDMA puro).<\/strong><\/h2>\n<p>I gruppi di farmaci fenetilammina e anfetamina includono <a href=\"https:\/\/chemswell.com\/it\/prodotto\/comprare-ecstacy-pillole-gialle-illuminati-2\/\">Acquista le pillole Ecstacy Yellow illuminati<\/a> Molly (MDMA pura), una sostanza empatogena. Il nome \"<a href=\"https:\/\/en.wikipedia.org\/wiki\/Ecstasy\">estasi<\/a>\" \u00e8 diventato ampiamente utilizzato per descrivere l'MDMA e si riferisce in genere alla sua forma da strada, sebbene possa anche alludere alla presenza di potenziali adulteranti. <a href=\"https:\/\/chemswell.com\/it\/\">Chemswell<\/a><\/p>\n<h3>Acquista le capsule molly online (Pure MDMA 160mg)<\/h3>\n<p>Le capsule di Molly sono un farmaco ADD\/ADHD. I dettagli e le pillole molly associate sono visibili qui.<\/p>\n<p>L'ADHD (Attention Deficit Hyperactivity Disorder) \u00e8 una condizione caratterizzata da difficolt\u00e0 di attenzione, iperattivit\u00e0, controllo del comportamento o una combinazione di questi. Questi problemi devono essere anormali per l'et\u00e0 e lo stadio di sviluppo di una persona affinch\u00e9 venga diagnosticata l'ADHD.<\/p>\n<p>Desideri la medicina ADD \/ ADHD. Qui \u00e8 dove puoi ottenere le capsule molly online.<\/p>\n<p>Prezzi economici sulle pillole di MDMA (molly). C'\u00e8 anche un'opzione compra di pi\u00f9, paga meno sconto.<\/p>\n<h3>Pillole XTC disponibili per l'acquisto (online).<\/h3>\n<p>Una delle condizioni infantili pi\u00f9 diffuse, il disturbo da deficit di attenzione e iperattivit\u00e0 (ADHD) pu\u00f2 persistere durante l'adolescenza e l'et\u00e0 adulta. L'iperattivit\u00e0 (attivit\u00e0 eccessiva) e il comportamento di gestione dei problemi sono alcuni dei sintomi di questa condizione.<\/p>\n<p>Le compresse per ADD (Attention Deficit Disorder) e ADHD (Attention Deficit Hyperactivity Disorder) sono disponibili online senza prescrizione medica.<\/p>","protected":false},"excerpt":{"rendered":"<p>Molto rigorosamente pressato, senza polvere o briciole! Pillole molto forti con un odore dolce! Capsula da 180 mg di Molly (MDMA pura) La fenetilammina e il<\/p>","protected":false},"featured_media":10435,"comment_status":"closed","ping_status":"closed","template":"","meta":{"_joinchat":[]},"product_cat":[1260],"product_tag":[2042,2032,1522,2024,2023,2027,2026,2034,2025,2035,2037,2044,2045,2043,2040,2039,2036,2031,2029,2041,2038,1530,2030,2033,2028],"yoast_head":"<!-- This site is optimized with the Yoast SEO plugin v23.0 - https:\/\/yoast.com\/wordpress\/plugins\/seo\/ -->\n<title>Buy Ecstacy Yellow Illuminati Pills Online | Chemswell<\/title>\n<meta name=\"description\" content=\"Buy the highest quality ecstacy yellow illuminati pills online at great prices. Our selection of ecstacy yellow illuminati pills for sale products is carefully curated.\" \/>\n<meta name=\"robots\" content=\"index, follow, max-snippet:-1, max-image-preview:large, max-video-preview:-1\" \/>\n<link rel=\"canonical\" href=\"https:\/\/chemswell.com\/it\/prodotto\/comprare-ecstacy-pillole-gialle-illuminati-2\/\" \/>\n<meta property=\"og:locale\" content=\"it_IT\" \/>\n<meta property=\"og:type\" content=\"article\" \/>\n<meta property=\"og:title\" content=\"Buy Ecstacy Yellow Illuminati Pills Online | Chemswell\" \/>\n<meta property=\"og:description\" content=\"Buy the highest quality ecstacy yellow illuminati pills online at great prices. Our selection of ecstacy yellow illuminati pills for sale products is carefully curated.\" \/>\n<meta property=\"og:url\" content=\"https:\/\/chemswell.com\/it\/prodotto\/comprare-ecstacy-pillole-gialle-illuminati-2\/\" \/>\n<meta property=\"og:site_name\" content=\"Chemswell\" \/>\n<meta property=\"article:modified_time\" content=\"2025-09-17T06:52:13+00:00\" \/>\n<meta property=\"og:image\" content=\"https:\/\/chemswell.com\/wp-content\/uploads\/2023\/06\/ecstasy-150x150-1.jpg\" \/>\n\t<meta property=\"og:image:width\" content=\"150\" \/>\n\t<meta property=\"og:image:height\" content=\"150\" \/>\n\t<meta property=\"og:image:type\" content=\"image\/jpeg\" \/>\n<meta name=\"twitter:card\" content=\"summary_large_image\" \/>\n<meta name=\"twitter:label1\" content=\"Tempo di lettura stimato\" \/>\n\t<meta name=\"twitter:data1\" content=\"2 minuti\" \/>\n<!-- \/ Yoast SEO plugin. -->","yoast_head_json":{"title":"Buy Ecstacy Yellow Illuminati Pills Online | Chemswell","description":"Buy the highest quality ecstacy yellow illuminati pills online at great prices. Our selection of ecstacy yellow illuminati pills for sale products is carefully curated.","robots":{"index":"index","follow":"follow","max-snippet":"max-snippet:-1","max-image-preview":"max-image-preview:large","max-video-preview":"max-video-preview:-1"},"canonical":"https:\/\/chemswell.com\/it\/prodotto\/comprare-ecstacy-pillole-gialle-illuminati-2\/","og_locale":"it_IT","og_type":"article","og_title":"Buy Ecstacy Yellow Illuminati Pills Online | Chemswell","og_description":"Buy the highest quality ecstacy yellow illuminati pills online at great prices. Our selection of ecstacy yellow illuminati pills for sale products is carefully curated.","og_url":"https:\/\/chemswell.com\/it\/prodotto\/comprare-ecstacy-pillole-gialle-illuminati-2\/","og_site_name":"Chemswell","article_modified_time":"2025-09-17T06:52:13+00:00","og_image":[{"width":150,"height":150,"url":"https:\/\/chemswell.com\/wp-content\/uploads\/2023\/06\/ecstasy-150x150-1.jpg","type":"image\/jpeg"}],"twitter_card":"summary_large_image","twitter_misc":{"Tempo di lettura stimato":"2 minuti"},"schema":{"@context":"https:\/\/schema.org","@graph":[{"@type":"WebPage","@id":"https:\/\/chemswell.com\/product\/buy-ecstacy-yellow-illuminati-pills-2\/","url":"https:\/\/chemswell.com\/product\/buy-ecstacy-yellow-illuminati-pills-2\/","name":"Buy Ecstacy Yellow Illuminati Pills Online | Chemswell","isPartOf":{"@id":"https:\/\/chemswell.com\/it\/#website"},"primaryImageOfPage":{"@id":"https:\/\/chemswell.com\/product\/buy-ecstacy-yellow-illuminati-pills-2\/#primaryimage"},"image":{"@id":"https:\/\/chemswell.com\/product\/buy-ecstacy-yellow-illuminati-pills-2\/#primaryimage"},"thumbnailUrl":"https:\/\/chemswell.com\/wp-content\/uploads\/2023\/06\/ecstasy-150x150-1.jpg","datePublished":"2023-06-02T10:28:17+00:00","dateModified":"2025-09-17T06:52:13+00:00","description":"Buy the highest quality ecstacy yellow illuminati pills online at great prices. Our selection of ecstacy yellow illuminati pills for sale products is carefully curated.","breadcrumb":{"@id":"https:\/\/chemswell.com\/product\/buy-ecstacy-yellow-illuminati-pills-2\/#breadcrumb"},"inLanguage":"it-IT","potentialAction":[{"@type":"ReadAction","target":["https:\/\/chemswell.com\/product\/buy-ecstacy-yellow-illuminati-pills-2\/"]}]},{"@type":"ImageObject","inLanguage":"it-IT","@id":"https:\/\/chemswell.com\/product\/buy-ecstacy-yellow-illuminati-pills-2\/#primaryimage","url":"https:\/\/chemswell.com\/wp-content\/uploads\/2023\/06\/ecstasy-150x150-1.jpg","contentUrl":"https:\/\/chemswell.com\/wp-content\/uploads\/2023\/06\/ecstasy-150x150-1.jpg","width":150,"height":150,"caption":"ecstasy-150x150-1"},{"@type":"BreadcrumbList","@id":"https:\/\/chemswell.com\/product\/buy-ecstacy-yellow-illuminati-pills-2\/#breadcrumb","itemListElement":[{"@type":"ListItem","position":1,"name":"Home","item":"https:\/\/chemswell.com\/ru\/"},{"@type":"ListItem","position":2,"name":"Shop","item":"https:\/\/chemswell.com\/ru\/%d0%bc%d0%b0%d0%b3%d0%b0%d0%b7%d0%b8%d0%bd\/"},{"@type":"ListItem","position":3,"name":"Buy Ecstacy Yellow illuminati Pills"}]},{"@type":"WebSite","@id":"https:\/\/chemswell.com\/it\/#website","url":"https:\/\/chemswell.com\/it\/","name":"Chemswell","description":"#1 Research Chemical Store","potentialAction":[{"@type":"SearchAction","target":{"@type":"EntryPoint","urlTemplate":"https:\/\/chemswell.com\/it\/?s={search_term_string}"},"query-input":"required name=search_term_string"}],"inLanguage":"it-IT"}]}},"_links":{"self":[{"href":"https:\/\/chemswell.com\/it\/wp-json\/wp\/v2\/product\/10405"}],"collection":[{"href":"https:\/\/chemswell.com\/it\/wp-json\/wp\/v2\/product"}],"about":[{"href":"https:\/\/chemswell.com\/it\/wp-json\/wp\/v2\/types\/product"}],"replies":[{"embeddable":true,"href":"https:\/\/chemswell.com\/it\/wp-json\/wp\/v2\/comments?post=10405"}],"wp:featuredmedia":[{"embeddable":true,"href":"https:\/\/chemswell.com\/it\/wp-json\/wp\/v2\/media\/10435"}],"wp:attachment":[{"href":"https:\/\/chemswell.com\/it\/wp-json\/wp\/v2\/media?parent=10405"}],"wp:term":[{"taxonomy":"product_cat","embeddable":true,"href":"https:\/\/chemswell.com\/it\/wp-json\/wp\/v2\/product_cat?post=10405"},{"taxonomy":"product_tag","embeddable":true,"href":"https:\/\/chemswell.com\/it\/wp-json\/wp\/v2\/product_tag?post=10405"}],"curies":[{"name":"wp","href":"https:\/\/api.w.org\/{rel}","templated":true}]}}