{"id":10407,"date":"2023-06-02T10:28:21","date_gmt":"2023-06-02T10:28:21","guid":{"rendered":"https:\/\/chemswell.com\/?post_type=product&#038;p=10407"},"modified":"2026-04-23T09:31:36","modified_gmt":"2026-04-23T09:31:36","slug":"buy-mdma-pills","status":"publish","type":"product","link":"https:\/\/chemswell.com\/it\/prodotto\/acquistare-pillole-di-mdma\/","title":{"rendered":"Acquista pillole di MDMA"},"content":{"rendered":"<h2><strong>Acquista pillole di ecstasy legittime online<\/strong><\/h2>\n<p>Le pillole di ecstasy, a volte chiamate <a href=\"https:\/\/chemswell.com\/it\/prodotto\/acquistare-pillole-di-mdma\/\">MDMA<\/a>, Malcolm X, e-bomb, involtini di uova e altri nomi di strade, sono droghe psicoattive che vengono generalmente utilizzate a scopo ricreativo. I risultati desiderati includono una maggiore vitalit\u00e0, empatia e piacere, nonch\u00e9 sentimenti alterati.<\/p>\n<p>Tutti questi effetti negativi vengono sperimentati da <a href=\"https:\/\/en.wikipedia.org\/wiki\/MDMA\">MDMA<\/a> , ma non sono in grado di smettere di usare il farmaco. In effetti, i consumatori di MDMA apprezzano i loro fornitori di ecstasy ancor pi\u00f9 dei loro pasti, dal momento che sono cos\u00ec vicini a loro.<\/p>\n<p>Simile al farmaco orale Adderall, l'uso di pillole di ecstasy \u00e8 in costante aumento nel tempo. Gli effetti se assunti per via orale iniziano entro 30-45 minuti e rimangono per 3-6 ore. La sostanza sintetica MDMA influenza l'umore e la prospettiva. Condivide somiglianze chimiche sia con stimolanti che con allucinogeni, producendo sensazioni di maggiore energia, piacere, distorsione sensoriale e percezione del tempo.<\/p>\n<p>Le prime pillole di ecstasy furono create da Marc nel 1912. A partire dagli anni '70, fu usata per migliorare la psicoterapia e negli anni '80 divenne popolare come droga di strada. Attualmente, l'MDMA colpisce una gamma pi\u00f9 ampia di persone che si riferiscono pi\u00f9 frequentemente alla droga come Ecstasy o Molly Powder. La droga una volta era ampiamente usata nella scena dei nightclub, nelle discoteche notturne e durante i divertenti balli in maschera.<\/p>\n<p>Le pillole di ecstasy sono spesso considerate la droga preferita durante i rave e i festival divertenti a causa di quanto bene funzionano in combinazione con gli impatti uditivi della musica e dell'illuminazione. I consumatori di tela MDMA spesso la prendono sotto forma di capsule o compresse, mentre altri inalano la polvere o la bevono in forma liquida. La maggior parte dei trafficanti di droga opera di nascosto perch\u00e9 cos\u00ec facendo \u00e8 illegale vendere Telsa MDMA in America.<\/p>\n<p>Il termine \"pillole Molly\" \u00e8 un soprannome comune per le pillole di ecstasy. Si riferisce spesso alla forma in polvere cristallina pura di MDMA che viene tipicamente commercializzata in capsule. Tuttavia, i consumatori che acquistano polvere o capsule commercializzate come Molly spesso finiscono invece con altri farmaci, compresi i sali da bagno sintetici, perch\u00e9 ci\u00f2 che trovano per strada a volte viene mescolato con additivi nel tentativo di aumentare i margini di profitto.<\/p>","protected":false},"excerpt":{"rendered":"<p>Buy Legit Ecstasy Pills Online Ecstasy pills, sometimes referred to as MDMA, Malcolm X, e-bombs, egg rolls, and other street names, are<\/p>","protected":false},"featured_media":10437,"comment_status":"open","ping_status":"closed","template":"","meta":{"_joinchat":[]},"product_cat":[1260],"product_tag":[1996,1986,1522,1978,1977,1981,1980,1988,1979,1989,1991,1998,1999,1997,1994,1993,1990,1985,1983,1995,1992,1530,1984,1987,1982],"yoast_head":"<!-- This site is optimized with the Yoast SEO plugin v23.0 - https:\/\/yoast.com\/wordpress\/plugins\/seo\/ -->\n<title>Buy Mdma Pills Online - Mdma Pills for Sale | ChemsWell<\/title>\n<meta name=\"description\" content=\"Are you looking for Mdma Pills for sale online? You&#039;ve come to the right place. Buy Mdma Pills from our secure and reliable online store. Order Your MDMA Pills Online with Secure Shipping!\" \/>\n<meta name=\"robots\" content=\"index, follow, max-snippet:-1, max-image-preview:large, max-video-preview:-1\" \/>\n<link rel=\"canonical\" href=\"https:\/\/chemswell.com\/it\/prodotto\/acquistare-pillole-di-mdma\/\" \/>\n<meta property=\"og:locale\" content=\"it_IT\" \/>\n<meta property=\"og:type\" content=\"article\" \/>\n<meta property=\"og:title\" content=\"Buy Mdma Pills Online - Mdma Pills for Sale | ChemsWell\" \/>\n<meta property=\"og:description\" content=\"Are you looking for Mdma Pills for sale online? You&#039;ve come to the right place. Buy Mdma Pills from our secure and reliable online store. Order Your MDMA Pills Online with Secure Shipping!\" \/>\n<meta property=\"og:url\" content=\"https:\/\/chemswell.com\/it\/prodotto\/acquistare-pillole-di-mdma\/\" \/>\n<meta property=\"og:site_name\" content=\"Chemswell\" \/>\n<meta property=\"article:modified_time\" content=\"2026-04-23T09:31:36+00:00\" \/>\n<meta property=\"og:image\" content=\"https:\/\/chemswell.com\/wp-content\/uploads\/2023\/06\/dom-perignon-mdma.jpg\" \/>\n\t<meta property=\"og:image:width\" content=\"600\" \/>\n\t<meta property=\"og:image:height\" content=\"515\" \/>\n\t<meta property=\"og:image:type\" content=\"image\/jpeg\" \/>\n<meta name=\"twitter:card\" content=\"summary_large_image\" \/>\n<meta name=\"twitter:label1\" content=\"Tempo di lettura stimato\" \/>\n\t<meta name=\"twitter:data1\" content=\"2 minuti\" \/>\n<!-- \/ Yoast SEO plugin. -->","yoast_head_json":{"title":"Buy Mdma Pills Online - Mdma Pills for Sale | ChemsWell","description":"Are you looking for Mdma Pills for sale online? You've come to the right place. Buy Mdma Pills from our secure and reliable online store. Order Your MDMA Pills Online with Secure Shipping!","robots":{"index":"index","follow":"follow","max-snippet":"max-snippet:-1","max-image-preview":"max-image-preview:large","max-video-preview":"max-video-preview:-1"},"canonical":"https:\/\/chemswell.com\/it\/prodotto\/acquistare-pillole-di-mdma\/","og_locale":"it_IT","og_type":"article","og_title":"Buy Mdma Pills Online - Mdma Pills for Sale | ChemsWell","og_description":"Are you looking for Mdma Pills for sale online? You've come to the right place. Buy Mdma Pills from our secure and reliable online store. Order Your MDMA Pills Online with Secure Shipping!","og_url":"https:\/\/chemswell.com\/it\/prodotto\/acquistare-pillole-di-mdma\/","og_site_name":"Chemswell","article_modified_time":"2026-04-23T09:31:36+00:00","og_image":[{"width":600,"height":515,"url":"https:\/\/chemswell.com\/wp-content\/uploads\/2023\/06\/dom-perignon-mdma.jpg","type":"image\/jpeg"}],"twitter_card":"summary_large_image","twitter_misc":{"Tempo di lettura stimato":"2 minuti"},"schema":{"@context":"https:\/\/schema.org","@graph":[{"@type":"WebPage","@id":"https:\/\/chemswell.com\/product\/buy-mdma-pills\/","url":"https:\/\/chemswell.com\/product\/buy-mdma-pills\/","name":"Buy Mdma Pills Online - Mdma Pills for Sale | ChemsWell","isPartOf":{"@id":"https:\/\/chemswell.com\/it\/#website"},"primaryImageOfPage":{"@id":"https:\/\/chemswell.com\/product\/buy-mdma-pills\/#primaryimage"},"image":{"@id":"https:\/\/chemswell.com\/product\/buy-mdma-pills\/#primaryimage"},"thumbnailUrl":"https:\/\/chemswell.com\/wp-content\/uploads\/2023\/06\/dom-perignon-mdma.jpg","datePublished":"2023-06-02T10:28:21+00:00","dateModified":"2026-04-23T09:31:36+00:00","description":"Are you looking for Mdma Pills for sale online? You've come to the right place. Buy Mdma Pills from our secure and reliable online store. Order Your MDMA Pills Online with Secure Shipping!","breadcrumb":{"@id":"https:\/\/chemswell.com\/product\/buy-mdma-pills\/#breadcrumb"},"inLanguage":"it-IT","potentialAction":[{"@type":"ReadAction","target":["https:\/\/chemswell.com\/product\/buy-mdma-pills\/"]}]},{"@type":"ImageObject","inLanguage":"it-IT","@id":"https:\/\/chemswell.com\/product\/buy-mdma-pills\/#primaryimage","url":"https:\/\/chemswell.com\/wp-content\/uploads\/2023\/06\/dom-perignon-mdma.jpg","contentUrl":"https:\/\/chemswell.com\/wp-content\/uploads\/2023\/06\/dom-perignon-mdma.jpg","width":600,"height":515,"caption":"buy dom perignon mdma online"},{"@type":"BreadcrumbList","@id":"https:\/\/chemswell.com\/product\/buy-mdma-pills\/#breadcrumb","itemListElement":[{"@type":"ListItem","position":1,"name":"Home","item":"https:\/\/chemswell.com\/ru\/"},{"@type":"ListItem","position":2,"name":"Shop","item":"https:\/\/chemswell.com\/ru\/%d0%bc%d0%b0%d0%b3%d0%b0%d0%b7%d0%b8%d0%bd\/"},{"@type":"ListItem","position":3,"name":"Buy MDMA Pills"}]},{"@type":"WebSite","@id":"https:\/\/chemswell.com\/it\/#website","url":"https:\/\/chemswell.com\/it\/","name":"Chemswell","description":"#1 Research Chemical Store","potentialAction":[{"@type":"SearchAction","target":{"@type":"EntryPoint","urlTemplate":"https:\/\/chemswell.com\/it\/?s={search_term_string}"},"query-input":"required name=search_term_string"}],"inLanguage":"it-IT"}]}},"_links":{"self":[{"href":"https:\/\/chemswell.com\/it\/wp-json\/wp\/v2\/product\/10407"}],"collection":[{"href":"https:\/\/chemswell.com\/it\/wp-json\/wp\/v2\/product"}],"about":[{"href":"https:\/\/chemswell.com\/it\/wp-json\/wp\/v2\/types\/product"}],"replies":[{"embeddable":true,"href":"https:\/\/chemswell.com\/it\/wp-json\/wp\/v2\/comments?post=10407"}],"wp:featuredmedia":[{"embeddable":true,"href":"https:\/\/chemswell.com\/it\/wp-json\/wp\/v2\/media\/10437"}],"wp:attachment":[{"href":"https:\/\/chemswell.com\/it\/wp-json\/wp\/v2\/media?parent=10407"}],"wp:term":[{"taxonomy":"product_cat","embeddable":true,"href":"https:\/\/chemswell.com\/it\/wp-json\/wp\/v2\/product_cat?post=10407"},{"taxonomy":"product_tag","embeddable":true,"href":"https:\/\/chemswell.com\/it\/wp-json\/wp\/v2\/product_tag?post=10407"}],"curies":[{"name":"wp","href":"https:\/\/api.w.org\/{rel}","templated":true}]}}